{"id":9502,"date":"2011-04-29T17:03:56","date_gmt":"2011-04-29T15:03:56","guid":{"rendered":"https:\/\/web.computaex.es\/?page_id=9502"},"modified":"2025-08-27T09:16:10","modified_gmt":"2025-08-27T07:16:10","slug":"solvent-effects-on-the-structure-and-spectroscopy-of-the-emitting-states-of-1-phenylpyrrole","status":"publish","type":"page","link":"https:\/\/computaex.es\/en\/publicaciones\/solvent-effects-on-the-structure-and-spectroscopy-of-the-emitting-states-of-1-phenylpyrrole\/","title":{"rendered":"Solvent Effects on the Structure and Spectroscopy of the Emitting States of 1-Phenylpyrrole"},"content":{"rendered":"<div class=\"field field-name-field-pub-descripcion field-type-text-long field-label-hidden\">\n<div class=\"field-items\">\n<div class=\"field-item even\">\n<p>Ignacio Fdez. Galv\u00e1n, M. Elena Mart\u00edn, Aurora Mu\u00f1oz-Losa, M. Luz S\u00e1nchez, Manuel A. Aguilar:\u00a0<strong>Solvent Effects on the Structure and Spectroscopy of the Emitting States of 1-Phenylpyrrole<\/strong>. Journal of Chemical Theory and Computation, Abril de 2011, 7, 1850\u20131857.<\/p>\n<p><strong style=\"font-size: 10pt; color: #333333; font-family: Raleway, Helvetica, Arial, sans-serif;\">Abstract<br \/>\n<\/strong>Theoretical calculations of absorption and fluorescence properties of 1-phenylpyrrole have been performed, at the CASPT2\/\/CASSCF level, in the gas phase and in acetonitrile solution, using in the latter case the ASEP\/MD method. In addition to a locally excited state, it was also possible to identify a candidate intramolecular charge transfer state that could explain the second red-shifted fluorescence band that appears in polar solvents. In the gas phase, the charge transfer state is found to lie higher in energy than the locally excited state and the Franck\u2013Condon absorption state, making it unlikely to be reached under these conditions. In acetonitrile solution, the charge transfer state is stabilized and lies much closer to the locally excited state, becoming accessible after absorption. The results indicate that the free-energy surface of the charge transfer state is very flat in solution, and several geometries are possible, ranging from almost planar to twisted and bent. Solvent caging and transition probabilities favor emission from structures with a small twist angle between the rings and without a pyramidal atom.<\/p>\n<\/div>\n<\/div>\n<\/div>\n<div class=\"field field-name-field-pub-fuente field-type-text-long field-label-above\">\n<div class=\"field-label\">Fuente de la publicaci\u00f3n:<\/div>\n<div class=\"field-items\">\n<div class=\"field-item even\">\n<ul>\n<li><a title=\"Solvent Effects on the Structure and Spectroscopy of the Emitting States of 1-Phenylpyrrole\" href=\"http:\/\/pubs.acs.org\/doi\/abs\/10.1021\/ct2001182\">Solvent Effects on the Structure and Spectroscopy of the Emitting States of 1-Phenylpyrrole<\/a><\/li>\n<\/ul>\n<\/div>\n<\/div>\n<\/div>","protected":false},"excerpt":{"rendered":"<p>Ignacio Fdez. Galv\u00e1n, M. Elena Mart\u00edn, Aurora Mu\u00f1oz-Losa, M. Luz S\u00e1nchez, Manuel A. Aguilar:\u00a0Solvent Effects on the Structure and Spectroscopy of the Emitting States of 1-Phenylpyrrole. Journal of Chemical Theory &#8230;<\/p>","protected":false},"author":1,"featured_media":0,"parent":1583,"menu_order":0,"comment_status":"closed","ping_status":"closed","template":"","meta":{"footnotes":""},"categories":[110,91],"tags":[],"class_list":["post-9502","page","type-page","status-publish","hentry","category-anteriores","category-publicaciones"],"yoast_head":"<!-- This site is optimized with the Yoast SEO plugin v27.1.1 - https:\/\/yoast.com\/product\/yoast-seo-wordpress\/ -->\n<title>Solvent Effects on the Structure and Spectroscopy of the Emitting States of 1-Phenylpyrrole - Fundaci\u00f3n COMPUTAEX<\/title>\n<meta name=\"robots\" content=\"index, follow, max-snippet:-1, max-image-preview:large, max-video-preview:-1\" \/>\n<link rel=\"canonical\" href=\"https:\/\/computaex.es\/en\/publicaciones\/solvent-effects-on-the-structure-and-spectroscopy-of-the-emitting-states-of-1-phenylpyrrole\/\" \/>\n<meta property=\"og:locale\" content=\"en_US\" \/>\n<meta property=\"og:type\" content=\"article\" \/>\n<meta property=\"og:title\" content=\"Solvent Effects on the Structure and Spectroscopy of the Emitting States of 1-Phenylpyrrole - Fundaci\u00f3n COMPUTAEX\" \/>\n<meta property=\"og:description\" content=\"Ignacio Fdez. Galv\u00e1n, M. Elena Mart\u00edn, Aurora Mu\u00f1oz-Losa, M. Luz S\u00e1nchez, Manuel A. Aguilar:\u00a0Solvent Effects on the Structure and Spectroscopy of the Emitting States of 1-Phenylpyrrole. Journal of Chemical Theory ...\" \/>\n<meta property=\"og:url\" content=\"https:\/\/computaex.es\/en\/publicaciones\/solvent-effects-on-the-structure-and-spectroscopy-of-the-emitting-states-of-1-phenylpyrrole\/\" \/>\n<meta property=\"og:site_name\" content=\"Fundaci\u00f3n COMPUTAEX\" \/>\n<meta property=\"article:publisher\" content=\"https:\/\/m.facebook.com\/computaex\/\" \/>\n<meta property=\"article:modified_time\" content=\"2025-08-27T07:16:10+00:00\" \/>\n<meta property=\"og:image\" content=\"https:\/\/computaex.es\/wp-content\/uploads\/2025\/08\/COMPUTAEX.jpg\" \/>\n\t<meta property=\"og:image:width\" content=\"1024\" \/>\n\t<meta property=\"og:image:height\" content=\"403\" \/>\n\t<meta property=\"og:image:type\" content=\"image\/jpeg\" \/>\n<meta name=\"twitter:card\" content=\"summary_large_image\" \/>\n<meta name=\"twitter:site\" content=\"@computaex\" \/>\n<meta name=\"twitter:label1\" content=\"Est. reading time\" \/>\n\t<meta name=\"twitter:data1\" content=\"2 minutes\" \/>\n<script type=\"application\/ld+json\" class=\"yoast-schema-graph\">{\"@context\":\"https:\/\/schema.org\",\"@graph\":[{\"@type\":\"WebPage\",\"@id\":\"https:\/\/computaex.es\/publicaciones\/solvent-effects-on-the-structure-and-spectroscopy-of-the-emitting-states-of-1-phenylpyrrole\/\",\"url\":\"https:\/\/computaex.es\/publicaciones\/solvent-effects-on-the-structure-and-spectroscopy-of-the-emitting-states-of-1-phenylpyrrole\/\",\"name\":\"Solvent Effects on the Structure and Spectroscopy of the Emitting States of 1-Phenylpyrrole - Fundaci\u00f3n COMPUTAEX\",\"isPartOf\":{\"@id\":\"https:\/\/computaex.es\/#website\"},\"datePublished\":\"2011-04-29T15:03:56+00:00\",\"dateModified\":\"2025-08-27T07:16:10+00:00\",\"breadcrumb\":{\"@id\":\"https:\/\/computaex.es\/publicaciones\/solvent-effects-on-the-structure-and-spectroscopy-of-the-emitting-states-of-1-phenylpyrrole\/#breadcrumb\"},\"inLanguage\":\"en-US\",\"potentialAction\":[{\"@type\":\"ReadAction\",\"target\":[\"https:\/\/computaex.es\/publicaciones\/solvent-effects-on-the-structure-and-spectroscopy-of-the-emitting-states-of-1-phenylpyrrole\/\"]}]},{\"@type\":\"BreadcrumbList\",\"@id\":\"https:\/\/computaex.es\/publicaciones\/solvent-effects-on-the-structure-and-spectroscopy-of-the-emitting-states-of-1-phenylpyrrole\/#breadcrumb\",\"itemListElement\":[{\"@type\":\"ListItem\",\"position\":1,\"name\":\"Portada\",\"item\":\"https:\/\/computaex.es\/\"},{\"@type\":\"ListItem\",\"position\":2,\"name\":\"Publicaciones\",\"item\":\"https:\/\/computaex.es\/publicaciones\/\"},{\"@type\":\"ListItem\",\"position\":3,\"name\":\"Solvent Effects on the Structure and Spectroscopy of the Emitting States of 1-Phenylpyrrole\"}]},{\"@type\":\"WebSite\",\"@id\":\"https:\/\/computaex.es\/#website\",\"url\":\"https:\/\/computaex.es\/\",\"name\":\"Fundaci\u00f3n COMPUTAEX\",\"description\":\"COMPUTAEX\",\"publisher\":{\"@id\":\"https:\/\/computaex.es\/#organization\"},\"potentialAction\":[{\"@type\":\"SearchAction\",\"target\":{\"@type\":\"EntryPoint\",\"urlTemplate\":\"https:\/\/computaex.es\/?s={search_term_string}\"},\"query-input\":{\"@type\":\"PropertyValueSpecification\",\"valueRequired\":true,\"valueName\":\"search_term_string\"}}],\"inLanguage\":\"en-US\"},{\"@type\":\"Organization\",\"@id\":\"https:\/\/computaex.es\/#organization\",\"name\":\"COMPUTAEX\",\"url\":\"https:\/\/computaex.es\/\",\"logo\":{\"@type\":\"ImageObject\",\"inLanguage\":\"en-US\",\"@id\":\"https:\/\/computaex.es\/#\/schema\/logo\/image\/\",\"url\":\"https:\/\/computaex.es\/wp-content\/uploads\/2025\/05\/cropped-COMPUTAEX_transparente-scaled-1.png\",\"contentUrl\":\"https:\/\/computaex.es\/wp-content\/uploads\/2025\/05\/cropped-COMPUTAEX_transparente-scaled-1.png\",\"width\":2560,\"height\":970,\"caption\":\"COMPUTAEX\"},\"image\":{\"@id\":\"https:\/\/computaex.es\/#\/schema\/logo\/image\/\"},\"sameAs\":[\"https:\/\/m.facebook.com\/computaex\/\",\"https:\/\/x.com\/computaex\",\"https:\/\/es.linkedin.com\/company\/cenits\"]}]}<\/script>\n<!-- \/ Yoast SEO plugin. -->","yoast_head_json":{"title":"Solvent Effects on the Structure and Spectroscopy of the Emitting States of 1-Phenylpyrrole - Fundaci\u00f3n COMPUTAEX","robots":{"index":"index","follow":"follow","max-snippet":"max-snippet:-1","max-image-preview":"max-image-preview:large","max-video-preview":"max-video-preview:-1"},"canonical":"https:\/\/computaex.es\/en\/publicaciones\/solvent-effects-on-the-structure-and-spectroscopy-of-the-emitting-states-of-1-phenylpyrrole\/","og_locale":"en_US","og_type":"article","og_title":"Solvent Effects on the Structure and Spectroscopy of the Emitting States of 1-Phenylpyrrole - Fundaci\u00f3n COMPUTAEX","og_description":"Ignacio Fdez. Galv\u00e1n, M. Elena Mart\u00edn, Aurora Mu\u00f1oz-Losa, M. Luz S\u00e1nchez, Manuel A. Aguilar:\u00a0Solvent Effects on the Structure and Spectroscopy of the Emitting States of 1-Phenylpyrrole. Journal of Chemical Theory ...","og_url":"https:\/\/computaex.es\/en\/publicaciones\/solvent-effects-on-the-structure-and-spectroscopy-of-the-emitting-states-of-1-phenylpyrrole\/","og_site_name":"Fundaci\u00f3n COMPUTAEX","article_publisher":"https:\/\/m.facebook.com\/computaex\/","article_modified_time":"2025-08-27T07:16:10+00:00","og_image":[{"width":1024,"height":403,"url":"https:\/\/computaex.es\/wp-content\/uploads\/2025\/08\/COMPUTAEX.jpg","type":"image\/jpeg"}],"twitter_card":"summary_large_image","twitter_site":"@computaex","twitter_misc":{"Est. reading time":"2 minutes"},"schema":{"@context":"https:\/\/schema.org","@graph":[{"@type":"WebPage","@id":"https:\/\/computaex.es\/publicaciones\/solvent-effects-on-the-structure-and-spectroscopy-of-the-emitting-states-of-1-phenylpyrrole\/","url":"https:\/\/computaex.es\/publicaciones\/solvent-effects-on-the-structure-and-spectroscopy-of-the-emitting-states-of-1-phenylpyrrole\/","name":"Solvent Effects on the Structure and Spectroscopy of the Emitting States of 1-Phenylpyrrole - Fundaci\u00f3n COMPUTAEX","isPartOf":{"@id":"https:\/\/computaex.es\/#website"},"datePublished":"2011-04-29T15:03:56+00:00","dateModified":"2025-08-27T07:16:10+00:00","breadcrumb":{"@id":"https:\/\/computaex.es\/publicaciones\/solvent-effects-on-the-structure-and-spectroscopy-of-the-emitting-states-of-1-phenylpyrrole\/#breadcrumb"},"inLanguage":"en-US","potentialAction":[{"@type":"ReadAction","target":["https:\/\/computaex.es\/publicaciones\/solvent-effects-on-the-structure-and-spectroscopy-of-the-emitting-states-of-1-phenylpyrrole\/"]}]},{"@type":"BreadcrumbList","@id":"https:\/\/computaex.es\/publicaciones\/solvent-effects-on-the-structure-and-spectroscopy-of-the-emitting-states-of-1-phenylpyrrole\/#breadcrumb","itemListElement":[{"@type":"ListItem","position":1,"name":"Portada","item":"https:\/\/computaex.es\/"},{"@type":"ListItem","position":2,"name":"Publicaciones","item":"https:\/\/computaex.es\/publicaciones\/"},{"@type":"ListItem","position":3,"name":"Solvent Effects on the Structure and Spectroscopy of the Emitting States of 1-Phenylpyrrole"}]},{"@type":"WebSite","@id":"https:\/\/computaex.es\/#website","url":"https:\/\/computaex.es\/","name":"COMPUTAEX Foundation","description":"COMPUTAEX","publisher":{"@id":"https:\/\/computaex.es\/#organization"},"potentialAction":[{"@type":"SearchAction","target":{"@type":"EntryPoint","urlTemplate":"https:\/\/computaex.es\/?s={search_term_string}"},"query-input":{"@type":"PropertyValueSpecification","valueRequired":true,"valueName":"search_term_string"}}],"inLanguage":"en-US"},{"@type":"Organization","@id":"https:\/\/computaex.es\/#organization","name":"COMPUTAEX","url":"https:\/\/computaex.es\/","logo":{"@type":"ImageObject","inLanguage":"en-US","@id":"https:\/\/computaex.es\/#\/schema\/logo\/image\/","url":"https:\/\/computaex.es\/wp-content\/uploads\/2025\/05\/cropped-COMPUTAEX_transparente-scaled-1.png","contentUrl":"https:\/\/computaex.es\/wp-content\/uploads\/2025\/05\/cropped-COMPUTAEX_transparente-scaled-1.png","width":2560,"height":970,"caption":"COMPUTAEX"},"image":{"@id":"https:\/\/computaex.es\/#\/schema\/logo\/image\/"},"sameAs":["https:\/\/m.facebook.com\/computaex\/","https:\/\/x.com\/computaex","https:\/\/es.linkedin.com\/company\/cenits"]}]}},"_links":{"self":[{"href":"https:\/\/computaex.es\/en\/wp-json\/wp\/v2\/pages\/9502","targetHints":{"allow":["GET"]}}],"collection":[{"href":"https:\/\/computaex.es\/en\/wp-json\/wp\/v2\/pages"}],"about":[{"href":"https:\/\/computaex.es\/en\/wp-json\/wp\/v2\/types\/page"}],"author":[{"embeddable":true,"href":"https:\/\/computaex.es\/en\/wp-json\/wp\/v2\/users\/1"}],"replies":[{"embeddable":true,"href":"https:\/\/computaex.es\/en\/wp-json\/wp\/v2\/comments?post=9502"}],"version-history":[{"count":2,"href":"https:\/\/computaex.es\/en\/wp-json\/wp\/v2\/pages\/9502\/revisions"}],"predecessor-version":[{"id":9504,"href":"https:\/\/computaex.es\/en\/wp-json\/wp\/v2\/pages\/9502\/revisions\/9504"}],"up":[{"embeddable":true,"href":"https:\/\/computaex.es\/en\/wp-json\/wp\/v2\/pages\/1583"}],"wp:attachment":[{"href":"https:\/\/computaex.es\/en\/wp-json\/wp\/v2\/media?parent=9502"}],"wp:term":[{"taxonomy":"category","embeddable":true,"href":"https:\/\/computaex.es\/en\/wp-json\/wp\/v2\/categories?post=9502"},{"taxonomy":"post_tag","embeddable":true,"href":"https:\/\/computaex.es\/en\/wp-json\/wp\/v2\/tags?post=9502"}],"curies":[{"name":"wp","href":"https:\/\/api.w.org\/{rel}","templated":true}]}}