{"id":9519,"date":"2011-09-27T17:24:52","date_gmt":"2011-09-27T15:24:52","guid":{"rendered":"https:\/\/web.computaex.es\/?page_id=9519"},"modified":"2025-08-27T09:25:33","modified_gmt":"2025-08-27T07:25:33","slug":"dual-fluorescence-of-fluorazene-in-solution-a-computational-study","status":"publish","type":"page","link":"https:\/\/computaex.es\/en\/publicaciones\/dual-fluorescence-of-fluorazene-in-solution-a-computational-study\/","title":{"rendered":"Dual Fluorescence of Fluorazene in Solution: A Computational Study"},"content":{"rendered":"<div class=\"field field-name-field-pub-descripcion field-type-text-long field-label-hidden\">\n<div class=\"field-items\">\n<div class=\"field-item even\">\n<p>Ignacio Fdez. Galv\u00e1n, M. Elena Mart\u00edn, Aurora Mu\u00f1oz-Losa, Manuel A. Aguilar:\u00a0<strong>Dual Fluorescence of Fluorazene in Solution: A Computational Study<\/strong>. Journal of Chemical Theory and Computation, Septiembre de 2011, 7, 3694-3701.<br \/>\n<span style=\"color: #333333; font-family: Raleway, Helvetica, Arial, sans-serif; font-size: 2rem; font-weight: 600;\"><span style=\"font-size: 10pt;\">Abstract<\/span><br \/>\n<\/span>The fluorazene molecule presents dual fluorescence in polar solvents. Its absorption and emission properties in gas phase and in acetonitrile solution have been studied theoretically using the complete active space second-order perturbation\/\/complete active space self-consistent field quantum methodology and average solvent electrostatic potential from molecular dynamics for the solvent effects. In gas phase, two optimized excited-state geometries were obtained, one of them corresponds to a local excitation (LE), and the other is an intramolecular charge transfer (ICT) and lies higher in energy. In acetonitrile solution, a second ICT structure where the molecule remains planar is found, and the energy differences are reduced. Fluorescence energies from LE and the planar ICT have a good agreement with the experimental bands, but emission from the bent ICT has too low an energy.<\/p>\n<\/div>\n<\/div>\n<\/div>\n<div class=\"field field-name-field-pub-fuente field-type-text-long field-label-above\">\n<div class=\"field-label\">Fuente de la publicaci\u00f3n:<\/div>\n<div class=\"field-items\">\n<div class=\"field-item even\">\n<ul>\n<li><a title=\" A Computational Study\" href=\"http:\/\/pubs.acs.org\/doi\/abs\/10.1021\/ct2005227\">Dual Fluorescence of Fluorazene in Solution: A Computational Study<\/a><\/li>\n<\/ul>\n<\/div>\n<\/div>\n<\/div>","protected":false},"excerpt":{"rendered":"<p>Ignacio Fdez. Galv\u00e1n, M. Elena Mart\u00edn, Aurora Mu\u00f1oz-Losa, Manuel A. Aguilar:\u00a0Dual Fluorescence of Fluorazene in Solution: A Computational Study. Journal of Chemical Theory and Computation, Septiembre de 2011, 7, 3694-3701. &#8230;<\/p>","protected":false},"author":1,"featured_media":0,"parent":1583,"menu_order":0,"comment_status":"closed","ping_status":"closed","template":"","meta":{"footnotes":""},"categories":[110,91],"tags":[],"class_list":["post-9519","page","type-page","status-publish","hentry","category-anteriores","category-publicaciones"],"yoast_head":"<!-- This site is optimized with the Yoast SEO plugin v27.1.1 - https:\/\/yoast.com\/product\/yoast-seo-wordpress\/ -->\n<title>Dual Fluorescence of Fluorazene in Solution: A Computational Study - Fundaci\u00f3n COMPUTAEX<\/title>\n<meta name=\"robots\" content=\"index, follow, max-snippet:-1, max-image-preview:large, max-video-preview:-1\" \/>\n<link rel=\"canonical\" href=\"https:\/\/computaex.es\/en\/publicaciones\/dual-fluorescence-of-fluorazene-in-solution-a-computational-study\/\" \/>\n<meta property=\"og:locale\" content=\"en_US\" \/>\n<meta property=\"og:type\" content=\"article\" \/>\n<meta property=\"og:title\" content=\"Dual Fluorescence of Fluorazene in Solution: A Computational Study - Fundaci\u00f3n COMPUTAEX\" \/>\n<meta property=\"og:description\" content=\"Ignacio Fdez. Galv\u00e1n, M. Elena Mart\u00edn, Aurora Mu\u00f1oz-Losa, Manuel A. Aguilar:\u00a0Dual Fluorescence of Fluorazene in Solution: A Computational Study. Journal of Chemical Theory and Computation, Septiembre de 2011, 7, 3694-3701. ...\" \/>\n<meta property=\"og:url\" content=\"https:\/\/computaex.es\/en\/publicaciones\/dual-fluorescence-of-fluorazene-in-solution-a-computational-study\/\" \/>\n<meta property=\"og:site_name\" content=\"Fundaci\u00f3n COMPUTAEX\" \/>\n<meta property=\"article:publisher\" content=\"https:\/\/m.facebook.com\/computaex\/\" \/>\n<meta property=\"article:modified_time\" content=\"2025-08-27T07:25:33+00:00\" \/>\n<meta property=\"og:image\" content=\"https:\/\/computaex.es\/wp-content\/uploads\/2025\/08\/COMPUTAEX.jpg\" \/>\n\t<meta property=\"og:image:width\" content=\"1024\" \/>\n\t<meta property=\"og:image:height\" content=\"403\" \/>\n\t<meta property=\"og:image:type\" content=\"image\/jpeg\" \/>\n<meta name=\"twitter:card\" content=\"summary_large_image\" \/>\n<meta name=\"twitter:site\" content=\"@computaex\" \/>\n<meta name=\"twitter:label1\" content=\"Est. reading time\" \/>\n\t<meta name=\"twitter:data1\" content=\"1 minute\" \/>\n<script type=\"application\/ld+json\" class=\"yoast-schema-graph\">{\"@context\":\"https:\/\/schema.org\",\"@graph\":[{\"@type\":\"WebPage\",\"@id\":\"https:\/\/computaex.es\/publicaciones\/dual-fluorescence-of-fluorazene-in-solution-a-computational-study\/\",\"url\":\"https:\/\/computaex.es\/publicaciones\/dual-fluorescence-of-fluorazene-in-solution-a-computational-study\/\",\"name\":\"Dual Fluorescence of Fluorazene in Solution: A Computational Study - Fundaci\u00f3n COMPUTAEX\",\"isPartOf\":{\"@id\":\"https:\/\/computaex.es\/#website\"},\"datePublished\":\"2011-09-27T15:24:52+00:00\",\"dateModified\":\"2025-08-27T07:25:33+00:00\",\"breadcrumb\":{\"@id\":\"https:\/\/computaex.es\/publicaciones\/dual-fluorescence-of-fluorazene-in-solution-a-computational-study\/#breadcrumb\"},\"inLanguage\":\"en-US\",\"potentialAction\":[{\"@type\":\"ReadAction\",\"target\":[\"https:\/\/computaex.es\/publicaciones\/dual-fluorescence-of-fluorazene-in-solution-a-computational-study\/\"]}]},{\"@type\":\"BreadcrumbList\",\"@id\":\"https:\/\/computaex.es\/publicaciones\/dual-fluorescence-of-fluorazene-in-solution-a-computational-study\/#breadcrumb\",\"itemListElement\":[{\"@type\":\"ListItem\",\"position\":1,\"name\":\"Portada\",\"item\":\"https:\/\/computaex.es\/\"},{\"@type\":\"ListItem\",\"position\":2,\"name\":\"Publicaciones\",\"item\":\"https:\/\/computaex.es\/publicaciones\/\"},{\"@type\":\"ListItem\",\"position\":3,\"name\":\"Dual Fluorescence of Fluorazene in Solution: A Computational Study\"}]},{\"@type\":\"WebSite\",\"@id\":\"https:\/\/computaex.es\/#website\",\"url\":\"https:\/\/computaex.es\/\",\"name\":\"Fundaci\u00f3n COMPUTAEX\",\"description\":\"COMPUTAEX\",\"publisher\":{\"@id\":\"https:\/\/computaex.es\/#organization\"},\"potentialAction\":[{\"@type\":\"SearchAction\",\"target\":{\"@type\":\"EntryPoint\",\"urlTemplate\":\"https:\/\/computaex.es\/?s={search_term_string}\"},\"query-input\":{\"@type\":\"PropertyValueSpecification\",\"valueRequired\":true,\"valueName\":\"search_term_string\"}}],\"inLanguage\":\"en-US\"},{\"@type\":\"Organization\",\"@id\":\"https:\/\/computaex.es\/#organization\",\"name\":\"COMPUTAEX\",\"url\":\"https:\/\/computaex.es\/\",\"logo\":{\"@type\":\"ImageObject\",\"inLanguage\":\"en-US\",\"@id\":\"https:\/\/computaex.es\/#\/schema\/logo\/image\/\",\"url\":\"https:\/\/computaex.es\/wp-content\/uploads\/2025\/05\/cropped-COMPUTAEX_transparente-scaled-1.png\",\"contentUrl\":\"https:\/\/computaex.es\/wp-content\/uploads\/2025\/05\/cropped-COMPUTAEX_transparente-scaled-1.png\",\"width\":2560,\"height\":970,\"caption\":\"COMPUTAEX\"},\"image\":{\"@id\":\"https:\/\/computaex.es\/#\/schema\/logo\/image\/\"},\"sameAs\":[\"https:\/\/m.facebook.com\/computaex\/\",\"https:\/\/x.com\/computaex\",\"https:\/\/es.linkedin.com\/company\/cenits\"]}]}<\/script>\n<!-- \/ Yoast SEO plugin. -->","yoast_head_json":{"title":"Dual Fluorescence of Fluorazene in Solution: A Computational Study - Fundaci\u00f3n COMPUTAEX","robots":{"index":"index","follow":"follow","max-snippet":"max-snippet:-1","max-image-preview":"max-image-preview:large","max-video-preview":"max-video-preview:-1"},"canonical":"https:\/\/computaex.es\/en\/publicaciones\/dual-fluorescence-of-fluorazene-in-solution-a-computational-study\/","og_locale":"en_US","og_type":"article","og_title":"Dual Fluorescence of Fluorazene in Solution: A Computational Study - Fundaci\u00f3n COMPUTAEX","og_description":"Ignacio Fdez. Galv\u00e1n, M. Elena Mart\u00edn, Aurora Mu\u00f1oz-Losa, Manuel A. Aguilar:\u00a0Dual Fluorescence of Fluorazene in Solution: A Computational Study. Journal of Chemical Theory and Computation, Septiembre de 2011, 7, 3694-3701. ...","og_url":"https:\/\/computaex.es\/en\/publicaciones\/dual-fluorescence-of-fluorazene-in-solution-a-computational-study\/","og_site_name":"Fundaci\u00f3n COMPUTAEX","article_publisher":"https:\/\/m.facebook.com\/computaex\/","article_modified_time":"2025-08-27T07:25:33+00:00","og_image":[{"width":1024,"height":403,"url":"https:\/\/computaex.es\/wp-content\/uploads\/2025\/08\/COMPUTAEX.jpg","type":"image\/jpeg"}],"twitter_card":"summary_large_image","twitter_site":"@computaex","twitter_misc":{"Est. reading time":"1 minute"},"schema":{"@context":"https:\/\/schema.org","@graph":[{"@type":"WebPage","@id":"https:\/\/computaex.es\/publicaciones\/dual-fluorescence-of-fluorazene-in-solution-a-computational-study\/","url":"https:\/\/computaex.es\/publicaciones\/dual-fluorescence-of-fluorazene-in-solution-a-computational-study\/","name":"Dual Fluorescence of Fluorazene in Solution: A Computational Study - Fundaci\u00f3n COMPUTAEX","isPartOf":{"@id":"https:\/\/computaex.es\/#website"},"datePublished":"2011-09-27T15:24:52+00:00","dateModified":"2025-08-27T07:25:33+00:00","breadcrumb":{"@id":"https:\/\/computaex.es\/publicaciones\/dual-fluorescence-of-fluorazene-in-solution-a-computational-study\/#breadcrumb"},"inLanguage":"en-US","potentialAction":[{"@type":"ReadAction","target":["https:\/\/computaex.es\/publicaciones\/dual-fluorescence-of-fluorazene-in-solution-a-computational-study\/"]}]},{"@type":"BreadcrumbList","@id":"https:\/\/computaex.es\/publicaciones\/dual-fluorescence-of-fluorazene-in-solution-a-computational-study\/#breadcrumb","itemListElement":[{"@type":"ListItem","position":1,"name":"Portada","item":"https:\/\/computaex.es\/"},{"@type":"ListItem","position":2,"name":"Publicaciones","item":"https:\/\/computaex.es\/publicaciones\/"},{"@type":"ListItem","position":3,"name":"Dual Fluorescence of Fluorazene in Solution: A Computational Study"}]},{"@type":"WebSite","@id":"https:\/\/computaex.es\/#website","url":"https:\/\/computaex.es\/","name":"COMPUTAEX Foundation","description":"COMPUTAEX","publisher":{"@id":"https:\/\/computaex.es\/#organization"},"potentialAction":[{"@type":"SearchAction","target":{"@type":"EntryPoint","urlTemplate":"https:\/\/computaex.es\/?s={search_term_string}"},"query-input":{"@type":"PropertyValueSpecification","valueRequired":true,"valueName":"search_term_string"}}],"inLanguage":"en-US"},{"@type":"Organization","@id":"https:\/\/computaex.es\/#organization","name":"COMPUTAEX","url":"https:\/\/computaex.es\/","logo":{"@type":"ImageObject","inLanguage":"en-US","@id":"https:\/\/computaex.es\/#\/schema\/logo\/image\/","url":"https:\/\/computaex.es\/wp-content\/uploads\/2025\/05\/cropped-COMPUTAEX_transparente-scaled-1.png","contentUrl":"https:\/\/computaex.es\/wp-content\/uploads\/2025\/05\/cropped-COMPUTAEX_transparente-scaled-1.png","width":2560,"height":970,"caption":"COMPUTAEX"},"image":{"@id":"https:\/\/computaex.es\/#\/schema\/logo\/image\/"},"sameAs":["https:\/\/m.facebook.com\/computaex\/","https:\/\/x.com\/computaex","https:\/\/es.linkedin.com\/company\/cenits"]}]}},"_links":{"self":[{"href":"https:\/\/computaex.es\/en\/wp-json\/wp\/v2\/pages\/9519","targetHints":{"allow":["GET"]}}],"collection":[{"href":"https:\/\/computaex.es\/en\/wp-json\/wp\/v2\/pages"}],"about":[{"href":"https:\/\/computaex.es\/en\/wp-json\/wp\/v2\/types\/page"}],"author":[{"embeddable":true,"href":"https:\/\/computaex.es\/en\/wp-json\/wp\/v2\/users\/1"}],"replies":[{"embeddable":true,"href":"https:\/\/computaex.es\/en\/wp-json\/wp\/v2\/comments?post=9519"}],"version-history":[{"count":1,"href":"https:\/\/computaex.es\/en\/wp-json\/wp\/v2\/pages\/9519\/revisions"}],"predecessor-version":[{"id":9520,"href":"https:\/\/computaex.es\/en\/wp-json\/wp\/v2\/pages\/9519\/revisions\/9520"}],"up":[{"embeddable":true,"href":"https:\/\/computaex.es\/en\/wp-json\/wp\/v2\/pages\/1583"}],"wp:attachment":[{"href":"https:\/\/computaex.es\/en\/wp-json\/wp\/v2\/media?parent=9519"}],"wp:term":[{"taxonomy":"category","embeddable":true,"href":"https:\/\/computaex.es\/en\/wp-json\/wp\/v2\/categories?post=9519"},{"taxonomy":"post_tag","embeddable":true,"href":"https:\/\/computaex.es\/en\/wp-json\/wp\/v2\/tags?post=9519"}],"curies":[{"name":"wp","href":"https:\/\/api.w.org\/{rel}","templated":true}]}}