{"id":9527,"date":"2011-11-04T17:35:37","date_gmt":"2011-11-04T16:35:37","guid":{"rendered":"https:\/\/web.computaex.es\/?page_id=9527"},"modified":"2025-08-27T09:27:42","modified_gmt":"2025-08-27T07:27:42","slug":"solvent-effects-on-the-radiative-and-nonradiative-decay-of-a-model-of-the-rhodopsin-chromophore","status":"publish","type":"page","link":"https:\/\/computaex.es\/en\/publicaciones\/solvent-effects-on-the-radiative-and-nonradiative-decay-of-a-model-of-the-rhodopsin-chromophore\/","title":{"rendered":"Solvent Effects on the Radiative and Nonradiative Decay of a Model of the Rhodopsin Chromophore"},"content":{"rendered":"<div class=\"field field-name-field-pub-descripcion field-type-text-long field-label-hidden\">\n<div class=\"field-items\">\n<div class=\"field-item even\">\n<p>Aurora Mu\u00f1oz-Losa, M. Elena Mart\u00edn, Ignacio Fdez. Galv\u00e1n, M. Luz S\u00e1nchez, Manuel A. Aguilar:\u00a0<strong>Solvent Effects on the Radiative and Nonradiative Decay of a Model of the Rhodopsin Chromophore<\/strong>. Journal of Chemical Theory and Computation. Noviembre de 2011.<\/p>\n<p><span style=\"color: #333333; font-family: Raleway, Helvetica, Arial, sans-serif; font-size: 10pt; font-weight: 600;\">Abstract<\/span><\/p>\n<p>The radiative and nonradiative decay of a model with five double bonds of the 11-<i>cis<\/i>-retinal protonated Schiff base was studied both in vacuum and in methanol solution using an extended version of the averaged solvent electrostatic potential from molecular dynamics data (ASEP\/MD) method that allows the location of crossing points between free energy surfaces both in equilibrium and in frozen solvent conditions. The multireference quantum method CASSCF was used for the description of the states of interest, while the solvent structure was obtained from molecular dynamics simulations. Electron dynamic correlation corrections to the energy were included at CASPT2 level. Unlike in gas phase, where only two states seem to be implicated, in methanol solution, three states are necessary to describe the photoisomerization process. At the Franck\u2013Condon point the S<sub>1<\/sub>\u00a0and S<sub>2<\/sub>\u00a0states are almost degenerate; consequently, the S<sub>1<\/sub>\u00a0surface has a region with an ionic character (<sup>1<\/sup>B<sub>u<\/sub>-like) and another one with a covalent character (<sup>2<\/sup>A<sub>g<\/sub>-like). Emission from the ionic minima is responsible for the low-frequency part of the fluorescence band, while emission from the covalent minima originates the high-frequency part. The ionic minimum is separated from the conical intersection yielding the all-<i>trans<\/i>\u00a0isomer by an energy barrier that was estimated in 0.7 kcal\/mol. The geometry of the optimized conical intersection was found at a torsion angle of the central double bond close to 90\u00b0 both in vacuum and in methanol solution. This large torsion in addition to the accompanying charge displacements forces a strong solvent reorganization during the de-excitation process which slows down the photoisomerization kinetics in methanol with respect to the gas phase. Solvent fluctuations modulate the minima depth and the barrier height and could explain the multiexponential relaxation time observed in the experiments.<\/p>\n<\/div>\n<\/div>\n<\/div>\n<div class=\"field field-name-field-pub-fuente field-type-text-long field-label-above\">\n<div class=\"field-label\">Fuente de la publicaci\u00f3n:<\/div>\n<div class=\"field-items\">\n<div class=\"field-item even\">\n<ul>\n<li><a title=\"Solvent Effects on the Radiative and Nonradiative Decay of a Model of the Rhodopsin Chromophore\" href=\"http:\/\/pubs.acs.org\/doi\/abs\/10.1021\/ct200295r\">Solvent Effects on the Radiative and Nonradiative Decay of a Model of the Rhodopsin Chromophore<\/a><\/li>\n<\/ul>\n<\/div>\n<\/div>\n<\/div>","protected":false},"excerpt":{"rendered":"<p>Aurora Mu\u00f1oz-Losa, M. Elena Mart\u00edn, Ignacio Fdez. Galv\u00e1n, M. Luz S\u00e1nchez, Manuel A. Aguilar:\u00a0Solvent Effects on the Radiative and Nonradiative Decay of a Model of the Rhodopsin Chromophore. Journal of &#8230;<\/p>","protected":false},"author":1,"featured_media":0,"parent":1583,"menu_order":0,"comment_status":"closed","ping_status":"closed","template":"","meta":{"footnotes":""},"categories":[110,91],"tags":[],"class_list":["post-9527","page","type-page","status-publish","hentry","category-anteriores","category-publicaciones"],"yoast_head":"<!-- This site is optimized with the Yoast SEO plugin v27.1.1 - https:\/\/yoast.com\/product\/yoast-seo-wordpress\/ -->\n<title>Solvent Effects on the Radiative and Nonradiative Decay of a Model of the Rhodopsin Chromophore - Fundaci\u00f3n COMPUTAEX<\/title>\n<meta name=\"robots\" content=\"index, follow, max-snippet:-1, max-image-preview:large, max-video-preview:-1\" \/>\n<link rel=\"canonical\" href=\"https:\/\/computaex.es\/en\/publicaciones\/solvent-effects-on-the-radiative-and-nonradiative-decay-of-a-model-of-the-rhodopsin-chromophore\/\" \/>\n<meta property=\"og:locale\" content=\"en_US\" \/>\n<meta property=\"og:type\" content=\"article\" \/>\n<meta property=\"og:title\" content=\"Solvent Effects on the Radiative and Nonradiative Decay of a Model of the Rhodopsin Chromophore - Fundaci\u00f3n COMPUTAEX\" \/>\n<meta property=\"og:description\" content=\"Aurora Mu\u00f1oz-Losa, M. Elena Mart\u00edn, Ignacio Fdez. Galv\u00e1n, M. Luz S\u00e1nchez, Manuel A. Aguilar:\u00a0Solvent Effects on the Radiative and Nonradiative Decay of a Model of the Rhodopsin Chromophore. Journal of ...\" \/>\n<meta property=\"og:url\" content=\"https:\/\/computaex.es\/en\/publicaciones\/solvent-effects-on-the-radiative-and-nonradiative-decay-of-a-model-of-the-rhodopsin-chromophore\/\" \/>\n<meta property=\"og:site_name\" content=\"Fundaci\u00f3n COMPUTAEX\" \/>\n<meta property=\"article:publisher\" content=\"https:\/\/m.facebook.com\/computaex\/\" \/>\n<meta property=\"article:modified_time\" content=\"2025-08-27T07:27:42+00:00\" \/>\n<meta property=\"og:image\" content=\"https:\/\/computaex.es\/wp-content\/uploads\/2025\/08\/COMPUTAEX.jpg\" \/>\n\t<meta property=\"og:image:width\" content=\"1024\" \/>\n\t<meta property=\"og:image:height\" content=\"403\" \/>\n\t<meta property=\"og:image:type\" content=\"image\/jpeg\" \/>\n<meta name=\"twitter:card\" content=\"summary_large_image\" \/>\n<meta name=\"twitter:site\" content=\"@computaex\" \/>\n<meta name=\"twitter:label1\" content=\"Est. reading time\" \/>\n\t<meta name=\"twitter:data1\" content=\"2 minutes\" \/>\n<script type=\"application\/ld+json\" class=\"yoast-schema-graph\">{\"@context\":\"https:\/\/schema.org\",\"@graph\":[{\"@type\":\"WebPage\",\"@id\":\"https:\/\/computaex.es\/publicaciones\/solvent-effects-on-the-radiative-and-nonradiative-decay-of-a-model-of-the-rhodopsin-chromophore\/\",\"url\":\"https:\/\/computaex.es\/publicaciones\/solvent-effects-on-the-radiative-and-nonradiative-decay-of-a-model-of-the-rhodopsin-chromophore\/\",\"name\":\"Solvent Effects on the Radiative and Nonradiative Decay of a Model of the Rhodopsin Chromophore - Fundaci\u00f3n COMPUTAEX\",\"isPartOf\":{\"@id\":\"https:\/\/computaex.es\/#website\"},\"datePublished\":\"2011-11-04T16:35:37+00:00\",\"dateModified\":\"2025-08-27T07:27:42+00:00\",\"breadcrumb\":{\"@id\":\"https:\/\/computaex.es\/publicaciones\/solvent-effects-on-the-radiative-and-nonradiative-decay-of-a-model-of-the-rhodopsin-chromophore\/#breadcrumb\"},\"inLanguage\":\"en-US\",\"potentialAction\":[{\"@type\":\"ReadAction\",\"target\":[\"https:\/\/computaex.es\/publicaciones\/solvent-effects-on-the-radiative-and-nonradiative-decay-of-a-model-of-the-rhodopsin-chromophore\/\"]}]},{\"@type\":\"BreadcrumbList\",\"@id\":\"https:\/\/computaex.es\/publicaciones\/solvent-effects-on-the-radiative-and-nonradiative-decay-of-a-model-of-the-rhodopsin-chromophore\/#breadcrumb\",\"itemListElement\":[{\"@type\":\"ListItem\",\"position\":1,\"name\":\"Portada\",\"item\":\"https:\/\/computaex.es\/\"},{\"@type\":\"ListItem\",\"position\":2,\"name\":\"Publicaciones\",\"item\":\"https:\/\/computaex.es\/publicaciones\/\"},{\"@type\":\"ListItem\",\"position\":3,\"name\":\"Solvent Effects on the Radiative and Nonradiative Decay of a Model of the Rhodopsin Chromophore\"}]},{\"@type\":\"WebSite\",\"@id\":\"https:\/\/computaex.es\/#website\",\"url\":\"https:\/\/computaex.es\/\",\"name\":\"Fundaci\u00f3n COMPUTAEX\",\"description\":\"COMPUTAEX\",\"publisher\":{\"@id\":\"https:\/\/computaex.es\/#organization\"},\"potentialAction\":[{\"@type\":\"SearchAction\",\"target\":{\"@type\":\"EntryPoint\",\"urlTemplate\":\"https:\/\/computaex.es\/?s={search_term_string}\"},\"query-input\":{\"@type\":\"PropertyValueSpecification\",\"valueRequired\":true,\"valueName\":\"search_term_string\"}}],\"inLanguage\":\"en-US\"},{\"@type\":\"Organization\",\"@id\":\"https:\/\/computaex.es\/#organization\",\"name\":\"COMPUTAEX\",\"url\":\"https:\/\/computaex.es\/\",\"logo\":{\"@type\":\"ImageObject\",\"inLanguage\":\"en-US\",\"@id\":\"https:\/\/computaex.es\/#\/schema\/logo\/image\/\",\"url\":\"https:\/\/computaex.es\/wp-content\/uploads\/2025\/05\/cropped-COMPUTAEX_transparente-scaled-1.png\",\"contentUrl\":\"https:\/\/computaex.es\/wp-content\/uploads\/2025\/05\/cropped-COMPUTAEX_transparente-scaled-1.png\",\"width\":2560,\"height\":970,\"caption\":\"COMPUTAEX\"},\"image\":{\"@id\":\"https:\/\/computaex.es\/#\/schema\/logo\/image\/\"},\"sameAs\":[\"https:\/\/m.facebook.com\/computaex\/\",\"https:\/\/x.com\/computaex\",\"https:\/\/es.linkedin.com\/company\/cenits\"]}]}<\/script>\n<!-- \/ Yoast SEO plugin. -->","yoast_head_json":{"title":"Solvent Effects on the Radiative and Nonradiative Decay of a Model of the Rhodopsin Chromophore - Fundaci\u00f3n COMPUTAEX","robots":{"index":"index","follow":"follow","max-snippet":"max-snippet:-1","max-image-preview":"max-image-preview:large","max-video-preview":"max-video-preview:-1"},"canonical":"https:\/\/computaex.es\/en\/publicaciones\/solvent-effects-on-the-radiative-and-nonradiative-decay-of-a-model-of-the-rhodopsin-chromophore\/","og_locale":"en_US","og_type":"article","og_title":"Solvent Effects on the Radiative and Nonradiative Decay of a Model of the Rhodopsin Chromophore - Fundaci\u00f3n COMPUTAEX","og_description":"Aurora Mu\u00f1oz-Losa, M. Elena Mart\u00edn, Ignacio Fdez. Galv\u00e1n, M. Luz S\u00e1nchez, Manuel A. Aguilar:\u00a0Solvent Effects on the Radiative and Nonradiative Decay of a Model of the Rhodopsin Chromophore. Journal of ...","og_url":"https:\/\/computaex.es\/en\/publicaciones\/solvent-effects-on-the-radiative-and-nonradiative-decay-of-a-model-of-the-rhodopsin-chromophore\/","og_site_name":"Fundaci\u00f3n COMPUTAEX","article_publisher":"https:\/\/m.facebook.com\/computaex\/","article_modified_time":"2025-08-27T07:27:42+00:00","og_image":[{"width":1024,"height":403,"url":"https:\/\/computaex.es\/wp-content\/uploads\/2025\/08\/COMPUTAEX.jpg","type":"image\/jpeg"}],"twitter_card":"summary_large_image","twitter_site":"@computaex","twitter_misc":{"Est. reading time":"2 minutes"},"schema":{"@context":"https:\/\/schema.org","@graph":[{"@type":"WebPage","@id":"https:\/\/computaex.es\/publicaciones\/solvent-effects-on-the-radiative-and-nonradiative-decay-of-a-model-of-the-rhodopsin-chromophore\/","url":"https:\/\/computaex.es\/publicaciones\/solvent-effects-on-the-radiative-and-nonradiative-decay-of-a-model-of-the-rhodopsin-chromophore\/","name":"Solvent Effects on the Radiative and Nonradiative Decay of a Model of the Rhodopsin Chromophore - Fundaci\u00f3n COMPUTAEX","isPartOf":{"@id":"https:\/\/computaex.es\/#website"},"datePublished":"2011-11-04T16:35:37+00:00","dateModified":"2025-08-27T07:27:42+00:00","breadcrumb":{"@id":"https:\/\/computaex.es\/publicaciones\/solvent-effects-on-the-radiative-and-nonradiative-decay-of-a-model-of-the-rhodopsin-chromophore\/#breadcrumb"},"inLanguage":"en-US","potentialAction":[{"@type":"ReadAction","target":["https:\/\/computaex.es\/publicaciones\/solvent-effects-on-the-radiative-and-nonradiative-decay-of-a-model-of-the-rhodopsin-chromophore\/"]}]},{"@type":"BreadcrumbList","@id":"https:\/\/computaex.es\/publicaciones\/solvent-effects-on-the-radiative-and-nonradiative-decay-of-a-model-of-the-rhodopsin-chromophore\/#breadcrumb","itemListElement":[{"@type":"ListItem","position":1,"name":"Portada","item":"https:\/\/computaex.es\/"},{"@type":"ListItem","position":2,"name":"Publicaciones","item":"https:\/\/computaex.es\/publicaciones\/"},{"@type":"ListItem","position":3,"name":"Solvent Effects on the Radiative and Nonradiative Decay of a Model of the Rhodopsin Chromophore"}]},{"@type":"WebSite","@id":"https:\/\/computaex.es\/#website","url":"https:\/\/computaex.es\/","name":"COMPUTAEX Foundation","description":"COMPUTAEX","publisher":{"@id":"https:\/\/computaex.es\/#organization"},"potentialAction":[{"@type":"SearchAction","target":{"@type":"EntryPoint","urlTemplate":"https:\/\/computaex.es\/?s={search_term_string}"},"query-input":{"@type":"PropertyValueSpecification","valueRequired":true,"valueName":"search_term_string"}}],"inLanguage":"en-US"},{"@type":"Organization","@id":"https:\/\/computaex.es\/#organization","name":"COMPUTAEX","url":"https:\/\/computaex.es\/","logo":{"@type":"ImageObject","inLanguage":"en-US","@id":"https:\/\/computaex.es\/#\/schema\/logo\/image\/","url":"https:\/\/computaex.es\/wp-content\/uploads\/2025\/05\/cropped-COMPUTAEX_transparente-scaled-1.png","contentUrl":"https:\/\/computaex.es\/wp-content\/uploads\/2025\/05\/cropped-COMPUTAEX_transparente-scaled-1.png","width":2560,"height":970,"caption":"COMPUTAEX"},"image":{"@id":"https:\/\/computaex.es\/#\/schema\/logo\/image\/"},"sameAs":["https:\/\/m.facebook.com\/computaex\/","https:\/\/x.com\/computaex","https:\/\/es.linkedin.com\/company\/cenits"]}]}},"_links":{"self":[{"href":"https:\/\/computaex.es\/en\/wp-json\/wp\/v2\/pages\/9527","targetHints":{"allow":["GET"]}}],"collection":[{"href":"https:\/\/computaex.es\/en\/wp-json\/wp\/v2\/pages"}],"about":[{"href":"https:\/\/computaex.es\/en\/wp-json\/wp\/v2\/types\/page"}],"author":[{"embeddable":true,"href":"https:\/\/computaex.es\/en\/wp-json\/wp\/v2\/users\/1"}],"replies":[{"embeddable":true,"href":"https:\/\/computaex.es\/en\/wp-json\/wp\/v2\/comments?post=9527"}],"version-history":[{"count":1,"href":"https:\/\/computaex.es\/en\/wp-json\/wp\/v2\/pages\/9527\/revisions"}],"predecessor-version":[{"id":9528,"href":"https:\/\/computaex.es\/en\/wp-json\/wp\/v2\/pages\/9527\/revisions\/9528"}],"up":[{"embeddable":true,"href":"https:\/\/computaex.es\/en\/wp-json\/wp\/v2\/pages\/1583"}],"wp:attachment":[{"href":"https:\/\/computaex.es\/en\/wp-json\/wp\/v2\/media?parent=9527"}],"wp:term":[{"taxonomy":"category","embeddable":true,"href":"https:\/\/computaex.es\/en\/wp-json\/wp\/v2\/categories?post=9527"},{"taxonomy":"post_tag","embeddable":true,"href":"https:\/\/computaex.es\/en\/wp-json\/wp\/v2\/tags?post=9527"}],"curies":[{"name":"wp","href":"https:\/\/api.w.org\/{rel}","templated":true}]}}