{"id":9538,"date":"2020-11-26T08:37:19","date_gmt":"2020-11-26T07:37:19","guid":{"rendered":"https:\/\/web.computaex.es\/?page_id=9538"},"modified":"2025-08-27T08:38:36","modified_gmt":"2025-08-27T06:38:36","slug":"big-geodata-implantacion-de-un-entorno-big-data-para-la-integracion-y-analisis-de-datos-geoespaciales-en-el-centro-de-supercomputacion-extremeno-cenits-computaex","status":"publish","type":"page","link":"https:\/\/computaex.es\/en\/publicaciones\/big-geodata-implantacion-de-un-entorno-big-data-para-la-integracion-y-analisis-de-datos-geoespaciales-en-el-centro-de-supercomputacion-extremeno-cenits-computaex\/","title":{"rendered":"Big GeoData &#8211; Implantaci\u00f3n de un entorno Big Data para la integraci\u00f3n y an\u00e1lisis de datos geoespaciales en el centro de supercomputaci\u00f3n extreme\u00f1o C\u00e9nitS-COMPUTAEX"},"content":{"rendered":"<div class=\"field field-name-field-pub-descripcion field-type-text-long field-label-hidden\">\n<div class=\"field-items\">\n<div class=\"field-item even\">\n<p>En el proyecto se ha implementado un proceso completo de Big Data utilizando datos meteorol\u00f3gicos con el objetivo de conseguir informaci\u00f3n \u00fatil de determinadas zonas de inter\u00e9s. Los datos fueron obtenidos de las bases de datos de la NASA, siendo estructurados para aprovechar la informaci\u00f3n de sus sat\u00e9lites sobre la actividad del viento en la superficie de mares y oc\u00e9anos. Adicionalmente, estos datos fueron transformados y almacenados en una base de datos NoSQL de c\u00f3digo abierto, MongoDB. La informaci\u00f3n fue seleccionada siguiendo estudios de viabilidad de trabajos previos, con tratamiento indexado de los datos georeferenciados mediante el uso de un \u00edndice 2dsphere. Asimismo, los datos directamente descargados de los repositorios NASA se fueron transformados para realizar procesamientos selectivos por regiones de inter\u00e9s con t\u00e9cnicas MapReduce, debido al gran volumen de datos a tratar, utilizando para ello Apache Hadoop.<\/p>\n<p>El algoritmo MapReduce desarrollado por D\u00e1vila tiene dos tareas principales, por un lado, Map se encarga de tomar un conjunto de coordenadas y le asigna una clave dependiendo de la regi\u00f3n a la que pertenezca y, en segundo lugar, Reduce toma el conjunto de elementos proporcionado por Map y combina los elementos en un conjunto m\u00e1s peque\u00f1o, realizando un filtrado de datos. Por \u00faltimo, para ejectuar tareas anal\u00edticas sobre los datos seleccionados mediante MapReduce o por consulta directa sobre la base de datos MongoDB, se permite la invocaci\u00f3n a los algoritmos alojados en el entorno WEKA (Waikato Environment for Knowledge Analysis), facilitando as\u00ed el empleo de algoritmos de an\u00e1lisis de cada una de las regiones obtenidas. Todo el proyecto se lleva a cabo en una m\u00e1quina virtual de SpatialHadoop, analizando su escalabilidad con diferentes configuraciones de cara a su posterior implantaci\u00f3n en un entorno HPC (High-Perfomance Computing).<\/p>\n<\/div>\n<\/div>\n<\/div>\n<div class=\"field field-name-field-pub-fuente field-type-text-long field-label-above\">\n<div class=\"field-label\"><strong>Fuente de la publicaci\u00f3n:\u00a0<\/strong><\/div>\n<div class=\"field-items\">\n<div class=\"field-item even\">\n<ul>\n<li>F\u00e1tima D\u00e1vila Ben\u00edtez,\u00a0F\u00e9lix Rodr\u00edguez Rodr\u00edguez y Jos\u00e9-Luis Gonz\u00e1lez-S\u00e1nchez.\u00a0<em>Big GeoData: Implantaci\u00f3n de un entorno Big Data para la integraci\u00f3n y an\u00e1lisis de datos geoespaciales en el centro de supercomputaci\u00f3n extreme\u00f1o C\u00e9nitS-COMPUTAEX<\/em>. Trabajo Final de Grado (TFG) en Ingenier\u00eda Inform\u00e1tica en Ingenier\u00eda del Software de la Universidad de Extremadura.<\/li>\n<\/ul>\n<\/div>\n<\/div>\n<\/div>","protected":false},"excerpt":{"rendered":"<p>En el proyecto se ha implementado un proceso completo de Big Data utilizando datos meteorol\u00f3gicos con el objetivo de conseguir informaci\u00f3n \u00fatil de determinadas zonas de inter\u00e9s. Los datos fueron &#8230;<\/p>","protected":false},"author":1,"featured_media":0,"parent":1583,"menu_order":0,"comment_status":"closed","ping_status":"closed","template":"","meta":{"footnotes":""},"categories":[111,91],"tags":[],"class_list":["post-9538","page","type-page","status-publish","hentry","category-111","category-publicaciones"],"yoast_head":"<!-- This site is optimized with the Yoast SEO plugin v27.1.1 - https:\/\/yoast.com\/product\/yoast-seo-wordpress\/ -->\n<title>Big GeoData - Implantaci\u00f3n de un entorno Big Data para la integraci\u00f3n y an\u00e1lisis de datos geoespaciales en el centro de supercomputaci\u00f3n extreme\u00f1o C\u00e9nitS-COMPUTAEX - Fundaci\u00f3n COMPUTAEX<\/title>\n<meta name=\"robots\" content=\"index, follow, max-snippet:-1, max-image-preview:large, max-video-preview:-1\" \/>\n<link rel=\"canonical\" href=\"https:\/\/computaex.es\/en\/publicaciones\/big-geodata-implantacion-de-un-entorno-big-data-para-la-integracion-y-analisis-de-datos-geoespaciales-en-el-centro-de-supercomputacion-extremeno-cenits-computaex\/\" \/>\n<meta property=\"og:locale\" content=\"en_US\" \/>\n<meta property=\"og:type\" content=\"article\" \/>\n<meta property=\"og:title\" content=\"Big GeoData - Implantaci\u00f3n de un entorno Big Data para la integraci\u00f3n y an\u00e1lisis de datos geoespaciales en el centro de supercomputaci\u00f3n extreme\u00f1o C\u00e9nitS-COMPUTAEX - Fundaci\u00f3n COMPUTAEX\" \/>\n<meta property=\"og:description\" content=\"En el proyecto se ha implementado un proceso completo de Big Data utilizando datos meteorol\u00f3gicos con el objetivo de conseguir informaci\u00f3n \u00fatil de determinadas zonas de inter\u00e9s. Los datos fueron ...\" \/>\n<meta property=\"og:url\" content=\"https:\/\/computaex.es\/en\/publicaciones\/big-geodata-implantacion-de-un-entorno-big-data-para-la-integracion-y-analisis-de-datos-geoespaciales-en-el-centro-de-supercomputacion-extremeno-cenits-computaex\/\" \/>\n<meta property=\"og:site_name\" content=\"Fundaci\u00f3n COMPUTAEX\" \/>\n<meta property=\"article:publisher\" content=\"https:\/\/m.facebook.com\/computaex\/\" \/>\n<meta property=\"article:modified_time\" content=\"2025-08-27T06:38:36+00:00\" \/>\n<meta property=\"og:image\" content=\"https:\/\/computaex.es\/wp-content\/uploads\/2025\/08\/COMPUTAEX.jpg\" \/>\n\t<meta property=\"og:image:width\" content=\"1024\" \/>\n\t<meta property=\"og:image:height\" content=\"403\" \/>\n\t<meta property=\"og:image:type\" content=\"image\/jpeg\" \/>\n<meta name=\"twitter:card\" content=\"summary_large_image\" \/>\n<meta name=\"twitter:site\" content=\"@computaex\" \/>\n<meta name=\"twitter:label1\" content=\"Est. reading time\" \/>\n\t<meta name=\"twitter:data1\" content=\"2 minutes\" \/>\n<script type=\"application\/ld+json\" class=\"yoast-schema-graph\">{\"@context\":\"https:\/\/schema.org\",\"@graph\":[{\"@type\":\"WebPage\",\"@id\":\"https:\/\/computaex.es\/publicaciones\/big-geodata-implantacion-de-un-entorno-big-data-para-la-integracion-y-analisis-de-datos-geoespaciales-en-el-centro-de-supercomputacion-extremeno-cenits-computaex\/\",\"url\":\"https:\/\/computaex.es\/publicaciones\/big-geodata-implantacion-de-un-entorno-big-data-para-la-integracion-y-analisis-de-datos-geoespaciales-en-el-centro-de-supercomputacion-extremeno-cenits-computaex\/\",\"name\":\"Big GeoData - Implantaci\u00f3n de un entorno Big Data para la integraci\u00f3n y an\u00e1lisis de datos geoespaciales en el centro de supercomputaci\u00f3n extreme\u00f1o C\u00e9nitS-COMPUTAEX - Fundaci\u00f3n COMPUTAEX\",\"isPartOf\":{\"@id\":\"https:\/\/computaex.es\/#website\"},\"datePublished\":\"2020-11-26T07:37:19+00:00\",\"dateModified\":\"2025-08-27T06:38:36+00:00\",\"breadcrumb\":{\"@id\":\"https:\/\/computaex.es\/publicaciones\/big-geodata-implantacion-de-un-entorno-big-data-para-la-integracion-y-analisis-de-datos-geoespaciales-en-el-centro-de-supercomputacion-extremeno-cenits-computaex\/#breadcrumb\"},\"inLanguage\":\"en-US\",\"potentialAction\":[{\"@type\":\"ReadAction\",\"target\":[\"https:\/\/computaex.es\/publicaciones\/big-geodata-implantacion-de-un-entorno-big-data-para-la-integracion-y-analisis-de-datos-geoespaciales-en-el-centro-de-supercomputacion-extremeno-cenits-computaex\/\"]}]},{\"@type\":\"BreadcrumbList\",\"@id\":\"https:\/\/computaex.es\/publicaciones\/big-geodata-implantacion-de-un-entorno-big-data-para-la-integracion-y-analisis-de-datos-geoespaciales-en-el-centro-de-supercomputacion-extremeno-cenits-computaex\/#breadcrumb\",\"itemListElement\":[{\"@type\":\"ListItem\",\"position\":1,\"name\":\"Portada\",\"item\":\"https:\/\/computaex.es\/\"},{\"@type\":\"ListItem\",\"position\":2,\"name\":\"Publicaciones\",\"item\":\"https:\/\/computaex.es\/publicaciones\/\"},{\"@type\":\"ListItem\",\"position\":3,\"name\":\"Big GeoData &#8211; Implantaci\u00f3n de un entorno Big Data para la integraci\u00f3n y an\u00e1lisis de datos geoespaciales en el centro de supercomputaci\u00f3n extreme\u00f1o C\u00e9nitS-COMPUTAEX\"}]},{\"@type\":\"WebSite\",\"@id\":\"https:\/\/computaex.es\/#website\",\"url\":\"https:\/\/computaex.es\/\",\"name\":\"Fundaci\u00f3n COMPUTAEX\",\"description\":\"COMPUTAEX\",\"publisher\":{\"@id\":\"https:\/\/computaex.es\/#organization\"},\"potentialAction\":[{\"@type\":\"SearchAction\",\"target\":{\"@type\":\"EntryPoint\",\"urlTemplate\":\"https:\/\/computaex.es\/?s={search_term_string}\"},\"query-input\":{\"@type\":\"PropertyValueSpecification\",\"valueRequired\":true,\"valueName\":\"search_term_string\"}}],\"inLanguage\":\"en-US\"},{\"@type\":\"Organization\",\"@id\":\"https:\/\/computaex.es\/#organization\",\"name\":\"COMPUTAEX\",\"url\":\"https:\/\/computaex.es\/\",\"logo\":{\"@type\":\"ImageObject\",\"inLanguage\":\"en-US\",\"@id\":\"https:\/\/computaex.es\/#\/schema\/logo\/image\/\",\"url\":\"https:\/\/computaex.es\/wp-content\/uploads\/2025\/05\/cropped-COMPUTAEX_transparente-scaled-1.png\",\"contentUrl\":\"https:\/\/computaex.es\/wp-content\/uploads\/2025\/05\/cropped-COMPUTAEX_transparente-scaled-1.png\",\"width\":2560,\"height\":970,\"caption\":\"COMPUTAEX\"},\"image\":{\"@id\":\"https:\/\/computaex.es\/#\/schema\/logo\/image\/\"},\"sameAs\":[\"https:\/\/m.facebook.com\/computaex\/\",\"https:\/\/x.com\/computaex\",\"https:\/\/es.linkedin.com\/company\/cenits\"]}]}<\/script>\n<!-- \/ Yoast SEO plugin. -->","yoast_head_json":{"title":"Big GeoData - Implantaci\u00f3n de un entorno Big Data para la integraci\u00f3n y an\u00e1lisis de datos geoespaciales en el centro de supercomputaci\u00f3n extreme\u00f1o C\u00e9nitS-COMPUTAEX - Fundaci\u00f3n COMPUTAEX","robots":{"index":"index","follow":"follow","max-snippet":"max-snippet:-1","max-image-preview":"max-image-preview:large","max-video-preview":"max-video-preview:-1"},"canonical":"https:\/\/computaex.es\/en\/publicaciones\/big-geodata-implantacion-de-un-entorno-big-data-para-la-integracion-y-analisis-de-datos-geoespaciales-en-el-centro-de-supercomputacion-extremeno-cenits-computaex\/","og_locale":"en_US","og_type":"article","og_title":"Big GeoData - Implantaci\u00f3n de un entorno Big Data para la integraci\u00f3n y an\u00e1lisis de datos geoespaciales en el centro de supercomputaci\u00f3n extreme\u00f1o C\u00e9nitS-COMPUTAEX - Fundaci\u00f3n COMPUTAEX","og_description":"En el proyecto se ha implementado un proceso completo de Big Data utilizando datos meteorol\u00f3gicos con el objetivo de conseguir informaci\u00f3n \u00fatil de determinadas zonas de inter\u00e9s. Los datos fueron ...","og_url":"https:\/\/computaex.es\/en\/publicaciones\/big-geodata-implantacion-de-un-entorno-big-data-para-la-integracion-y-analisis-de-datos-geoespaciales-en-el-centro-de-supercomputacion-extremeno-cenits-computaex\/","og_site_name":"Fundaci\u00f3n COMPUTAEX","article_publisher":"https:\/\/m.facebook.com\/computaex\/","article_modified_time":"2025-08-27T06:38:36+00:00","og_image":[{"width":1024,"height":403,"url":"https:\/\/computaex.es\/wp-content\/uploads\/2025\/08\/COMPUTAEX.jpg","type":"image\/jpeg"}],"twitter_card":"summary_large_image","twitter_site":"@computaex","twitter_misc":{"Est. reading time":"2 minutes"},"schema":{"@context":"https:\/\/schema.org","@graph":[{"@type":"WebPage","@id":"https:\/\/computaex.es\/publicaciones\/big-geodata-implantacion-de-un-entorno-big-data-para-la-integracion-y-analisis-de-datos-geoespaciales-en-el-centro-de-supercomputacion-extremeno-cenits-computaex\/","url":"https:\/\/computaex.es\/publicaciones\/big-geodata-implantacion-de-un-entorno-big-data-para-la-integracion-y-analisis-de-datos-geoespaciales-en-el-centro-de-supercomputacion-extremeno-cenits-computaex\/","name":"Big GeoData - Implantaci\u00f3n de un entorno Big Data para la integraci\u00f3n y an\u00e1lisis de datos geoespaciales en el centro de supercomputaci\u00f3n extreme\u00f1o C\u00e9nitS-COMPUTAEX - Fundaci\u00f3n COMPUTAEX","isPartOf":{"@id":"https:\/\/computaex.es\/#website"},"datePublished":"2020-11-26T07:37:19+00:00","dateModified":"2025-08-27T06:38:36+00:00","breadcrumb":{"@id":"https:\/\/computaex.es\/publicaciones\/big-geodata-implantacion-de-un-entorno-big-data-para-la-integracion-y-analisis-de-datos-geoespaciales-en-el-centro-de-supercomputacion-extremeno-cenits-computaex\/#breadcrumb"},"inLanguage":"en-US","potentialAction":[{"@type":"ReadAction","target":["https:\/\/computaex.es\/publicaciones\/big-geodata-implantacion-de-un-entorno-big-data-para-la-integracion-y-analisis-de-datos-geoespaciales-en-el-centro-de-supercomputacion-extremeno-cenits-computaex\/"]}]},{"@type":"BreadcrumbList","@id":"https:\/\/computaex.es\/publicaciones\/big-geodata-implantacion-de-un-entorno-big-data-para-la-integracion-y-analisis-de-datos-geoespaciales-en-el-centro-de-supercomputacion-extremeno-cenits-computaex\/#breadcrumb","itemListElement":[{"@type":"ListItem","position":1,"name":"Portada","item":"https:\/\/computaex.es\/"},{"@type":"ListItem","position":2,"name":"Publicaciones","item":"https:\/\/computaex.es\/publicaciones\/"},{"@type":"ListItem","position":3,"name":"Big GeoData &#8211; Implantaci\u00f3n de un entorno Big Data para la integraci\u00f3n y an\u00e1lisis de datos geoespaciales en el centro de supercomputaci\u00f3n extreme\u00f1o C\u00e9nitS-COMPUTAEX"}]},{"@type":"WebSite","@id":"https:\/\/computaex.es\/#website","url":"https:\/\/computaex.es\/","name":"COMPUTAEX Foundation","description":"COMPUTAEX","publisher":{"@id":"https:\/\/computaex.es\/#organization"},"potentialAction":[{"@type":"SearchAction","target":{"@type":"EntryPoint","urlTemplate":"https:\/\/computaex.es\/?s={search_term_string}"},"query-input":{"@type":"PropertyValueSpecification","valueRequired":true,"valueName":"search_term_string"}}],"inLanguage":"en-US"},{"@type":"Organization","@id":"https:\/\/computaex.es\/#organization","name":"COMPUTAEX","url":"https:\/\/computaex.es\/","logo":{"@type":"ImageObject","inLanguage":"en-US","@id":"https:\/\/computaex.es\/#\/schema\/logo\/image\/","url":"https:\/\/computaex.es\/wp-content\/uploads\/2025\/05\/cropped-COMPUTAEX_transparente-scaled-1.png","contentUrl":"https:\/\/computaex.es\/wp-content\/uploads\/2025\/05\/cropped-COMPUTAEX_transparente-scaled-1.png","width":2560,"height":970,"caption":"COMPUTAEX"},"image":{"@id":"https:\/\/computaex.es\/#\/schema\/logo\/image\/"},"sameAs":["https:\/\/m.facebook.com\/computaex\/","https:\/\/x.com\/computaex","https:\/\/es.linkedin.com\/company\/cenits"]}]}},"_links":{"self":[{"href":"https:\/\/computaex.es\/en\/wp-json\/wp\/v2\/pages\/9538","targetHints":{"allow":["GET"]}}],"collection":[{"href":"https:\/\/computaex.es\/en\/wp-json\/wp\/v2\/pages"}],"about":[{"href":"https:\/\/computaex.es\/en\/wp-json\/wp\/v2\/types\/page"}],"author":[{"embeddable":true,"href":"https:\/\/computaex.es\/en\/wp-json\/wp\/v2\/users\/1"}],"replies":[{"embeddable":true,"href":"https:\/\/computaex.es\/en\/wp-json\/wp\/v2\/comments?post=9538"}],"version-history":[{"count":1,"href":"https:\/\/computaex.es\/en\/wp-json\/wp\/v2\/pages\/9538\/revisions"}],"predecessor-version":[{"id":9540,"href":"https:\/\/computaex.es\/en\/wp-json\/wp\/v2\/pages\/9538\/revisions\/9540"}],"up":[{"embeddable":true,"href":"https:\/\/computaex.es\/en\/wp-json\/wp\/v2\/pages\/1583"}],"wp:attachment":[{"href":"https:\/\/computaex.es\/en\/wp-json\/wp\/v2\/media?parent=9538"}],"wp:term":[{"taxonomy":"category","embeddable":true,"href":"https:\/\/computaex.es\/en\/wp-json\/wp\/v2\/categories?post=9538"},{"taxonomy":"post_tag","embeddable":true,"href":"https:\/\/computaex.es\/en\/wp-json\/wp\/v2\/tags?post=9538"}],"curies":[{"name":"wp","href":"https:\/\/api.w.org\/{rel}","templated":true}]}}