{"id":9541,"date":"2020-10-01T08:38:41","date_gmt":"2020-10-01T06:38:41","guid":{"rendered":"https:\/\/web.computaex.es\/?page_id=9541"},"modified":"2025-08-27T08:39:47","modified_gmt":"2025-08-27T06:39:47","slug":"heritagen-genetic-and-genealogical-heritage-unification-for-clinical-decision-making-support-in-inherited-diseases","status":"publish","type":"page","link":"https:\/\/computaex.es\/en\/publicaciones\/heritagen-genetic-and-genealogical-heritage-unification-for-clinical-decision-making-support-in-inherited-diseases\/","title":{"rendered":"HeritaGen: Genetic and Genealogical Heritage Unification for Clinical Decision Making Support in Inherited Diseases"},"content":{"rendered":"<div class=\"field field-name-field-pub-descripcion field-type-text-long field-label-hidden\">\n<div class=\"field-items\">\n<div class=\"field-item even\">\n<p>Databases with genealogical relationships linked to genetic information are very useful for epidemiological studies of genetic disorders. Integral analysis of this data helps clinicians in medical decision making, give genetic advice to families, identify individuals at risk of disease or discover new potential genetic causes for Mendelian diseases. A strategy was designed and implemented to collect the genealogical and genetic heritage of a delimited region to gain knowledge about primary immunodeficiencies (PIDDs) in the area. Next Generation Sequencing (NGS) technologies were used for whole exome sequencing (WES) of potentially immunodeficient participants. High Performance Computing (HPC) technologies were useful to manage the data. We have also developed the HeritaGen web platform to make it easier for clinicians to\u00a0access and interpret information and help them in decision making.<\/p>\n<\/div>\n<\/div>\n<\/div>\n<div class=\"field field-name-field-pub-fuente field-type-text-long field-label-above\">\n<div class=\"field-label\"><strong>Fuente de la publicaci\u00f3n:\u00a0<\/strong><\/div>\n<div class=\"field-items\">\n<div class=\"field-item even\">\n<ul>\n<li>Jos\u00e9-Luis Gonz\u00e1lez-S\u00e1nchez, Bernab\u00e9 Di\u00e9guez-Roda, Jos\u00e9 Antonio Garc\u00eda Trujillo, Jonathan G\u00f3mez-Raja, Felipe Lemus-Prieto, Ana Mar\u00eda N\u00fa\u00f1ez-Cansado, Mar\u00eda Peguero-Ramos, \u00c1lvaro Rodr\u00edguez-San Pedro and Silvia Romero-Chala.\u00a0<em>HeritaGen: Genetic and Genealogical Heritage Unification for Clinical Decision Making Support in Inherited Diseases<\/em>. IWBBIO 2020, Congreso Internacional de Trabajo sobre Bioinform\u00e1tica e Ingenier\u00eda Biom\u00e9dica. Octubre, 2020.<\/li>\n<\/ul>\n<\/div>\n<\/div>\n<\/div>","protected":false},"excerpt":{"rendered":"<p>Databases with genealogical relationships linked to genetic information are very useful for epidemiological studies of genetic disorders. Integral analysis of this data helps clinicians in medical decision making, give genetic &#8230;<\/p>","protected":false},"author":1,"featured_media":0,"parent":1583,"menu_order":0,"comment_status":"closed","ping_status":"closed","template":"","meta":{"footnotes":""},"categories":[111,91],"tags":[],"class_list":["post-9541","page","type-page","status-publish","hentry","category-111","category-publicaciones"],"yoast_head":"<!-- This site is optimized with the Yoast SEO plugin v27.1.1 - https:\/\/yoast.com\/product\/yoast-seo-wordpress\/ -->\n<title>HeritaGen: Genetic and Genealogical Heritage Unification for Clinical Decision Making Support in Inherited Diseases - Fundaci\u00f3n COMPUTAEX<\/title>\n<meta name=\"robots\" content=\"index, follow, max-snippet:-1, max-image-preview:large, max-video-preview:-1\" \/>\n<link rel=\"canonical\" href=\"https:\/\/computaex.es\/en\/publicaciones\/heritagen-genetic-and-genealogical-heritage-unification-for-clinical-decision-making-support-in-inherited-diseases\/\" \/>\n<meta property=\"og:locale\" content=\"en_US\" \/>\n<meta property=\"og:type\" content=\"article\" \/>\n<meta property=\"og:title\" content=\"HeritaGen: Genetic and Genealogical Heritage Unification for Clinical Decision Making Support in Inherited Diseases - Fundaci\u00f3n COMPUTAEX\" \/>\n<meta property=\"og:description\" content=\"Databases with genealogical relationships linked to genetic information are very useful for epidemiological studies of genetic disorders. Integral analysis of this data helps clinicians in medical decision making, give genetic ...\" \/>\n<meta property=\"og:url\" content=\"https:\/\/computaex.es\/en\/publicaciones\/heritagen-genetic-and-genealogical-heritage-unification-for-clinical-decision-making-support-in-inherited-diseases\/\" \/>\n<meta property=\"og:site_name\" content=\"Fundaci\u00f3n COMPUTAEX\" \/>\n<meta property=\"article:publisher\" content=\"https:\/\/m.facebook.com\/computaex\/\" \/>\n<meta property=\"article:modified_time\" content=\"2025-08-27T06:39:47+00:00\" \/>\n<meta property=\"og:image\" content=\"https:\/\/computaex.es\/wp-content\/uploads\/2025\/08\/COMPUTAEX.jpg\" \/>\n\t<meta property=\"og:image:width\" content=\"1024\" \/>\n\t<meta property=\"og:image:height\" content=\"403\" \/>\n\t<meta property=\"og:image:type\" content=\"image\/jpeg\" \/>\n<meta name=\"twitter:card\" content=\"summary_large_image\" \/>\n<meta name=\"twitter:site\" content=\"@computaex\" \/>\n<meta name=\"twitter:label1\" content=\"Est. reading time\" \/>\n\t<meta name=\"twitter:data1\" content=\"1 minute\" \/>\n<script type=\"application\/ld+json\" class=\"yoast-schema-graph\">{\"@context\":\"https:\/\/schema.org\",\"@graph\":[{\"@type\":\"WebPage\",\"@id\":\"https:\/\/computaex.es\/publicaciones\/heritagen-genetic-and-genealogical-heritage-unification-for-clinical-decision-making-support-in-inherited-diseases\/\",\"url\":\"https:\/\/computaex.es\/publicaciones\/heritagen-genetic-and-genealogical-heritage-unification-for-clinical-decision-making-support-in-inherited-diseases\/\",\"name\":\"HeritaGen: Genetic and Genealogical Heritage Unification for Clinical Decision Making Support in Inherited Diseases - Fundaci\u00f3n COMPUTAEX\",\"isPartOf\":{\"@id\":\"https:\/\/computaex.es\/#website\"},\"datePublished\":\"2020-10-01T06:38:41+00:00\",\"dateModified\":\"2025-08-27T06:39:47+00:00\",\"breadcrumb\":{\"@id\":\"https:\/\/computaex.es\/publicaciones\/heritagen-genetic-and-genealogical-heritage-unification-for-clinical-decision-making-support-in-inherited-diseases\/#breadcrumb\"},\"inLanguage\":\"en-US\",\"potentialAction\":[{\"@type\":\"ReadAction\",\"target\":[\"https:\/\/computaex.es\/publicaciones\/heritagen-genetic-and-genealogical-heritage-unification-for-clinical-decision-making-support-in-inherited-diseases\/\"]}]},{\"@type\":\"BreadcrumbList\",\"@id\":\"https:\/\/computaex.es\/publicaciones\/heritagen-genetic-and-genealogical-heritage-unification-for-clinical-decision-making-support-in-inherited-diseases\/#breadcrumb\",\"itemListElement\":[{\"@type\":\"ListItem\",\"position\":1,\"name\":\"Portada\",\"item\":\"https:\/\/computaex.es\/\"},{\"@type\":\"ListItem\",\"position\":2,\"name\":\"Publicaciones\",\"item\":\"https:\/\/computaex.es\/publicaciones\/\"},{\"@type\":\"ListItem\",\"position\":3,\"name\":\"HeritaGen: Genetic and Genealogical Heritage Unification for Clinical Decision Making Support in Inherited Diseases\"}]},{\"@type\":\"WebSite\",\"@id\":\"https:\/\/computaex.es\/#website\",\"url\":\"https:\/\/computaex.es\/\",\"name\":\"Fundaci\u00f3n COMPUTAEX\",\"description\":\"COMPUTAEX\",\"publisher\":{\"@id\":\"https:\/\/computaex.es\/#organization\"},\"potentialAction\":[{\"@type\":\"SearchAction\",\"target\":{\"@type\":\"EntryPoint\",\"urlTemplate\":\"https:\/\/computaex.es\/?s={search_term_string}\"},\"query-input\":{\"@type\":\"PropertyValueSpecification\",\"valueRequired\":true,\"valueName\":\"search_term_string\"}}],\"inLanguage\":\"en-US\"},{\"@type\":\"Organization\",\"@id\":\"https:\/\/computaex.es\/#organization\",\"name\":\"COMPUTAEX\",\"url\":\"https:\/\/computaex.es\/\",\"logo\":{\"@type\":\"ImageObject\",\"inLanguage\":\"en-US\",\"@id\":\"https:\/\/computaex.es\/#\/schema\/logo\/image\/\",\"url\":\"https:\/\/computaex.es\/wp-content\/uploads\/2025\/05\/cropped-COMPUTAEX_transparente-scaled-1.png\",\"contentUrl\":\"https:\/\/computaex.es\/wp-content\/uploads\/2025\/05\/cropped-COMPUTAEX_transparente-scaled-1.png\",\"width\":2560,\"height\":970,\"caption\":\"COMPUTAEX\"},\"image\":{\"@id\":\"https:\/\/computaex.es\/#\/schema\/logo\/image\/\"},\"sameAs\":[\"https:\/\/m.facebook.com\/computaex\/\",\"https:\/\/x.com\/computaex\",\"https:\/\/es.linkedin.com\/company\/cenits\"]}]}<\/script>\n<!-- \/ Yoast SEO plugin. -->","yoast_head_json":{"title":"HeritaGen: Genetic and Genealogical Heritage Unification for Clinical Decision Making Support in Inherited Diseases - Fundaci\u00f3n COMPUTAEX","robots":{"index":"index","follow":"follow","max-snippet":"max-snippet:-1","max-image-preview":"max-image-preview:large","max-video-preview":"max-video-preview:-1"},"canonical":"https:\/\/computaex.es\/en\/publicaciones\/heritagen-genetic-and-genealogical-heritage-unification-for-clinical-decision-making-support-in-inherited-diseases\/","og_locale":"en_US","og_type":"article","og_title":"HeritaGen: Genetic and Genealogical Heritage Unification for Clinical Decision Making Support in Inherited Diseases - Fundaci\u00f3n COMPUTAEX","og_description":"Databases with genealogical relationships linked to genetic information are very useful for epidemiological studies of genetic disorders. Integral analysis of this data helps clinicians in medical decision making, give genetic ...","og_url":"https:\/\/computaex.es\/en\/publicaciones\/heritagen-genetic-and-genealogical-heritage-unification-for-clinical-decision-making-support-in-inherited-diseases\/","og_site_name":"Fundaci\u00f3n COMPUTAEX","article_publisher":"https:\/\/m.facebook.com\/computaex\/","article_modified_time":"2025-08-27T06:39:47+00:00","og_image":[{"width":1024,"height":403,"url":"https:\/\/computaex.es\/wp-content\/uploads\/2025\/08\/COMPUTAEX.jpg","type":"image\/jpeg"}],"twitter_card":"summary_large_image","twitter_site":"@computaex","twitter_misc":{"Est. reading time":"1 minute"},"schema":{"@context":"https:\/\/schema.org","@graph":[{"@type":"WebPage","@id":"https:\/\/computaex.es\/publicaciones\/heritagen-genetic-and-genealogical-heritage-unification-for-clinical-decision-making-support-in-inherited-diseases\/","url":"https:\/\/computaex.es\/publicaciones\/heritagen-genetic-and-genealogical-heritage-unification-for-clinical-decision-making-support-in-inherited-diseases\/","name":"HeritaGen: Genetic and Genealogical Heritage Unification for Clinical Decision Making Support in Inherited Diseases - Fundaci\u00f3n COMPUTAEX","isPartOf":{"@id":"https:\/\/computaex.es\/#website"},"datePublished":"2020-10-01T06:38:41+00:00","dateModified":"2025-08-27T06:39:47+00:00","breadcrumb":{"@id":"https:\/\/computaex.es\/publicaciones\/heritagen-genetic-and-genealogical-heritage-unification-for-clinical-decision-making-support-in-inherited-diseases\/#breadcrumb"},"inLanguage":"en-US","potentialAction":[{"@type":"ReadAction","target":["https:\/\/computaex.es\/publicaciones\/heritagen-genetic-and-genealogical-heritage-unification-for-clinical-decision-making-support-in-inherited-diseases\/"]}]},{"@type":"BreadcrumbList","@id":"https:\/\/computaex.es\/publicaciones\/heritagen-genetic-and-genealogical-heritage-unification-for-clinical-decision-making-support-in-inherited-diseases\/#breadcrumb","itemListElement":[{"@type":"ListItem","position":1,"name":"Portada","item":"https:\/\/computaex.es\/"},{"@type":"ListItem","position":2,"name":"Publicaciones","item":"https:\/\/computaex.es\/publicaciones\/"},{"@type":"ListItem","position":3,"name":"HeritaGen: Genetic and Genealogical Heritage Unification for Clinical Decision Making Support in Inherited Diseases"}]},{"@type":"WebSite","@id":"https:\/\/computaex.es\/#website","url":"https:\/\/computaex.es\/","name":"COMPUTAEX Foundation","description":"COMPUTAEX","publisher":{"@id":"https:\/\/computaex.es\/#organization"},"potentialAction":[{"@type":"SearchAction","target":{"@type":"EntryPoint","urlTemplate":"https:\/\/computaex.es\/?s={search_term_string}"},"query-input":{"@type":"PropertyValueSpecification","valueRequired":true,"valueName":"search_term_string"}}],"inLanguage":"en-US"},{"@type":"Organization","@id":"https:\/\/computaex.es\/#organization","name":"COMPUTAEX","url":"https:\/\/computaex.es\/","logo":{"@type":"ImageObject","inLanguage":"en-US","@id":"https:\/\/computaex.es\/#\/schema\/logo\/image\/","url":"https:\/\/computaex.es\/wp-content\/uploads\/2025\/05\/cropped-COMPUTAEX_transparente-scaled-1.png","contentUrl":"https:\/\/computaex.es\/wp-content\/uploads\/2025\/05\/cropped-COMPUTAEX_transparente-scaled-1.png","width":2560,"height":970,"caption":"COMPUTAEX"},"image":{"@id":"https:\/\/computaex.es\/#\/schema\/logo\/image\/"},"sameAs":["https:\/\/m.facebook.com\/computaex\/","https:\/\/x.com\/computaex","https:\/\/es.linkedin.com\/company\/cenits"]}]}},"_links":{"self":[{"href":"https:\/\/computaex.es\/en\/wp-json\/wp\/v2\/pages\/9541","targetHints":{"allow":["GET"]}}],"collection":[{"href":"https:\/\/computaex.es\/en\/wp-json\/wp\/v2\/pages"}],"about":[{"href":"https:\/\/computaex.es\/en\/wp-json\/wp\/v2\/types\/page"}],"author":[{"embeddable":true,"href":"https:\/\/computaex.es\/en\/wp-json\/wp\/v2\/users\/1"}],"replies":[{"embeddable":true,"href":"https:\/\/computaex.es\/en\/wp-json\/wp\/v2\/comments?post=9541"}],"version-history":[{"count":1,"href":"https:\/\/computaex.es\/en\/wp-json\/wp\/v2\/pages\/9541\/revisions"}],"predecessor-version":[{"id":9543,"href":"https:\/\/computaex.es\/en\/wp-json\/wp\/v2\/pages\/9541\/revisions\/9543"}],"up":[{"embeddable":true,"href":"https:\/\/computaex.es\/en\/wp-json\/wp\/v2\/pages\/1583"}],"wp:attachment":[{"href":"https:\/\/computaex.es\/en\/wp-json\/wp\/v2\/media?parent=9541"}],"wp:term":[{"taxonomy":"category","embeddable":true,"href":"https:\/\/computaex.es\/en\/wp-json\/wp\/v2\/categories?post=9541"},{"taxonomy":"post_tag","embeddable":true,"href":"https:\/\/computaex.es\/en\/wp-json\/wp\/v2\/tags?post=9541"}],"curies":[{"name":"wp","href":"https:\/\/api.w.org\/{rel}","templated":true}]}}