{"id":9544,"date":"2020-07-31T08:39:58","date_gmt":"2020-07-31T06:39:58","guid":{"rendered":"https:\/\/web.computaex.es\/?page_id=9544"},"modified":"2025-08-27T08:41:01","modified_gmt":"2025-08-27T06:41:01","slug":"efficient-code-development-for-improving-execution-performance-in-high-performance-computing-centers","status":"publish","type":"page","link":"https:\/\/computaex.es\/en\/publicaciones\/efficient-code-development-for-improving-execution-performance-in-high-performance-computing-centers\/","title":{"rendered":"Efficient code development for improving execution performance in high-performance computing centers"},"content":{"rendered":"<div class=\"field field-name-field-pub-descripcion field-type-text-long field-label-hidden\">\n<div class=\"field-items\">\n<div class=\"field-item even\">\n<p>Thanks to high-performance computing (HPC), it is possible to solve all kinds of highly complex projects from multiple scientific disciplines that require computationally intensive tasks to be undertaken and which otherwise could not be addressed. Unfortunately, since the development of parallel codes requires highly specific knowledge, it can become a challenge for beginners and non-expert programmers, especially when it comes to making adequate and efficient use of the available computing resources. To this end, we developed a transcompiler for helping researchers and inexperienced users who do not have the necessary skills in the use of parallel programming, and aimed at improving the performance of their HPC routines and tasks. Current efforts are focused on an additional module for optimizing code fragments in order to reduce their running times. In order to achieve this, twenty-six software techniques were selected from the literature to be integrated into this new module, all of them aimed at improving execution times of HPC programs by directly writing efficient code. Their effectiveness is analyzed and discussed in the current manuscript through a complete set of tests designed and conducted to measure and evaluate benefits achieved when applying these techniques.<\/p>\n<\/div>\n<\/div>\n<\/div>\n<div class=\"field field-name-field-pub-fuente field-type-text-long field-label-above\">\n<div class=\"field-label\"><strong>Fuente de la publicaci\u00f3n:\u00a0<\/strong><\/div>\n<div class=\"field-items\">\n<div class=\"field-item even\">\n<ul>\n<li>Javier Corral-Garc\u00eda, Felipe Lemus-Prieto and Miguel-\u00c1ngel P\u00e9rez-Toledano. Efficient code development for improving execution performance in high-performance computing centers.\u00a0<em>The Journal of Supercomputing<\/em>, 77(4), 3261-3288, 2020. doi:<a href=\"https:\/\/doi.org\/10.1007\/s11227-020-03382-z\">10.1007\/s11227-020-03382-z<\/a><\/li>\n<\/ul>\n<\/div>\n<\/div>\n<\/div>","protected":false},"excerpt":{"rendered":"<p>Thanks to high-performance computing (HPC), it is possible to solve all kinds of highly complex projects from multiple scientific disciplines that require computationally intensive tasks to be undertaken and which &#8230;<\/p>","protected":false},"author":1,"featured_media":0,"parent":1583,"menu_order":0,"comment_status":"closed","ping_status":"closed","template":"","meta":{"footnotes":""},"categories":[111,91],"tags":[],"class_list":["post-9544","page","type-page","status-publish","hentry","category-111","category-publicaciones"],"yoast_head":"<!-- This site is optimized with the Yoast SEO plugin v27.1.1 - https:\/\/yoast.com\/product\/yoast-seo-wordpress\/ -->\n<title>Efficient code development for improving execution performance in high-performance computing centers - Fundaci\u00f3n COMPUTAEX<\/title>\n<meta name=\"robots\" content=\"index, follow, max-snippet:-1, max-image-preview:large, max-video-preview:-1\" \/>\n<link rel=\"canonical\" href=\"https:\/\/computaex.es\/en\/publicaciones\/efficient-code-development-for-improving-execution-performance-in-high-performance-computing-centers\/\" \/>\n<meta property=\"og:locale\" content=\"en_US\" \/>\n<meta property=\"og:type\" content=\"article\" \/>\n<meta property=\"og:title\" content=\"Efficient code development for improving execution performance in high-performance computing centers - Fundaci\u00f3n COMPUTAEX\" \/>\n<meta property=\"og:description\" content=\"Thanks to high-performance computing (HPC), it is possible to solve all kinds of highly complex projects from multiple scientific disciplines that require computationally intensive tasks to be undertaken and which ...\" \/>\n<meta property=\"og:url\" content=\"https:\/\/computaex.es\/en\/publicaciones\/efficient-code-development-for-improving-execution-performance-in-high-performance-computing-centers\/\" \/>\n<meta property=\"og:site_name\" content=\"Fundaci\u00f3n COMPUTAEX\" \/>\n<meta property=\"article:publisher\" content=\"https:\/\/m.facebook.com\/computaex\/\" \/>\n<meta property=\"article:modified_time\" content=\"2025-08-27T06:41:01+00:00\" \/>\n<meta property=\"og:image\" content=\"https:\/\/computaex.es\/wp-content\/uploads\/2025\/08\/COMPUTAEX.jpg\" \/>\n\t<meta property=\"og:image:width\" content=\"1024\" \/>\n\t<meta property=\"og:image:height\" content=\"403\" \/>\n\t<meta property=\"og:image:type\" content=\"image\/jpeg\" \/>\n<meta name=\"twitter:card\" content=\"summary_large_image\" \/>\n<meta name=\"twitter:site\" content=\"@computaex\" \/>\n<meta name=\"twitter:label1\" content=\"Est. reading time\" \/>\n\t<meta name=\"twitter:data1\" content=\"2 minutes\" \/>\n<script type=\"application\/ld+json\" class=\"yoast-schema-graph\">{\"@context\":\"https:\/\/schema.org\",\"@graph\":[{\"@type\":\"WebPage\",\"@id\":\"https:\/\/computaex.es\/publicaciones\/efficient-code-development-for-improving-execution-performance-in-high-performance-computing-centers\/\",\"url\":\"https:\/\/computaex.es\/publicaciones\/efficient-code-development-for-improving-execution-performance-in-high-performance-computing-centers\/\",\"name\":\"Efficient code development for improving execution performance in high-performance computing centers - Fundaci\u00f3n COMPUTAEX\",\"isPartOf\":{\"@id\":\"https:\/\/computaex.es\/#website\"},\"datePublished\":\"2020-07-31T06:39:58+00:00\",\"dateModified\":\"2025-08-27T06:41:01+00:00\",\"breadcrumb\":{\"@id\":\"https:\/\/computaex.es\/publicaciones\/efficient-code-development-for-improving-execution-performance-in-high-performance-computing-centers\/#breadcrumb\"},\"inLanguage\":\"en-US\",\"potentialAction\":[{\"@type\":\"ReadAction\",\"target\":[\"https:\/\/computaex.es\/publicaciones\/efficient-code-development-for-improving-execution-performance-in-high-performance-computing-centers\/\"]}]},{\"@type\":\"BreadcrumbList\",\"@id\":\"https:\/\/computaex.es\/publicaciones\/efficient-code-development-for-improving-execution-performance-in-high-performance-computing-centers\/#breadcrumb\",\"itemListElement\":[{\"@type\":\"ListItem\",\"position\":1,\"name\":\"Portada\",\"item\":\"https:\/\/computaex.es\/\"},{\"@type\":\"ListItem\",\"position\":2,\"name\":\"Publicaciones\",\"item\":\"https:\/\/computaex.es\/publicaciones\/\"},{\"@type\":\"ListItem\",\"position\":3,\"name\":\"Efficient code development for improving execution performance in high-performance computing centers\"}]},{\"@type\":\"WebSite\",\"@id\":\"https:\/\/computaex.es\/#website\",\"url\":\"https:\/\/computaex.es\/\",\"name\":\"Fundaci\u00f3n COMPUTAEX\",\"description\":\"COMPUTAEX\",\"publisher\":{\"@id\":\"https:\/\/computaex.es\/#organization\"},\"potentialAction\":[{\"@type\":\"SearchAction\",\"target\":{\"@type\":\"EntryPoint\",\"urlTemplate\":\"https:\/\/computaex.es\/?s={search_term_string}\"},\"query-input\":{\"@type\":\"PropertyValueSpecification\",\"valueRequired\":true,\"valueName\":\"search_term_string\"}}],\"inLanguage\":\"en-US\"},{\"@type\":\"Organization\",\"@id\":\"https:\/\/computaex.es\/#organization\",\"name\":\"COMPUTAEX\",\"url\":\"https:\/\/computaex.es\/\",\"logo\":{\"@type\":\"ImageObject\",\"inLanguage\":\"en-US\",\"@id\":\"https:\/\/computaex.es\/#\/schema\/logo\/image\/\",\"url\":\"https:\/\/computaex.es\/wp-content\/uploads\/2025\/05\/cropped-COMPUTAEX_transparente-scaled-1.png\",\"contentUrl\":\"https:\/\/computaex.es\/wp-content\/uploads\/2025\/05\/cropped-COMPUTAEX_transparente-scaled-1.png\",\"width\":2560,\"height\":970,\"caption\":\"COMPUTAEX\"},\"image\":{\"@id\":\"https:\/\/computaex.es\/#\/schema\/logo\/image\/\"},\"sameAs\":[\"https:\/\/m.facebook.com\/computaex\/\",\"https:\/\/x.com\/computaex\",\"https:\/\/es.linkedin.com\/company\/cenits\"]}]}<\/script>\n<!-- \/ Yoast SEO plugin. -->","yoast_head_json":{"title":"Efficient code development for improving execution performance in high-performance computing centers - Fundaci\u00f3n COMPUTAEX","robots":{"index":"index","follow":"follow","max-snippet":"max-snippet:-1","max-image-preview":"max-image-preview:large","max-video-preview":"max-video-preview:-1"},"canonical":"https:\/\/computaex.es\/en\/publicaciones\/efficient-code-development-for-improving-execution-performance-in-high-performance-computing-centers\/","og_locale":"en_US","og_type":"article","og_title":"Efficient code development for improving execution performance in high-performance computing centers - Fundaci\u00f3n COMPUTAEX","og_description":"Thanks to high-performance computing (HPC), it is possible to solve all kinds of highly complex projects from multiple scientific disciplines that require computationally intensive tasks to be undertaken and which ...","og_url":"https:\/\/computaex.es\/en\/publicaciones\/efficient-code-development-for-improving-execution-performance-in-high-performance-computing-centers\/","og_site_name":"Fundaci\u00f3n COMPUTAEX","article_publisher":"https:\/\/m.facebook.com\/computaex\/","article_modified_time":"2025-08-27T06:41:01+00:00","og_image":[{"width":1024,"height":403,"url":"https:\/\/computaex.es\/wp-content\/uploads\/2025\/08\/COMPUTAEX.jpg","type":"image\/jpeg"}],"twitter_card":"summary_large_image","twitter_site":"@computaex","twitter_misc":{"Est. reading time":"2 minutes"},"schema":{"@context":"https:\/\/schema.org","@graph":[{"@type":"WebPage","@id":"https:\/\/computaex.es\/publicaciones\/efficient-code-development-for-improving-execution-performance-in-high-performance-computing-centers\/","url":"https:\/\/computaex.es\/publicaciones\/efficient-code-development-for-improving-execution-performance-in-high-performance-computing-centers\/","name":"Efficient code development for improving execution performance in high-performance computing centers - Fundaci\u00f3n COMPUTAEX","isPartOf":{"@id":"https:\/\/computaex.es\/#website"},"datePublished":"2020-07-31T06:39:58+00:00","dateModified":"2025-08-27T06:41:01+00:00","breadcrumb":{"@id":"https:\/\/computaex.es\/publicaciones\/efficient-code-development-for-improving-execution-performance-in-high-performance-computing-centers\/#breadcrumb"},"inLanguage":"en-US","potentialAction":[{"@type":"ReadAction","target":["https:\/\/computaex.es\/publicaciones\/efficient-code-development-for-improving-execution-performance-in-high-performance-computing-centers\/"]}]},{"@type":"BreadcrumbList","@id":"https:\/\/computaex.es\/publicaciones\/efficient-code-development-for-improving-execution-performance-in-high-performance-computing-centers\/#breadcrumb","itemListElement":[{"@type":"ListItem","position":1,"name":"Portada","item":"https:\/\/computaex.es\/"},{"@type":"ListItem","position":2,"name":"Publicaciones","item":"https:\/\/computaex.es\/publicaciones\/"},{"@type":"ListItem","position":3,"name":"Efficient code development for improving execution performance in high-performance computing centers"}]},{"@type":"WebSite","@id":"https:\/\/computaex.es\/#website","url":"https:\/\/computaex.es\/","name":"COMPUTAEX Foundation","description":"COMPUTAEX","publisher":{"@id":"https:\/\/computaex.es\/#organization"},"potentialAction":[{"@type":"SearchAction","target":{"@type":"EntryPoint","urlTemplate":"https:\/\/computaex.es\/?s={search_term_string}"},"query-input":{"@type":"PropertyValueSpecification","valueRequired":true,"valueName":"search_term_string"}}],"inLanguage":"en-US"},{"@type":"Organization","@id":"https:\/\/computaex.es\/#organization","name":"COMPUTAEX","url":"https:\/\/computaex.es\/","logo":{"@type":"ImageObject","inLanguage":"en-US","@id":"https:\/\/computaex.es\/#\/schema\/logo\/image\/","url":"https:\/\/computaex.es\/wp-content\/uploads\/2025\/05\/cropped-COMPUTAEX_transparente-scaled-1.png","contentUrl":"https:\/\/computaex.es\/wp-content\/uploads\/2025\/05\/cropped-COMPUTAEX_transparente-scaled-1.png","width":2560,"height":970,"caption":"COMPUTAEX"},"image":{"@id":"https:\/\/computaex.es\/#\/schema\/logo\/image\/"},"sameAs":["https:\/\/m.facebook.com\/computaex\/","https:\/\/x.com\/computaex","https:\/\/es.linkedin.com\/company\/cenits"]}]}},"_links":{"self":[{"href":"https:\/\/computaex.es\/en\/wp-json\/wp\/v2\/pages\/9544","targetHints":{"allow":["GET"]}}],"collection":[{"href":"https:\/\/computaex.es\/en\/wp-json\/wp\/v2\/pages"}],"about":[{"href":"https:\/\/computaex.es\/en\/wp-json\/wp\/v2\/types\/page"}],"author":[{"embeddable":true,"href":"https:\/\/computaex.es\/en\/wp-json\/wp\/v2\/users\/1"}],"replies":[{"embeddable":true,"href":"https:\/\/computaex.es\/en\/wp-json\/wp\/v2\/comments?post=9544"}],"version-history":[{"count":1,"href":"https:\/\/computaex.es\/en\/wp-json\/wp\/v2\/pages\/9544\/revisions"}],"predecessor-version":[{"id":9546,"href":"https:\/\/computaex.es\/en\/wp-json\/wp\/v2\/pages\/9544\/revisions\/9546"}],"up":[{"embeddable":true,"href":"https:\/\/computaex.es\/en\/wp-json\/wp\/v2\/pages\/1583"}],"wp:attachment":[{"href":"https:\/\/computaex.es\/en\/wp-json\/wp\/v2\/media?parent=9544"}],"wp:term":[{"taxonomy":"category","embeddable":true,"href":"https:\/\/computaex.es\/en\/wp-json\/wp\/v2\/categories?post=9544"},{"taxonomy":"post_tag","embeddable":true,"href":"https:\/\/computaex.es\/en\/wp-json\/wp\/v2\/tags?post=9544"}],"curies":[{"name":"wp","href":"https:\/\/api.w.org\/{rel}","templated":true}]}}