{"id":9549,"date":"2020-04-12T08:42:20","date_gmt":"2020-04-12T06:42:20","guid":{"rendered":"https:\/\/web.computaex.es\/?page_id=9549"},"modified":"2025-08-27T08:43:58","modified_gmt":"2025-08-27T06:43:58","slug":"mutarotation-of-aldoses-getting-a-deeper-knowledge-of-a-classic-equilibrium-enabled-by-computational-analyses","status":"publish","type":"page","link":"https:\/\/computaex.es\/en\/publicaciones\/mutarotation-of-aldoses-getting-a-deeper-knowledge-of-a-classic-equilibrium-enabled-by-computational-analyses\/","title":{"rendered":"Mutarotation of aldoses: Getting a deeper knowledge of a classic equilibrium enabled by computational analyses"},"content":{"rendered":"<div class=\"field field-name-field-pub-descripcion field-type-text-long field-label-hidden\">\n<div class=\"field-items\">\n<div class=\"field-item even\">\n<p>The mutarotation equilibrium, by which reducing carbohydrates exist in solution as the \u03b1 and \u03b2 anomers of cyclic (furanoid and pyranoid) structures, along with open-chain (aldehyde and hydrate) forms, and whose ratios are depending on factors such as temperature, pH and solvent, portraits a phenomenon involved in numerous processes of chemical and biological importance. Herein, we have developed a DFT-based rationale that provides a broader landscape for anomerizations and ring-open chain interconversions, together with the pivotal role exerted not only by the aldehyde intermediate (essentially the only acyclic structure taken into account so far), but also the hydrate form (often more abundant at the equilibrium). These calculations reveal a more complex and richer scenario than was thought, and identify different mutarotation mechanisms that hinge on every monosaccharide. It is noteworthy that pyranose-furanose interconversion may actually occur without the intermediacy of open-chain forms. For the aldoses evaluated, namely d-glucose, d-ribose, and d-xylose, all structures involved in mutarotation undergo interconversion pathways, whose energy barriers calculated at the M06-2X\/6-311++G(d,p) level, are in good agreement with previous experimental measurements.<\/p>\n<\/div>\n<\/div>\n<\/div>\n<div class=\"field field-name-field-pub-fuente field-type-text-long field-label-above\">\n<div class=\"field-label\"><strong>Fuente de la publicaci\u00f3n:\u00a0<\/strong><\/div>\n<div class=\"field-items\">\n<div class=\"field-item even\">\n<ul>\n<li>Juan Garc\u00eda de la Concepci\u00f3n, R. Fernando Mart\u00ednez, Pedro Cintas, Reyes Babiano. Mutarotation of aldoses: Getting a deeper knowledge of a classic equilibrium enabled by computational analyses.\u00a0Carbohydrate Research, Volume 490, 2020. doi:\u00a0<a href=\"https:\/\/doi.org\/10.1016\/j.carres.2020.107964\" target=\"_blank\" rel=\"noopener\">10.1016\/j.carres.2020.107964<\/a><\/li>\n<\/ul>\n<\/div>\n<\/div>\n<\/div>","protected":false},"excerpt":{"rendered":"<p>The mutarotation equilibrium, by which reducing carbohydrates exist in solution as the \u03b1 and \u03b2 anomers of cyclic (furanoid and pyranoid) structures, along with open-chain (aldehyde and hydrate) forms, and &#8230;<\/p>","protected":false},"author":1,"featured_media":0,"parent":1583,"menu_order":0,"comment_status":"closed","ping_status":"closed","template":"","meta":{"footnotes":""},"categories":[111,91],"tags":[],"class_list":["post-9549","page","type-page","status-publish","hentry","category-111","category-publicaciones"],"yoast_head":"<!-- This site is optimized with the Yoast SEO plugin v27.1.1 - https:\/\/yoast.com\/product\/yoast-seo-wordpress\/ -->\n<title>Mutarotation of aldoses: Getting a deeper knowledge of a classic equilibrium enabled by computational analyses - Fundaci\u00f3n COMPUTAEX<\/title>\n<meta name=\"robots\" content=\"index, follow, max-snippet:-1, max-image-preview:large, max-video-preview:-1\" \/>\n<link rel=\"canonical\" href=\"https:\/\/computaex.es\/en\/publicaciones\/mutarotation-of-aldoses-getting-a-deeper-knowledge-of-a-classic-equilibrium-enabled-by-computational-analyses\/\" \/>\n<meta property=\"og:locale\" content=\"en_US\" \/>\n<meta property=\"og:type\" content=\"article\" \/>\n<meta property=\"og:title\" content=\"Mutarotation of aldoses: Getting a deeper knowledge of a classic equilibrium enabled by computational analyses - Fundaci\u00f3n COMPUTAEX\" \/>\n<meta property=\"og:description\" content=\"The mutarotation equilibrium, by which reducing carbohydrates exist in solution as the \u03b1 and \u03b2 anomers of cyclic (furanoid and pyranoid) structures, along with open-chain (aldehyde and hydrate) forms, and ...\" \/>\n<meta property=\"og:url\" content=\"https:\/\/computaex.es\/en\/publicaciones\/mutarotation-of-aldoses-getting-a-deeper-knowledge-of-a-classic-equilibrium-enabled-by-computational-analyses\/\" \/>\n<meta property=\"og:site_name\" content=\"Fundaci\u00f3n COMPUTAEX\" \/>\n<meta property=\"article:publisher\" content=\"https:\/\/m.facebook.com\/computaex\/\" \/>\n<meta property=\"article:modified_time\" content=\"2025-08-27T06:43:58+00:00\" \/>\n<meta property=\"og:image\" content=\"https:\/\/computaex.es\/wp-content\/uploads\/2025\/08\/COMPUTAEX.jpg\" \/>\n\t<meta property=\"og:image:width\" content=\"1024\" \/>\n\t<meta property=\"og:image:height\" content=\"403\" \/>\n\t<meta property=\"og:image:type\" content=\"image\/jpeg\" \/>\n<meta name=\"twitter:card\" content=\"summary_large_image\" \/>\n<meta name=\"twitter:site\" content=\"@computaex\" \/>\n<meta name=\"twitter:label1\" content=\"Est. reading time\" \/>\n\t<meta name=\"twitter:data1\" content=\"1 minute\" \/>\n<script type=\"application\/ld+json\" class=\"yoast-schema-graph\">{\"@context\":\"https:\/\/schema.org\",\"@graph\":[{\"@type\":\"WebPage\",\"@id\":\"https:\/\/computaex.es\/publicaciones\/mutarotation-of-aldoses-getting-a-deeper-knowledge-of-a-classic-equilibrium-enabled-by-computational-analyses\/\",\"url\":\"https:\/\/computaex.es\/publicaciones\/mutarotation-of-aldoses-getting-a-deeper-knowledge-of-a-classic-equilibrium-enabled-by-computational-analyses\/\",\"name\":\"Mutarotation of aldoses: Getting a deeper knowledge of a classic equilibrium enabled by computational analyses - Fundaci\u00f3n COMPUTAEX\",\"isPartOf\":{\"@id\":\"https:\/\/computaex.es\/#website\"},\"datePublished\":\"2020-04-12T06:42:20+00:00\",\"dateModified\":\"2025-08-27T06:43:58+00:00\",\"breadcrumb\":{\"@id\":\"https:\/\/computaex.es\/publicaciones\/mutarotation-of-aldoses-getting-a-deeper-knowledge-of-a-classic-equilibrium-enabled-by-computational-analyses\/#breadcrumb\"},\"inLanguage\":\"en-US\",\"potentialAction\":[{\"@type\":\"ReadAction\",\"target\":[\"https:\/\/computaex.es\/publicaciones\/mutarotation-of-aldoses-getting-a-deeper-knowledge-of-a-classic-equilibrium-enabled-by-computational-analyses\/\"]}]},{\"@type\":\"BreadcrumbList\",\"@id\":\"https:\/\/computaex.es\/publicaciones\/mutarotation-of-aldoses-getting-a-deeper-knowledge-of-a-classic-equilibrium-enabled-by-computational-analyses\/#breadcrumb\",\"itemListElement\":[{\"@type\":\"ListItem\",\"position\":1,\"name\":\"Portada\",\"item\":\"https:\/\/computaex.es\/\"},{\"@type\":\"ListItem\",\"position\":2,\"name\":\"Publicaciones\",\"item\":\"https:\/\/computaex.es\/publicaciones\/\"},{\"@type\":\"ListItem\",\"position\":3,\"name\":\"Mutarotation of aldoses: Getting a deeper knowledge of a classic equilibrium enabled by computational analyses\"}]},{\"@type\":\"WebSite\",\"@id\":\"https:\/\/computaex.es\/#website\",\"url\":\"https:\/\/computaex.es\/\",\"name\":\"Fundaci\u00f3n COMPUTAEX\",\"description\":\"COMPUTAEX\",\"publisher\":{\"@id\":\"https:\/\/computaex.es\/#organization\"},\"potentialAction\":[{\"@type\":\"SearchAction\",\"target\":{\"@type\":\"EntryPoint\",\"urlTemplate\":\"https:\/\/computaex.es\/?s={search_term_string}\"},\"query-input\":{\"@type\":\"PropertyValueSpecification\",\"valueRequired\":true,\"valueName\":\"search_term_string\"}}],\"inLanguage\":\"en-US\"},{\"@type\":\"Organization\",\"@id\":\"https:\/\/computaex.es\/#organization\",\"name\":\"COMPUTAEX\",\"url\":\"https:\/\/computaex.es\/\",\"logo\":{\"@type\":\"ImageObject\",\"inLanguage\":\"en-US\",\"@id\":\"https:\/\/computaex.es\/#\/schema\/logo\/image\/\",\"url\":\"https:\/\/computaex.es\/wp-content\/uploads\/2025\/05\/cropped-COMPUTAEX_transparente-scaled-1.png\",\"contentUrl\":\"https:\/\/computaex.es\/wp-content\/uploads\/2025\/05\/cropped-COMPUTAEX_transparente-scaled-1.png\",\"width\":2560,\"height\":970,\"caption\":\"COMPUTAEX\"},\"image\":{\"@id\":\"https:\/\/computaex.es\/#\/schema\/logo\/image\/\"},\"sameAs\":[\"https:\/\/m.facebook.com\/computaex\/\",\"https:\/\/x.com\/computaex\",\"https:\/\/es.linkedin.com\/company\/cenits\"]}]}<\/script>\n<!-- \/ Yoast SEO plugin. -->","yoast_head_json":{"title":"Mutarotation of aldoses: Getting a deeper knowledge of a classic equilibrium enabled by computational analyses - Fundaci\u00f3n COMPUTAEX","robots":{"index":"index","follow":"follow","max-snippet":"max-snippet:-1","max-image-preview":"max-image-preview:large","max-video-preview":"max-video-preview:-1"},"canonical":"https:\/\/computaex.es\/en\/publicaciones\/mutarotation-of-aldoses-getting-a-deeper-knowledge-of-a-classic-equilibrium-enabled-by-computational-analyses\/","og_locale":"en_US","og_type":"article","og_title":"Mutarotation of aldoses: Getting a deeper knowledge of a classic equilibrium enabled by computational analyses - Fundaci\u00f3n COMPUTAEX","og_description":"The mutarotation equilibrium, by which reducing carbohydrates exist in solution as the \u03b1 and \u03b2 anomers of cyclic (furanoid and pyranoid) structures, along with open-chain (aldehyde and hydrate) forms, and ...","og_url":"https:\/\/computaex.es\/en\/publicaciones\/mutarotation-of-aldoses-getting-a-deeper-knowledge-of-a-classic-equilibrium-enabled-by-computational-analyses\/","og_site_name":"Fundaci\u00f3n COMPUTAEX","article_publisher":"https:\/\/m.facebook.com\/computaex\/","article_modified_time":"2025-08-27T06:43:58+00:00","og_image":[{"width":1024,"height":403,"url":"https:\/\/computaex.es\/wp-content\/uploads\/2025\/08\/COMPUTAEX.jpg","type":"image\/jpeg"}],"twitter_card":"summary_large_image","twitter_site":"@computaex","twitter_misc":{"Est. reading time":"1 minute"},"schema":{"@context":"https:\/\/schema.org","@graph":[{"@type":"WebPage","@id":"https:\/\/computaex.es\/publicaciones\/mutarotation-of-aldoses-getting-a-deeper-knowledge-of-a-classic-equilibrium-enabled-by-computational-analyses\/","url":"https:\/\/computaex.es\/publicaciones\/mutarotation-of-aldoses-getting-a-deeper-knowledge-of-a-classic-equilibrium-enabled-by-computational-analyses\/","name":"Mutarotation of aldoses: Getting a deeper knowledge of a classic equilibrium enabled by computational analyses - Fundaci\u00f3n COMPUTAEX","isPartOf":{"@id":"https:\/\/computaex.es\/#website"},"datePublished":"2020-04-12T06:42:20+00:00","dateModified":"2025-08-27T06:43:58+00:00","breadcrumb":{"@id":"https:\/\/computaex.es\/publicaciones\/mutarotation-of-aldoses-getting-a-deeper-knowledge-of-a-classic-equilibrium-enabled-by-computational-analyses\/#breadcrumb"},"inLanguage":"en-US","potentialAction":[{"@type":"ReadAction","target":["https:\/\/computaex.es\/publicaciones\/mutarotation-of-aldoses-getting-a-deeper-knowledge-of-a-classic-equilibrium-enabled-by-computational-analyses\/"]}]},{"@type":"BreadcrumbList","@id":"https:\/\/computaex.es\/publicaciones\/mutarotation-of-aldoses-getting-a-deeper-knowledge-of-a-classic-equilibrium-enabled-by-computational-analyses\/#breadcrumb","itemListElement":[{"@type":"ListItem","position":1,"name":"Portada","item":"https:\/\/computaex.es\/"},{"@type":"ListItem","position":2,"name":"Publicaciones","item":"https:\/\/computaex.es\/publicaciones\/"},{"@type":"ListItem","position":3,"name":"Mutarotation of aldoses: Getting a deeper knowledge of a classic equilibrium enabled by computational analyses"}]},{"@type":"WebSite","@id":"https:\/\/computaex.es\/#website","url":"https:\/\/computaex.es\/","name":"COMPUTAEX Foundation","description":"COMPUTAEX","publisher":{"@id":"https:\/\/computaex.es\/#organization"},"potentialAction":[{"@type":"SearchAction","target":{"@type":"EntryPoint","urlTemplate":"https:\/\/computaex.es\/?s={search_term_string}"},"query-input":{"@type":"PropertyValueSpecification","valueRequired":true,"valueName":"search_term_string"}}],"inLanguage":"en-US"},{"@type":"Organization","@id":"https:\/\/computaex.es\/#organization","name":"COMPUTAEX","url":"https:\/\/computaex.es\/","logo":{"@type":"ImageObject","inLanguage":"en-US","@id":"https:\/\/computaex.es\/#\/schema\/logo\/image\/","url":"https:\/\/computaex.es\/wp-content\/uploads\/2025\/05\/cropped-COMPUTAEX_transparente-scaled-1.png","contentUrl":"https:\/\/computaex.es\/wp-content\/uploads\/2025\/05\/cropped-COMPUTAEX_transparente-scaled-1.png","width":2560,"height":970,"caption":"COMPUTAEX"},"image":{"@id":"https:\/\/computaex.es\/#\/schema\/logo\/image\/"},"sameAs":["https:\/\/m.facebook.com\/computaex\/","https:\/\/x.com\/computaex","https:\/\/es.linkedin.com\/company\/cenits"]}]}},"_links":{"self":[{"href":"https:\/\/computaex.es\/en\/wp-json\/wp\/v2\/pages\/9549","targetHints":{"allow":["GET"]}}],"collection":[{"href":"https:\/\/computaex.es\/en\/wp-json\/wp\/v2\/pages"}],"about":[{"href":"https:\/\/computaex.es\/en\/wp-json\/wp\/v2\/types\/page"}],"author":[{"embeddable":true,"href":"https:\/\/computaex.es\/en\/wp-json\/wp\/v2\/users\/1"}],"replies":[{"embeddable":true,"href":"https:\/\/computaex.es\/en\/wp-json\/wp\/v2\/comments?post=9549"}],"version-history":[{"count":1,"href":"https:\/\/computaex.es\/en\/wp-json\/wp\/v2\/pages\/9549\/revisions"}],"predecessor-version":[{"id":9550,"href":"https:\/\/computaex.es\/en\/wp-json\/wp\/v2\/pages\/9549\/revisions\/9550"}],"up":[{"embeddable":true,"href":"https:\/\/computaex.es\/en\/wp-json\/wp\/v2\/pages\/1583"}],"wp:attachment":[{"href":"https:\/\/computaex.es\/en\/wp-json\/wp\/v2\/media?parent=9549"}],"wp:term":[{"taxonomy":"category","embeddable":true,"href":"https:\/\/computaex.es\/en\/wp-json\/wp\/v2\/categories?post=9549"},{"taxonomy":"post_tag","embeddable":true,"href":"https:\/\/computaex.es\/en\/wp-json\/wp\/v2\/tags?post=9549"}],"curies":[{"name":"wp","href":"https:\/\/api.w.org\/{rel}","templated":true}]}}