{"id":9554,"date":"2020-03-12T08:49:27","date_gmt":"2020-03-12T07:49:27","guid":{"rendered":"https:\/\/web.computaex.es\/?page_id=9554"},"modified":"2025-08-27T08:50:17","modified_gmt":"2025-08-27T06:50:17","slug":"analytical-and-experimental-evaluation-of-a-novel-mechanism-to-improve-the-control-plane-in-next-generation-mobile-networks","status":"publish","type":"page","link":"https:\/\/computaex.es\/en\/publicaciones\/analytical-and-experimental-evaluation-of-a-novel-mechanism-to-improve-the-control-plane-in-next-generation-mobile-networks\/","title":{"rendered":"Analytical and Experimental Evaluation of a Novel Mechanism to Improve the Control Plane in Next-Generation Mobile Networks"},"content":{"rendered":"<div class=\"field field-name-field-pub-descripcion field-type-text-long field-label-hidden\">\n<div class=\"field-items\">\n<div class=\"field-item even\">\n<p>With the continuous development of mobile communications and the Internet of Things technology, the enhanced network performance can be seen as one of the major challenges in the fourth industrial revolution context, where new services and applications with strict performance requirements have emerged, such as driverless vehicles, smart cities, factories, and manufacturing, among others. These new services and applications also drive growth of the data traffic, which is increasing exponentially. Thus, in mobile network environments, industry and academia are proposing new mechanisms to overcome the traffic bottlenecks and reduce the signaling overhead that affects current networks. Centralized Mobility Management solutions are prone to several problems such as the aforementioned signaling overhead or scalability issues. To overcome these limitations, Distributed Mobility Management approaches are being considered. In this paper, an analytical cost model and experimental evaluation will be developed for evaluating the performance of the Distributed Mobility Management implementations. Furthermore, a new approach will be proposed to improve network performance.<\/p>\n<\/div>\n<\/div>\n<\/div>\n<div class=\"field field-name-field-pub-fuente field-type-text-long field-label-above\">\n<div class=\"field-label\"><strong>Fuente de la publicaci\u00f3n:\u00a0<\/strong><\/div>\n<div class=\"field-items\">\n<div class=\"field-item even\">\n<ul>\n<li>Calle-Cancho, J.; Cort\u00e9s-Polo, D.; Gonz\u00e1lez-S\u00e1nchez, J.-L.; Jim\u00e9nez, L.I.; Carmona-Murillo, J. Analytical and Experimental Evaluation of a Novel Mechanism to Improve the Control Plane in Next-Generation Mobile Networks.\u00a0Electronics\u00a02020, 9, 417. doi:\u00a0<a href=\"https:\/\/doi.org\/10.3390\/electronics9030417\" target=\"_blank\" rel=\"noopener\">10.3390\/electronics9030417<\/a><\/li>\n<\/ul>\n<\/div>\n<\/div>\n<\/div>","protected":false},"excerpt":{"rendered":"<p>With the continuous development of mobile communications and the Internet of Things technology, the enhanced network performance can be seen as one of the major challenges in the fourth industrial &#8230;<\/p>","protected":false},"author":1,"featured_media":0,"parent":1583,"menu_order":0,"comment_status":"closed","ping_status":"closed","template":"","meta":{"footnotes":""},"categories":[111,91],"tags":[],"class_list":["post-9554","page","type-page","status-publish","hentry","category-111","category-publicaciones"],"yoast_head":"<!-- This site is optimized with the Yoast SEO plugin v27.1.1 - https:\/\/yoast.com\/product\/yoast-seo-wordpress\/ -->\n<title>Analytical and Experimental Evaluation of a Novel Mechanism to Improve the Control Plane in Next-Generation Mobile Networks - Fundaci\u00f3n COMPUTAEX<\/title>\n<meta name=\"robots\" content=\"index, follow, max-snippet:-1, max-image-preview:large, max-video-preview:-1\" \/>\n<link rel=\"canonical\" href=\"https:\/\/computaex.es\/en\/publicaciones\/analytical-and-experimental-evaluation-of-a-novel-mechanism-to-improve-the-control-plane-in-next-generation-mobile-networks\/\" \/>\n<meta property=\"og:locale\" content=\"en_US\" \/>\n<meta property=\"og:type\" content=\"article\" \/>\n<meta property=\"og:title\" content=\"Analytical and Experimental Evaluation of a Novel Mechanism to Improve the Control Plane in Next-Generation Mobile Networks - Fundaci\u00f3n COMPUTAEX\" \/>\n<meta property=\"og:description\" content=\"With the continuous development of mobile communications and the Internet of Things technology, the enhanced network performance can be seen as one of the major challenges in the fourth industrial ...\" \/>\n<meta property=\"og:url\" content=\"https:\/\/computaex.es\/en\/publicaciones\/analytical-and-experimental-evaluation-of-a-novel-mechanism-to-improve-the-control-plane-in-next-generation-mobile-networks\/\" \/>\n<meta property=\"og:site_name\" content=\"Fundaci\u00f3n COMPUTAEX\" \/>\n<meta property=\"article:publisher\" content=\"https:\/\/m.facebook.com\/computaex\/\" \/>\n<meta property=\"article:modified_time\" content=\"2025-08-27T06:50:17+00:00\" \/>\n<meta property=\"og:image\" content=\"https:\/\/computaex.es\/wp-content\/uploads\/2025\/08\/COMPUTAEX.jpg\" \/>\n\t<meta property=\"og:image:width\" content=\"1024\" \/>\n\t<meta property=\"og:image:height\" content=\"403\" \/>\n\t<meta property=\"og:image:type\" content=\"image\/jpeg\" \/>\n<meta name=\"twitter:card\" content=\"summary_large_image\" \/>\n<meta name=\"twitter:site\" content=\"@computaex\" \/>\n<meta name=\"twitter:label1\" content=\"Est. reading time\" \/>\n\t<meta name=\"twitter:data1\" content=\"1 minute\" \/>\n<script type=\"application\/ld+json\" class=\"yoast-schema-graph\">{\"@context\":\"https:\/\/schema.org\",\"@graph\":[{\"@type\":\"WebPage\",\"@id\":\"https:\/\/computaex.es\/publicaciones\/analytical-and-experimental-evaluation-of-a-novel-mechanism-to-improve-the-control-plane-in-next-generation-mobile-networks\/\",\"url\":\"https:\/\/computaex.es\/publicaciones\/analytical-and-experimental-evaluation-of-a-novel-mechanism-to-improve-the-control-plane-in-next-generation-mobile-networks\/\",\"name\":\"Analytical and Experimental Evaluation of a Novel Mechanism to Improve the Control Plane in Next-Generation Mobile Networks - Fundaci\u00f3n COMPUTAEX\",\"isPartOf\":{\"@id\":\"https:\/\/computaex.es\/#website\"},\"datePublished\":\"2020-03-12T07:49:27+00:00\",\"dateModified\":\"2025-08-27T06:50:17+00:00\",\"breadcrumb\":{\"@id\":\"https:\/\/computaex.es\/publicaciones\/analytical-and-experimental-evaluation-of-a-novel-mechanism-to-improve-the-control-plane-in-next-generation-mobile-networks\/#breadcrumb\"},\"inLanguage\":\"en-US\",\"potentialAction\":[{\"@type\":\"ReadAction\",\"target\":[\"https:\/\/computaex.es\/publicaciones\/analytical-and-experimental-evaluation-of-a-novel-mechanism-to-improve-the-control-plane-in-next-generation-mobile-networks\/\"]}]},{\"@type\":\"BreadcrumbList\",\"@id\":\"https:\/\/computaex.es\/publicaciones\/analytical-and-experimental-evaluation-of-a-novel-mechanism-to-improve-the-control-plane-in-next-generation-mobile-networks\/#breadcrumb\",\"itemListElement\":[{\"@type\":\"ListItem\",\"position\":1,\"name\":\"Portada\",\"item\":\"https:\/\/computaex.es\/\"},{\"@type\":\"ListItem\",\"position\":2,\"name\":\"Publicaciones\",\"item\":\"https:\/\/computaex.es\/publicaciones\/\"},{\"@type\":\"ListItem\",\"position\":3,\"name\":\"Analytical and Experimental Evaluation of a Novel Mechanism to Improve the Control Plane in Next-Generation Mobile Networks\"}]},{\"@type\":\"WebSite\",\"@id\":\"https:\/\/computaex.es\/#website\",\"url\":\"https:\/\/computaex.es\/\",\"name\":\"Fundaci\u00f3n COMPUTAEX\",\"description\":\"COMPUTAEX\",\"publisher\":{\"@id\":\"https:\/\/computaex.es\/#organization\"},\"potentialAction\":[{\"@type\":\"SearchAction\",\"target\":{\"@type\":\"EntryPoint\",\"urlTemplate\":\"https:\/\/computaex.es\/?s={search_term_string}\"},\"query-input\":{\"@type\":\"PropertyValueSpecification\",\"valueRequired\":true,\"valueName\":\"search_term_string\"}}],\"inLanguage\":\"en-US\"},{\"@type\":\"Organization\",\"@id\":\"https:\/\/computaex.es\/#organization\",\"name\":\"COMPUTAEX\",\"url\":\"https:\/\/computaex.es\/\",\"logo\":{\"@type\":\"ImageObject\",\"inLanguage\":\"en-US\",\"@id\":\"https:\/\/computaex.es\/#\/schema\/logo\/image\/\",\"url\":\"https:\/\/computaex.es\/wp-content\/uploads\/2025\/05\/cropped-COMPUTAEX_transparente-scaled-1.png\",\"contentUrl\":\"https:\/\/computaex.es\/wp-content\/uploads\/2025\/05\/cropped-COMPUTAEX_transparente-scaled-1.png\",\"width\":2560,\"height\":970,\"caption\":\"COMPUTAEX\"},\"image\":{\"@id\":\"https:\/\/computaex.es\/#\/schema\/logo\/image\/\"},\"sameAs\":[\"https:\/\/m.facebook.com\/computaex\/\",\"https:\/\/x.com\/computaex\",\"https:\/\/es.linkedin.com\/company\/cenits\"]}]}<\/script>\n<!-- \/ Yoast SEO plugin. -->","yoast_head_json":{"title":"Analytical and Experimental Evaluation of a Novel Mechanism to Improve the Control Plane in Next-Generation Mobile Networks - Fundaci\u00f3n COMPUTAEX","robots":{"index":"index","follow":"follow","max-snippet":"max-snippet:-1","max-image-preview":"max-image-preview:large","max-video-preview":"max-video-preview:-1"},"canonical":"https:\/\/computaex.es\/en\/publicaciones\/analytical-and-experimental-evaluation-of-a-novel-mechanism-to-improve-the-control-plane-in-next-generation-mobile-networks\/","og_locale":"en_US","og_type":"article","og_title":"Analytical and Experimental Evaluation of a Novel Mechanism to Improve the Control Plane in Next-Generation Mobile Networks - Fundaci\u00f3n COMPUTAEX","og_description":"With the continuous development of mobile communications and the Internet of Things technology, the enhanced network performance can be seen as one of the major challenges in the fourth industrial ...","og_url":"https:\/\/computaex.es\/en\/publicaciones\/analytical-and-experimental-evaluation-of-a-novel-mechanism-to-improve-the-control-plane-in-next-generation-mobile-networks\/","og_site_name":"Fundaci\u00f3n COMPUTAEX","article_publisher":"https:\/\/m.facebook.com\/computaex\/","article_modified_time":"2025-08-27T06:50:17+00:00","og_image":[{"width":1024,"height":403,"url":"https:\/\/computaex.es\/wp-content\/uploads\/2025\/08\/COMPUTAEX.jpg","type":"image\/jpeg"}],"twitter_card":"summary_large_image","twitter_site":"@computaex","twitter_misc":{"Est. reading time":"1 minute"},"schema":{"@context":"https:\/\/schema.org","@graph":[{"@type":"WebPage","@id":"https:\/\/computaex.es\/publicaciones\/analytical-and-experimental-evaluation-of-a-novel-mechanism-to-improve-the-control-plane-in-next-generation-mobile-networks\/","url":"https:\/\/computaex.es\/publicaciones\/analytical-and-experimental-evaluation-of-a-novel-mechanism-to-improve-the-control-plane-in-next-generation-mobile-networks\/","name":"Analytical and Experimental Evaluation of a Novel Mechanism to Improve the Control Plane in Next-Generation Mobile Networks - Fundaci\u00f3n COMPUTAEX","isPartOf":{"@id":"https:\/\/computaex.es\/#website"},"datePublished":"2020-03-12T07:49:27+00:00","dateModified":"2025-08-27T06:50:17+00:00","breadcrumb":{"@id":"https:\/\/computaex.es\/publicaciones\/analytical-and-experimental-evaluation-of-a-novel-mechanism-to-improve-the-control-plane-in-next-generation-mobile-networks\/#breadcrumb"},"inLanguage":"en-US","potentialAction":[{"@type":"ReadAction","target":["https:\/\/computaex.es\/publicaciones\/analytical-and-experimental-evaluation-of-a-novel-mechanism-to-improve-the-control-plane-in-next-generation-mobile-networks\/"]}]},{"@type":"BreadcrumbList","@id":"https:\/\/computaex.es\/publicaciones\/analytical-and-experimental-evaluation-of-a-novel-mechanism-to-improve-the-control-plane-in-next-generation-mobile-networks\/#breadcrumb","itemListElement":[{"@type":"ListItem","position":1,"name":"Portada","item":"https:\/\/computaex.es\/"},{"@type":"ListItem","position":2,"name":"Publicaciones","item":"https:\/\/computaex.es\/publicaciones\/"},{"@type":"ListItem","position":3,"name":"Analytical and Experimental Evaluation of a Novel Mechanism to Improve the Control Plane in Next-Generation Mobile Networks"}]},{"@type":"WebSite","@id":"https:\/\/computaex.es\/#website","url":"https:\/\/computaex.es\/","name":"COMPUTAEX Foundation","description":"COMPUTAEX","publisher":{"@id":"https:\/\/computaex.es\/#organization"},"potentialAction":[{"@type":"SearchAction","target":{"@type":"EntryPoint","urlTemplate":"https:\/\/computaex.es\/?s={search_term_string}"},"query-input":{"@type":"PropertyValueSpecification","valueRequired":true,"valueName":"search_term_string"}}],"inLanguage":"en-US"},{"@type":"Organization","@id":"https:\/\/computaex.es\/#organization","name":"COMPUTAEX","url":"https:\/\/computaex.es\/","logo":{"@type":"ImageObject","inLanguage":"en-US","@id":"https:\/\/computaex.es\/#\/schema\/logo\/image\/","url":"https:\/\/computaex.es\/wp-content\/uploads\/2025\/05\/cropped-COMPUTAEX_transparente-scaled-1.png","contentUrl":"https:\/\/computaex.es\/wp-content\/uploads\/2025\/05\/cropped-COMPUTAEX_transparente-scaled-1.png","width":2560,"height":970,"caption":"COMPUTAEX"},"image":{"@id":"https:\/\/computaex.es\/#\/schema\/logo\/image\/"},"sameAs":["https:\/\/m.facebook.com\/computaex\/","https:\/\/x.com\/computaex","https:\/\/es.linkedin.com\/company\/cenits"]}]}},"_links":{"self":[{"href":"https:\/\/computaex.es\/en\/wp-json\/wp\/v2\/pages\/9554","targetHints":{"allow":["GET"]}}],"collection":[{"href":"https:\/\/computaex.es\/en\/wp-json\/wp\/v2\/pages"}],"about":[{"href":"https:\/\/computaex.es\/en\/wp-json\/wp\/v2\/types\/page"}],"author":[{"embeddable":true,"href":"https:\/\/computaex.es\/en\/wp-json\/wp\/v2\/users\/1"}],"replies":[{"embeddable":true,"href":"https:\/\/computaex.es\/en\/wp-json\/wp\/v2\/comments?post=9554"}],"version-history":[{"count":1,"href":"https:\/\/computaex.es\/en\/wp-json\/wp\/v2\/pages\/9554\/revisions"}],"predecessor-version":[{"id":9556,"href":"https:\/\/computaex.es\/en\/wp-json\/wp\/v2\/pages\/9554\/revisions\/9556"}],"up":[{"embeddable":true,"href":"https:\/\/computaex.es\/en\/wp-json\/wp\/v2\/pages\/1583"}],"wp:attachment":[{"href":"https:\/\/computaex.es\/en\/wp-json\/wp\/v2\/media?parent=9554"}],"wp:term":[{"taxonomy":"category","embeddable":true,"href":"https:\/\/computaex.es\/en\/wp-json\/wp\/v2\/categories?post=9554"},{"taxonomy":"post_tag","embeddable":true,"href":"https:\/\/computaex.es\/en\/wp-json\/wp\/v2\/tags?post=9554"}],"curies":[{"name":"wp","href":"https:\/\/api.w.org\/{rel}","templated":true}]}}