{"id":9557,"date":"2020-02-14T08:50:29","date_gmt":"2020-02-14T07:50:29","guid":{"rendered":"https:\/\/web.computaex.es\/?page_id=9557"},"modified":"2025-08-27T08:51:34","modified_gmt":"2025-08-27T06:51:34","slug":"plataforma-de-integracion-y-gestion-de-datos-geolocalizados-destinados-a-mejorar-la-eficiencia-agraria-de-los-cultivos","status":"publish","type":"page","link":"https:\/\/computaex.es\/en\/plataforma-de-integracion-y-gestion-de-datos-geolocalizados-destinados-a-mejorar-la-eficiencia-agraria-de-los-cultivos\/","title":{"rendered":"Plataforma de integraci\u00f3n y gesti\u00f3n de datos geolocalizados destinados a mejorar la eficiencia agraria de los cultivos"},"content":{"rendered":"<div class=\"field field-name-field-pub-descripcion field-type-text-long field-label-hidden\">\n<div class=\"field-items\">\n<div class=\"field-item even\">\n<p>Es un hecho que las nuevas tecnolog\u00edas est\u00e1n llegando con retraso al sector agropecuario en Extremadura, creando una gran desigualdad respecto a otros sectores como la industria alimentaria. Este problema se ve acrecentado ante una demanda de productos del sector agr\u00edcola y ganadero que va en aumento y que resulta en un mercado basado en la importaci\u00f3n de productos del exterior y en la producci\u00f3n de productos de baja calidad. Esto supone un reto para el sector tecnol\u00f3gico de la regi\u00f3n. Es por ello que se deben proponer soluciones para la mejora de la producci\u00f3n agr\u00edcola y ganadera y paliar esta desigualdad entre la oferta y la demanda.<\/p>\n<p>Entre todos los objetivos que pueden ser acometidos por la tecnolog\u00eda para avanzar en este sector, este Trabajo de Fin de Grado se centra en los datos abiertos que, junto a tecnolog\u00edas tan actuales como el Big Data o el aprendizaje autom\u00e1tico ponen al alcance de cualquiera el desarrollo de herramientas beneficiosas para el entorno.<\/p>\n<p>Su finalidad es la creaci\u00f3n de un sistema que aporte valor al desarrollo de tecnolog\u00edas vinculadas a la agricultura de precisi\u00f3n nutri\u00e9ndose de medios como las fuentes de datos abiertos. Los objetivos espec\u00edficos que se persiguen son los siguientes:<\/p>\n<ul>\n<li>An\u00e1lisis, dise\u00f1o, implementaci\u00f3n y evaluaci\u00f3n de rendimiento de una plataforma de fuentes de datos p\u00fablicas y abiertas en el sector agrario y agroalimentario.<\/li>\n<li>Estudio de la viabilidad de uso de repositorio centralizado, distribuido o h\u00edbrido en la plataforma Open Data.<\/li>\n<li>Evaluaci\u00f3n t\u00e9cnica para la elecci\u00f3n del Sistema Gestor de Bases de Datos (SGBD).<\/li>\n<\/ul>\n<p>El proceso de desarrollo completo de la plataforma se culmina satisfactoriamente. Se realiza la implementaci\u00f3n completa de un sistema para consultas en el portal Eurostat y el portal INE, mientras que se han dejado sentadas las bases para que en futuras fases del proyecto se a\u00f1adan el resto de fuentes de datos abiertos con los que se desee trabajar. Para favorecer la ampliaci\u00f3n de la plataforma se sigue un dise\u00f1o modular. En lo referente al estudio de viabilidad de uso de un repositorio centralizado, distribuido o h\u00edbrido, se decide usar un repositorio centralizado. El resultado del modelo seleccionado es satisfactorio para las fuentes de datos elegidas, adem\u00e1s, debido al dise\u00f1o que ha adoptado el repositorio, ser\u00e1 f\u00e1cilmente ampliable en futuras fases del proyecto. Por \u00faltimo, en lo referente a la elecci\u00f3n del Sistema de Bases de Datos, se utiliza un sistema no relacional, siguiendo un modelo NOSQL, donde los datos se almacenan en forma de documentos. \u00c9stos presentan una estructura flexible, sin un esquema prefijado, lo cual favorece la inclusi\u00f3n de datos de diversas fuentes de forma sencilla. Actualmente la base de datos del repositorio cuenta con unos 300.000 registros y el rendimiento es \u00f3ptimo, pero si el proyecto crece, el n\u00famero de registros ir\u00e1 aumentando y siempre se podr\u00e1 cambiar el modelo del repositorio al tipo h\u00edbrido.<\/p>\n<\/div>\n<\/div>\n<\/div>\n<div class=\"field field-name-field-pub-fuente field-type-text-long field-label-above\">\n<div class=\"field-label\"><strong>Fuente de la publicaci\u00f3n:\u00a0<\/strong><\/div>\n<div class=\"field-items\">\n<div class=\"field-item even\">\n<ul>\n<li>\u00c1lvaro Huertas Mart\u00edn, F\u00e9lix Rodr\u00edguez Rodr\u00edguez y Jos\u00e9-Luis Gonz\u00e1lez-S\u00e1nchez.\u00a0<em>Plataforma de integraci\u00f3n y gesti\u00f3n de datos geolocalizados destinados a mejorar la eficiencia agraria de los cultivos<\/em>. Trabajo Final de\u00a0Grado (TFG) en Ingenier\u00eda Inform\u00e1tica en Ingenier\u00eda de Software de la Universidad de Extremadura.<\/li>\n<\/ul>\n<\/div>\n<\/div>\n<\/div>","protected":false},"excerpt":{"rendered":"<p>Es un hecho que las nuevas tecnolog\u00edas est\u00e1n llegando con retraso al sector agropecuario en Extremadura, creando una gran desigualdad respecto a otros sectores como la industria alimentaria. Este problema &#8230;<\/p>","protected":false},"author":1,"featured_media":0,"parent":0,"menu_order":0,"comment_status":"closed","ping_status":"closed","template":"","meta":{"footnotes":""},"categories":[111,91],"tags":[],"class_list":["post-9557","page","type-page","status-publish","hentry","category-111","category-publicaciones"],"yoast_head":"<!-- This site is optimized with the Yoast SEO plugin v27.1.1 - https:\/\/yoast.com\/product\/yoast-seo-wordpress\/ -->\n<title>Plataforma de integraci\u00f3n y gesti\u00f3n de datos geolocalizados destinados a mejorar la eficiencia agraria de los cultivos - Fundaci\u00f3n COMPUTAEX<\/title>\n<meta name=\"robots\" content=\"index, follow, max-snippet:-1, max-image-preview:large, max-video-preview:-1\" \/>\n<link rel=\"canonical\" href=\"https:\/\/computaex.es\/en\/plataforma-de-integracion-y-gestion-de-datos-geolocalizados-destinados-a-mejorar-la-eficiencia-agraria-de-los-cultivos\/\" \/>\n<meta property=\"og:locale\" content=\"en_US\" \/>\n<meta property=\"og:type\" content=\"article\" \/>\n<meta property=\"og:title\" content=\"Plataforma de integraci\u00f3n y gesti\u00f3n de datos geolocalizados destinados a mejorar la eficiencia agraria de los cultivos - Fundaci\u00f3n COMPUTAEX\" \/>\n<meta property=\"og:description\" content=\"Es un hecho que las nuevas tecnolog\u00edas est\u00e1n llegando con retraso al sector agropecuario en Extremadura, creando una gran desigualdad respecto a otros sectores como la industria alimentaria. Este problema ...\" \/>\n<meta property=\"og:url\" content=\"https:\/\/computaex.es\/en\/plataforma-de-integracion-y-gestion-de-datos-geolocalizados-destinados-a-mejorar-la-eficiencia-agraria-de-los-cultivos\/\" \/>\n<meta property=\"og:site_name\" content=\"Fundaci\u00f3n COMPUTAEX\" \/>\n<meta property=\"article:publisher\" content=\"https:\/\/m.facebook.com\/computaex\/\" \/>\n<meta property=\"article:modified_time\" content=\"2025-08-27T06:51:34+00:00\" \/>\n<meta property=\"og:image\" content=\"https:\/\/computaex.es\/wp-content\/uploads\/2025\/08\/COMPUTAEX.jpg\" \/>\n\t<meta property=\"og:image:width\" content=\"1024\" \/>\n\t<meta property=\"og:image:height\" content=\"403\" \/>\n\t<meta property=\"og:image:type\" content=\"image\/jpeg\" \/>\n<meta name=\"twitter:card\" content=\"summary_large_image\" \/>\n<meta name=\"twitter:site\" content=\"@computaex\" \/>\n<meta name=\"twitter:label1\" content=\"Est. reading time\" \/>\n\t<meta name=\"twitter:data1\" content=\"3 minutes\" \/>\n<script type=\"application\/ld+json\" class=\"yoast-schema-graph\">{\"@context\":\"https:\/\/schema.org\",\"@graph\":[{\"@type\":\"WebPage\",\"@id\":\"https:\/\/computaex.es\/plataforma-de-integracion-y-gestion-de-datos-geolocalizados-destinados-a-mejorar-la-eficiencia-agraria-de-los-cultivos\/\",\"url\":\"https:\/\/computaex.es\/plataforma-de-integracion-y-gestion-de-datos-geolocalizados-destinados-a-mejorar-la-eficiencia-agraria-de-los-cultivos\/\",\"name\":\"Plataforma de integraci\u00f3n y gesti\u00f3n de datos geolocalizados destinados a mejorar la eficiencia agraria de los cultivos - Fundaci\u00f3n COMPUTAEX\",\"isPartOf\":{\"@id\":\"https:\/\/computaex.es\/#website\"},\"datePublished\":\"2020-02-14T07:50:29+00:00\",\"dateModified\":\"2025-08-27T06:51:34+00:00\",\"breadcrumb\":{\"@id\":\"https:\/\/computaex.es\/plataforma-de-integracion-y-gestion-de-datos-geolocalizados-destinados-a-mejorar-la-eficiencia-agraria-de-los-cultivos\/#breadcrumb\"},\"inLanguage\":\"en-US\",\"potentialAction\":[{\"@type\":\"ReadAction\",\"target\":[\"https:\/\/computaex.es\/plataforma-de-integracion-y-gestion-de-datos-geolocalizados-destinados-a-mejorar-la-eficiencia-agraria-de-los-cultivos\/\"]}]},{\"@type\":\"BreadcrumbList\",\"@id\":\"https:\/\/computaex.es\/plataforma-de-integracion-y-gestion-de-datos-geolocalizados-destinados-a-mejorar-la-eficiencia-agraria-de-los-cultivos\/#breadcrumb\",\"itemListElement\":[{\"@type\":\"ListItem\",\"position\":1,\"name\":\"Portada\",\"item\":\"https:\/\/computaex.es\/\"},{\"@type\":\"ListItem\",\"position\":2,\"name\":\"Plataforma de integraci\u00f3n y gesti\u00f3n de datos geolocalizados destinados a mejorar la eficiencia agraria de los cultivos\"}]},{\"@type\":\"WebSite\",\"@id\":\"https:\/\/computaex.es\/#website\",\"url\":\"https:\/\/computaex.es\/\",\"name\":\"Fundaci\u00f3n COMPUTAEX\",\"description\":\"COMPUTAEX\",\"publisher\":{\"@id\":\"https:\/\/computaex.es\/#organization\"},\"potentialAction\":[{\"@type\":\"SearchAction\",\"target\":{\"@type\":\"EntryPoint\",\"urlTemplate\":\"https:\/\/computaex.es\/?s={search_term_string}\"},\"query-input\":{\"@type\":\"PropertyValueSpecification\",\"valueRequired\":true,\"valueName\":\"search_term_string\"}}],\"inLanguage\":\"en-US\"},{\"@type\":\"Organization\",\"@id\":\"https:\/\/computaex.es\/#organization\",\"name\":\"COMPUTAEX\",\"url\":\"https:\/\/computaex.es\/\",\"logo\":{\"@type\":\"ImageObject\",\"inLanguage\":\"en-US\",\"@id\":\"https:\/\/computaex.es\/#\/schema\/logo\/image\/\",\"url\":\"https:\/\/computaex.es\/wp-content\/uploads\/2025\/05\/cropped-COMPUTAEX_transparente-scaled-1.png\",\"contentUrl\":\"https:\/\/computaex.es\/wp-content\/uploads\/2025\/05\/cropped-COMPUTAEX_transparente-scaled-1.png\",\"width\":2560,\"height\":970,\"caption\":\"COMPUTAEX\"},\"image\":{\"@id\":\"https:\/\/computaex.es\/#\/schema\/logo\/image\/\"},\"sameAs\":[\"https:\/\/m.facebook.com\/computaex\/\",\"https:\/\/x.com\/computaex\",\"https:\/\/es.linkedin.com\/company\/cenits\"]}]}<\/script>\n<!-- \/ Yoast SEO plugin. -->","yoast_head_json":{"title":"Plataforma de integraci\u00f3n y gesti\u00f3n de datos geolocalizados destinados a mejorar la eficiencia agraria de los cultivos - Fundaci\u00f3n COMPUTAEX","robots":{"index":"index","follow":"follow","max-snippet":"max-snippet:-1","max-image-preview":"max-image-preview:large","max-video-preview":"max-video-preview:-1"},"canonical":"https:\/\/computaex.es\/en\/plataforma-de-integracion-y-gestion-de-datos-geolocalizados-destinados-a-mejorar-la-eficiencia-agraria-de-los-cultivos\/","og_locale":"en_US","og_type":"article","og_title":"Plataforma de integraci\u00f3n y gesti\u00f3n de datos geolocalizados destinados a mejorar la eficiencia agraria de los cultivos - Fundaci\u00f3n COMPUTAEX","og_description":"Es un hecho que las nuevas tecnolog\u00edas est\u00e1n llegando con retraso al sector agropecuario en Extremadura, creando una gran desigualdad respecto a otros sectores como la industria alimentaria. Este problema ...","og_url":"https:\/\/computaex.es\/en\/plataforma-de-integracion-y-gestion-de-datos-geolocalizados-destinados-a-mejorar-la-eficiencia-agraria-de-los-cultivos\/","og_site_name":"Fundaci\u00f3n COMPUTAEX","article_publisher":"https:\/\/m.facebook.com\/computaex\/","article_modified_time":"2025-08-27T06:51:34+00:00","og_image":[{"width":1024,"height":403,"url":"https:\/\/computaex.es\/wp-content\/uploads\/2025\/08\/COMPUTAEX.jpg","type":"image\/jpeg"}],"twitter_card":"summary_large_image","twitter_site":"@computaex","twitter_misc":{"Est. reading time":"3 minutes"},"schema":{"@context":"https:\/\/schema.org","@graph":[{"@type":"WebPage","@id":"https:\/\/computaex.es\/plataforma-de-integracion-y-gestion-de-datos-geolocalizados-destinados-a-mejorar-la-eficiencia-agraria-de-los-cultivos\/","url":"https:\/\/computaex.es\/plataforma-de-integracion-y-gestion-de-datos-geolocalizados-destinados-a-mejorar-la-eficiencia-agraria-de-los-cultivos\/","name":"Plataforma de integraci\u00f3n y gesti\u00f3n de datos geolocalizados destinados a mejorar la eficiencia agraria de los cultivos - Fundaci\u00f3n COMPUTAEX","isPartOf":{"@id":"https:\/\/computaex.es\/#website"},"datePublished":"2020-02-14T07:50:29+00:00","dateModified":"2025-08-27T06:51:34+00:00","breadcrumb":{"@id":"https:\/\/computaex.es\/plataforma-de-integracion-y-gestion-de-datos-geolocalizados-destinados-a-mejorar-la-eficiencia-agraria-de-los-cultivos\/#breadcrumb"},"inLanguage":"en-US","potentialAction":[{"@type":"ReadAction","target":["https:\/\/computaex.es\/plataforma-de-integracion-y-gestion-de-datos-geolocalizados-destinados-a-mejorar-la-eficiencia-agraria-de-los-cultivos\/"]}]},{"@type":"BreadcrumbList","@id":"https:\/\/computaex.es\/plataforma-de-integracion-y-gestion-de-datos-geolocalizados-destinados-a-mejorar-la-eficiencia-agraria-de-los-cultivos\/#breadcrumb","itemListElement":[{"@type":"ListItem","position":1,"name":"Portada","item":"https:\/\/computaex.es\/"},{"@type":"ListItem","position":2,"name":"Plataforma de integraci\u00f3n y gesti\u00f3n de datos geolocalizados destinados a mejorar la eficiencia agraria de los cultivos"}]},{"@type":"WebSite","@id":"https:\/\/computaex.es\/#website","url":"https:\/\/computaex.es\/","name":"COMPUTAEX Foundation","description":"COMPUTAEX","publisher":{"@id":"https:\/\/computaex.es\/#organization"},"potentialAction":[{"@type":"SearchAction","target":{"@type":"EntryPoint","urlTemplate":"https:\/\/computaex.es\/?s={search_term_string}"},"query-input":{"@type":"PropertyValueSpecification","valueRequired":true,"valueName":"search_term_string"}}],"inLanguage":"en-US"},{"@type":"Organization","@id":"https:\/\/computaex.es\/#organization","name":"COMPUTAEX","url":"https:\/\/computaex.es\/","logo":{"@type":"ImageObject","inLanguage":"en-US","@id":"https:\/\/computaex.es\/#\/schema\/logo\/image\/","url":"https:\/\/computaex.es\/wp-content\/uploads\/2025\/05\/cropped-COMPUTAEX_transparente-scaled-1.png","contentUrl":"https:\/\/computaex.es\/wp-content\/uploads\/2025\/05\/cropped-COMPUTAEX_transparente-scaled-1.png","width":2560,"height":970,"caption":"COMPUTAEX"},"image":{"@id":"https:\/\/computaex.es\/#\/schema\/logo\/image\/"},"sameAs":["https:\/\/m.facebook.com\/computaex\/","https:\/\/x.com\/computaex","https:\/\/es.linkedin.com\/company\/cenits"]}]}},"_links":{"self":[{"href":"https:\/\/computaex.es\/en\/wp-json\/wp\/v2\/pages\/9557","targetHints":{"allow":["GET"]}}],"collection":[{"href":"https:\/\/computaex.es\/en\/wp-json\/wp\/v2\/pages"}],"about":[{"href":"https:\/\/computaex.es\/en\/wp-json\/wp\/v2\/types\/page"}],"author":[{"embeddable":true,"href":"https:\/\/computaex.es\/en\/wp-json\/wp\/v2\/users\/1"}],"replies":[{"embeddable":true,"href":"https:\/\/computaex.es\/en\/wp-json\/wp\/v2\/comments?post=9557"}],"version-history":[{"count":1,"href":"https:\/\/computaex.es\/en\/wp-json\/wp\/v2\/pages\/9557\/revisions"}],"predecessor-version":[{"id":9559,"href":"https:\/\/computaex.es\/en\/wp-json\/wp\/v2\/pages\/9557\/revisions\/9559"}],"wp:attachment":[{"href":"https:\/\/computaex.es\/en\/wp-json\/wp\/v2\/media?parent=9557"}],"wp:term":[{"taxonomy":"category","embeddable":true,"href":"https:\/\/computaex.es\/en\/wp-json\/wp\/v2\/categories?post=9557"},{"taxonomy":"post_tag","embeddable":true,"href":"https:\/\/computaex.es\/en\/wp-json\/wp\/v2\/tags?post=9557"}],"curies":[{"name":"wp","href":"https:\/\/api.w.org\/{rel}","templated":true}]}}