{"id":9560,"date":"2020-02-14T08:51:43","date_gmt":"2020-02-14T07:51:43","guid":{"rendered":"https:\/\/web.computaex.es\/?page_id=9560"},"modified":"2025-08-27T08:52:36","modified_gmt":"2025-08-27T06:52:36","slug":"sistema-bioinformatico-de-apoyo-a-la-investigacion-en-la-unificacion-del-patrimonio-genealogico-y-genetico","status":"publish","type":"page","link":"https:\/\/computaex.es\/en\/publicaciones\/sistema-bioinformatico-de-apoyo-a-la-investigacion-en-la-unificacion-del-patrimonio-genealogico-y-genetico\/","title":{"rendered":"Sistema bioinform\u00e1tico de apoyo a la investigaci\u00f3n en la unificaci\u00f3n del patrimonio geneal\u00f3gico y gen\u00e9tico"},"content":{"rendered":"<div class=\"field field-name-field-pub-descripcion field-type-text-long field-label-hidden\">\n<div class=\"field-items\">\n<div class=\"field-item even\">\n<p>El desarrollo en el campo de la gen\u00e9tica ha abierto nuevas puertas en el estudio de enfermedades y en el diagn\u00f3stico cl\u00ednico. La medicina de precisi\u00f3n pretende aprovechar esas nuevas capacidades. Aunando el estudio de la variabilidad gen\u00e9tica de los individuos, su entorno y sus h\u00e1bitos de vida, pretende identificar estrategias de tratamiento y prevenci\u00f3n de enfermedades para grupos concretos. En Extremadura, la aplicaci\u00f3n de tales t\u00e9cnicas est\u00e1 supeditada a la disponibilidad de la informaci\u00f3n. Para ello, es necesaria una plataforma que permita la unificaci\u00f3n del patrimonio geneal\u00f3gico y gen\u00e9tico, conjuntamente con los datos cl\u00ednicos.<\/p>\n<p>Este TFG pretende responde a esta necesidad, desarrollando un sistema bioinform\u00e1tico que permita la mencionada integraci\u00f3n y, adem\u00e1s, que d\u00e9 soporte a la investigaci\u00f3n m\u00e9dica. El objetivo es estudiar los beneficios de la unificaci\u00f3n de fuentes de informaci\u00f3n heterog\u00e9neas, como registros civiles, eclesi\u00e1sticos, o historiales cl\u00ednicos, al estudio de enfermedades hereditarias. El estudio se ha enfocado a un conjunto de personas de una poblaci\u00f3n relevante desde el punto de vista gen\u00e9tico, para secuenciar su genoma (concretamente los genes asociados a la enfermedad elegida) y unificarlo con su informaci\u00f3n geneal\u00f3gica. La zona a estudio es la del Valle del Jerte debido a las caracter\u00edsticas que presenta en cuanto a su poblaci\u00f3n y entorno.<\/p>\n<p>Para gestionar y analizar la informaci\u00f3n, as\u00ed como para extraer conocimiento de la misma, se plantea el uso de recursos de supercomputaci\u00f3n en combinaci\u00f3n con t\u00e9cnicas de Big Data y de inteligencia artificial.<\/p>\n<p>El objetivo se materializa en la implantaci\u00f3n de una infraestructura de apoyo a la investigaci\u00f3n gen\u00e9tica con las siguientes funcionalidades:<\/p>\n<ul>\n<li>Unificaci\u00f3n de la informaci\u00f3n geneal\u00f3gica y personal e informaci\u00f3n gen\u00f3mica.<\/li>\n<li>Gesti\u00f3n de grandes vol\u00famenes de datos.<\/li>\n<li>Facilitar el acceso y el an\u00e1lisis de la informaci\u00f3n.<\/li>\n<li>Extracci\u00f3n de informaci\u00f3n a partir la integraci\u00f3n de todas las fuentes de datos.<\/li>\n<\/ul>\n<p>Los resultados obtenidos muestran que se cuenta con 637 documentos almacenados en la base de datos, de los cuales 380 son de participantes y 257 de pedigr\u00edes. Esto representa aproximadamente un 4% del total de la poblaci\u00f3n a estudio.<\/p>\n<p>La diferencia de documentos pone de manifiesto que a pesar de ser pocas personas, un n\u00famero elevado de las mismas est\u00e1n relacionadas. Analizando la relaci\u00f3n de participantes de cada poblaci\u00f3n, es posible sospechar que, retrotray\u00e9ndose lo suficiente, se pueden encontrar ancestros comunes para casi todos los participantes. Adem\u00e1s, se cuenta con otros datos que proporcionan informaci\u00f3n \u00fatil de la poblaci\u00f3n estudiada y que podr\u00edan incorporarse al estudio, proporcionando otro tipo de conclusiones. \u00c9stos son la edad, la actividad profesional, etc. Hay que considerar que para cada gen hay informaci\u00f3n de hasta cinco bases de datos (aunque no siempre hay informaci\u00f3n de todas) y que los riesgos est\u00e1n organizados en grupos de c\u00e1ncer, que a su vez se dividen en c\u00e1nceres espec\u00edficos.<\/p>\n<p>Con todo, se ha conseguido una base de datos que a\u00fana m\u00faltiples fuentes, aportando valor extra al proyecto. La \u00faltima base de datos es la de variantes. En ella, hay informaci\u00f3n de 2 runs, un total de 559.374 variantes y 1.283.123 an\u00e1lisis de cobertura para transcritos, para un total de 1.842.499 documentos.<\/p>\n<\/div>\n<\/div>\n<\/div>\n<div class=\"field field-name-field-pub-fuente field-type-text-long field-label-above\">\n<div class=\"field-label\">Fuente de la publicaci\u00f3n:<\/div>\n<div class=\"field-items\">\n<div class=\"field-item even\">\n<ul>\n<li>\u00c1lvaro Rodr\u00edguez San Pedro, F\u00e9lix Rodr\u00edguez Rodr\u00edguez y Jos\u00e9-Luis Gonz\u00e1lez-S\u00e1nchez.\u00a0<em>Sistema bioinform\u00e1tico de apoyo a la investigaci\u00f3n en la unificaci\u00f3n del patrimonio geneal\u00f3gico y gen\u00e9tico<\/em>. Trabajo Final de Grado (TFG) en Ingenier\u00eda Inform\u00e1tica en Ingenier\u00eda de Software de la Universidad de Extremadura.<\/li>\n<\/ul>\n<\/div>\n<\/div>\n<\/div>","protected":false},"excerpt":{"rendered":"<p>El desarrollo en el campo de la gen\u00e9tica ha abierto nuevas puertas en el estudio de enfermedades y en el diagn\u00f3stico cl\u00ednico. La medicina de precisi\u00f3n pretende aprovechar esas nuevas &#8230;<\/p>","protected":false},"author":1,"featured_media":0,"parent":1583,"menu_order":0,"comment_status":"closed","ping_status":"closed","template":"","meta":{"footnotes":""},"categories":[111,91],"tags":[],"class_list":["post-9560","page","type-page","status-publish","hentry","category-111","category-publicaciones"],"yoast_head":"<!-- This site is optimized with the Yoast SEO plugin v27.1.1 - https:\/\/yoast.com\/product\/yoast-seo-wordpress\/ -->\n<title>Sistema bioinform\u00e1tico de apoyo a la investigaci\u00f3n en la unificaci\u00f3n del patrimonio geneal\u00f3gico y gen\u00e9tico - Fundaci\u00f3n COMPUTAEX<\/title>\n<meta name=\"robots\" content=\"index, follow, max-snippet:-1, max-image-preview:large, max-video-preview:-1\" \/>\n<link rel=\"canonical\" href=\"https:\/\/computaex.es\/en\/publicaciones\/sistema-bioinformatico-de-apoyo-a-la-investigacion-en-la-unificacion-del-patrimonio-genealogico-y-genetico\/\" \/>\n<meta property=\"og:locale\" content=\"en_US\" \/>\n<meta property=\"og:type\" content=\"article\" \/>\n<meta property=\"og:title\" content=\"Sistema bioinform\u00e1tico de apoyo a la investigaci\u00f3n en la unificaci\u00f3n del patrimonio geneal\u00f3gico y gen\u00e9tico - Fundaci\u00f3n COMPUTAEX\" \/>\n<meta property=\"og:description\" content=\"El desarrollo en el campo de la gen\u00e9tica ha abierto nuevas puertas en el estudio de enfermedades y en el diagn\u00f3stico cl\u00ednico. La medicina de precisi\u00f3n pretende aprovechar esas nuevas ...\" \/>\n<meta property=\"og:url\" content=\"https:\/\/computaex.es\/en\/publicaciones\/sistema-bioinformatico-de-apoyo-a-la-investigacion-en-la-unificacion-del-patrimonio-genealogico-y-genetico\/\" \/>\n<meta property=\"og:site_name\" content=\"Fundaci\u00f3n COMPUTAEX\" \/>\n<meta property=\"article:publisher\" content=\"https:\/\/m.facebook.com\/computaex\/\" \/>\n<meta property=\"article:modified_time\" content=\"2025-08-27T06:52:36+00:00\" \/>\n<meta property=\"og:image\" content=\"https:\/\/computaex.es\/wp-content\/uploads\/2025\/08\/COMPUTAEX.jpg\" \/>\n\t<meta property=\"og:image:width\" content=\"1024\" \/>\n\t<meta property=\"og:image:height\" content=\"403\" \/>\n\t<meta property=\"og:image:type\" content=\"image\/jpeg\" \/>\n<meta name=\"twitter:card\" content=\"summary_large_image\" \/>\n<meta name=\"twitter:site\" content=\"@computaex\" \/>\n<meta name=\"twitter:label1\" content=\"Est. reading time\" \/>\n\t<meta name=\"twitter:data1\" content=\"3 minutes\" \/>\n<script type=\"application\/ld+json\" class=\"yoast-schema-graph\">{\"@context\":\"https:\/\/schema.org\",\"@graph\":[{\"@type\":\"WebPage\",\"@id\":\"https:\/\/computaex.es\/publicaciones\/sistema-bioinformatico-de-apoyo-a-la-investigacion-en-la-unificacion-del-patrimonio-genealogico-y-genetico\/\",\"url\":\"https:\/\/computaex.es\/publicaciones\/sistema-bioinformatico-de-apoyo-a-la-investigacion-en-la-unificacion-del-patrimonio-genealogico-y-genetico\/\",\"name\":\"Sistema bioinform\u00e1tico de apoyo a la investigaci\u00f3n en la unificaci\u00f3n del patrimonio geneal\u00f3gico y gen\u00e9tico - Fundaci\u00f3n COMPUTAEX\",\"isPartOf\":{\"@id\":\"https:\/\/computaex.es\/#website\"},\"datePublished\":\"2020-02-14T07:51:43+00:00\",\"dateModified\":\"2025-08-27T06:52:36+00:00\",\"breadcrumb\":{\"@id\":\"https:\/\/computaex.es\/publicaciones\/sistema-bioinformatico-de-apoyo-a-la-investigacion-en-la-unificacion-del-patrimonio-genealogico-y-genetico\/#breadcrumb\"},\"inLanguage\":\"en-US\",\"potentialAction\":[{\"@type\":\"ReadAction\",\"target\":[\"https:\/\/computaex.es\/publicaciones\/sistema-bioinformatico-de-apoyo-a-la-investigacion-en-la-unificacion-del-patrimonio-genealogico-y-genetico\/\"]}]},{\"@type\":\"BreadcrumbList\",\"@id\":\"https:\/\/computaex.es\/publicaciones\/sistema-bioinformatico-de-apoyo-a-la-investigacion-en-la-unificacion-del-patrimonio-genealogico-y-genetico\/#breadcrumb\",\"itemListElement\":[{\"@type\":\"ListItem\",\"position\":1,\"name\":\"Portada\",\"item\":\"https:\/\/computaex.es\/\"},{\"@type\":\"ListItem\",\"position\":2,\"name\":\"Publicaciones\",\"item\":\"https:\/\/computaex.es\/publicaciones\/\"},{\"@type\":\"ListItem\",\"position\":3,\"name\":\"Sistema bioinform\u00e1tico de apoyo a la investigaci\u00f3n en la unificaci\u00f3n del patrimonio geneal\u00f3gico y gen\u00e9tico\"}]},{\"@type\":\"WebSite\",\"@id\":\"https:\/\/computaex.es\/#website\",\"url\":\"https:\/\/computaex.es\/\",\"name\":\"Fundaci\u00f3n COMPUTAEX\",\"description\":\"COMPUTAEX\",\"publisher\":{\"@id\":\"https:\/\/computaex.es\/#organization\"},\"potentialAction\":[{\"@type\":\"SearchAction\",\"target\":{\"@type\":\"EntryPoint\",\"urlTemplate\":\"https:\/\/computaex.es\/?s={search_term_string}\"},\"query-input\":{\"@type\":\"PropertyValueSpecification\",\"valueRequired\":true,\"valueName\":\"search_term_string\"}}],\"inLanguage\":\"en-US\"},{\"@type\":\"Organization\",\"@id\":\"https:\/\/computaex.es\/#organization\",\"name\":\"COMPUTAEX\",\"url\":\"https:\/\/computaex.es\/\",\"logo\":{\"@type\":\"ImageObject\",\"inLanguage\":\"en-US\",\"@id\":\"https:\/\/computaex.es\/#\/schema\/logo\/image\/\",\"url\":\"https:\/\/computaex.es\/wp-content\/uploads\/2025\/05\/cropped-COMPUTAEX_transparente-scaled-1.png\",\"contentUrl\":\"https:\/\/computaex.es\/wp-content\/uploads\/2025\/05\/cropped-COMPUTAEX_transparente-scaled-1.png\",\"width\":2560,\"height\":970,\"caption\":\"COMPUTAEX\"},\"image\":{\"@id\":\"https:\/\/computaex.es\/#\/schema\/logo\/image\/\"},\"sameAs\":[\"https:\/\/m.facebook.com\/computaex\/\",\"https:\/\/x.com\/computaex\",\"https:\/\/es.linkedin.com\/company\/cenits\"]}]}<\/script>\n<!-- \/ Yoast SEO plugin. -->","yoast_head_json":{"title":"Sistema bioinform\u00e1tico de apoyo a la investigaci\u00f3n en la unificaci\u00f3n del patrimonio geneal\u00f3gico y gen\u00e9tico - Fundaci\u00f3n COMPUTAEX","robots":{"index":"index","follow":"follow","max-snippet":"max-snippet:-1","max-image-preview":"max-image-preview:large","max-video-preview":"max-video-preview:-1"},"canonical":"https:\/\/computaex.es\/en\/publicaciones\/sistema-bioinformatico-de-apoyo-a-la-investigacion-en-la-unificacion-del-patrimonio-genealogico-y-genetico\/","og_locale":"en_US","og_type":"article","og_title":"Sistema bioinform\u00e1tico de apoyo a la investigaci\u00f3n en la unificaci\u00f3n del patrimonio geneal\u00f3gico y gen\u00e9tico - Fundaci\u00f3n COMPUTAEX","og_description":"El desarrollo en el campo de la gen\u00e9tica ha abierto nuevas puertas en el estudio de enfermedades y en el diagn\u00f3stico cl\u00ednico. La medicina de precisi\u00f3n pretende aprovechar esas nuevas ...","og_url":"https:\/\/computaex.es\/en\/publicaciones\/sistema-bioinformatico-de-apoyo-a-la-investigacion-en-la-unificacion-del-patrimonio-genealogico-y-genetico\/","og_site_name":"Fundaci\u00f3n COMPUTAEX","article_publisher":"https:\/\/m.facebook.com\/computaex\/","article_modified_time":"2025-08-27T06:52:36+00:00","og_image":[{"width":1024,"height":403,"url":"https:\/\/computaex.es\/wp-content\/uploads\/2025\/08\/COMPUTAEX.jpg","type":"image\/jpeg"}],"twitter_card":"summary_large_image","twitter_site":"@computaex","twitter_misc":{"Est. reading time":"3 minutes"},"schema":{"@context":"https:\/\/schema.org","@graph":[{"@type":"WebPage","@id":"https:\/\/computaex.es\/publicaciones\/sistema-bioinformatico-de-apoyo-a-la-investigacion-en-la-unificacion-del-patrimonio-genealogico-y-genetico\/","url":"https:\/\/computaex.es\/publicaciones\/sistema-bioinformatico-de-apoyo-a-la-investigacion-en-la-unificacion-del-patrimonio-genealogico-y-genetico\/","name":"Sistema bioinform\u00e1tico de apoyo a la investigaci\u00f3n en la unificaci\u00f3n del patrimonio geneal\u00f3gico y gen\u00e9tico - Fundaci\u00f3n COMPUTAEX","isPartOf":{"@id":"https:\/\/computaex.es\/#website"},"datePublished":"2020-02-14T07:51:43+00:00","dateModified":"2025-08-27T06:52:36+00:00","breadcrumb":{"@id":"https:\/\/computaex.es\/publicaciones\/sistema-bioinformatico-de-apoyo-a-la-investigacion-en-la-unificacion-del-patrimonio-genealogico-y-genetico\/#breadcrumb"},"inLanguage":"en-US","potentialAction":[{"@type":"ReadAction","target":["https:\/\/computaex.es\/publicaciones\/sistema-bioinformatico-de-apoyo-a-la-investigacion-en-la-unificacion-del-patrimonio-genealogico-y-genetico\/"]}]},{"@type":"BreadcrumbList","@id":"https:\/\/computaex.es\/publicaciones\/sistema-bioinformatico-de-apoyo-a-la-investigacion-en-la-unificacion-del-patrimonio-genealogico-y-genetico\/#breadcrumb","itemListElement":[{"@type":"ListItem","position":1,"name":"Portada","item":"https:\/\/computaex.es\/"},{"@type":"ListItem","position":2,"name":"Publicaciones","item":"https:\/\/computaex.es\/publicaciones\/"},{"@type":"ListItem","position":3,"name":"Sistema bioinform\u00e1tico de apoyo a la investigaci\u00f3n en la unificaci\u00f3n del patrimonio geneal\u00f3gico y gen\u00e9tico"}]},{"@type":"WebSite","@id":"https:\/\/computaex.es\/#website","url":"https:\/\/computaex.es\/","name":"COMPUTAEX Foundation","description":"COMPUTAEX","publisher":{"@id":"https:\/\/computaex.es\/#organization"},"potentialAction":[{"@type":"SearchAction","target":{"@type":"EntryPoint","urlTemplate":"https:\/\/computaex.es\/?s={search_term_string}"},"query-input":{"@type":"PropertyValueSpecification","valueRequired":true,"valueName":"search_term_string"}}],"inLanguage":"en-US"},{"@type":"Organization","@id":"https:\/\/computaex.es\/#organization","name":"COMPUTAEX","url":"https:\/\/computaex.es\/","logo":{"@type":"ImageObject","inLanguage":"en-US","@id":"https:\/\/computaex.es\/#\/schema\/logo\/image\/","url":"https:\/\/computaex.es\/wp-content\/uploads\/2025\/05\/cropped-COMPUTAEX_transparente-scaled-1.png","contentUrl":"https:\/\/computaex.es\/wp-content\/uploads\/2025\/05\/cropped-COMPUTAEX_transparente-scaled-1.png","width":2560,"height":970,"caption":"COMPUTAEX"},"image":{"@id":"https:\/\/computaex.es\/#\/schema\/logo\/image\/"},"sameAs":["https:\/\/m.facebook.com\/computaex\/","https:\/\/x.com\/computaex","https:\/\/es.linkedin.com\/company\/cenits"]}]}},"_links":{"self":[{"href":"https:\/\/computaex.es\/en\/wp-json\/wp\/v2\/pages\/9560","targetHints":{"allow":["GET"]}}],"collection":[{"href":"https:\/\/computaex.es\/en\/wp-json\/wp\/v2\/pages"}],"about":[{"href":"https:\/\/computaex.es\/en\/wp-json\/wp\/v2\/types\/page"}],"author":[{"embeddable":true,"href":"https:\/\/computaex.es\/en\/wp-json\/wp\/v2\/users\/1"}],"replies":[{"embeddable":true,"href":"https:\/\/computaex.es\/en\/wp-json\/wp\/v2\/comments?post=9560"}],"version-history":[{"count":1,"href":"https:\/\/computaex.es\/en\/wp-json\/wp\/v2\/pages\/9560\/revisions"}],"predecessor-version":[{"id":9562,"href":"https:\/\/computaex.es\/en\/wp-json\/wp\/v2\/pages\/9560\/revisions\/9562"}],"up":[{"embeddable":true,"href":"https:\/\/computaex.es\/en\/wp-json\/wp\/v2\/pages\/1583"}],"wp:attachment":[{"href":"https:\/\/computaex.es\/en\/wp-json\/wp\/v2\/media?parent=9560"}],"wp:term":[{"taxonomy":"category","embeddable":true,"href":"https:\/\/computaex.es\/en\/wp-json\/wp\/v2\/categories?post=9560"},{"taxonomy":"post_tag","embeddable":true,"href":"https:\/\/computaex.es\/en\/wp-json\/wp\/v2\/tags?post=9560"}],"curies":[{"name":"wp","href":"https:\/\/api.w.org\/{rel}","templated":true}]}}