{"id":9570,"date":"2012-07-27T09:01:28","date_gmt":"2012-07-27T07:01:28","guid":{"rendered":"https:\/\/web.computaex.es\/?page_id=9570"},"modified":"2025-08-27T09:33:55","modified_gmt":"2025-08-27T07:33:55","slug":"synthesis-from-d-altrose-of-5r6r7r8s-57-dihydroxy-8-hydroxymethylconidine-and-24-dideoxy-24-imino-d-glucitol-azetidine-analogues-of-swainsonine-and-14-dideoxy-14-imino-d-mannitol","status":"publish","type":"page","link":"https:\/\/computaex.es\/en\/publicaciones\/synthesis-from-d-altrose-of-5r6r7r8s-57-dihydroxy-8-hydroxymethylconidine-and-24-dideoxy-24-imino-d-glucitol-azetidine-analogues-of-swainsonine-and-14-dideoxy-14-imino-d-mannitol\/","title":{"rendered":"Synthesis from d-Altrose of (5R,6R,7R,8S)-5,7-Dihydroxy-8-hydroxymethylconidine and 2,4-Dideoxy-2,4-imino-d-glucitol, Azetidine Analogues of Swainsonine and 1,4-Dideoxy-1,4-imino-d-mannitol"},"content":{"rendered":"<div class=\"field field-name-field-pub-descripcion field-type-text-long field-label-hidden\">\n<div class=\"field-items\">\n<div class=\"field-item even\">\n<p>Noelia Ara\u00fajo, Sarah F. Jenkinson, R. Fernando Mart\u00ednez, Andreas F. G. Glawar, Mark R. Wormald, Terry D. Butters, Shinpei Nakagawa, Isao Adachi, Atsushi Kato, Akihide Yoshihara, Kazuya Akimitsu, Ken Izumori, and George W. J. Fleet.\u00a0<strong>Synthesis from d-altrose of (5R,6R,7R,8S)-5,7-dihydroxy-8-hydroxymethylconidine and 2,4-dideoxy-2,4-imino-d-glucitol, azetidine analogues of swainsonine and 1,4-dideoxy-1,4-imino-d-mannitol<\/strong>, Org. Lett., 2012, 14, 4174\u20134177. doi: 10.1021\/ol301844n.<\/p>\n<p><span style=\"color: #333333; font-family: Raleway, Helvetica, Arial, sans-serif; font-size: 10pt; font-weight: 600;\">Abstract<\/span><\/p>\n<div id=\"abstractBox\" class=\"article_abstract-content hlFld-Abstract\">\n<div id=\"f_null\" class=\"article_abstract-img\"><img decoding=\"async\" class=\"\" src=\"https:\/\/pubs.acs.org\/cms\/10.1021\/ol301844n\/asset\/images\/medium\/ol-2012-01844n_0007.gif\" alt=\"Abstract Image\" width=\"252\" height=\"193\" \/><\/div>\n<p class=\"articleBody_abstractText\">Ring closure of a 3,5-di-<i>O<\/i>-triflate derived from\u00a0<span class=\"smallcaps smallerCapital\">d<\/span>-altrose with benzylamine allowed the formation of both monocyclic and bicyclic azetidine analogues of swainsonine.<\/p>\n<\/div>\n<\/div>\n<\/div>\n<\/div>\n<div class=\"field field-name-field-pub-fuente field-type-text-long field-label-above\">\n<div class=\"field-label\">Fuente de la publicaci\u00f3n:<\/div>\n<div class=\"field-items\">\n<div class=\"field-item even\">\n<ul>\n<li><a title=\"Synthesis from d-Altrose of (5R,6R,7R,8S)-5,7-Dihydroxy-8-hydroxymethylconidine and 2,4-Dideoxy-2,4-imino-d-glucitol, Azetidine Analogues of Swainsonine and 1,4-Dideoxy-1,4-imino-d-mannitol\" href=\"http:\/\/pubs.acs.org\/doi\/abs\/10.1021\/ol301844n\" target=\"_blank\" rel=\"noopener\">Synthesis from d-Altrose of (5R,6R,7R,8S)-5,7-Dihydroxy-8-hydroxymethylconidine and 2,4-Dideoxy-2,4-imino-d-glucitol, Azetidine Analogues of Swainsonine and 1,4-Dideoxy-1,4-imino-d-mannitol<\/a><\/li>\n<\/ul>\n<\/div>\n<\/div>\n<\/div>","protected":false},"excerpt":{"rendered":"<p>Noelia Ara\u00fajo, Sarah F. Jenkinson, R. Fernando Mart\u00ednez, Andreas F. G. Glawar, Mark R. Wormald, Terry D. Butters, Shinpei Nakagawa, Isao Adachi, Atsushi Kato, Akihide Yoshihara, Kazuya Akimitsu, Ken Izumori, &#8230;<\/p>","protected":false},"author":1,"featured_media":0,"parent":1583,"menu_order":0,"comment_status":"closed","ping_status":"closed","template":"","meta":{"footnotes":""},"categories":[110,91],"tags":[],"class_list":["post-9570","page","type-page","status-publish","hentry","category-anteriores","category-publicaciones"],"yoast_head":"<!-- This site is optimized with the Yoast SEO plugin v27.1.1 - https:\/\/yoast.com\/product\/yoast-seo-wordpress\/ -->\n<title>Synthesis from d-Altrose of (5R,6R,7R,8S)-5,7-Dihydroxy-8-hydroxymethylconidine and 2,4-Dideoxy-2,4-imino-d-glucitol, Azetidine Analogues of Swainsonine and 1,4-Dideoxy-1,4-imino-d-mannitol - Fundaci\u00f3n COMPUTAEX<\/title>\n<meta name=\"robots\" content=\"index, follow, max-snippet:-1, max-image-preview:large, max-video-preview:-1\" \/>\n<link rel=\"canonical\" href=\"https:\/\/computaex.es\/en\/publicaciones\/synthesis-from-d-altrose-of-5r6r7r8s-57-dihydroxy-8-hydroxymethylconidine-and-24-dideoxy-24-imino-d-glucitol-azetidine-analogues-of-swainsonine-and-14-dideoxy-14-imino-d-mannitol\/\" \/>\n<meta property=\"og:locale\" content=\"en_US\" \/>\n<meta property=\"og:type\" content=\"article\" \/>\n<meta property=\"og:title\" content=\"Synthesis from d-Altrose of (5R,6R,7R,8S)-5,7-Dihydroxy-8-hydroxymethylconidine and 2,4-Dideoxy-2,4-imino-d-glucitol, Azetidine Analogues of Swainsonine and 1,4-Dideoxy-1,4-imino-d-mannitol - Fundaci\u00f3n COMPUTAEX\" \/>\n<meta property=\"og:description\" content=\"Noelia Ara\u00fajo, Sarah F. Jenkinson, R. Fernando Mart\u00ednez, Andreas F. G. Glawar, Mark R. Wormald, Terry D. Butters, Shinpei Nakagawa, Isao Adachi, Atsushi Kato, Akihide Yoshihara, Kazuya Akimitsu, Ken Izumori, ...\" \/>\n<meta property=\"og:url\" content=\"https:\/\/computaex.es\/en\/publicaciones\/synthesis-from-d-altrose-of-5r6r7r8s-57-dihydroxy-8-hydroxymethylconidine-and-24-dideoxy-24-imino-d-glucitol-azetidine-analogues-of-swainsonine-and-14-dideoxy-14-imino-d-mannitol\/\" \/>\n<meta property=\"og:site_name\" content=\"Fundaci\u00f3n COMPUTAEX\" \/>\n<meta property=\"article:publisher\" content=\"https:\/\/m.facebook.com\/computaex\/\" \/>\n<meta property=\"article:modified_time\" content=\"2025-08-27T07:33:55+00:00\" \/>\n<meta property=\"og:image\" content=\"https:\/\/pubs.acs.org\/cms\/10.1021\/ol301844n\/asset\/images\/medium\/ol-2012-01844n_0007.gif\" \/>\n<meta name=\"twitter:card\" content=\"summary_large_image\" \/>\n<meta name=\"twitter:site\" content=\"@computaex\" \/>\n<meta name=\"twitter:label1\" content=\"Est. reading time\" \/>\n\t<meta name=\"twitter:data1\" content=\"1 minute\" \/>\n<script type=\"application\/ld+json\" class=\"yoast-schema-graph\">{\"@context\":\"https:\/\/schema.org\",\"@graph\":[{\"@type\":\"WebPage\",\"@id\":\"https:\/\/computaex.es\/publicaciones\/synthesis-from-d-altrose-of-5r6r7r8s-57-dihydroxy-8-hydroxymethylconidine-and-24-dideoxy-24-imino-d-glucitol-azetidine-analogues-of-swainsonine-and-14-dideoxy-14-imino-d-mannitol\/\",\"url\":\"https:\/\/computaex.es\/publicaciones\/synthesis-from-d-altrose-of-5r6r7r8s-57-dihydroxy-8-hydroxymethylconidine-and-24-dideoxy-24-imino-d-glucitol-azetidine-analogues-of-swainsonine-and-14-dideoxy-14-imino-d-mannitol\/\",\"name\":\"Synthesis from d-Altrose of (5R,6R,7R,8S)-5,7-Dihydroxy-8-hydroxymethylconidine and 2,4-Dideoxy-2,4-imino-d-glucitol, Azetidine Analogues of Swainsonine and 1,4-Dideoxy-1,4-imino-d-mannitol - Fundaci\u00f3n COMPUTAEX\",\"isPartOf\":{\"@id\":\"https:\/\/computaex.es\/#website\"},\"primaryImageOfPage\":{\"@id\":\"https:\/\/computaex.es\/publicaciones\/synthesis-from-d-altrose-of-5r6r7r8s-57-dihydroxy-8-hydroxymethylconidine-and-24-dideoxy-24-imino-d-glucitol-azetidine-analogues-of-swainsonine-and-14-dideoxy-14-imino-d-mannitol\/#primaryimage\"},\"image\":{\"@id\":\"https:\/\/computaex.es\/publicaciones\/synthesis-from-d-altrose-of-5r6r7r8s-57-dihydroxy-8-hydroxymethylconidine-and-24-dideoxy-24-imino-d-glucitol-azetidine-analogues-of-swainsonine-and-14-dideoxy-14-imino-d-mannitol\/#primaryimage\"},\"thumbnailUrl\":\"https:\/\/pubs.acs.org\/cms\/10.1021\/ol301844n\/asset\/images\/medium\/ol-2012-01844n_0007.gif\",\"datePublished\":\"2012-07-27T07:01:28+00:00\",\"dateModified\":\"2025-08-27T07:33:55+00:00\",\"breadcrumb\":{\"@id\":\"https:\/\/computaex.es\/publicaciones\/synthesis-from-d-altrose-of-5r6r7r8s-57-dihydroxy-8-hydroxymethylconidine-and-24-dideoxy-24-imino-d-glucitol-azetidine-analogues-of-swainsonine-and-14-dideoxy-14-imino-d-mannitol\/#breadcrumb\"},\"inLanguage\":\"en-US\",\"potentialAction\":[{\"@type\":\"ReadAction\",\"target\":[\"https:\/\/computaex.es\/publicaciones\/synthesis-from-d-altrose-of-5r6r7r8s-57-dihydroxy-8-hydroxymethylconidine-and-24-dideoxy-24-imino-d-glucitol-azetidine-analogues-of-swainsonine-and-14-dideoxy-14-imino-d-mannitol\/\"]}]},{\"@type\":\"ImageObject\",\"inLanguage\":\"en-US\",\"@id\":\"https:\/\/computaex.es\/publicaciones\/synthesis-from-d-altrose-of-5r6r7r8s-57-dihydroxy-8-hydroxymethylconidine-and-24-dideoxy-24-imino-d-glucitol-azetidine-analogues-of-swainsonine-and-14-dideoxy-14-imino-d-mannitol\/#primaryimage\",\"url\":\"https:\/\/pubs.acs.org\/cms\/10.1021\/ol301844n\/asset\/images\/medium\/ol-2012-01844n_0007.gif\",\"contentUrl\":\"https:\/\/pubs.acs.org\/cms\/10.1021\/ol301844n\/asset\/images\/medium\/ol-2012-01844n_0007.gif\"},{\"@type\":\"BreadcrumbList\",\"@id\":\"https:\/\/computaex.es\/publicaciones\/synthesis-from-d-altrose-of-5r6r7r8s-57-dihydroxy-8-hydroxymethylconidine-and-24-dideoxy-24-imino-d-glucitol-azetidine-analogues-of-swainsonine-and-14-dideoxy-14-imino-d-mannitol\/#breadcrumb\",\"itemListElement\":[{\"@type\":\"ListItem\",\"position\":1,\"name\":\"Portada\",\"item\":\"https:\/\/computaex.es\/\"},{\"@type\":\"ListItem\",\"position\":2,\"name\":\"Publicaciones\",\"item\":\"https:\/\/computaex.es\/publicaciones\/\"},{\"@type\":\"ListItem\",\"position\":3,\"name\":\"Synthesis from d-Altrose of (5R,6R,7R,8S)-5,7-Dihydroxy-8-hydroxymethylconidine and 2,4-Dideoxy-2,4-imino-d-glucitol, Azetidine Analogues of Swainsonine and 1,4-Dideoxy-1,4-imino-d-mannitol\"}]},{\"@type\":\"WebSite\",\"@id\":\"https:\/\/computaex.es\/#website\",\"url\":\"https:\/\/computaex.es\/\",\"name\":\"Fundaci\u00f3n COMPUTAEX\",\"description\":\"COMPUTAEX\",\"publisher\":{\"@id\":\"https:\/\/computaex.es\/#organization\"},\"potentialAction\":[{\"@type\":\"SearchAction\",\"target\":{\"@type\":\"EntryPoint\",\"urlTemplate\":\"https:\/\/computaex.es\/?s={search_term_string}\"},\"query-input\":{\"@type\":\"PropertyValueSpecification\",\"valueRequired\":true,\"valueName\":\"search_term_string\"}}],\"inLanguage\":\"en-US\"},{\"@type\":\"Organization\",\"@id\":\"https:\/\/computaex.es\/#organization\",\"name\":\"COMPUTAEX\",\"url\":\"https:\/\/computaex.es\/\",\"logo\":{\"@type\":\"ImageObject\",\"inLanguage\":\"en-US\",\"@id\":\"https:\/\/computaex.es\/#\/schema\/logo\/image\/\",\"url\":\"https:\/\/computaex.es\/wp-content\/uploads\/2025\/05\/cropped-COMPUTAEX_transparente-scaled-1.png\",\"contentUrl\":\"https:\/\/computaex.es\/wp-content\/uploads\/2025\/05\/cropped-COMPUTAEX_transparente-scaled-1.png\",\"width\":2560,\"height\":970,\"caption\":\"COMPUTAEX\"},\"image\":{\"@id\":\"https:\/\/computaex.es\/#\/schema\/logo\/image\/\"},\"sameAs\":[\"https:\/\/m.facebook.com\/computaex\/\",\"https:\/\/x.com\/computaex\",\"https:\/\/es.linkedin.com\/company\/cenits\"]}]}<\/script>\n<!-- \/ Yoast SEO plugin. -->","yoast_head_json":{"title":"Synthesis from d-Altrose of (5R,6R,7R,8S)-5,7-Dihydroxy-8-hydroxymethylconidine and 2,4-Dideoxy-2,4-imino-d-glucitol, Azetidine Analogues of Swainsonine and 1,4-Dideoxy-1,4-imino-d-mannitol - Fundaci\u00f3n COMPUTAEX","robots":{"index":"index","follow":"follow","max-snippet":"max-snippet:-1","max-image-preview":"max-image-preview:large","max-video-preview":"max-video-preview:-1"},"canonical":"https:\/\/computaex.es\/en\/publicaciones\/synthesis-from-d-altrose-of-5r6r7r8s-57-dihydroxy-8-hydroxymethylconidine-and-24-dideoxy-24-imino-d-glucitol-azetidine-analogues-of-swainsonine-and-14-dideoxy-14-imino-d-mannitol\/","og_locale":"en_US","og_type":"article","og_title":"Synthesis from d-Altrose of (5R,6R,7R,8S)-5,7-Dihydroxy-8-hydroxymethylconidine and 2,4-Dideoxy-2,4-imino-d-glucitol, Azetidine Analogues of Swainsonine and 1,4-Dideoxy-1,4-imino-d-mannitol - Fundaci\u00f3n COMPUTAEX","og_description":"Noelia Ara\u00fajo, Sarah F. Jenkinson, R. Fernando Mart\u00ednez, Andreas F. G. Glawar, Mark R. Wormald, Terry D. Butters, Shinpei Nakagawa, Isao Adachi, Atsushi Kato, Akihide Yoshihara, Kazuya Akimitsu, Ken Izumori, ...","og_url":"https:\/\/computaex.es\/en\/publicaciones\/synthesis-from-d-altrose-of-5r6r7r8s-57-dihydroxy-8-hydroxymethylconidine-and-24-dideoxy-24-imino-d-glucitol-azetidine-analogues-of-swainsonine-and-14-dideoxy-14-imino-d-mannitol\/","og_site_name":"Fundaci\u00f3n COMPUTAEX","article_publisher":"https:\/\/m.facebook.com\/computaex\/","article_modified_time":"2025-08-27T07:33:55+00:00","og_image":[{"url":"https:\/\/pubs.acs.org\/cms\/10.1021\/ol301844n\/asset\/images\/medium\/ol-2012-01844n_0007.gif","type":"","width":"","height":""}],"twitter_card":"summary_large_image","twitter_site":"@computaex","twitter_misc":{"Est. reading time":"1 minute"},"schema":{"@context":"https:\/\/schema.org","@graph":[{"@type":"WebPage","@id":"https:\/\/computaex.es\/publicaciones\/synthesis-from-d-altrose-of-5r6r7r8s-57-dihydroxy-8-hydroxymethylconidine-and-24-dideoxy-24-imino-d-glucitol-azetidine-analogues-of-swainsonine-and-14-dideoxy-14-imino-d-mannitol\/","url":"https:\/\/computaex.es\/publicaciones\/synthesis-from-d-altrose-of-5r6r7r8s-57-dihydroxy-8-hydroxymethylconidine-and-24-dideoxy-24-imino-d-glucitol-azetidine-analogues-of-swainsonine-and-14-dideoxy-14-imino-d-mannitol\/","name":"Synthesis from d-Altrose of (5R,6R,7R,8S)-5,7-Dihydroxy-8-hydroxymethylconidine and 2,4-Dideoxy-2,4-imino-d-glucitol, Azetidine Analogues of Swainsonine and 1,4-Dideoxy-1,4-imino-d-mannitol - Fundaci\u00f3n COMPUTAEX","isPartOf":{"@id":"https:\/\/computaex.es\/#website"},"primaryImageOfPage":{"@id":"https:\/\/computaex.es\/publicaciones\/synthesis-from-d-altrose-of-5r6r7r8s-57-dihydroxy-8-hydroxymethylconidine-and-24-dideoxy-24-imino-d-glucitol-azetidine-analogues-of-swainsonine-and-14-dideoxy-14-imino-d-mannitol\/#primaryimage"},"image":{"@id":"https:\/\/computaex.es\/publicaciones\/synthesis-from-d-altrose-of-5r6r7r8s-57-dihydroxy-8-hydroxymethylconidine-and-24-dideoxy-24-imino-d-glucitol-azetidine-analogues-of-swainsonine-and-14-dideoxy-14-imino-d-mannitol\/#primaryimage"},"thumbnailUrl":"https:\/\/pubs.acs.org\/cms\/10.1021\/ol301844n\/asset\/images\/medium\/ol-2012-01844n_0007.gif","datePublished":"2012-07-27T07:01:28+00:00","dateModified":"2025-08-27T07:33:55+00:00","breadcrumb":{"@id":"https:\/\/computaex.es\/publicaciones\/synthesis-from-d-altrose-of-5r6r7r8s-57-dihydroxy-8-hydroxymethylconidine-and-24-dideoxy-24-imino-d-glucitol-azetidine-analogues-of-swainsonine-and-14-dideoxy-14-imino-d-mannitol\/#breadcrumb"},"inLanguage":"en-US","potentialAction":[{"@type":"ReadAction","target":["https:\/\/computaex.es\/publicaciones\/synthesis-from-d-altrose-of-5r6r7r8s-57-dihydroxy-8-hydroxymethylconidine-and-24-dideoxy-24-imino-d-glucitol-azetidine-analogues-of-swainsonine-and-14-dideoxy-14-imino-d-mannitol\/"]}]},{"@type":"ImageObject","inLanguage":"en-US","@id":"https:\/\/computaex.es\/publicaciones\/synthesis-from-d-altrose-of-5r6r7r8s-57-dihydroxy-8-hydroxymethylconidine-and-24-dideoxy-24-imino-d-glucitol-azetidine-analogues-of-swainsonine-and-14-dideoxy-14-imino-d-mannitol\/#primaryimage","url":"https:\/\/pubs.acs.org\/cms\/10.1021\/ol301844n\/asset\/images\/medium\/ol-2012-01844n_0007.gif","contentUrl":"https:\/\/pubs.acs.org\/cms\/10.1021\/ol301844n\/asset\/images\/medium\/ol-2012-01844n_0007.gif"},{"@type":"BreadcrumbList","@id":"https:\/\/computaex.es\/publicaciones\/synthesis-from-d-altrose-of-5r6r7r8s-57-dihydroxy-8-hydroxymethylconidine-and-24-dideoxy-24-imino-d-glucitol-azetidine-analogues-of-swainsonine-and-14-dideoxy-14-imino-d-mannitol\/#breadcrumb","itemListElement":[{"@type":"ListItem","position":1,"name":"Portada","item":"https:\/\/computaex.es\/"},{"@type":"ListItem","position":2,"name":"Publicaciones","item":"https:\/\/computaex.es\/publicaciones\/"},{"@type":"ListItem","position":3,"name":"Synthesis from d-Altrose of (5R,6R,7R,8S)-5,7-Dihydroxy-8-hydroxymethylconidine and 2,4-Dideoxy-2,4-imino-d-glucitol, Azetidine Analogues of Swainsonine and 1,4-Dideoxy-1,4-imino-d-mannitol"}]},{"@type":"WebSite","@id":"https:\/\/computaex.es\/#website","url":"https:\/\/computaex.es\/","name":"COMPUTAEX Foundation","description":"COMPUTAEX","publisher":{"@id":"https:\/\/computaex.es\/#organization"},"potentialAction":[{"@type":"SearchAction","target":{"@type":"EntryPoint","urlTemplate":"https:\/\/computaex.es\/?s={search_term_string}"},"query-input":{"@type":"PropertyValueSpecification","valueRequired":true,"valueName":"search_term_string"}}],"inLanguage":"en-US"},{"@type":"Organization","@id":"https:\/\/computaex.es\/#organization","name":"COMPUTAEX","url":"https:\/\/computaex.es\/","logo":{"@type":"ImageObject","inLanguage":"en-US","@id":"https:\/\/computaex.es\/#\/schema\/logo\/image\/","url":"https:\/\/computaex.es\/wp-content\/uploads\/2025\/05\/cropped-COMPUTAEX_transparente-scaled-1.png","contentUrl":"https:\/\/computaex.es\/wp-content\/uploads\/2025\/05\/cropped-COMPUTAEX_transparente-scaled-1.png","width":2560,"height":970,"caption":"COMPUTAEX"},"image":{"@id":"https:\/\/computaex.es\/#\/schema\/logo\/image\/"},"sameAs":["https:\/\/m.facebook.com\/computaex\/","https:\/\/x.com\/computaex","https:\/\/es.linkedin.com\/company\/cenits"]}]}},"_links":{"self":[{"href":"https:\/\/computaex.es\/en\/wp-json\/wp\/v2\/pages\/9570","targetHints":{"allow":["GET"]}}],"collection":[{"href":"https:\/\/computaex.es\/en\/wp-json\/wp\/v2\/pages"}],"about":[{"href":"https:\/\/computaex.es\/en\/wp-json\/wp\/v2\/types\/page"}],"author":[{"embeddable":true,"href":"https:\/\/computaex.es\/en\/wp-json\/wp\/v2\/users\/1"}],"replies":[{"embeddable":true,"href":"https:\/\/computaex.es\/en\/wp-json\/wp\/v2\/comments?post=9570"}],"version-history":[{"count":2,"href":"https:\/\/computaex.es\/en\/wp-json\/wp\/v2\/pages\/9570\/revisions"}],"predecessor-version":[{"id":9609,"href":"https:\/\/computaex.es\/en\/wp-json\/wp\/v2\/pages\/9570\/revisions\/9609"}],"up":[{"embeddable":true,"href":"https:\/\/computaex.es\/en\/wp-json\/wp\/v2\/pages\/1583"}],"wp:attachment":[{"href":"https:\/\/computaex.es\/en\/wp-json\/wp\/v2\/media?parent=9570"}],"wp:term":[{"taxonomy":"category","embeddable":true,"href":"https:\/\/computaex.es\/en\/wp-json\/wp\/v2\/categories?post=9570"},{"taxonomy":"post_tag","embeddable":true,"href":"https:\/\/computaex.es\/en\/wp-json\/wp\/v2\/tags?post=9570"}],"curies":[{"name":"wp","href":"https:\/\/api.w.org\/{rel}","templated":true}]}}