{"id":9592,"date":"2012-11-05T09:19:54","date_gmt":"2012-11-05T08:19:54","guid":{"rendered":"https:\/\/web.computaex.es\/?page_id=9592"},"modified":"2025-08-27T09:41:06","modified_gmt":"2025-08-27T07:41:06","slug":"implementacion-del-modelo-cloud-computing-en-un-centro-de-supercomputacion","status":"publish","type":"page","link":"https:\/\/computaex.es\/en\/publicaciones\/implementacion-del-modelo-cloud-computing-en-un-centro-de-supercomputacion\/","title":{"rendered":"Implementaci\u00f3n del modelo cloud computing en un centro de supercomputaci\u00f3n"},"content":{"rendered":"<div class=\"field field-name-field-pub-descripcion field-type-text-long field-label-hidden\">\n<div class=\"field-items\">\n<div class=\"field-item even\">\n<p>El cloud computing se ha convertido en uno de los principales ejes de la investigaci\u00f3n y la innovaci\u00f3n en el sector de las TIC en los \u00faltimos a\u00f1os; el impacto generado por este modelo de servicio es comparable \u00fanicamente a la revoluci\u00f3n generada por la llegada de internet durante los a\u00f1os 90. En C\u00e9nitS surge la necesidad de investigar este nuevo paradigma, analizar el modelo de negocio y valorar la posibilidad de incorporarlo dentro de su cat\u00e1logo de servicios.<\/p>\n<p>En este trabajo fin de m\u00e1ster realizado por Jaime Rivero Ramos y codirigido por Jos\u00e9 Luis Gonz\u00e1lez S\u00e1nchez se analiza el estado actual del cloud computing y su influencia en el \u00e1mbito estrat\u00e9gico de la econom\u00eda, estableciendo las motivaciones por las que una entidad p\u00fablica cualquiera (y en particular para la Fundaci\u00f3n COMPUTAEX) valora dar el salto hacia la oferta de este servicio en la modalidad de IaaS (Infraestructure as a Service).<\/p>\n<p>Para ello, se desarrolla un informe que comprende la visi\u00f3n empresarial en t\u00e9rminos estrat\u00e9gicos con la metodolog\u00eda seguida para la inserci\u00f3n de este nuevo modelo de negocio en la entidad. El enfoque gen\u00e9rico permite aplicar los resultados a cualquier empresa, abordando c\u00f3mo y por qu\u00e9 comenzar a ofrecer servicios de cloud computing en el contexto socio-econ\u00f3mico y pol\u00edtico actual. El estudio tambi\u00e9n analiza diversas soluciones desde el punto de vista t\u00e9cnico (an\u00e1lisis de las posibles herramientas, modo de implantaci\u00f3n y puesta en producci\u00f3n) para proporcionar servicios en la infraestructura de C\u00e9nitS.<\/p>\n<p>Por \u00faltimo, se incluye un estudio del funcionamiento de C\u00e9nitS bajo el nuevo modelo de trabajo, detallando el impacto econ\u00f3mico, operacional y las nuevas oportunidades de negocio para la Fundaci\u00f3n COMPUTAEX.<\/p>\n<\/div>\n<\/div>\n<\/div>\n<div class=\"field field-name-field-pub-fuente field-type-text-long field-label-above\">\n<div class=\"field-label\">Fuente de la publicaci\u00f3n:<\/div>\n<div class=\"field-items\">\n<div class=\"field-item even\">\n<ul>\n<li>Jaime Rivero Ramos.\u00a0<em>Implementaci\u00f3n del modelo cloud computing en un centro de supercomputaci\u00f3n<\/em>. Trabajo Final de M\u00e1ster en Direcci\u00f3n TIC, Universidad de Extremadura.<\/li>\n<\/ul>\n<\/div>\n<\/div>\n<\/div>","protected":false},"excerpt":{"rendered":"<p>El cloud computing se ha convertido en uno de los principales ejes de la investigaci\u00f3n y la innovaci\u00f3n en el sector de las TIC en los \u00faltimos a\u00f1os; el impacto &#8230;<\/p>","protected":false},"author":1,"featured_media":0,"parent":1583,"menu_order":0,"comment_status":"closed","ping_status":"closed","template":"","meta":{"footnotes":""},"categories":[110,91],"tags":[],"class_list":["post-9592","page","type-page","status-publish","hentry","category-anteriores","category-publicaciones"],"yoast_head":"<!-- This site is optimized with the Yoast SEO plugin v27.1.1 - https:\/\/yoast.com\/product\/yoast-seo-wordpress\/ -->\n<title>Implementaci\u00f3n del modelo cloud computing en un centro de supercomputaci\u00f3n - Fundaci\u00f3n COMPUTAEX<\/title>\n<meta name=\"robots\" content=\"index, follow, max-snippet:-1, max-image-preview:large, max-video-preview:-1\" \/>\n<link rel=\"canonical\" href=\"https:\/\/computaex.es\/en\/publicaciones\/implementacion-del-modelo-cloud-computing-en-un-centro-de-supercomputacion\/\" \/>\n<meta property=\"og:locale\" content=\"en_US\" \/>\n<meta property=\"og:type\" content=\"article\" \/>\n<meta property=\"og:title\" content=\"Implementaci\u00f3n del modelo cloud computing en un centro de supercomputaci\u00f3n - Fundaci\u00f3n COMPUTAEX\" \/>\n<meta property=\"og:description\" content=\"El cloud computing se ha convertido en uno de los principales ejes de la investigaci\u00f3n y la innovaci\u00f3n en el sector de las TIC en los \u00faltimos a\u00f1os; el impacto ...\" \/>\n<meta property=\"og:url\" content=\"https:\/\/computaex.es\/en\/publicaciones\/implementacion-del-modelo-cloud-computing-en-un-centro-de-supercomputacion\/\" \/>\n<meta property=\"og:site_name\" content=\"Fundaci\u00f3n COMPUTAEX\" \/>\n<meta property=\"article:publisher\" content=\"https:\/\/m.facebook.com\/computaex\/\" \/>\n<meta property=\"article:modified_time\" content=\"2025-08-27T07:41:06+00:00\" \/>\n<meta property=\"og:image\" content=\"https:\/\/computaex.es\/wp-content\/uploads\/2025\/08\/COMPUTAEX.jpg\" \/>\n\t<meta property=\"og:image:width\" content=\"1024\" \/>\n\t<meta property=\"og:image:height\" content=\"403\" \/>\n\t<meta property=\"og:image:type\" content=\"image\/jpeg\" \/>\n<meta name=\"twitter:card\" content=\"summary_large_image\" \/>\n<meta name=\"twitter:site\" content=\"@computaex\" \/>\n<meta name=\"twitter:label1\" content=\"Est. reading time\" \/>\n\t<meta name=\"twitter:data1\" content=\"2 minutes\" \/>\n<script type=\"application\/ld+json\" class=\"yoast-schema-graph\">{\"@context\":\"https:\/\/schema.org\",\"@graph\":[{\"@type\":\"WebPage\",\"@id\":\"https:\/\/computaex.es\/publicaciones\/implementacion-del-modelo-cloud-computing-en-un-centro-de-supercomputacion\/\",\"url\":\"https:\/\/computaex.es\/publicaciones\/implementacion-del-modelo-cloud-computing-en-un-centro-de-supercomputacion\/\",\"name\":\"Implementaci\u00f3n del modelo cloud computing en un centro de supercomputaci\u00f3n - Fundaci\u00f3n COMPUTAEX\",\"isPartOf\":{\"@id\":\"https:\/\/computaex.es\/#website\"},\"datePublished\":\"2012-11-05T08:19:54+00:00\",\"dateModified\":\"2025-08-27T07:41:06+00:00\",\"breadcrumb\":{\"@id\":\"https:\/\/computaex.es\/publicaciones\/implementacion-del-modelo-cloud-computing-en-un-centro-de-supercomputacion\/#breadcrumb\"},\"inLanguage\":\"en-US\",\"potentialAction\":[{\"@type\":\"ReadAction\",\"target\":[\"https:\/\/computaex.es\/publicaciones\/implementacion-del-modelo-cloud-computing-en-un-centro-de-supercomputacion\/\"]}]},{\"@type\":\"BreadcrumbList\",\"@id\":\"https:\/\/computaex.es\/publicaciones\/implementacion-del-modelo-cloud-computing-en-un-centro-de-supercomputacion\/#breadcrumb\",\"itemListElement\":[{\"@type\":\"ListItem\",\"position\":1,\"name\":\"Portada\",\"item\":\"https:\/\/computaex.es\/\"},{\"@type\":\"ListItem\",\"position\":2,\"name\":\"Publicaciones\",\"item\":\"https:\/\/computaex.es\/publicaciones\/\"},{\"@type\":\"ListItem\",\"position\":3,\"name\":\"Implementaci\u00f3n del modelo cloud computing en un centro de supercomputaci\u00f3n\"}]},{\"@type\":\"WebSite\",\"@id\":\"https:\/\/computaex.es\/#website\",\"url\":\"https:\/\/computaex.es\/\",\"name\":\"Fundaci\u00f3n COMPUTAEX\",\"description\":\"COMPUTAEX\",\"publisher\":{\"@id\":\"https:\/\/computaex.es\/#organization\"},\"potentialAction\":[{\"@type\":\"SearchAction\",\"target\":{\"@type\":\"EntryPoint\",\"urlTemplate\":\"https:\/\/computaex.es\/?s={search_term_string}\"},\"query-input\":{\"@type\":\"PropertyValueSpecification\",\"valueRequired\":true,\"valueName\":\"search_term_string\"}}],\"inLanguage\":\"en-US\"},{\"@type\":\"Organization\",\"@id\":\"https:\/\/computaex.es\/#organization\",\"name\":\"COMPUTAEX\",\"url\":\"https:\/\/computaex.es\/\",\"logo\":{\"@type\":\"ImageObject\",\"inLanguage\":\"en-US\",\"@id\":\"https:\/\/computaex.es\/#\/schema\/logo\/image\/\",\"url\":\"https:\/\/computaex.es\/wp-content\/uploads\/2025\/05\/cropped-COMPUTAEX_transparente-scaled-1.png\",\"contentUrl\":\"https:\/\/computaex.es\/wp-content\/uploads\/2025\/05\/cropped-COMPUTAEX_transparente-scaled-1.png\",\"width\":2560,\"height\":970,\"caption\":\"COMPUTAEX\"},\"image\":{\"@id\":\"https:\/\/computaex.es\/#\/schema\/logo\/image\/\"},\"sameAs\":[\"https:\/\/m.facebook.com\/computaex\/\",\"https:\/\/x.com\/computaex\",\"https:\/\/es.linkedin.com\/company\/cenits\"]}]}<\/script>\n<!-- \/ Yoast SEO plugin. -->","yoast_head_json":{"title":"Implementaci\u00f3n del modelo cloud computing en un centro de supercomputaci\u00f3n - Fundaci\u00f3n COMPUTAEX","robots":{"index":"index","follow":"follow","max-snippet":"max-snippet:-1","max-image-preview":"max-image-preview:large","max-video-preview":"max-video-preview:-1"},"canonical":"https:\/\/computaex.es\/en\/publicaciones\/implementacion-del-modelo-cloud-computing-en-un-centro-de-supercomputacion\/","og_locale":"en_US","og_type":"article","og_title":"Implementaci\u00f3n del modelo cloud computing en un centro de supercomputaci\u00f3n - Fundaci\u00f3n COMPUTAEX","og_description":"El cloud computing se ha convertido en uno de los principales ejes de la investigaci\u00f3n y la innovaci\u00f3n en el sector de las TIC en los \u00faltimos a\u00f1os; el impacto ...","og_url":"https:\/\/computaex.es\/en\/publicaciones\/implementacion-del-modelo-cloud-computing-en-un-centro-de-supercomputacion\/","og_site_name":"Fundaci\u00f3n COMPUTAEX","article_publisher":"https:\/\/m.facebook.com\/computaex\/","article_modified_time":"2025-08-27T07:41:06+00:00","og_image":[{"width":1024,"height":403,"url":"https:\/\/computaex.es\/wp-content\/uploads\/2025\/08\/COMPUTAEX.jpg","type":"image\/jpeg"}],"twitter_card":"summary_large_image","twitter_site":"@computaex","twitter_misc":{"Est. reading time":"2 minutes"},"schema":{"@context":"https:\/\/schema.org","@graph":[{"@type":"WebPage","@id":"https:\/\/computaex.es\/publicaciones\/implementacion-del-modelo-cloud-computing-en-un-centro-de-supercomputacion\/","url":"https:\/\/computaex.es\/publicaciones\/implementacion-del-modelo-cloud-computing-en-un-centro-de-supercomputacion\/","name":"Implementaci\u00f3n del modelo cloud computing en un centro de supercomputaci\u00f3n - Fundaci\u00f3n COMPUTAEX","isPartOf":{"@id":"https:\/\/computaex.es\/#website"},"datePublished":"2012-11-05T08:19:54+00:00","dateModified":"2025-08-27T07:41:06+00:00","breadcrumb":{"@id":"https:\/\/computaex.es\/publicaciones\/implementacion-del-modelo-cloud-computing-en-un-centro-de-supercomputacion\/#breadcrumb"},"inLanguage":"en-US","potentialAction":[{"@type":"ReadAction","target":["https:\/\/computaex.es\/publicaciones\/implementacion-del-modelo-cloud-computing-en-un-centro-de-supercomputacion\/"]}]},{"@type":"BreadcrumbList","@id":"https:\/\/computaex.es\/publicaciones\/implementacion-del-modelo-cloud-computing-en-un-centro-de-supercomputacion\/#breadcrumb","itemListElement":[{"@type":"ListItem","position":1,"name":"Portada","item":"https:\/\/computaex.es\/"},{"@type":"ListItem","position":2,"name":"Publicaciones","item":"https:\/\/computaex.es\/publicaciones\/"},{"@type":"ListItem","position":3,"name":"Implementaci\u00f3n del modelo cloud computing en un centro de supercomputaci\u00f3n"}]},{"@type":"WebSite","@id":"https:\/\/computaex.es\/#website","url":"https:\/\/computaex.es\/","name":"COMPUTAEX Foundation","description":"COMPUTAEX","publisher":{"@id":"https:\/\/computaex.es\/#organization"},"potentialAction":[{"@type":"SearchAction","target":{"@type":"EntryPoint","urlTemplate":"https:\/\/computaex.es\/?s={search_term_string}"},"query-input":{"@type":"PropertyValueSpecification","valueRequired":true,"valueName":"search_term_string"}}],"inLanguage":"en-US"},{"@type":"Organization","@id":"https:\/\/computaex.es\/#organization","name":"COMPUTAEX","url":"https:\/\/computaex.es\/","logo":{"@type":"ImageObject","inLanguage":"en-US","@id":"https:\/\/computaex.es\/#\/schema\/logo\/image\/","url":"https:\/\/computaex.es\/wp-content\/uploads\/2025\/05\/cropped-COMPUTAEX_transparente-scaled-1.png","contentUrl":"https:\/\/computaex.es\/wp-content\/uploads\/2025\/05\/cropped-COMPUTAEX_transparente-scaled-1.png","width":2560,"height":970,"caption":"COMPUTAEX"},"image":{"@id":"https:\/\/computaex.es\/#\/schema\/logo\/image\/"},"sameAs":["https:\/\/m.facebook.com\/computaex\/","https:\/\/x.com\/computaex","https:\/\/es.linkedin.com\/company\/cenits"]}]}},"_links":{"self":[{"href":"https:\/\/computaex.es\/en\/wp-json\/wp\/v2\/pages\/9592","targetHints":{"allow":["GET"]}}],"collection":[{"href":"https:\/\/computaex.es\/en\/wp-json\/wp\/v2\/pages"}],"about":[{"href":"https:\/\/computaex.es\/en\/wp-json\/wp\/v2\/types\/page"}],"author":[{"embeddable":true,"href":"https:\/\/computaex.es\/en\/wp-json\/wp\/v2\/users\/1"}],"replies":[{"embeddable":true,"href":"https:\/\/computaex.es\/en\/wp-json\/wp\/v2\/comments?post=9592"}],"version-history":[{"count":1,"href":"https:\/\/computaex.es\/en\/wp-json\/wp\/v2\/pages\/9592\/revisions"}],"predecessor-version":[{"id":9593,"href":"https:\/\/computaex.es\/en\/wp-json\/wp\/v2\/pages\/9592\/revisions\/9593"}],"up":[{"embeddable":true,"href":"https:\/\/computaex.es\/en\/wp-json\/wp\/v2\/pages\/1583"}],"wp:attachment":[{"href":"https:\/\/computaex.es\/en\/wp-json\/wp\/v2\/media?parent=9592"}],"wp:term":[{"taxonomy":"category","embeddable":true,"href":"https:\/\/computaex.es\/en\/wp-json\/wp\/v2\/categories?post=9592"},{"taxonomy":"post_tag","embeddable":true,"href":"https:\/\/computaex.es\/en\/wp-json\/wp\/v2\/tags?post=9592"}],"curies":[{"name":"wp","href":"https:\/\/api.w.org\/{rel}","templated":true}]}}