{"id":9594,"date":"2012-11-08T09:29:33","date_gmt":"2012-11-08T08:29:33","guid":{"rendered":"https:\/\/web.computaex.es\/?page_id=9594"},"modified":"2025-08-27T09:41:49","modified_gmt":"2025-08-27T07:41:49","slug":"development-of-pattern-based-scientific-applications-for-high-performance-computing","status":"publish","type":"page","link":"https:\/\/computaex.es\/en\/publicaciones\/development-of-pattern-based-scientific-applications-for-high-performance-computing\/","title":{"rendered":"Development of Pattern-Based Scientific Applications for High-Performance Computing"},"content":{"rendered":"<p>Javier Corral-Garc\u00eda, C\u00e9sar G\u00f3mez-Mart\u00edn, Jos\u00e9-Luis Gonz\u00e1lez-S\u00e1nchez y David Cort\u00e9s-Polo. \u00ab<strong>Development of Pattern-Based Scientific Applications for High-Performance Computing<\/strong>\u00ab. Proceedings of 6th Iberian Grid Infrastructure Conference,\u00a0<a href=\"http:\/\/www.ibergrid.eu\/2012\/\">IBERGRID &#8217;12<\/a>. 6th Iberian Grid Infrastructure Conference, Lisboa, Portugal. 7-9 de Noviembre de 2012. ISBN: 978-989-98265-0-2. pp 147-158.<\/p>\n<p>Abstract.<br \/>\nComputational scientific research is faced with critical challenges such as the rigorous post-processing of the data, which requires an increased role for high-performance computing. Experience has shown that it would be very useful for researchers to follow a specific methodology and use a framework to make the development of their scientific codes and applications easier. Otherwise, they have to deal with exploit aspects of clusters and supercomputers. Nowadays, one of the biggest problems in the development of high-performance scientific applications is the need for programming environments that allow source code development in an efficient way. There is a clear lack of approaches with specific methodologies or optimal working environments.<br \/>\nAn aspect-oriented and component-based approach is proposed for the development of complex pattern-based scientific applications from existing and new functional components.<\/p>\n<p>Fuente de la publicaci\u00f3n:<\/p>\n<ul>\n<li><a href=\"https:\/\/scholar.google.es\/scholar?hl=es&amp;as_sdt=0%2C5&amp;q=Development+of+Pattern-Based+Scientific+Applications+for+High-Performance+Computing&amp;btnG=\" target=\"_blank\" rel=\"noopener\">Development of Pattern-Based Scientific Applications for High-Performance Computing<\/a><\/li>\n<\/ul>","protected":false},"excerpt":{"rendered":"<p>Javier Corral-Garc\u00eda, C\u00e9sar G\u00f3mez-Mart\u00edn, Jos\u00e9-Luis Gonz\u00e1lez-S\u00e1nchez y David Cort\u00e9s-Polo. \u00abDevelopment of Pattern-Based Scientific Applications for High-Performance Computing\u00ab. Proceedings of 6th Iberian Grid Infrastructure Conference,\u00a0IBERGRID &#8217;12. 6th Iberian Grid Infrastructure Conference, &#8230;<\/p>","protected":false},"author":1,"featured_media":0,"parent":1583,"menu_order":0,"comment_status":"closed","ping_status":"closed","template":"","meta":{"footnotes":""},"categories":[110,91],"tags":[],"class_list":["post-9594","page","type-page","status-publish","hentry","category-anteriores","category-publicaciones"],"yoast_head":"<!-- This site is optimized with the Yoast SEO plugin v27.1.1 - https:\/\/yoast.com\/product\/yoast-seo-wordpress\/ -->\n<title>Development of Pattern-Based Scientific Applications for High-Performance Computing - Fundaci\u00f3n COMPUTAEX<\/title>\n<meta name=\"robots\" content=\"index, follow, max-snippet:-1, max-image-preview:large, max-video-preview:-1\" \/>\n<link rel=\"canonical\" href=\"https:\/\/computaex.es\/en\/publicaciones\/development-of-pattern-based-scientific-applications-for-high-performance-computing\/\" \/>\n<meta property=\"og:locale\" content=\"en_US\" \/>\n<meta property=\"og:type\" content=\"article\" \/>\n<meta property=\"og:title\" content=\"Development of Pattern-Based Scientific Applications for High-Performance Computing - Fundaci\u00f3n COMPUTAEX\" \/>\n<meta property=\"og:description\" content=\"Javier Corral-Garc\u00eda, C\u00e9sar G\u00f3mez-Mart\u00edn, Jos\u00e9-Luis Gonz\u00e1lez-S\u00e1nchez y David Cort\u00e9s-Polo. \u00abDevelopment of Pattern-Based Scientific Applications for High-Performance Computing\u00ab. Proceedings of 6th Iberian Grid Infrastructure Conference,\u00a0IBERGRID &#8217;12. 6th Iberian Grid Infrastructure Conference, ...\" \/>\n<meta property=\"og:url\" content=\"https:\/\/computaex.es\/en\/publicaciones\/development-of-pattern-based-scientific-applications-for-high-performance-computing\/\" \/>\n<meta property=\"og:site_name\" content=\"Fundaci\u00f3n COMPUTAEX\" \/>\n<meta property=\"article:publisher\" content=\"https:\/\/m.facebook.com\/computaex\/\" \/>\n<meta property=\"article:modified_time\" content=\"2025-08-27T07:41:49+00:00\" \/>\n<meta property=\"og:image\" content=\"https:\/\/computaex.es\/wp-content\/uploads\/2025\/08\/COMPUTAEX.jpg\" \/>\n\t<meta property=\"og:image:width\" content=\"1024\" \/>\n\t<meta property=\"og:image:height\" content=\"403\" \/>\n\t<meta property=\"og:image:type\" content=\"image\/jpeg\" \/>\n<meta name=\"twitter:card\" content=\"summary_large_image\" \/>\n<meta name=\"twitter:site\" content=\"@computaex\" \/>\n<meta name=\"twitter:label1\" content=\"Est. reading time\" \/>\n\t<meta name=\"twitter:data1\" content=\"1 minute\" \/>\n<script type=\"application\/ld+json\" class=\"yoast-schema-graph\">{\"@context\":\"https:\/\/schema.org\",\"@graph\":[{\"@type\":\"WebPage\",\"@id\":\"https:\/\/computaex.es\/publicaciones\/development-of-pattern-based-scientific-applications-for-high-performance-computing\/\",\"url\":\"https:\/\/computaex.es\/publicaciones\/development-of-pattern-based-scientific-applications-for-high-performance-computing\/\",\"name\":\"Development of Pattern-Based Scientific Applications for High-Performance Computing - Fundaci\u00f3n COMPUTAEX\",\"isPartOf\":{\"@id\":\"https:\/\/computaex.es\/#website\"},\"datePublished\":\"2012-11-08T08:29:33+00:00\",\"dateModified\":\"2025-08-27T07:41:49+00:00\",\"breadcrumb\":{\"@id\":\"https:\/\/computaex.es\/publicaciones\/development-of-pattern-based-scientific-applications-for-high-performance-computing\/#breadcrumb\"},\"inLanguage\":\"en-US\",\"potentialAction\":[{\"@type\":\"ReadAction\",\"target\":[\"https:\/\/computaex.es\/publicaciones\/development-of-pattern-based-scientific-applications-for-high-performance-computing\/\"]}]},{\"@type\":\"BreadcrumbList\",\"@id\":\"https:\/\/computaex.es\/publicaciones\/development-of-pattern-based-scientific-applications-for-high-performance-computing\/#breadcrumb\",\"itemListElement\":[{\"@type\":\"ListItem\",\"position\":1,\"name\":\"Portada\",\"item\":\"https:\/\/computaex.es\/\"},{\"@type\":\"ListItem\",\"position\":2,\"name\":\"Publicaciones\",\"item\":\"https:\/\/computaex.es\/publicaciones\/\"},{\"@type\":\"ListItem\",\"position\":3,\"name\":\"Development of Pattern-Based Scientific Applications for High-Performance Computing\"}]},{\"@type\":\"WebSite\",\"@id\":\"https:\/\/computaex.es\/#website\",\"url\":\"https:\/\/computaex.es\/\",\"name\":\"Fundaci\u00f3n COMPUTAEX\",\"description\":\"COMPUTAEX\",\"publisher\":{\"@id\":\"https:\/\/computaex.es\/#organization\"},\"potentialAction\":[{\"@type\":\"SearchAction\",\"target\":{\"@type\":\"EntryPoint\",\"urlTemplate\":\"https:\/\/computaex.es\/?s={search_term_string}\"},\"query-input\":{\"@type\":\"PropertyValueSpecification\",\"valueRequired\":true,\"valueName\":\"search_term_string\"}}],\"inLanguage\":\"en-US\"},{\"@type\":\"Organization\",\"@id\":\"https:\/\/computaex.es\/#organization\",\"name\":\"COMPUTAEX\",\"url\":\"https:\/\/computaex.es\/\",\"logo\":{\"@type\":\"ImageObject\",\"inLanguage\":\"en-US\",\"@id\":\"https:\/\/computaex.es\/#\/schema\/logo\/image\/\",\"url\":\"https:\/\/computaex.es\/wp-content\/uploads\/2025\/05\/cropped-COMPUTAEX_transparente-scaled-1.png\",\"contentUrl\":\"https:\/\/computaex.es\/wp-content\/uploads\/2025\/05\/cropped-COMPUTAEX_transparente-scaled-1.png\",\"width\":2560,\"height\":970,\"caption\":\"COMPUTAEX\"},\"image\":{\"@id\":\"https:\/\/computaex.es\/#\/schema\/logo\/image\/\"},\"sameAs\":[\"https:\/\/m.facebook.com\/computaex\/\",\"https:\/\/x.com\/computaex\",\"https:\/\/es.linkedin.com\/company\/cenits\"]}]}<\/script>\n<!-- \/ Yoast SEO plugin. -->","yoast_head_json":{"title":"Development of Pattern-Based Scientific Applications for High-Performance Computing - Fundaci\u00f3n COMPUTAEX","robots":{"index":"index","follow":"follow","max-snippet":"max-snippet:-1","max-image-preview":"max-image-preview:large","max-video-preview":"max-video-preview:-1"},"canonical":"https:\/\/computaex.es\/en\/publicaciones\/development-of-pattern-based-scientific-applications-for-high-performance-computing\/","og_locale":"en_US","og_type":"article","og_title":"Development of Pattern-Based Scientific Applications for High-Performance Computing - Fundaci\u00f3n COMPUTAEX","og_description":"Javier Corral-Garc\u00eda, C\u00e9sar G\u00f3mez-Mart\u00edn, Jos\u00e9-Luis Gonz\u00e1lez-S\u00e1nchez y David Cort\u00e9s-Polo. \u00abDevelopment of Pattern-Based Scientific Applications for High-Performance Computing\u00ab. Proceedings of 6th Iberian Grid Infrastructure Conference,\u00a0IBERGRID &#8217;12. 6th Iberian Grid Infrastructure Conference, ...","og_url":"https:\/\/computaex.es\/en\/publicaciones\/development-of-pattern-based-scientific-applications-for-high-performance-computing\/","og_site_name":"Fundaci\u00f3n COMPUTAEX","article_publisher":"https:\/\/m.facebook.com\/computaex\/","article_modified_time":"2025-08-27T07:41:49+00:00","og_image":[{"width":1024,"height":403,"url":"https:\/\/computaex.es\/wp-content\/uploads\/2025\/08\/COMPUTAEX.jpg","type":"image\/jpeg"}],"twitter_card":"summary_large_image","twitter_site":"@computaex","twitter_misc":{"Est. reading time":"1 minute"},"schema":{"@context":"https:\/\/schema.org","@graph":[{"@type":"WebPage","@id":"https:\/\/computaex.es\/publicaciones\/development-of-pattern-based-scientific-applications-for-high-performance-computing\/","url":"https:\/\/computaex.es\/publicaciones\/development-of-pattern-based-scientific-applications-for-high-performance-computing\/","name":"Development of Pattern-Based Scientific Applications for High-Performance Computing - Fundaci\u00f3n COMPUTAEX","isPartOf":{"@id":"https:\/\/computaex.es\/#website"},"datePublished":"2012-11-08T08:29:33+00:00","dateModified":"2025-08-27T07:41:49+00:00","breadcrumb":{"@id":"https:\/\/computaex.es\/publicaciones\/development-of-pattern-based-scientific-applications-for-high-performance-computing\/#breadcrumb"},"inLanguage":"en-US","potentialAction":[{"@type":"ReadAction","target":["https:\/\/computaex.es\/publicaciones\/development-of-pattern-based-scientific-applications-for-high-performance-computing\/"]}]},{"@type":"BreadcrumbList","@id":"https:\/\/computaex.es\/publicaciones\/development-of-pattern-based-scientific-applications-for-high-performance-computing\/#breadcrumb","itemListElement":[{"@type":"ListItem","position":1,"name":"Portada","item":"https:\/\/computaex.es\/"},{"@type":"ListItem","position":2,"name":"Publicaciones","item":"https:\/\/computaex.es\/publicaciones\/"},{"@type":"ListItem","position":3,"name":"Development of Pattern-Based Scientific Applications for High-Performance Computing"}]},{"@type":"WebSite","@id":"https:\/\/computaex.es\/#website","url":"https:\/\/computaex.es\/","name":"COMPUTAEX Foundation","description":"COMPUTAEX","publisher":{"@id":"https:\/\/computaex.es\/#organization"},"potentialAction":[{"@type":"SearchAction","target":{"@type":"EntryPoint","urlTemplate":"https:\/\/computaex.es\/?s={search_term_string}"},"query-input":{"@type":"PropertyValueSpecification","valueRequired":true,"valueName":"search_term_string"}}],"inLanguage":"en-US"},{"@type":"Organization","@id":"https:\/\/computaex.es\/#organization","name":"COMPUTAEX","url":"https:\/\/computaex.es\/","logo":{"@type":"ImageObject","inLanguage":"en-US","@id":"https:\/\/computaex.es\/#\/schema\/logo\/image\/","url":"https:\/\/computaex.es\/wp-content\/uploads\/2025\/05\/cropped-COMPUTAEX_transparente-scaled-1.png","contentUrl":"https:\/\/computaex.es\/wp-content\/uploads\/2025\/05\/cropped-COMPUTAEX_transparente-scaled-1.png","width":2560,"height":970,"caption":"COMPUTAEX"},"image":{"@id":"https:\/\/computaex.es\/#\/schema\/logo\/image\/"},"sameAs":["https:\/\/m.facebook.com\/computaex\/","https:\/\/x.com\/computaex","https:\/\/es.linkedin.com\/company\/cenits"]}]}},"_links":{"self":[{"href":"https:\/\/computaex.es\/en\/wp-json\/wp\/v2\/pages\/9594","targetHints":{"allow":["GET"]}}],"collection":[{"href":"https:\/\/computaex.es\/en\/wp-json\/wp\/v2\/pages"}],"about":[{"href":"https:\/\/computaex.es\/en\/wp-json\/wp\/v2\/types\/page"}],"author":[{"embeddable":true,"href":"https:\/\/computaex.es\/en\/wp-json\/wp\/v2\/users\/1"}],"replies":[{"embeddable":true,"href":"https:\/\/computaex.es\/en\/wp-json\/wp\/v2\/comments?post=9594"}],"version-history":[{"count":1,"href":"https:\/\/computaex.es\/en\/wp-json\/wp\/v2\/pages\/9594\/revisions"}],"predecessor-version":[{"id":9602,"href":"https:\/\/computaex.es\/en\/wp-json\/wp\/v2\/pages\/9594\/revisions\/9602"}],"up":[{"embeddable":true,"href":"https:\/\/computaex.es\/en\/wp-json\/wp\/v2\/pages\/1583"}],"wp:attachment":[{"href":"https:\/\/computaex.es\/en\/wp-json\/wp\/v2\/media?parent=9594"}],"wp:term":[{"taxonomy":"category","embeddable":true,"href":"https:\/\/computaex.es\/en\/wp-json\/wp\/v2\/categories?post=9594"},{"taxonomy":"post_tag","embeddable":true,"href":"https:\/\/computaex.es\/en\/wp-json\/wp\/v2\/tags?post=9594"}],"curies":[{"name":"wp","href":"https:\/\/api.w.org\/{rel}","templated":true}]}}