{"id":9619,"date":"2019-11-13T09:51:37","date_gmt":"2019-11-13T08:51:37","guid":{"rendered":"https:\/\/web.computaex.es\/?page_id=9619"},"modified":"2025-08-27T09:52:17","modified_gmt":"2025-08-27T07:52:17","slug":"a-novel-methodology-based-on-orthogonal-projections-for-a-mobile-network-data-set-analysis","status":"publish","type":"page","link":"https:\/\/computaex.es\/en\/publicaciones\/a-novel-methodology-based-on-orthogonal-projections-for-a-mobile-network-data-set-analysis\/","title":{"rendered":"A Novel Methodology Based on Orthogonal Projections for a Mobile Network Data Set Analysis"},"content":{"rendered":"<div class=\"field field-name-field-pub-descripcion field-type-text-long field-label-hidden\">\n<div class=\"field-items\">\n<div class=\"field-item even\">\n<p>Nowadays, networks are at the center of the next industrial revolution. In fact, 5G in a short time will connect people, industries and things, so understanding how the network is performing its critical mission in this new paradigm is a key aspect. Network analytics increases the knowledge of the network and its users, leading the network managers to make smarter, data-driven decisions about the operations that they will execute in the network. In this article, a new methodology is introduced to analyze real data contained in a Call Details Record of a mobile network. With this novel methodology, the extraction of extreme points using the orthogonal projection decrease the complexity of the classification algorithm to obtain key information about network usage. Experimental results show how the proposed methodology selects and classifies network behavior patterns using a simple classification algorithm and how these patterns could be used to find, for instance, anomalies in the network, track human mobility, undertake network planning, detect events in the network, etc.<\/p>\n<\/div>\n<\/div>\n<\/div>\n<div class=\"field field-name-field-pub-fuente field-type-text-long field-label-above\">\n<div class=\"field-label\">Fuente de la publicaci\u00f3n:<\/div>\n<div class=\"field-items\">\n<div class=\"field-item even\">\n<ul>\n<li>D. Cort\u00e9s-Polo, L. I. J. Gil, J. Calle-Cancho and J. Gonz\u00e1lez-S\u00e1nchez. A Novel Methodology Based on Orthogonal Projections for a Mobile Network Data Set Analysis.\u00a0<em>IEEE Access<\/em>, vol. 7, pp. 158007-158015, 2019. doi:\u00a0<a href=\"https:\/\/doi.org\/10.1109\/ACCESS.2019.2949804\" target=\"_blank\" rel=\"noopener\">10.1109\/ACCESS.2019.2949804<\/a>.<\/li>\n<\/ul>\n<\/div>\n<\/div>\n<\/div>","protected":false},"excerpt":{"rendered":"<p>Nowadays, networks are at the center of the next industrial revolution. In fact, 5G in a short time will connect people, industries and things, so understanding how the network is &#8230;<\/p>","protected":false},"author":1,"featured_media":0,"parent":1583,"menu_order":0,"comment_status":"closed","ping_status":"closed","template":"","meta":{"footnotes":""},"categories":[110,91],"tags":[],"class_list":["post-9619","page","type-page","status-publish","hentry","category-anteriores","category-publicaciones"],"yoast_head":"<!-- This site is optimized with the Yoast SEO plugin v27.1.1 - https:\/\/yoast.com\/product\/yoast-seo-wordpress\/ -->\n<title>A Novel Methodology Based on Orthogonal Projections for a Mobile Network Data Set Analysis - Fundaci\u00f3n COMPUTAEX<\/title>\n<meta name=\"robots\" content=\"index, follow, max-snippet:-1, max-image-preview:large, max-video-preview:-1\" \/>\n<link rel=\"canonical\" href=\"https:\/\/computaex.es\/en\/publicaciones\/a-novel-methodology-based-on-orthogonal-projections-for-a-mobile-network-data-set-analysis\/\" \/>\n<meta property=\"og:locale\" content=\"en_US\" \/>\n<meta property=\"og:type\" content=\"article\" \/>\n<meta property=\"og:title\" content=\"A Novel Methodology Based on Orthogonal Projections for a Mobile Network Data Set Analysis - Fundaci\u00f3n COMPUTAEX\" \/>\n<meta property=\"og:description\" content=\"Nowadays, networks are at the center of the next industrial revolution. In fact, 5G in a short time will connect people, industries and things, so understanding how the network is ...\" \/>\n<meta property=\"og:url\" content=\"https:\/\/computaex.es\/en\/publicaciones\/a-novel-methodology-based-on-orthogonal-projections-for-a-mobile-network-data-set-analysis\/\" \/>\n<meta property=\"og:site_name\" content=\"Fundaci\u00f3n COMPUTAEX\" \/>\n<meta property=\"article:publisher\" content=\"https:\/\/m.facebook.com\/computaex\/\" \/>\n<meta property=\"article:modified_time\" content=\"2025-08-27T07:52:17+00:00\" \/>\n<meta property=\"og:image\" content=\"https:\/\/computaex.es\/wp-content\/uploads\/2025\/08\/COMPUTAEX.jpg\" \/>\n\t<meta property=\"og:image:width\" content=\"1024\" \/>\n\t<meta property=\"og:image:height\" content=\"403\" \/>\n\t<meta property=\"og:image:type\" content=\"image\/jpeg\" \/>\n<meta name=\"twitter:card\" content=\"summary_large_image\" \/>\n<meta name=\"twitter:site\" content=\"@computaex\" \/>\n<meta name=\"twitter:label1\" content=\"Est. reading time\" \/>\n\t<meta name=\"twitter:data1\" content=\"1 minute\" \/>\n<script type=\"application\/ld+json\" class=\"yoast-schema-graph\">{\"@context\":\"https:\/\/schema.org\",\"@graph\":[{\"@type\":\"WebPage\",\"@id\":\"https:\/\/computaex.es\/publicaciones\/a-novel-methodology-based-on-orthogonal-projections-for-a-mobile-network-data-set-analysis\/\",\"url\":\"https:\/\/computaex.es\/publicaciones\/a-novel-methodology-based-on-orthogonal-projections-for-a-mobile-network-data-set-analysis\/\",\"name\":\"A Novel Methodology Based on Orthogonal Projections for a Mobile Network Data Set Analysis - Fundaci\u00f3n COMPUTAEX\",\"isPartOf\":{\"@id\":\"https:\/\/computaex.es\/#website\"},\"datePublished\":\"2019-11-13T08:51:37+00:00\",\"dateModified\":\"2025-08-27T07:52:17+00:00\",\"breadcrumb\":{\"@id\":\"https:\/\/computaex.es\/publicaciones\/a-novel-methodology-based-on-orthogonal-projections-for-a-mobile-network-data-set-analysis\/#breadcrumb\"},\"inLanguage\":\"en-US\",\"potentialAction\":[{\"@type\":\"ReadAction\",\"target\":[\"https:\/\/computaex.es\/publicaciones\/a-novel-methodology-based-on-orthogonal-projections-for-a-mobile-network-data-set-analysis\/\"]}]},{\"@type\":\"BreadcrumbList\",\"@id\":\"https:\/\/computaex.es\/publicaciones\/a-novel-methodology-based-on-orthogonal-projections-for-a-mobile-network-data-set-analysis\/#breadcrumb\",\"itemListElement\":[{\"@type\":\"ListItem\",\"position\":1,\"name\":\"Portada\",\"item\":\"https:\/\/computaex.es\/\"},{\"@type\":\"ListItem\",\"position\":2,\"name\":\"Publicaciones\",\"item\":\"https:\/\/computaex.es\/publicaciones\/\"},{\"@type\":\"ListItem\",\"position\":3,\"name\":\"A Novel Methodology Based on Orthogonal Projections for a Mobile Network Data Set Analysis\"}]},{\"@type\":\"WebSite\",\"@id\":\"https:\/\/computaex.es\/#website\",\"url\":\"https:\/\/computaex.es\/\",\"name\":\"Fundaci\u00f3n COMPUTAEX\",\"description\":\"COMPUTAEX\",\"publisher\":{\"@id\":\"https:\/\/computaex.es\/#organization\"},\"potentialAction\":[{\"@type\":\"SearchAction\",\"target\":{\"@type\":\"EntryPoint\",\"urlTemplate\":\"https:\/\/computaex.es\/?s={search_term_string}\"},\"query-input\":{\"@type\":\"PropertyValueSpecification\",\"valueRequired\":true,\"valueName\":\"search_term_string\"}}],\"inLanguage\":\"en-US\"},{\"@type\":\"Organization\",\"@id\":\"https:\/\/computaex.es\/#organization\",\"name\":\"COMPUTAEX\",\"url\":\"https:\/\/computaex.es\/\",\"logo\":{\"@type\":\"ImageObject\",\"inLanguage\":\"en-US\",\"@id\":\"https:\/\/computaex.es\/#\/schema\/logo\/image\/\",\"url\":\"https:\/\/computaex.es\/wp-content\/uploads\/2025\/05\/cropped-COMPUTAEX_transparente-scaled-1.png\",\"contentUrl\":\"https:\/\/computaex.es\/wp-content\/uploads\/2025\/05\/cropped-COMPUTAEX_transparente-scaled-1.png\",\"width\":2560,\"height\":970,\"caption\":\"COMPUTAEX\"},\"image\":{\"@id\":\"https:\/\/computaex.es\/#\/schema\/logo\/image\/\"},\"sameAs\":[\"https:\/\/m.facebook.com\/computaex\/\",\"https:\/\/x.com\/computaex\",\"https:\/\/es.linkedin.com\/company\/cenits\"]}]}<\/script>\n<!-- \/ Yoast SEO plugin. -->","yoast_head_json":{"title":"A Novel Methodology Based on Orthogonal Projections for a Mobile Network Data Set Analysis - Fundaci\u00f3n COMPUTAEX","robots":{"index":"index","follow":"follow","max-snippet":"max-snippet:-1","max-image-preview":"max-image-preview:large","max-video-preview":"max-video-preview:-1"},"canonical":"https:\/\/computaex.es\/en\/publicaciones\/a-novel-methodology-based-on-orthogonal-projections-for-a-mobile-network-data-set-analysis\/","og_locale":"en_US","og_type":"article","og_title":"A Novel Methodology Based on Orthogonal Projections for a Mobile Network Data Set Analysis - Fundaci\u00f3n COMPUTAEX","og_description":"Nowadays, networks are at the center of the next industrial revolution. In fact, 5G in a short time will connect people, industries and things, so understanding how the network is ...","og_url":"https:\/\/computaex.es\/en\/publicaciones\/a-novel-methodology-based-on-orthogonal-projections-for-a-mobile-network-data-set-analysis\/","og_site_name":"Fundaci\u00f3n COMPUTAEX","article_publisher":"https:\/\/m.facebook.com\/computaex\/","article_modified_time":"2025-08-27T07:52:17+00:00","og_image":[{"width":1024,"height":403,"url":"https:\/\/computaex.es\/wp-content\/uploads\/2025\/08\/COMPUTAEX.jpg","type":"image\/jpeg"}],"twitter_card":"summary_large_image","twitter_site":"@computaex","twitter_misc":{"Est. reading time":"1 minute"},"schema":{"@context":"https:\/\/schema.org","@graph":[{"@type":"WebPage","@id":"https:\/\/computaex.es\/publicaciones\/a-novel-methodology-based-on-orthogonal-projections-for-a-mobile-network-data-set-analysis\/","url":"https:\/\/computaex.es\/publicaciones\/a-novel-methodology-based-on-orthogonal-projections-for-a-mobile-network-data-set-analysis\/","name":"A Novel Methodology Based on Orthogonal Projections for a Mobile Network Data Set Analysis - Fundaci\u00f3n COMPUTAEX","isPartOf":{"@id":"https:\/\/computaex.es\/#website"},"datePublished":"2019-11-13T08:51:37+00:00","dateModified":"2025-08-27T07:52:17+00:00","breadcrumb":{"@id":"https:\/\/computaex.es\/publicaciones\/a-novel-methodology-based-on-orthogonal-projections-for-a-mobile-network-data-set-analysis\/#breadcrumb"},"inLanguage":"en-US","potentialAction":[{"@type":"ReadAction","target":["https:\/\/computaex.es\/publicaciones\/a-novel-methodology-based-on-orthogonal-projections-for-a-mobile-network-data-set-analysis\/"]}]},{"@type":"BreadcrumbList","@id":"https:\/\/computaex.es\/publicaciones\/a-novel-methodology-based-on-orthogonal-projections-for-a-mobile-network-data-set-analysis\/#breadcrumb","itemListElement":[{"@type":"ListItem","position":1,"name":"Portada","item":"https:\/\/computaex.es\/"},{"@type":"ListItem","position":2,"name":"Publicaciones","item":"https:\/\/computaex.es\/publicaciones\/"},{"@type":"ListItem","position":3,"name":"A Novel Methodology Based on Orthogonal Projections for a Mobile Network Data Set Analysis"}]},{"@type":"WebSite","@id":"https:\/\/computaex.es\/#website","url":"https:\/\/computaex.es\/","name":"COMPUTAEX Foundation","description":"COMPUTAEX","publisher":{"@id":"https:\/\/computaex.es\/#organization"},"potentialAction":[{"@type":"SearchAction","target":{"@type":"EntryPoint","urlTemplate":"https:\/\/computaex.es\/?s={search_term_string}"},"query-input":{"@type":"PropertyValueSpecification","valueRequired":true,"valueName":"search_term_string"}}],"inLanguage":"en-US"},{"@type":"Organization","@id":"https:\/\/computaex.es\/#organization","name":"COMPUTAEX","url":"https:\/\/computaex.es\/","logo":{"@type":"ImageObject","inLanguage":"en-US","@id":"https:\/\/computaex.es\/#\/schema\/logo\/image\/","url":"https:\/\/computaex.es\/wp-content\/uploads\/2025\/05\/cropped-COMPUTAEX_transparente-scaled-1.png","contentUrl":"https:\/\/computaex.es\/wp-content\/uploads\/2025\/05\/cropped-COMPUTAEX_transparente-scaled-1.png","width":2560,"height":970,"caption":"COMPUTAEX"},"image":{"@id":"https:\/\/computaex.es\/#\/schema\/logo\/image\/"},"sameAs":["https:\/\/m.facebook.com\/computaex\/","https:\/\/x.com\/computaex","https:\/\/es.linkedin.com\/company\/cenits"]}]}},"_links":{"self":[{"href":"https:\/\/computaex.es\/en\/wp-json\/wp\/v2\/pages\/9619","targetHints":{"allow":["GET"]}}],"collection":[{"href":"https:\/\/computaex.es\/en\/wp-json\/wp\/v2\/pages"}],"about":[{"href":"https:\/\/computaex.es\/en\/wp-json\/wp\/v2\/types\/page"}],"author":[{"embeddable":true,"href":"https:\/\/computaex.es\/en\/wp-json\/wp\/v2\/users\/1"}],"replies":[{"embeddable":true,"href":"https:\/\/computaex.es\/en\/wp-json\/wp\/v2\/comments?post=9619"}],"version-history":[{"count":1,"href":"https:\/\/computaex.es\/en\/wp-json\/wp\/v2\/pages\/9619\/revisions"}],"predecessor-version":[{"id":9620,"href":"https:\/\/computaex.es\/en\/wp-json\/wp\/v2\/pages\/9619\/revisions\/9620"}],"up":[{"embeddable":true,"href":"https:\/\/computaex.es\/en\/wp-json\/wp\/v2\/pages\/1583"}],"wp:attachment":[{"href":"https:\/\/computaex.es\/en\/wp-json\/wp\/v2\/media?parent=9619"}],"wp:term":[{"taxonomy":"category","embeddable":true,"href":"https:\/\/computaex.es\/en\/wp-json\/wp\/v2\/categories?post=9619"},{"taxonomy":"post_tag","embeddable":true,"href":"https:\/\/computaex.es\/en\/wp-json\/wp\/v2\/tags?post=9619"}],"curies":[{"name":"wp","href":"https:\/\/api.w.org\/{rel}","templated":true}]}}