{"id":9624,"date":"2019-10-24T09:53:15","date_gmt":"2019-10-24T07:53:15","guid":{"rendered":"https:\/\/web.computaex.es\/?page_id=9624"},"modified":"2025-08-27T09:55:03","modified_gmt":"2025-08-27T07:55:03","slug":"analisis-de-costes-del-despliegue-de-una-arquitectura-de-red-basada-en-sdn-nfv","status":"publish","type":"page","link":"https:\/\/computaex.es\/en\/publicaciones\/analisis-de-costes-del-despliegue-de-una-arquitectura-de-red-basada-en-sdn-nfv\/","title":{"rendered":"An\u00e1lisis de costes del despliegue de una arquitectura de red basada en SDN\/NFV"},"content":{"rendered":"<div class=\"field field-name-field-pub-descripcion field-type-text-long field-label-hidden\">\n<div class=\"field-items\">\n<div class=\"field-item even\">\n<p>En los \u00faltimos a\u00f1os, el incremento exponencial del tr\u00e1fico de datos m\u00f3viles unido al despliegue de nuevos servicios sobre las redes actuales, han propiciado que los operadores de red busquen nuevas tecnolog\u0131\u0301as para adaptarse. Entre \u00e9stas, destacan especialmente las redes definidas por software (SDN) y la virtualizaci\u00f3n de funciones de red (NFV), como dos de las tecnolog\u0131\u0301as que se ajustan a la naturaleza din\u00e1mica de las redes de pr\u00f3xima generaci\u00f3n. Dado que la migraci\u00f3n a estas nuevas tecnolog\u0131\u0301as conlleva un coste elevado para los operadores, \u00e9stos buscan soluciones que ofrezcan un aumento de las capacidades de la red, reduciendo lo m\u00e1ximo posible los costes de infraestructura (CAPEX) y los costes de operaci\u00f3n (OPEX).<\/p>\n<p>Este trabajo desarrolla un an\u00e1lisis y evaluaci\u00f3n de costes sobre la Red Cient\u0131\u0301fico Tecnol\u00f3gica de Extremadura (RCT), de forma que se puedan cubrir las necesidades de las redes de pr\u00f3xima generaci\u00f3n, reduciendo costes y proporcionando agilidad en el despliegue de sus servicios.<\/p>\n<\/div>\n<\/div>\n<\/div>\n<div class=\"field field-name-field-pub-fuente field-type-text-long field-label-above\">\n<div class=\"field-label\"><strong>Fuente de la publicaci\u00f3n:\u00a0<\/strong><\/div>\n<div class=\"field-items\">\n<div class=\"field-item even\">\n<ul>\n<li>Jes\u00fas Calle\u2010Cancho, David Cort\u00e9s\u2010Polo, Javier Carmona\u2010Murillo, Jos\u00e9\u2010Luis Gonz\u00e1lez\u2010S\u00e1nchez and Francisco\u2010Javier Rodr\u00edguez\u2010P\u00e9rez. An\u00e1lisis de costes del despliegue de una arquitectura de red basada en SDN\/NFV. XIV Jornadas de Ingenier\u00eda Telem\u00e1tica (JITEL 2019), Zaragoza, octubre 2019.<\/li>\n<\/ul>\n<p>&nbsp;<\/p>\n<\/div>\n<\/div>\n<\/div>","protected":false},"excerpt":{"rendered":"<p>En los \u00faltimos a\u00f1os, el incremento exponencial del tr\u00e1fico de datos m\u00f3viles unido al despliegue de nuevos servicios sobre las redes actuales, han propiciado que los operadores de red busquen &#8230;<\/p>","protected":false},"author":1,"featured_media":0,"parent":1583,"menu_order":0,"comment_status":"closed","ping_status":"closed","template":"","meta":{"footnotes":""},"categories":[110,91],"tags":[],"class_list":["post-9624","page","type-page","status-publish","hentry","category-anteriores","category-publicaciones"],"yoast_head":"<!-- This site is optimized with the Yoast SEO plugin v27.1.1 - https:\/\/yoast.com\/product\/yoast-seo-wordpress\/ -->\n<title>An\u00e1lisis de costes del despliegue de una arquitectura de red basada en SDN\/NFV - Fundaci\u00f3n COMPUTAEX<\/title>\n<meta name=\"robots\" content=\"index, follow, max-snippet:-1, max-image-preview:large, max-video-preview:-1\" \/>\n<link rel=\"canonical\" href=\"https:\/\/computaex.es\/en\/publicaciones\/analisis-de-costes-del-despliegue-de-una-arquitectura-de-red-basada-en-sdn-nfv\/\" \/>\n<meta property=\"og:locale\" content=\"en_US\" \/>\n<meta property=\"og:type\" content=\"article\" \/>\n<meta property=\"og:title\" content=\"An\u00e1lisis de costes del despliegue de una arquitectura de red basada en SDN\/NFV - Fundaci\u00f3n COMPUTAEX\" \/>\n<meta property=\"og:description\" content=\"En los \u00faltimos a\u00f1os, el incremento exponencial del tr\u00e1fico de datos m\u00f3viles unido al despliegue de nuevos servicios sobre las redes actuales, han propiciado que los operadores de red busquen ...\" \/>\n<meta property=\"og:url\" content=\"https:\/\/computaex.es\/en\/publicaciones\/analisis-de-costes-del-despliegue-de-una-arquitectura-de-red-basada-en-sdn-nfv\/\" \/>\n<meta property=\"og:site_name\" content=\"Fundaci\u00f3n COMPUTAEX\" \/>\n<meta property=\"article:publisher\" content=\"https:\/\/m.facebook.com\/computaex\/\" \/>\n<meta property=\"article:modified_time\" content=\"2025-08-27T07:55:03+00:00\" \/>\n<meta property=\"og:image\" content=\"https:\/\/computaex.es\/wp-content\/uploads\/2025\/08\/COMPUTAEX.jpg\" \/>\n\t<meta property=\"og:image:width\" content=\"1024\" \/>\n\t<meta property=\"og:image:height\" content=\"403\" \/>\n\t<meta property=\"og:image:type\" content=\"image\/jpeg\" \/>\n<meta name=\"twitter:card\" content=\"summary_large_image\" \/>\n<meta name=\"twitter:site\" content=\"@computaex\" \/>\n<meta name=\"twitter:label1\" content=\"Est. reading time\" \/>\n\t<meta name=\"twitter:data1\" content=\"1 minute\" \/>\n<script type=\"application\/ld+json\" class=\"yoast-schema-graph\">{\"@context\":\"https:\/\/schema.org\",\"@graph\":[{\"@type\":\"WebPage\",\"@id\":\"https:\/\/computaex.es\/publicaciones\/analisis-de-costes-del-despliegue-de-una-arquitectura-de-red-basada-en-sdn-nfv\/\",\"url\":\"https:\/\/computaex.es\/publicaciones\/analisis-de-costes-del-despliegue-de-una-arquitectura-de-red-basada-en-sdn-nfv\/\",\"name\":\"An\u00e1lisis de costes del despliegue de una arquitectura de red basada en SDN\/NFV - Fundaci\u00f3n COMPUTAEX\",\"isPartOf\":{\"@id\":\"https:\/\/computaex.es\/#website\"},\"datePublished\":\"2019-10-24T07:53:15+00:00\",\"dateModified\":\"2025-08-27T07:55:03+00:00\",\"breadcrumb\":{\"@id\":\"https:\/\/computaex.es\/publicaciones\/analisis-de-costes-del-despliegue-de-una-arquitectura-de-red-basada-en-sdn-nfv\/#breadcrumb\"},\"inLanguage\":\"en-US\",\"potentialAction\":[{\"@type\":\"ReadAction\",\"target\":[\"https:\/\/computaex.es\/publicaciones\/analisis-de-costes-del-despliegue-de-una-arquitectura-de-red-basada-en-sdn-nfv\/\"]}]},{\"@type\":\"BreadcrumbList\",\"@id\":\"https:\/\/computaex.es\/publicaciones\/analisis-de-costes-del-despliegue-de-una-arquitectura-de-red-basada-en-sdn-nfv\/#breadcrumb\",\"itemListElement\":[{\"@type\":\"ListItem\",\"position\":1,\"name\":\"Portada\",\"item\":\"https:\/\/computaex.es\/\"},{\"@type\":\"ListItem\",\"position\":2,\"name\":\"Publicaciones\",\"item\":\"https:\/\/computaex.es\/publicaciones\/\"},{\"@type\":\"ListItem\",\"position\":3,\"name\":\"An\u00e1lisis de costes del despliegue de una arquitectura de red basada en SDN\/NFV\"}]},{\"@type\":\"WebSite\",\"@id\":\"https:\/\/computaex.es\/#website\",\"url\":\"https:\/\/computaex.es\/\",\"name\":\"Fundaci\u00f3n COMPUTAEX\",\"description\":\"COMPUTAEX\",\"publisher\":{\"@id\":\"https:\/\/computaex.es\/#organization\"},\"potentialAction\":[{\"@type\":\"SearchAction\",\"target\":{\"@type\":\"EntryPoint\",\"urlTemplate\":\"https:\/\/computaex.es\/?s={search_term_string}\"},\"query-input\":{\"@type\":\"PropertyValueSpecification\",\"valueRequired\":true,\"valueName\":\"search_term_string\"}}],\"inLanguage\":\"en-US\"},{\"@type\":\"Organization\",\"@id\":\"https:\/\/computaex.es\/#organization\",\"name\":\"COMPUTAEX\",\"url\":\"https:\/\/computaex.es\/\",\"logo\":{\"@type\":\"ImageObject\",\"inLanguage\":\"en-US\",\"@id\":\"https:\/\/computaex.es\/#\/schema\/logo\/image\/\",\"url\":\"https:\/\/computaex.es\/wp-content\/uploads\/2025\/05\/cropped-COMPUTAEX_transparente-scaled-1.png\",\"contentUrl\":\"https:\/\/computaex.es\/wp-content\/uploads\/2025\/05\/cropped-COMPUTAEX_transparente-scaled-1.png\",\"width\":2560,\"height\":970,\"caption\":\"COMPUTAEX\"},\"image\":{\"@id\":\"https:\/\/computaex.es\/#\/schema\/logo\/image\/\"},\"sameAs\":[\"https:\/\/m.facebook.com\/computaex\/\",\"https:\/\/x.com\/computaex\",\"https:\/\/es.linkedin.com\/company\/cenits\"]}]}<\/script>\n<!-- \/ Yoast SEO plugin. -->","yoast_head_json":{"title":"An\u00e1lisis de costes del despliegue de una arquitectura de red basada en SDN\/NFV - Fundaci\u00f3n COMPUTAEX","robots":{"index":"index","follow":"follow","max-snippet":"max-snippet:-1","max-image-preview":"max-image-preview:large","max-video-preview":"max-video-preview:-1"},"canonical":"https:\/\/computaex.es\/en\/publicaciones\/analisis-de-costes-del-despliegue-de-una-arquitectura-de-red-basada-en-sdn-nfv\/","og_locale":"en_US","og_type":"article","og_title":"An\u00e1lisis de costes del despliegue de una arquitectura de red basada en SDN\/NFV - Fundaci\u00f3n COMPUTAEX","og_description":"En los \u00faltimos a\u00f1os, el incremento exponencial del tr\u00e1fico de datos m\u00f3viles unido al despliegue de nuevos servicios sobre las redes actuales, han propiciado que los operadores de red busquen ...","og_url":"https:\/\/computaex.es\/en\/publicaciones\/analisis-de-costes-del-despliegue-de-una-arquitectura-de-red-basada-en-sdn-nfv\/","og_site_name":"Fundaci\u00f3n COMPUTAEX","article_publisher":"https:\/\/m.facebook.com\/computaex\/","article_modified_time":"2025-08-27T07:55:03+00:00","og_image":[{"width":1024,"height":403,"url":"https:\/\/computaex.es\/wp-content\/uploads\/2025\/08\/COMPUTAEX.jpg","type":"image\/jpeg"}],"twitter_card":"summary_large_image","twitter_site":"@computaex","twitter_misc":{"Est. reading time":"1 minute"},"schema":{"@context":"https:\/\/schema.org","@graph":[{"@type":"WebPage","@id":"https:\/\/computaex.es\/publicaciones\/analisis-de-costes-del-despliegue-de-una-arquitectura-de-red-basada-en-sdn-nfv\/","url":"https:\/\/computaex.es\/publicaciones\/analisis-de-costes-del-despliegue-de-una-arquitectura-de-red-basada-en-sdn-nfv\/","name":"An\u00e1lisis de costes del despliegue de una arquitectura de red basada en SDN\/NFV - Fundaci\u00f3n COMPUTAEX","isPartOf":{"@id":"https:\/\/computaex.es\/#website"},"datePublished":"2019-10-24T07:53:15+00:00","dateModified":"2025-08-27T07:55:03+00:00","breadcrumb":{"@id":"https:\/\/computaex.es\/publicaciones\/analisis-de-costes-del-despliegue-de-una-arquitectura-de-red-basada-en-sdn-nfv\/#breadcrumb"},"inLanguage":"en-US","potentialAction":[{"@type":"ReadAction","target":["https:\/\/computaex.es\/publicaciones\/analisis-de-costes-del-despliegue-de-una-arquitectura-de-red-basada-en-sdn-nfv\/"]}]},{"@type":"BreadcrumbList","@id":"https:\/\/computaex.es\/publicaciones\/analisis-de-costes-del-despliegue-de-una-arquitectura-de-red-basada-en-sdn-nfv\/#breadcrumb","itemListElement":[{"@type":"ListItem","position":1,"name":"Portada","item":"https:\/\/computaex.es\/"},{"@type":"ListItem","position":2,"name":"Publicaciones","item":"https:\/\/computaex.es\/publicaciones\/"},{"@type":"ListItem","position":3,"name":"An\u00e1lisis de costes del despliegue de una arquitectura de red basada en SDN\/NFV"}]},{"@type":"WebSite","@id":"https:\/\/computaex.es\/#website","url":"https:\/\/computaex.es\/","name":"COMPUTAEX Foundation","description":"COMPUTAEX","publisher":{"@id":"https:\/\/computaex.es\/#organization"},"potentialAction":[{"@type":"SearchAction","target":{"@type":"EntryPoint","urlTemplate":"https:\/\/computaex.es\/?s={search_term_string}"},"query-input":{"@type":"PropertyValueSpecification","valueRequired":true,"valueName":"search_term_string"}}],"inLanguage":"en-US"},{"@type":"Organization","@id":"https:\/\/computaex.es\/#organization","name":"COMPUTAEX","url":"https:\/\/computaex.es\/","logo":{"@type":"ImageObject","inLanguage":"en-US","@id":"https:\/\/computaex.es\/#\/schema\/logo\/image\/","url":"https:\/\/computaex.es\/wp-content\/uploads\/2025\/05\/cropped-COMPUTAEX_transparente-scaled-1.png","contentUrl":"https:\/\/computaex.es\/wp-content\/uploads\/2025\/05\/cropped-COMPUTAEX_transparente-scaled-1.png","width":2560,"height":970,"caption":"COMPUTAEX"},"image":{"@id":"https:\/\/computaex.es\/#\/schema\/logo\/image\/"},"sameAs":["https:\/\/m.facebook.com\/computaex\/","https:\/\/x.com\/computaex","https:\/\/es.linkedin.com\/company\/cenits"]}]}},"_links":{"self":[{"href":"https:\/\/computaex.es\/en\/wp-json\/wp\/v2\/pages\/9624","targetHints":{"allow":["GET"]}}],"collection":[{"href":"https:\/\/computaex.es\/en\/wp-json\/wp\/v2\/pages"}],"about":[{"href":"https:\/\/computaex.es\/en\/wp-json\/wp\/v2\/types\/page"}],"author":[{"embeddable":true,"href":"https:\/\/computaex.es\/en\/wp-json\/wp\/v2\/users\/1"}],"replies":[{"embeddable":true,"href":"https:\/\/computaex.es\/en\/wp-json\/wp\/v2\/comments?post=9624"}],"version-history":[{"count":1,"href":"https:\/\/computaex.es\/en\/wp-json\/wp\/v2\/pages\/9624\/revisions"}],"predecessor-version":[{"id":9626,"href":"https:\/\/computaex.es\/en\/wp-json\/wp\/v2\/pages\/9624\/revisions\/9626"}],"up":[{"embeddable":true,"href":"https:\/\/computaex.es\/en\/wp-json\/wp\/v2\/pages\/1583"}],"wp:attachment":[{"href":"https:\/\/computaex.es\/en\/wp-json\/wp\/v2\/media?parent=9624"}],"wp:term":[{"taxonomy":"category","embeddable":true,"href":"https:\/\/computaex.es\/en\/wp-json\/wp\/v2\/categories?post=9624"},{"taxonomy":"post_tag","embeddable":true,"href":"https:\/\/computaex.es\/en\/wp-json\/wp\/v2\/tags?post=9624"}],"curies":[{"name":"wp","href":"https:\/\/api.w.org\/{rel}","templated":true}]}}