{"id":9632,"date":"2019-09-18T09:57:00","date_gmt":"2019-09-18T07:57:00","guid":{"rendered":"https:\/\/web.computaex.es\/?page_id=9632"},"modified":"2025-08-27T09:57:41","modified_gmt":"2025-08-27T07:57:41","slug":"gestion-de-la-seguridad-de-las-comunicaciones-para-entornos-de-hpc-en-centros-de-supercomputacion","status":"publish","type":"page","link":"https:\/\/computaex.es\/en\/publicaciones\/gestion-de-la-seguridad-de-las-comunicaciones-para-entornos-de-hpc-en-centros-de-supercomputacion\/","title":{"rendered":"Gesti\u00f3n de la seguridad de las comunicaciones para entornos de HPC en centros de supercomputaci\u00f3n"},"content":{"rendered":"<div class=\"field field-name-field-pub-descripcion field-type-text-long field-label-hidden\">\n<div class=\"field-items\">\n<div class=\"field-item even\">\n<p>La b\u00fasqueda de la eficiencia por parte de los centros de supercomputaci\u00f3n para adaptarse a las necesidades de los usuarios, en cuanto a los recursos de c\u00f3mputo, est\u00e1 llevando a integrar m\u00faltiples tecnolog\u0131\u0301as que deben convivir de forma heterog\u00e9nea, de manera que la gesti\u00f3n de los recursos, as\u0131\u0301 como, la seguridad de la infraestructura de c\u00f3mputo se est\u00e1 volviendo m\u00e1s compleja que en los escenarios tradicionales. En este marco, tecnolog\u0131\u0301as como las redes definidas por software o la virtualizaci\u00f3n de funciones de red est\u00e1n siendo adoptadas como mecanismos que facilitan la gesti\u00f3n de las comunicaciones, y como soluciones que introducen un buen n\u00famero de herramientas a la hora de gestionar la seguridad de los cl\u00fasters de computaci\u00f3n. En este trabajo se describen las principales caracter\u0131\u0301sticas de la evoluci\u00f3n de estas redes de comunicaciones y su aplicaci\u00f3n a la seguridad de la informaci\u00f3n y las comunicaciones de un centro de c\u00f3mputo, de forma que se expone un ejemplo de uso donde se aplican estas tecnolog\u0131\u0301as de nueva generaci\u00f3n para detectar y mitigar un problema de seguridad mediante funciones de red virtualizadas desplegadas en contenedores.<\/p>\n<\/div>\n<\/div>\n<\/div>\n<div class=\"field field-name-field-pub-fuente field-type-text-long field-label-above\">\n<div class=\"field-label\"><strong>Fuente de la publicaci\u00f3n:\u00a0<\/strong><\/div>\n<div class=\"field-items\">\n<div class=\"field-item even\">\n<p>David Cort\u00e9s-Polo, Felipe Lemus-Prieto, Jes\u00fas Calle-Cancho, Luis Ignacio Jim\u00e9nez y Jos\u00e9-Luis Gonz\u00e1lez-S\u00e1nchez.\u00a0<em>Gesti\u00f3n de la seguridad de las comunicaciones para entornos de HPC en centros de supercomputaci\u00f3n<\/em>. Avances en Arquitectura y Tecnolog\u00eda de Computadores, Actas de las Jornadas SARTECO 2019. C\u00e1ceres, Espa\u00f1a. 18-20 septiembre, 2019. ISBN: 978-84-09-12127-4. pp 437-443.<\/p>\n<\/div>\n<\/div>\n<\/div>","protected":false},"excerpt":{"rendered":"<p>La b\u00fasqueda de la eficiencia por parte de los centros de supercomputaci\u00f3n para adaptarse a las necesidades de los usuarios, en cuanto a los recursos de c\u00f3mputo, est\u00e1 llevando a &#8230;<\/p>","protected":false},"author":1,"featured_media":0,"parent":1583,"menu_order":0,"comment_status":"closed","ping_status":"closed","template":"","meta":{"footnotes":""},"categories":[110,91],"tags":[],"class_list":["post-9632","page","type-page","status-publish","hentry","category-anteriores","category-publicaciones"],"yoast_head":"<!-- This site is optimized with the Yoast SEO plugin v27.1.1 - https:\/\/yoast.com\/product\/yoast-seo-wordpress\/ -->\n<title>Gesti\u00f3n de la seguridad de las comunicaciones para entornos de HPC en centros de supercomputaci\u00f3n - Fundaci\u00f3n COMPUTAEX<\/title>\n<meta name=\"robots\" content=\"index, follow, max-snippet:-1, max-image-preview:large, max-video-preview:-1\" \/>\n<link rel=\"canonical\" href=\"https:\/\/computaex.es\/en\/publicaciones\/gestion-de-la-seguridad-de-las-comunicaciones-para-entornos-de-hpc-en-centros-de-supercomputacion\/\" \/>\n<meta property=\"og:locale\" content=\"en_US\" \/>\n<meta property=\"og:type\" content=\"article\" \/>\n<meta property=\"og:title\" content=\"Gesti\u00f3n de la seguridad de las comunicaciones para entornos de HPC en centros de supercomputaci\u00f3n - Fundaci\u00f3n COMPUTAEX\" \/>\n<meta property=\"og:description\" content=\"La b\u00fasqueda de la eficiencia por parte de los centros de supercomputaci\u00f3n para adaptarse a las necesidades de los usuarios, en cuanto a los recursos de c\u00f3mputo, est\u00e1 llevando a ...\" \/>\n<meta property=\"og:url\" content=\"https:\/\/computaex.es\/en\/publicaciones\/gestion-de-la-seguridad-de-las-comunicaciones-para-entornos-de-hpc-en-centros-de-supercomputacion\/\" \/>\n<meta property=\"og:site_name\" content=\"Fundaci\u00f3n COMPUTAEX\" \/>\n<meta property=\"article:publisher\" content=\"https:\/\/m.facebook.com\/computaex\/\" \/>\n<meta property=\"article:modified_time\" content=\"2025-08-27T07:57:41+00:00\" \/>\n<meta property=\"og:image\" content=\"https:\/\/computaex.es\/wp-content\/uploads\/2025\/08\/COMPUTAEX.jpg\" \/>\n\t<meta property=\"og:image:width\" content=\"1024\" \/>\n\t<meta property=\"og:image:height\" content=\"403\" \/>\n\t<meta property=\"og:image:type\" content=\"image\/jpeg\" \/>\n<meta name=\"twitter:card\" content=\"summary_large_image\" \/>\n<meta name=\"twitter:site\" content=\"@computaex\" \/>\n<meta name=\"twitter:label1\" content=\"Est. reading time\" \/>\n\t<meta name=\"twitter:data1\" content=\"2 minutes\" \/>\n<script type=\"application\/ld+json\" class=\"yoast-schema-graph\">{\"@context\":\"https:\/\/schema.org\",\"@graph\":[{\"@type\":\"WebPage\",\"@id\":\"https:\/\/computaex.es\/publicaciones\/gestion-de-la-seguridad-de-las-comunicaciones-para-entornos-de-hpc-en-centros-de-supercomputacion\/\",\"url\":\"https:\/\/computaex.es\/publicaciones\/gestion-de-la-seguridad-de-las-comunicaciones-para-entornos-de-hpc-en-centros-de-supercomputacion\/\",\"name\":\"Gesti\u00f3n de la seguridad de las comunicaciones para entornos de HPC en centros de supercomputaci\u00f3n - Fundaci\u00f3n COMPUTAEX\",\"isPartOf\":{\"@id\":\"https:\/\/computaex.es\/#website\"},\"datePublished\":\"2019-09-18T07:57:00+00:00\",\"dateModified\":\"2025-08-27T07:57:41+00:00\",\"breadcrumb\":{\"@id\":\"https:\/\/computaex.es\/publicaciones\/gestion-de-la-seguridad-de-las-comunicaciones-para-entornos-de-hpc-en-centros-de-supercomputacion\/#breadcrumb\"},\"inLanguage\":\"en-US\",\"potentialAction\":[{\"@type\":\"ReadAction\",\"target\":[\"https:\/\/computaex.es\/publicaciones\/gestion-de-la-seguridad-de-las-comunicaciones-para-entornos-de-hpc-en-centros-de-supercomputacion\/\"]}]},{\"@type\":\"BreadcrumbList\",\"@id\":\"https:\/\/computaex.es\/publicaciones\/gestion-de-la-seguridad-de-las-comunicaciones-para-entornos-de-hpc-en-centros-de-supercomputacion\/#breadcrumb\",\"itemListElement\":[{\"@type\":\"ListItem\",\"position\":1,\"name\":\"Portada\",\"item\":\"https:\/\/computaex.es\/\"},{\"@type\":\"ListItem\",\"position\":2,\"name\":\"Publicaciones\",\"item\":\"https:\/\/computaex.es\/publicaciones\/\"},{\"@type\":\"ListItem\",\"position\":3,\"name\":\"Gesti\u00f3n de la seguridad de las comunicaciones para entornos de HPC en centros de supercomputaci\u00f3n\"}]},{\"@type\":\"WebSite\",\"@id\":\"https:\/\/computaex.es\/#website\",\"url\":\"https:\/\/computaex.es\/\",\"name\":\"Fundaci\u00f3n COMPUTAEX\",\"description\":\"COMPUTAEX\",\"publisher\":{\"@id\":\"https:\/\/computaex.es\/#organization\"},\"potentialAction\":[{\"@type\":\"SearchAction\",\"target\":{\"@type\":\"EntryPoint\",\"urlTemplate\":\"https:\/\/computaex.es\/?s={search_term_string}\"},\"query-input\":{\"@type\":\"PropertyValueSpecification\",\"valueRequired\":true,\"valueName\":\"search_term_string\"}}],\"inLanguage\":\"en-US\"},{\"@type\":\"Organization\",\"@id\":\"https:\/\/computaex.es\/#organization\",\"name\":\"COMPUTAEX\",\"url\":\"https:\/\/computaex.es\/\",\"logo\":{\"@type\":\"ImageObject\",\"inLanguage\":\"en-US\",\"@id\":\"https:\/\/computaex.es\/#\/schema\/logo\/image\/\",\"url\":\"https:\/\/computaex.es\/wp-content\/uploads\/2025\/05\/cropped-COMPUTAEX_transparente-scaled-1.png\",\"contentUrl\":\"https:\/\/computaex.es\/wp-content\/uploads\/2025\/05\/cropped-COMPUTAEX_transparente-scaled-1.png\",\"width\":2560,\"height\":970,\"caption\":\"COMPUTAEX\"},\"image\":{\"@id\":\"https:\/\/computaex.es\/#\/schema\/logo\/image\/\"},\"sameAs\":[\"https:\/\/m.facebook.com\/computaex\/\",\"https:\/\/x.com\/computaex\",\"https:\/\/es.linkedin.com\/company\/cenits\"]}]}<\/script>\n<!-- \/ Yoast SEO plugin. -->","yoast_head_json":{"title":"Gesti\u00f3n de la seguridad de las comunicaciones para entornos de HPC en centros de supercomputaci\u00f3n - Fundaci\u00f3n COMPUTAEX","robots":{"index":"index","follow":"follow","max-snippet":"max-snippet:-1","max-image-preview":"max-image-preview:large","max-video-preview":"max-video-preview:-1"},"canonical":"https:\/\/computaex.es\/en\/publicaciones\/gestion-de-la-seguridad-de-las-comunicaciones-para-entornos-de-hpc-en-centros-de-supercomputacion\/","og_locale":"en_US","og_type":"article","og_title":"Gesti\u00f3n de la seguridad de las comunicaciones para entornos de HPC en centros de supercomputaci\u00f3n - Fundaci\u00f3n COMPUTAEX","og_description":"La b\u00fasqueda de la eficiencia por parte de los centros de supercomputaci\u00f3n para adaptarse a las necesidades de los usuarios, en cuanto a los recursos de c\u00f3mputo, est\u00e1 llevando a ...","og_url":"https:\/\/computaex.es\/en\/publicaciones\/gestion-de-la-seguridad-de-las-comunicaciones-para-entornos-de-hpc-en-centros-de-supercomputacion\/","og_site_name":"Fundaci\u00f3n COMPUTAEX","article_publisher":"https:\/\/m.facebook.com\/computaex\/","article_modified_time":"2025-08-27T07:57:41+00:00","og_image":[{"width":1024,"height":403,"url":"https:\/\/computaex.es\/wp-content\/uploads\/2025\/08\/COMPUTAEX.jpg","type":"image\/jpeg"}],"twitter_card":"summary_large_image","twitter_site":"@computaex","twitter_misc":{"Est. reading time":"2 minutes"},"schema":{"@context":"https:\/\/schema.org","@graph":[{"@type":"WebPage","@id":"https:\/\/computaex.es\/publicaciones\/gestion-de-la-seguridad-de-las-comunicaciones-para-entornos-de-hpc-en-centros-de-supercomputacion\/","url":"https:\/\/computaex.es\/publicaciones\/gestion-de-la-seguridad-de-las-comunicaciones-para-entornos-de-hpc-en-centros-de-supercomputacion\/","name":"Gesti\u00f3n de la seguridad de las comunicaciones para entornos de HPC en centros de supercomputaci\u00f3n - Fundaci\u00f3n COMPUTAEX","isPartOf":{"@id":"https:\/\/computaex.es\/#website"},"datePublished":"2019-09-18T07:57:00+00:00","dateModified":"2025-08-27T07:57:41+00:00","breadcrumb":{"@id":"https:\/\/computaex.es\/publicaciones\/gestion-de-la-seguridad-de-las-comunicaciones-para-entornos-de-hpc-en-centros-de-supercomputacion\/#breadcrumb"},"inLanguage":"en-US","potentialAction":[{"@type":"ReadAction","target":["https:\/\/computaex.es\/publicaciones\/gestion-de-la-seguridad-de-las-comunicaciones-para-entornos-de-hpc-en-centros-de-supercomputacion\/"]}]},{"@type":"BreadcrumbList","@id":"https:\/\/computaex.es\/publicaciones\/gestion-de-la-seguridad-de-las-comunicaciones-para-entornos-de-hpc-en-centros-de-supercomputacion\/#breadcrumb","itemListElement":[{"@type":"ListItem","position":1,"name":"Portada","item":"https:\/\/computaex.es\/"},{"@type":"ListItem","position":2,"name":"Publicaciones","item":"https:\/\/computaex.es\/publicaciones\/"},{"@type":"ListItem","position":3,"name":"Gesti\u00f3n de la seguridad de las comunicaciones para entornos de HPC en centros de supercomputaci\u00f3n"}]},{"@type":"WebSite","@id":"https:\/\/computaex.es\/#website","url":"https:\/\/computaex.es\/","name":"COMPUTAEX Foundation","description":"COMPUTAEX","publisher":{"@id":"https:\/\/computaex.es\/#organization"},"potentialAction":[{"@type":"SearchAction","target":{"@type":"EntryPoint","urlTemplate":"https:\/\/computaex.es\/?s={search_term_string}"},"query-input":{"@type":"PropertyValueSpecification","valueRequired":true,"valueName":"search_term_string"}}],"inLanguage":"en-US"},{"@type":"Organization","@id":"https:\/\/computaex.es\/#organization","name":"COMPUTAEX","url":"https:\/\/computaex.es\/","logo":{"@type":"ImageObject","inLanguage":"en-US","@id":"https:\/\/computaex.es\/#\/schema\/logo\/image\/","url":"https:\/\/computaex.es\/wp-content\/uploads\/2025\/05\/cropped-COMPUTAEX_transparente-scaled-1.png","contentUrl":"https:\/\/computaex.es\/wp-content\/uploads\/2025\/05\/cropped-COMPUTAEX_transparente-scaled-1.png","width":2560,"height":970,"caption":"COMPUTAEX"},"image":{"@id":"https:\/\/computaex.es\/#\/schema\/logo\/image\/"},"sameAs":["https:\/\/m.facebook.com\/computaex\/","https:\/\/x.com\/computaex","https:\/\/es.linkedin.com\/company\/cenits"]}]}},"_links":{"self":[{"href":"https:\/\/computaex.es\/en\/wp-json\/wp\/v2\/pages\/9632","targetHints":{"allow":["GET"]}}],"collection":[{"href":"https:\/\/computaex.es\/en\/wp-json\/wp\/v2\/pages"}],"about":[{"href":"https:\/\/computaex.es\/en\/wp-json\/wp\/v2\/types\/page"}],"author":[{"embeddable":true,"href":"https:\/\/computaex.es\/en\/wp-json\/wp\/v2\/users\/1"}],"replies":[{"embeddable":true,"href":"https:\/\/computaex.es\/en\/wp-json\/wp\/v2\/comments?post=9632"}],"version-history":[{"count":1,"href":"https:\/\/computaex.es\/en\/wp-json\/wp\/v2\/pages\/9632\/revisions"}],"predecessor-version":[{"id":9633,"href":"https:\/\/computaex.es\/en\/wp-json\/wp\/v2\/pages\/9632\/revisions\/9633"}],"up":[{"embeddable":true,"href":"https:\/\/computaex.es\/en\/wp-json\/wp\/v2\/pages\/1583"}],"wp:attachment":[{"href":"https:\/\/computaex.es\/en\/wp-json\/wp\/v2\/media?parent=9632"}],"wp:term":[{"taxonomy":"category","embeddable":true,"href":"https:\/\/computaex.es\/en\/wp-json\/wp\/v2\/categories?post=9632"},{"taxonomy":"post_tag","embeddable":true,"href":"https:\/\/computaex.es\/en\/wp-json\/wp\/v2\/tags?post=9632"}],"curies":[{"name":"wp","href":"https:\/\/api.w.org\/{rel}","templated":true}]}}