{"id":9634,"date":"2019-04-02T09:57:47","date_gmt":"2019-04-02T07:57:47","guid":{"rendered":"https:\/\/web.computaex.es\/?page_id=9634"},"modified":"2025-08-27T09:58:34","modified_gmt":"2025-08-27T07:58:34","slug":"high-performance-computing-big-data-and-cloud-computing-the-perfect-de-facto-trio-or-converging-technological-mantras","status":"publish","type":"page","link":"https:\/\/computaex.es\/en\/publicaciones\/high-performance-computing-big-data-and-cloud-computing-the-perfect-de-facto-trio-or-converging-technological-mantras\/","title":{"rendered":"High Performance Computing, Big Data, and Cloud Computing: The Perfect De Facto Trio or Converging Technological Mantras?"},"content":{"rendered":"<div class=\"field field-name-field-pub-descripcion field-type-text-long field-label-hidden\">\n<div class=\"field-items\">\n<div class=\"field-item even\">\n<p>Actualmente, existe una creciente necesidad de avanzar en las estrategias que dirigen el crecimiento y el avance de las empresas y la industria. As\u00ed, resulta clave la utilizaci\u00f3n de m\u00e9todos que consigan su adaptaci\u00f3n al progreso, esencial para el \u00e9xito de estas organizaciones.<\/p>\n<p>La transformaci\u00f3n organizativa y la innovaci\u00f3n de la gesti\u00f3n en la Cuarta Revoluci\u00f3n Industrial proporcionan conocimientos sobre la gesti\u00f3n de los avances y la implementaci\u00f3n de estrategias para adaptarse a estos cambios. Por ello, el libro \u00ab<a href=\"https:\/\/www.doi.org\/10.4018\/978-1-5225-7074-5\" target=\"_blank\" rel=\"noopener\"><em>Organizational Transformation and Managing Innovation in the Fourth Industrial Revolution<\/em><\/a>\u00bb editado por la Profesora Alicia Guerra de la Universidad de Extremadura, y publicado por\u00a0<a href=\"https:\/\/www.igi-global.com\/\" target=\"_blank\" rel=\"noopener\">IGI Global<\/a>, cubre diversos aspectos centrados en el crecimiento de las empresas y c\u00f3mo \u00e9stas cambian junto con la econom\u00eda y la infraestructura, al mismo tiempo que examina, tanto el compromiso social, como el ciberperiodismo y la innovaci\u00f3n educativa, estando orientado a gerentes, consultores, acad\u00e9micos, investigadores y profesionales.<\/p>\n<p>Varios ingenieros de C\u00e9nitS han colaborado en la elaboraci\u00f3n de un cap\u00edtulo dedicado a Computaci\u00f3n de Alto Rendimiento (HPC, High-Performance Computing), Big Data y Cloud Computing, tres paradigmas b\u00e1sicos de alta complejidad que, por separado o convergentes, est\u00e1n consolidando una revoluci\u00f3n que est\u00e1 cambiando el mundo y ofreciendo oportunidades a todos aquellos que est\u00e1n dispuestos a adaptarse a los cambios de la revoluci\u00f3n digital.<\/p>\n<\/div>\n<\/div>\n<\/div>\n<div class=\"field field-name-field-pub-fuente field-type-text-long field-label-above\">\n<div class=\"field-label\"><strong>Fuente de la publicaci\u00f3n:\u00a0<\/strong><\/div>\n<div class=\"field-items\">\n<div class=\"field-item even\">\n<ul>\n<li>Gonz\u00e1lez-S\u00e1nchez, J., Calle-Cancho, J., Cort\u00e9s-Polo, D., Jim\u00e9nez Gil, L., &amp; L\u00f3pez-Rourich, A. (2019). High Performance Computing, Big Data, and Cloud Computing: The Perfect De Facto Trio or Converging Technological Mantras?. In A. Guerra Guerra (Ed.),\u00a0<em>Organizational Transformation and Managing Innovation in the Fourth Industrial Revolution<\/em>\u00a0(pp. 165-182). Hershey, PA: IGI Global. doi:<a href=\"https:\/\/www.doi.org\/10.4018\/978-1-5225-7074-5.ch009\" target=\"_blank\" rel=\"noopener\">10.4018\/978-1-5225-7074-5.ch009<\/a><\/li>\n<\/ul>\n<\/div>\n<\/div>\n<\/div>","protected":false},"excerpt":{"rendered":"<p>Actualmente, existe una creciente necesidad de avanzar en las estrategias que dirigen el crecimiento y el avance de las empresas y la industria. As\u00ed, resulta clave la utilizaci\u00f3n de m\u00e9todos &#8230;<\/p>","protected":false},"author":1,"featured_media":0,"parent":1583,"menu_order":0,"comment_status":"closed","ping_status":"closed","template":"","meta":{"footnotes":""},"categories":[110,91],"tags":[],"class_list":["post-9634","page","type-page","status-publish","hentry","category-anteriores","category-publicaciones"],"yoast_head":"<!-- This site is optimized with the Yoast SEO plugin v27.1.1 - https:\/\/yoast.com\/product\/yoast-seo-wordpress\/ -->\n<title>High Performance Computing, Big Data, and Cloud Computing: The Perfect De Facto Trio or Converging Technological Mantras? - Fundaci\u00f3n COMPUTAEX<\/title>\n<meta name=\"robots\" content=\"index, follow, max-snippet:-1, max-image-preview:large, max-video-preview:-1\" \/>\n<link rel=\"canonical\" href=\"https:\/\/computaex.es\/en\/publicaciones\/high-performance-computing-big-data-and-cloud-computing-the-perfect-de-facto-trio-or-converging-technological-mantras\/\" \/>\n<meta property=\"og:locale\" content=\"en_US\" \/>\n<meta property=\"og:type\" content=\"article\" \/>\n<meta property=\"og:title\" content=\"High Performance Computing, Big Data, and Cloud Computing: The Perfect De Facto Trio or Converging Technological Mantras? - Fundaci\u00f3n COMPUTAEX\" \/>\n<meta property=\"og:description\" content=\"Actualmente, existe una creciente necesidad de avanzar en las estrategias que dirigen el crecimiento y el avance de las empresas y la industria. As\u00ed, resulta clave la utilizaci\u00f3n de m\u00e9todos ...\" \/>\n<meta property=\"og:url\" content=\"https:\/\/computaex.es\/en\/publicaciones\/high-performance-computing-big-data-and-cloud-computing-the-perfect-de-facto-trio-or-converging-technological-mantras\/\" \/>\n<meta property=\"og:site_name\" content=\"Fundaci\u00f3n COMPUTAEX\" \/>\n<meta property=\"article:publisher\" content=\"https:\/\/m.facebook.com\/computaex\/\" \/>\n<meta property=\"article:modified_time\" content=\"2025-08-27T07:58:34+00:00\" \/>\n<meta property=\"og:image\" content=\"https:\/\/computaex.es\/wp-content\/uploads\/2025\/08\/COMPUTAEX.jpg\" \/>\n\t<meta property=\"og:image:width\" content=\"1024\" \/>\n\t<meta property=\"og:image:height\" content=\"403\" \/>\n\t<meta property=\"og:image:type\" content=\"image\/jpeg\" \/>\n<meta name=\"twitter:card\" content=\"summary_large_image\" \/>\n<meta name=\"twitter:site\" content=\"@computaex\" \/>\n<meta name=\"twitter:label1\" content=\"Est. reading time\" \/>\n\t<meta name=\"twitter:data1\" content=\"2 minutes\" \/>\n<script type=\"application\/ld+json\" class=\"yoast-schema-graph\">{\"@context\":\"https:\/\/schema.org\",\"@graph\":[{\"@type\":\"WebPage\",\"@id\":\"https:\/\/computaex.es\/publicaciones\/high-performance-computing-big-data-and-cloud-computing-the-perfect-de-facto-trio-or-converging-technological-mantras\/\",\"url\":\"https:\/\/computaex.es\/publicaciones\/high-performance-computing-big-data-and-cloud-computing-the-perfect-de-facto-trio-or-converging-technological-mantras\/\",\"name\":\"High Performance Computing, Big Data, and Cloud Computing: The Perfect De Facto Trio or Converging Technological Mantras? - Fundaci\u00f3n COMPUTAEX\",\"isPartOf\":{\"@id\":\"https:\/\/computaex.es\/#website\"},\"datePublished\":\"2019-04-02T07:57:47+00:00\",\"dateModified\":\"2025-08-27T07:58:34+00:00\",\"breadcrumb\":{\"@id\":\"https:\/\/computaex.es\/publicaciones\/high-performance-computing-big-data-and-cloud-computing-the-perfect-de-facto-trio-or-converging-technological-mantras\/#breadcrumb\"},\"inLanguage\":\"en-US\",\"potentialAction\":[{\"@type\":\"ReadAction\",\"target\":[\"https:\/\/computaex.es\/publicaciones\/high-performance-computing-big-data-and-cloud-computing-the-perfect-de-facto-trio-or-converging-technological-mantras\/\"]}]},{\"@type\":\"BreadcrumbList\",\"@id\":\"https:\/\/computaex.es\/publicaciones\/high-performance-computing-big-data-and-cloud-computing-the-perfect-de-facto-trio-or-converging-technological-mantras\/#breadcrumb\",\"itemListElement\":[{\"@type\":\"ListItem\",\"position\":1,\"name\":\"Portada\",\"item\":\"https:\/\/computaex.es\/\"},{\"@type\":\"ListItem\",\"position\":2,\"name\":\"Publicaciones\",\"item\":\"https:\/\/computaex.es\/publicaciones\/\"},{\"@type\":\"ListItem\",\"position\":3,\"name\":\"High Performance Computing, Big Data, and Cloud Computing: The Perfect De Facto Trio or Converging Technological Mantras?\"}]},{\"@type\":\"WebSite\",\"@id\":\"https:\/\/computaex.es\/#website\",\"url\":\"https:\/\/computaex.es\/\",\"name\":\"Fundaci\u00f3n COMPUTAEX\",\"description\":\"COMPUTAEX\",\"publisher\":{\"@id\":\"https:\/\/computaex.es\/#organization\"},\"potentialAction\":[{\"@type\":\"SearchAction\",\"target\":{\"@type\":\"EntryPoint\",\"urlTemplate\":\"https:\/\/computaex.es\/?s={search_term_string}\"},\"query-input\":{\"@type\":\"PropertyValueSpecification\",\"valueRequired\":true,\"valueName\":\"search_term_string\"}}],\"inLanguage\":\"en-US\"},{\"@type\":\"Organization\",\"@id\":\"https:\/\/computaex.es\/#organization\",\"name\":\"COMPUTAEX\",\"url\":\"https:\/\/computaex.es\/\",\"logo\":{\"@type\":\"ImageObject\",\"inLanguage\":\"en-US\",\"@id\":\"https:\/\/computaex.es\/#\/schema\/logo\/image\/\",\"url\":\"https:\/\/computaex.es\/wp-content\/uploads\/2025\/05\/cropped-COMPUTAEX_transparente-scaled-1.png\",\"contentUrl\":\"https:\/\/computaex.es\/wp-content\/uploads\/2025\/05\/cropped-COMPUTAEX_transparente-scaled-1.png\",\"width\":2560,\"height\":970,\"caption\":\"COMPUTAEX\"},\"image\":{\"@id\":\"https:\/\/computaex.es\/#\/schema\/logo\/image\/\"},\"sameAs\":[\"https:\/\/m.facebook.com\/computaex\/\",\"https:\/\/x.com\/computaex\",\"https:\/\/es.linkedin.com\/company\/cenits\"]}]}<\/script>\n<!-- \/ Yoast SEO plugin. -->","yoast_head_json":{"title":"High Performance Computing, Big Data, and Cloud Computing: The Perfect De Facto Trio or Converging Technological Mantras? - Fundaci\u00f3n COMPUTAEX","robots":{"index":"index","follow":"follow","max-snippet":"max-snippet:-1","max-image-preview":"max-image-preview:large","max-video-preview":"max-video-preview:-1"},"canonical":"https:\/\/computaex.es\/en\/publicaciones\/high-performance-computing-big-data-and-cloud-computing-the-perfect-de-facto-trio-or-converging-technological-mantras\/","og_locale":"en_US","og_type":"article","og_title":"High Performance Computing, Big Data, and Cloud Computing: The Perfect De Facto Trio or Converging Technological Mantras? - Fundaci\u00f3n COMPUTAEX","og_description":"Actualmente, existe una creciente necesidad de avanzar en las estrategias que dirigen el crecimiento y el avance de las empresas y la industria. As\u00ed, resulta clave la utilizaci\u00f3n de m\u00e9todos ...","og_url":"https:\/\/computaex.es\/en\/publicaciones\/high-performance-computing-big-data-and-cloud-computing-the-perfect-de-facto-trio-or-converging-technological-mantras\/","og_site_name":"Fundaci\u00f3n COMPUTAEX","article_publisher":"https:\/\/m.facebook.com\/computaex\/","article_modified_time":"2025-08-27T07:58:34+00:00","og_image":[{"width":1024,"height":403,"url":"https:\/\/computaex.es\/wp-content\/uploads\/2025\/08\/COMPUTAEX.jpg","type":"image\/jpeg"}],"twitter_card":"summary_large_image","twitter_site":"@computaex","twitter_misc":{"Est. reading time":"2 minutes"},"schema":{"@context":"https:\/\/schema.org","@graph":[{"@type":"WebPage","@id":"https:\/\/computaex.es\/publicaciones\/high-performance-computing-big-data-and-cloud-computing-the-perfect-de-facto-trio-or-converging-technological-mantras\/","url":"https:\/\/computaex.es\/publicaciones\/high-performance-computing-big-data-and-cloud-computing-the-perfect-de-facto-trio-or-converging-technological-mantras\/","name":"High Performance Computing, Big Data, and Cloud Computing: The Perfect De Facto Trio or Converging Technological Mantras? - Fundaci\u00f3n COMPUTAEX","isPartOf":{"@id":"https:\/\/computaex.es\/#website"},"datePublished":"2019-04-02T07:57:47+00:00","dateModified":"2025-08-27T07:58:34+00:00","breadcrumb":{"@id":"https:\/\/computaex.es\/publicaciones\/high-performance-computing-big-data-and-cloud-computing-the-perfect-de-facto-trio-or-converging-technological-mantras\/#breadcrumb"},"inLanguage":"en-US","potentialAction":[{"@type":"ReadAction","target":["https:\/\/computaex.es\/publicaciones\/high-performance-computing-big-data-and-cloud-computing-the-perfect-de-facto-trio-or-converging-technological-mantras\/"]}]},{"@type":"BreadcrumbList","@id":"https:\/\/computaex.es\/publicaciones\/high-performance-computing-big-data-and-cloud-computing-the-perfect-de-facto-trio-or-converging-technological-mantras\/#breadcrumb","itemListElement":[{"@type":"ListItem","position":1,"name":"Portada","item":"https:\/\/computaex.es\/"},{"@type":"ListItem","position":2,"name":"Publicaciones","item":"https:\/\/computaex.es\/publicaciones\/"},{"@type":"ListItem","position":3,"name":"High Performance Computing, Big Data, and Cloud Computing: The Perfect De Facto Trio or Converging Technological Mantras?"}]},{"@type":"WebSite","@id":"https:\/\/computaex.es\/#website","url":"https:\/\/computaex.es\/","name":"COMPUTAEX Foundation","description":"COMPUTAEX","publisher":{"@id":"https:\/\/computaex.es\/#organization"},"potentialAction":[{"@type":"SearchAction","target":{"@type":"EntryPoint","urlTemplate":"https:\/\/computaex.es\/?s={search_term_string}"},"query-input":{"@type":"PropertyValueSpecification","valueRequired":true,"valueName":"search_term_string"}}],"inLanguage":"en-US"},{"@type":"Organization","@id":"https:\/\/computaex.es\/#organization","name":"COMPUTAEX","url":"https:\/\/computaex.es\/","logo":{"@type":"ImageObject","inLanguage":"en-US","@id":"https:\/\/computaex.es\/#\/schema\/logo\/image\/","url":"https:\/\/computaex.es\/wp-content\/uploads\/2025\/05\/cropped-COMPUTAEX_transparente-scaled-1.png","contentUrl":"https:\/\/computaex.es\/wp-content\/uploads\/2025\/05\/cropped-COMPUTAEX_transparente-scaled-1.png","width":2560,"height":970,"caption":"COMPUTAEX"},"image":{"@id":"https:\/\/computaex.es\/#\/schema\/logo\/image\/"},"sameAs":["https:\/\/m.facebook.com\/computaex\/","https:\/\/x.com\/computaex","https:\/\/es.linkedin.com\/company\/cenits"]}]}},"_links":{"self":[{"href":"https:\/\/computaex.es\/en\/wp-json\/wp\/v2\/pages\/9634","targetHints":{"allow":["GET"]}}],"collection":[{"href":"https:\/\/computaex.es\/en\/wp-json\/wp\/v2\/pages"}],"about":[{"href":"https:\/\/computaex.es\/en\/wp-json\/wp\/v2\/types\/page"}],"author":[{"embeddable":true,"href":"https:\/\/computaex.es\/en\/wp-json\/wp\/v2\/users\/1"}],"replies":[{"embeddable":true,"href":"https:\/\/computaex.es\/en\/wp-json\/wp\/v2\/comments?post=9634"}],"version-history":[{"count":1,"href":"https:\/\/computaex.es\/en\/wp-json\/wp\/v2\/pages\/9634\/revisions"}],"predecessor-version":[{"id":9636,"href":"https:\/\/computaex.es\/en\/wp-json\/wp\/v2\/pages\/9634\/revisions\/9636"}],"up":[{"embeddable":true,"href":"https:\/\/computaex.es\/en\/wp-json\/wp\/v2\/pages\/1583"}],"wp:attachment":[{"href":"https:\/\/computaex.es\/en\/wp-json\/wp\/v2\/media?parent=9634"}],"wp:term":[{"taxonomy":"category","embeddable":true,"href":"https:\/\/computaex.es\/en\/wp-json\/wp\/v2\/categories?post=9634"},{"taxonomy":"post_tag","embeddable":true,"href":"https:\/\/computaex.es\/en\/wp-json\/wp\/v2\/tags?post=9634"}],"curies":[{"name":"wp","href":"https:\/\/api.w.org\/{rel}","templated":true}]}}