{"id":9635,"date":"2013-03-25T09:57:50","date_gmt":"2013-03-25T08:57:50","guid":{"rendered":"https:\/\/web.computaex.es\/?page_id=9635"},"modified":"2025-08-27T09:59:47","modified_gmt":"2025-08-27T07:59:47","slug":"enhancing-ptn-to-improve-the-qos-provided-by-the-ip-mobility-management","status":"publish","type":"page","link":"https:\/\/computaex.es\/en\/publicaciones\/enhancing-ptn-to-improve-the-qos-provided-by-the-ip-mobility-management\/","title":{"rendered":"Enhancing PTN to Improve the QoS Provided by the IP Mobility Management"},"content":{"rendered":"<div class=\"field field-name-field-pub-descripcion field-type-text-long field-label-hidden\">\n<div class=\"field-items\">\n<div class=\"field-item even\">\n<p>David Cort\u00e9s-Polo, Jos\u00e9-Luis Gonz\u00e1lez-S\u00e1nchez, Javier Carmona-Murillo, Fco. Javier Rodr\u00edguez-P\u00e9rez, Javier Corral-Garc\u00eda.\u00a0<strong>Enhancing PTN to Improve the QoS Provided by the IP Mobility Management<\/strong>. 2013 World Conference on Information Systems and Technologies (WorldCIST&#8217;13). Algarve, Portugal, Marzo 27-30, 2013. ISBN: 978-3-642-36980-3.<\/p>\n<p><strong>Abstract<\/strong><br \/>\nThe integration of Mobile and Fixed Network is one of the most important topics in the Future Internet development and an open issue for network providers. In this case, mobility management and Quality of Service (QoS) are two of the main goals in this integration. These tasks are an important challenge if the mobility rate is very high. In this paper, we present a new architecture to provide both of them, QoS and high rate mobility using an IP-based mobility protocol and an MPLS-based protocol to deploy Packet Transport Networks (PTN). To achieve this, we had developed analytical models to evaluate registration updates cost, packet loss rate and buffer requirements of the architecture. Numerical results show that the proposed mechanisms can significantly reduce registration updates cost and provide low handoff latency and packet loss rate under various scenarios.<\/p>\n<\/div>\n<\/div>\n<\/div>\n<div class=\"field field-name-field-pub-fuente field-type-text-long field-label-above\">\n<div class=\"field-label\">Fuente de la publicaci\u00f3n:<\/div>\n<div class=\"field-items\">\n<div class=\"field-item even\">\n<ul>\n<li><a href=\"http:\/\/rd.springer.com\/chapter\/10.1007\/978-3-642-36981-0_85\" target=\"_blank\" rel=\"noopener\">Enhancing PTN to Improve the QoS Provided by the IP Mobility Management<\/a><\/li>\n<\/ul>\n<\/div>\n<\/div>\n<\/div>","protected":false},"excerpt":{"rendered":"<p>David Cort\u00e9s-Polo, Jos\u00e9-Luis Gonz\u00e1lez-S\u00e1nchez, Javier Carmona-Murillo, Fco. Javier Rodr\u00edguez-P\u00e9rez, Javier Corral-Garc\u00eda.\u00a0Enhancing PTN to Improve the QoS Provided by the IP Mobility Management. 2013 World Conference on Information Systems and Technologies &#8230;<\/p>","protected":false},"author":1,"featured_media":0,"parent":1583,"menu_order":0,"comment_status":"closed","ping_status":"closed","template":"","meta":{"footnotes":""},"categories":[110,91],"tags":[],"class_list":["post-9635","page","type-page","status-publish","hentry","category-anteriores","category-publicaciones"],"yoast_head":"<!-- This site is optimized with the Yoast SEO plugin v27.1.1 - https:\/\/yoast.com\/product\/yoast-seo-wordpress\/ -->\n<title>Enhancing PTN to Improve the QoS Provided by the IP Mobility Management - Fundaci\u00f3n COMPUTAEX<\/title>\n<meta name=\"robots\" content=\"index, follow, max-snippet:-1, max-image-preview:large, max-video-preview:-1\" \/>\n<link rel=\"canonical\" href=\"https:\/\/computaex.es\/en\/publicaciones\/enhancing-ptn-to-improve-the-qos-provided-by-the-ip-mobility-management\/\" \/>\n<meta property=\"og:locale\" content=\"en_US\" \/>\n<meta property=\"og:type\" content=\"article\" \/>\n<meta property=\"og:title\" content=\"Enhancing PTN to Improve the QoS Provided by the IP Mobility Management - Fundaci\u00f3n COMPUTAEX\" \/>\n<meta property=\"og:description\" content=\"David Cort\u00e9s-Polo, Jos\u00e9-Luis Gonz\u00e1lez-S\u00e1nchez, Javier Carmona-Murillo, Fco. Javier Rodr\u00edguez-P\u00e9rez, Javier Corral-Garc\u00eda.\u00a0Enhancing PTN to Improve the QoS Provided by the IP Mobility Management. 2013 World Conference on Information Systems and Technologies ...\" \/>\n<meta property=\"og:url\" content=\"https:\/\/computaex.es\/en\/publicaciones\/enhancing-ptn-to-improve-the-qos-provided-by-the-ip-mobility-management\/\" \/>\n<meta property=\"og:site_name\" content=\"Fundaci\u00f3n COMPUTAEX\" \/>\n<meta property=\"article:publisher\" content=\"https:\/\/m.facebook.com\/computaex\/\" \/>\n<meta property=\"article:modified_time\" content=\"2025-08-27T07:59:47+00:00\" \/>\n<meta property=\"og:image\" content=\"https:\/\/computaex.es\/wp-content\/uploads\/2025\/08\/COMPUTAEX.jpg\" \/>\n\t<meta property=\"og:image:width\" content=\"1024\" \/>\n\t<meta property=\"og:image:height\" content=\"403\" \/>\n\t<meta property=\"og:image:type\" content=\"image\/jpeg\" \/>\n<meta name=\"twitter:card\" content=\"summary_large_image\" \/>\n<meta name=\"twitter:site\" content=\"@computaex\" \/>\n<meta name=\"twitter:label1\" content=\"Est. reading time\" \/>\n\t<meta name=\"twitter:data1\" content=\"1 minute\" \/>\n<script type=\"application\/ld+json\" class=\"yoast-schema-graph\">{\"@context\":\"https:\/\/schema.org\",\"@graph\":[{\"@type\":\"WebPage\",\"@id\":\"https:\/\/computaex.es\/publicaciones\/enhancing-ptn-to-improve-the-qos-provided-by-the-ip-mobility-management\/\",\"url\":\"https:\/\/computaex.es\/publicaciones\/enhancing-ptn-to-improve-the-qos-provided-by-the-ip-mobility-management\/\",\"name\":\"Enhancing PTN to Improve the QoS Provided by the IP Mobility Management - Fundaci\u00f3n COMPUTAEX\",\"isPartOf\":{\"@id\":\"https:\/\/computaex.es\/#website\"},\"datePublished\":\"2013-03-25T08:57:50+00:00\",\"dateModified\":\"2025-08-27T07:59:47+00:00\",\"breadcrumb\":{\"@id\":\"https:\/\/computaex.es\/publicaciones\/enhancing-ptn-to-improve-the-qos-provided-by-the-ip-mobility-management\/#breadcrumb\"},\"inLanguage\":\"en-US\",\"potentialAction\":[{\"@type\":\"ReadAction\",\"target\":[\"https:\/\/computaex.es\/publicaciones\/enhancing-ptn-to-improve-the-qos-provided-by-the-ip-mobility-management\/\"]}]},{\"@type\":\"BreadcrumbList\",\"@id\":\"https:\/\/computaex.es\/publicaciones\/enhancing-ptn-to-improve-the-qos-provided-by-the-ip-mobility-management\/#breadcrumb\",\"itemListElement\":[{\"@type\":\"ListItem\",\"position\":1,\"name\":\"Portada\",\"item\":\"https:\/\/computaex.es\/\"},{\"@type\":\"ListItem\",\"position\":2,\"name\":\"Publicaciones\",\"item\":\"https:\/\/computaex.es\/publicaciones\/\"},{\"@type\":\"ListItem\",\"position\":3,\"name\":\"Enhancing PTN to Improve the QoS Provided by the IP Mobility Management\"}]},{\"@type\":\"WebSite\",\"@id\":\"https:\/\/computaex.es\/#website\",\"url\":\"https:\/\/computaex.es\/\",\"name\":\"Fundaci\u00f3n COMPUTAEX\",\"description\":\"COMPUTAEX\",\"publisher\":{\"@id\":\"https:\/\/computaex.es\/#organization\"},\"potentialAction\":[{\"@type\":\"SearchAction\",\"target\":{\"@type\":\"EntryPoint\",\"urlTemplate\":\"https:\/\/computaex.es\/?s={search_term_string}\"},\"query-input\":{\"@type\":\"PropertyValueSpecification\",\"valueRequired\":true,\"valueName\":\"search_term_string\"}}],\"inLanguage\":\"en-US\"},{\"@type\":\"Organization\",\"@id\":\"https:\/\/computaex.es\/#organization\",\"name\":\"COMPUTAEX\",\"url\":\"https:\/\/computaex.es\/\",\"logo\":{\"@type\":\"ImageObject\",\"inLanguage\":\"en-US\",\"@id\":\"https:\/\/computaex.es\/#\/schema\/logo\/image\/\",\"url\":\"https:\/\/computaex.es\/wp-content\/uploads\/2025\/05\/cropped-COMPUTAEX_transparente-scaled-1.png\",\"contentUrl\":\"https:\/\/computaex.es\/wp-content\/uploads\/2025\/05\/cropped-COMPUTAEX_transparente-scaled-1.png\",\"width\":2560,\"height\":970,\"caption\":\"COMPUTAEX\"},\"image\":{\"@id\":\"https:\/\/computaex.es\/#\/schema\/logo\/image\/\"},\"sameAs\":[\"https:\/\/m.facebook.com\/computaex\/\",\"https:\/\/x.com\/computaex\",\"https:\/\/es.linkedin.com\/company\/cenits\"]}]}<\/script>\n<!-- \/ Yoast SEO plugin. -->","yoast_head_json":{"title":"Enhancing PTN to Improve the QoS Provided by the IP Mobility Management - Fundaci\u00f3n COMPUTAEX","robots":{"index":"index","follow":"follow","max-snippet":"max-snippet:-1","max-image-preview":"max-image-preview:large","max-video-preview":"max-video-preview:-1"},"canonical":"https:\/\/computaex.es\/en\/publicaciones\/enhancing-ptn-to-improve-the-qos-provided-by-the-ip-mobility-management\/","og_locale":"en_US","og_type":"article","og_title":"Enhancing PTN to Improve the QoS Provided by the IP Mobility Management - Fundaci\u00f3n COMPUTAEX","og_description":"David Cort\u00e9s-Polo, Jos\u00e9-Luis Gonz\u00e1lez-S\u00e1nchez, Javier Carmona-Murillo, Fco. Javier Rodr\u00edguez-P\u00e9rez, Javier Corral-Garc\u00eda.\u00a0Enhancing PTN to Improve the QoS Provided by the IP Mobility Management. 2013 World Conference on Information Systems and Technologies ...","og_url":"https:\/\/computaex.es\/en\/publicaciones\/enhancing-ptn-to-improve-the-qos-provided-by-the-ip-mobility-management\/","og_site_name":"Fundaci\u00f3n COMPUTAEX","article_publisher":"https:\/\/m.facebook.com\/computaex\/","article_modified_time":"2025-08-27T07:59:47+00:00","og_image":[{"width":1024,"height":403,"url":"https:\/\/computaex.es\/wp-content\/uploads\/2025\/08\/COMPUTAEX.jpg","type":"image\/jpeg"}],"twitter_card":"summary_large_image","twitter_site":"@computaex","twitter_misc":{"Est. reading time":"1 minute"},"schema":{"@context":"https:\/\/schema.org","@graph":[{"@type":"WebPage","@id":"https:\/\/computaex.es\/publicaciones\/enhancing-ptn-to-improve-the-qos-provided-by-the-ip-mobility-management\/","url":"https:\/\/computaex.es\/publicaciones\/enhancing-ptn-to-improve-the-qos-provided-by-the-ip-mobility-management\/","name":"Enhancing PTN to Improve the QoS Provided by the IP Mobility Management - Fundaci\u00f3n COMPUTAEX","isPartOf":{"@id":"https:\/\/computaex.es\/#website"},"datePublished":"2013-03-25T08:57:50+00:00","dateModified":"2025-08-27T07:59:47+00:00","breadcrumb":{"@id":"https:\/\/computaex.es\/publicaciones\/enhancing-ptn-to-improve-the-qos-provided-by-the-ip-mobility-management\/#breadcrumb"},"inLanguage":"en-US","potentialAction":[{"@type":"ReadAction","target":["https:\/\/computaex.es\/publicaciones\/enhancing-ptn-to-improve-the-qos-provided-by-the-ip-mobility-management\/"]}]},{"@type":"BreadcrumbList","@id":"https:\/\/computaex.es\/publicaciones\/enhancing-ptn-to-improve-the-qos-provided-by-the-ip-mobility-management\/#breadcrumb","itemListElement":[{"@type":"ListItem","position":1,"name":"Portada","item":"https:\/\/computaex.es\/"},{"@type":"ListItem","position":2,"name":"Publicaciones","item":"https:\/\/computaex.es\/publicaciones\/"},{"@type":"ListItem","position":3,"name":"Enhancing PTN to Improve the QoS Provided by the IP Mobility Management"}]},{"@type":"WebSite","@id":"https:\/\/computaex.es\/#website","url":"https:\/\/computaex.es\/","name":"COMPUTAEX Foundation","description":"COMPUTAEX","publisher":{"@id":"https:\/\/computaex.es\/#organization"},"potentialAction":[{"@type":"SearchAction","target":{"@type":"EntryPoint","urlTemplate":"https:\/\/computaex.es\/?s={search_term_string}"},"query-input":{"@type":"PropertyValueSpecification","valueRequired":true,"valueName":"search_term_string"}}],"inLanguage":"en-US"},{"@type":"Organization","@id":"https:\/\/computaex.es\/#organization","name":"COMPUTAEX","url":"https:\/\/computaex.es\/","logo":{"@type":"ImageObject","inLanguage":"en-US","@id":"https:\/\/computaex.es\/#\/schema\/logo\/image\/","url":"https:\/\/computaex.es\/wp-content\/uploads\/2025\/05\/cropped-COMPUTAEX_transparente-scaled-1.png","contentUrl":"https:\/\/computaex.es\/wp-content\/uploads\/2025\/05\/cropped-COMPUTAEX_transparente-scaled-1.png","width":2560,"height":970,"caption":"COMPUTAEX"},"image":{"@id":"https:\/\/computaex.es\/#\/schema\/logo\/image\/"},"sameAs":["https:\/\/m.facebook.com\/computaex\/","https:\/\/x.com\/computaex","https:\/\/es.linkedin.com\/company\/cenits"]}]}},"_links":{"self":[{"href":"https:\/\/computaex.es\/en\/wp-json\/wp\/v2\/pages\/9635","targetHints":{"allow":["GET"]}}],"collection":[{"href":"https:\/\/computaex.es\/en\/wp-json\/wp\/v2\/pages"}],"about":[{"href":"https:\/\/computaex.es\/en\/wp-json\/wp\/v2\/types\/page"}],"author":[{"embeddable":true,"href":"https:\/\/computaex.es\/en\/wp-json\/wp\/v2\/users\/1"}],"replies":[{"embeddable":true,"href":"https:\/\/computaex.es\/en\/wp-json\/wp\/v2\/comments?post=9635"}],"version-history":[{"count":2,"href":"https:\/\/computaex.es\/en\/wp-json\/wp\/v2\/pages\/9635\/revisions"}],"predecessor-version":[{"id":9639,"href":"https:\/\/computaex.es\/en\/wp-json\/wp\/v2\/pages\/9635\/revisions\/9639"}],"up":[{"embeddable":true,"href":"https:\/\/computaex.es\/en\/wp-json\/wp\/v2\/pages\/1583"}],"wp:attachment":[{"href":"https:\/\/computaex.es\/en\/wp-json\/wp\/v2\/media?parent=9635"}],"wp:term":[{"taxonomy":"category","embeddable":true,"href":"https:\/\/computaex.es\/en\/wp-json\/wp\/v2\/categories?post=9635"},{"taxonomy":"post_tag","embeddable":true,"href":"https:\/\/computaex.es\/en\/wp-json\/wp\/v2\/tags?post=9635"}],"curies":[{"name":"wp","href":"https:\/\/api.w.org\/{rel}","templated":true}]}}