{"id":9637,"date":"2018-11-30T09:58:44","date_gmt":"2018-11-30T08:58:44","guid":{"rendered":"https:\/\/web.computaex.es\/?page_id=9637"},"modified":"2025-08-27T10:14:45","modified_gmt":"2025-08-27T08:14:45","slug":"estudio-y-analisis-de-nuevos-mecanismos-para-redes-inalambricas-de-proxima-generacion-haciendo-uso-de-tecnicas-de-computacion-de-altas-prestaciones","status":"publish","type":"page","link":"https:\/\/computaex.es\/en\/publicaciones\/estudio-y-analisis-de-nuevos-mecanismos-para-redes-inalambricas-de-proxima-generacion-haciendo-uso-de-tecnicas-de-computacion-de-altas-prestaciones\/","title":{"rendered":"Estudio y an\u00e1lisis de nuevos mecanismos para redes inal\u00e1mbricas de pr\u00f3xima generaci\u00f3n haciendo uso de t\u00e9cnicas de computaci\u00f3n de altas prestaciones"},"content":{"rendered":"<div class=\"field field-name-field-pub-descripcion field-type-text-long field-label-hidden\">\n<div class=\"field-items\">\n<div class=\"field-item even\">\n<p>En los \u00faltimos a\u00f1os, las redes inal\u00e1mbricas han experimentado un gran desarrollo debido al aumento exponencial de dispositivos m\u00f3viles. Adem\u00e1s, seg\u00fan varios informes de las principales empresas del sector TIC, se prev\u00e9 que el volumen de tr\u00e1fico de datos se multiplique por 1000 en el a\u00f1o 2020. Por ello, se est\u00e1n realizando avances en la infraestructura de red existente para dar cobertura a la creciente demanda de capacidad que se producir\u00e1 en un futuro cercano, considerando despliegues de celdas de cobertura muy densos en las redes de pr\u00f3xima generaci\u00f3n (5G).<\/p>\n<p>Adem\u00e1s, est\u00e1n apareciendo numerosos mecanismos para incrementar la capacidad de la red, como por ejemplo mejorar la eficiencia espectral con t\u00e9cnicas avanzadas de modulaci\u00f3n y codificaci\u00f3n, mejorar las condiciones de interferencia dentro de una celda mediante el uso de tecnolog\u0131\u0301as avanzadas en la antena (Beamforming) o mejorar el n\u00famero de enlaces entre un transmisor y un receptor a trav\u00e9s del uso de tecnolog\u0131\u0301as de multiplexaci\u00f3n (MIMO), entre otros. No todos estos mecanismos son rentables desde el punto de vista econ\u00f3mico, ya que, normalmente, los costes de infraestructura de red se incrementan de manera lineal en relaci\u00f3n al n\u00famero de estaciones base desplegadas. Por ello, los operadores de comunicaciones buscan soluciones que ofrezcan un aumento de la capacidad de red, reduciendo al m\u00e1ximo posible los costes de infraestructura (CAPEX) y los costes para mantenerla operativa (OPEX). Conseguir un equilibrio entre el despliegue eficiente de las estaciones base y los costes asociados a dicho despliegue no es una tarea sencilla, por lo que aparece la necesidad de elevada capacidad de c\u00f3mputo como la que proporcionan los centros de supercomputaci\u00f3n.<\/p>\n<p>Por ello, este proyecto propone un estudio y un an\u00e1lisis del despliegue de mecanismos de nivel f\u0131\u0301sico, considerando cu\u00e1l es el grado de influencia sobre los niveles superiores, desde el punto de vista del rendimiento y de los costes econ\u00f3micos asociados a los despliegues llevados a cabo.<\/p>\n<\/div>\n<\/div>\n<\/div>\n<div class=\"field field-name-field-pub-fuente field-type-text-long field-label-above\">\n<div class=\"field-label\"><strong>Fuente de la publicaci\u00f3n:\u00a0<\/strong><\/div>\n<div class=\"field-items\">\n<div class=\"field-item even\">\n<p>Jos\u00e9 Javier Rico Palomo, Javier Carmona Murillo y Jes\u00fas Calle Cancho.\u00a0<em>Estudio y an\u00e1lisis de nuevos mecanismos para redes inal\u00e1mbricas de pr\u00f3xima generaci\u00f3n haciendo uso de t\u00e9cnicas de computaci\u00f3n de altas prestaciones<\/em>. Trabajo de Fin de Grado en Ingenier\u00eda Telem\u00e1tica de la Universidad de Extremadura. Noviembre de 2018.<\/p>\n<\/div>\n<\/div>\n<\/div>","protected":false},"excerpt":{"rendered":"<p>En los \u00faltimos a\u00f1os, las redes inal\u00e1mbricas han experimentado un gran desarrollo debido al aumento exponencial de dispositivos m\u00f3viles. Adem\u00e1s, seg\u00fan varios informes de las principales empresas del sector TIC, &#8230;<\/p>","protected":false},"author":1,"featured_media":0,"parent":1583,"menu_order":0,"comment_status":"closed","ping_status":"closed","template":"","meta":{"footnotes":""},"categories":[110,91],"tags":[],"class_list":["post-9637","page","type-page","status-publish","hentry","category-anteriores","category-publicaciones"],"yoast_head":"<!-- This site is optimized with the Yoast SEO plugin v27.1.1 - https:\/\/yoast.com\/product\/yoast-seo-wordpress\/ -->\n<title>Estudio y an\u00e1lisis de nuevos mecanismos para redes inal\u00e1mbricas de pr\u00f3xima generaci\u00f3n haciendo uso de t\u00e9cnicas de computaci\u00f3n de altas prestaciones - Fundaci\u00f3n COMPUTAEX<\/title>\n<meta name=\"robots\" content=\"index, follow, max-snippet:-1, max-image-preview:large, max-video-preview:-1\" \/>\n<link rel=\"canonical\" href=\"https:\/\/computaex.es\/en\/publicaciones\/estudio-y-analisis-de-nuevos-mecanismos-para-redes-inalambricas-de-proxima-generacion-haciendo-uso-de-tecnicas-de-computacion-de-altas-prestaciones\/\" \/>\n<meta property=\"og:locale\" content=\"en_US\" \/>\n<meta property=\"og:type\" content=\"article\" \/>\n<meta property=\"og:title\" content=\"Estudio y an\u00e1lisis de nuevos mecanismos para redes inal\u00e1mbricas de pr\u00f3xima generaci\u00f3n haciendo uso de t\u00e9cnicas de computaci\u00f3n de altas prestaciones - Fundaci\u00f3n COMPUTAEX\" \/>\n<meta property=\"og:description\" content=\"En los \u00faltimos a\u00f1os, las redes inal\u00e1mbricas han experimentado un gran desarrollo debido al aumento exponencial de dispositivos m\u00f3viles. Adem\u00e1s, seg\u00fan varios informes de las principales empresas del sector TIC, ...\" \/>\n<meta property=\"og:url\" content=\"https:\/\/computaex.es\/en\/publicaciones\/estudio-y-analisis-de-nuevos-mecanismos-para-redes-inalambricas-de-proxima-generacion-haciendo-uso-de-tecnicas-de-computacion-de-altas-prestaciones\/\" \/>\n<meta property=\"og:site_name\" content=\"Fundaci\u00f3n COMPUTAEX\" \/>\n<meta property=\"article:publisher\" content=\"https:\/\/m.facebook.com\/computaex\/\" \/>\n<meta property=\"article:modified_time\" content=\"2025-08-27T08:14:45+00:00\" \/>\n<meta property=\"og:image\" content=\"https:\/\/computaex.es\/wp-content\/uploads\/2025\/08\/COMPUTAEX.jpg\" \/>\n\t<meta property=\"og:image:width\" content=\"1024\" \/>\n\t<meta property=\"og:image:height\" content=\"403\" \/>\n\t<meta property=\"og:image:type\" content=\"image\/jpeg\" \/>\n<meta name=\"twitter:card\" content=\"summary_large_image\" \/>\n<meta name=\"twitter:site\" content=\"@computaex\" \/>\n<meta name=\"twitter:label1\" content=\"Est. reading time\" \/>\n\t<meta name=\"twitter:data1\" content=\"2 minutes\" \/>\n<script type=\"application\/ld+json\" class=\"yoast-schema-graph\">{\"@context\":\"https:\/\/schema.org\",\"@graph\":[{\"@type\":\"WebPage\",\"@id\":\"https:\/\/computaex.es\/publicaciones\/estudio-y-analisis-de-nuevos-mecanismos-para-redes-inalambricas-de-proxima-generacion-haciendo-uso-de-tecnicas-de-computacion-de-altas-prestaciones\/\",\"url\":\"https:\/\/computaex.es\/publicaciones\/estudio-y-analisis-de-nuevos-mecanismos-para-redes-inalambricas-de-proxima-generacion-haciendo-uso-de-tecnicas-de-computacion-de-altas-prestaciones\/\",\"name\":\"Estudio y an\u00e1lisis de nuevos mecanismos para redes inal\u00e1mbricas de pr\u00f3xima generaci\u00f3n haciendo uso de t\u00e9cnicas de computaci\u00f3n de altas prestaciones - Fundaci\u00f3n COMPUTAEX\",\"isPartOf\":{\"@id\":\"https:\/\/computaex.es\/#website\"},\"datePublished\":\"2018-11-30T08:58:44+00:00\",\"dateModified\":\"2025-08-27T08:14:45+00:00\",\"breadcrumb\":{\"@id\":\"https:\/\/computaex.es\/publicaciones\/estudio-y-analisis-de-nuevos-mecanismos-para-redes-inalambricas-de-proxima-generacion-haciendo-uso-de-tecnicas-de-computacion-de-altas-prestaciones\/#breadcrumb\"},\"inLanguage\":\"en-US\",\"potentialAction\":[{\"@type\":\"ReadAction\",\"target\":[\"https:\/\/computaex.es\/publicaciones\/estudio-y-analisis-de-nuevos-mecanismos-para-redes-inalambricas-de-proxima-generacion-haciendo-uso-de-tecnicas-de-computacion-de-altas-prestaciones\/\"]}]},{\"@type\":\"BreadcrumbList\",\"@id\":\"https:\/\/computaex.es\/publicaciones\/estudio-y-analisis-de-nuevos-mecanismos-para-redes-inalambricas-de-proxima-generacion-haciendo-uso-de-tecnicas-de-computacion-de-altas-prestaciones\/#breadcrumb\",\"itemListElement\":[{\"@type\":\"ListItem\",\"position\":1,\"name\":\"Portada\",\"item\":\"https:\/\/computaex.es\/\"},{\"@type\":\"ListItem\",\"position\":2,\"name\":\"Publicaciones\",\"item\":\"https:\/\/computaex.es\/publicaciones\/\"},{\"@type\":\"ListItem\",\"position\":3,\"name\":\"Estudio y an\u00e1lisis de nuevos mecanismos para redes inal\u00e1mbricas de pr\u00f3xima generaci\u00f3n haciendo uso de t\u00e9cnicas de computaci\u00f3n de altas prestaciones\"}]},{\"@type\":\"WebSite\",\"@id\":\"https:\/\/computaex.es\/#website\",\"url\":\"https:\/\/computaex.es\/\",\"name\":\"Fundaci\u00f3n COMPUTAEX\",\"description\":\"COMPUTAEX\",\"publisher\":{\"@id\":\"https:\/\/computaex.es\/#organization\"},\"potentialAction\":[{\"@type\":\"SearchAction\",\"target\":{\"@type\":\"EntryPoint\",\"urlTemplate\":\"https:\/\/computaex.es\/?s={search_term_string}\"},\"query-input\":{\"@type\":\"PropertyValueSpecification\",\"valueRequired\":true,\"valueName\":\"search_term_string\"}}],\"inLanguage\":\"en-US\"},{\"@type\":\"Organization\",\"@id\":\"https:\/\/computaex.es\/#organization\",\"name\":\"COMPUTAEX\",\"url\":\"https:\/\/computaex.es\/\",\"logo\":{\"@type\":\"ImageObject\",\"inLanguage\":\"en-US\",\"@id\":\"https:\/\/computaex.es\/#\/schema\/logo\/image\/\",\"url\":\"https:\/\/computaex.es\/wp-content\/uploads\/2025\/05\/cropped-COMPUTAEX_transparente-scaled-1.png\",\"contentUrl\":\"https:\/\/computaex.es\/wp-content\/uploads\/2025\/05\/cropped-COMPUTAEX_transparente-scaled-1.png\",\"width\":2560,\"height\":970,\"caption\":\"COMPUTAEX\"},\"image\":{\"@id\":\"https:\/\/computaex.es\/#\/schema\/logo\/image\/\"},\"sameAs\":[\"https:\/\/m.facebook.com\/computaex\/\",\"https:\/\/x.com\/computaex\",\"https:\/\/es.linkedin.com\/company\/cenits\"]}]}<\/script>\n<!-- \/ Yoast SEO plugin. -->","yoast_head_json":{"title":"Estudio y an\u00e1lisis de nuevos mecanismos para redes inal\u00e1mbricas de pr\u00f3xima generaci\u00f3n haciendo uso de t\u00e9cnicas de computaci\u00f3n de altas prestaciones - Fundaci\u00f3n COMPUTAEX","robots":{"index":"index","follow":"follow","max-snippet":"max-snippet:-1","max-image-preview":"max-image-preview:large","max-video-preview":"max-video-preview:-1"},"canonical":"https:\/\/computaex.es\/en\/publicaciones\/estudio-y-analisis-de-nuevos-mecanismos-para-redes-inalambricas-de-proxima-generacion-haciendo-uso-de-tecnicas-de-computacion-de-altas-prestaciones\/","og_locale":"en_US","og_type":"article","og_title":"Estudio y an\u00e1lisis de nuevos mecanismos para redes inal\u00e1mbricas de pr\u00f3xima generaci\u00f3n haciendo uso de t\u00e9cnicas de computaci\u00f3n de altas prestaciones - Fundaci\u00f3n COMPUTAEX","og_description":"En los \u00faltimos a\u00f1os, las redes inal\u00e1mbricas han experimentado un gran desarrollo debido al aumento exponencial de dispositivos m\u00f3viles. Adem\u00e1s, seg\u00fan varios informes de las principales empresas del sector TIC, ...","og_url":"https:\/\/computaex.es\/en\/publicaciones\/estudio-y-analisis-de-nuevos-mecanismos-para-redes-inalambricas-de-proxima-generacion-haciendo-uso-de-tecnicas-de-computacion-de-altas-prestaciones\/","og_site_name":"Fundaci\u00f3n COMPUTAEX","article_publisher":"https:\/\/m.facebook.com\/computaex\/","article_modified_time":"2025-08-27T08:14:45+00:00","og_image":[{"width":1024,"height":403,"url":"https:\/\/computaex.es\/wp-content\/uploads\/2025\/08\/COMPUTAEX.jpg","type":"image\/jpeg"}],"twitter_card":"summary_large_image","twitter_site":"@computaex","twitter_misc":{"Est. reading time":"2 minutes"},"schema":{"@context":"https:\/\/schema.org","@graph":[{"@type":"WebPage","@id":"https:\/\/computaex.es\/publicaciones\/estudio-y-analisis-de-nuevos-mecanismos-para-redes-inalambricas-de-proxima-generacion-haciendo-uso-de-tecnicas-de-computacion-de-altas-prestaciones\/","url":"https:\/\/computaex.es\/publicaciones\/estudio-y-analisis-de-nuevos-mecanismos-para-redes-inalambricas-de-proxima-generacion-haciendo-uso-de-tecnicas-de-computacion-de-altas-prestaciones\/","name":"Estudio y an\u00e1lisis de nuevos mecanismos para redes inal\u00e1mbricas de pr\u00f3xima generaci\u00f3n haciendo uso de t\u00e9cnicas de computaci\u00f3n de altas prestaciones - Fundaci\u00f3n COMPUTAEX","isPartOf":{"@id":"https:\/\/computaex.es\/#website"},"datePublished":"2018-11-30T08:58:44+00:00","dateModified":"2025-08-27T08:14:45+00:00","breadcrumb":{"@id":"https:\/\/computaex.es\/publicaciones\/estudio-y-analisis-de-nuevos-mecanismos-para-redes-inalambricas-de-proxima-generacion-haciendo-uso-de-tecnicas-de-computacion-de-altas-prestaciones\/#breadcrumb"},"inLanguage":"en-US","potentialAction":[{"@type":"ReadAction","target":["https:\/\/computaex.es\/publicaciones\/estudio-y-analisis-de-nuevos-mecanismos-para-redes-inalambricas-de-proxima-generacion-haciendo-uso-de-tecnicas-de-computacion-de-altas-prestaciones\/"]}]},{"@type":"BreadcrumbList","@id":"https:\/\/computaex.es\/publicaciones\/estudio-y-analisis-de-nuevos-mecanismos-para-redes-inalambricas-de-proxima-generacion-haciendo-uso-de-tecnicas-de-computacion-de-altas-prestaciones\/#breadcrumb","itemListElement":[{"@type":"ListItem","position":1,"name":"Portada","item":"https:\/\/computaex.es\/"},{"@type":"ListItem","position":2,"name":"Publicaciones","item":"https:\/\/computaex.es\/publicaciones\/"},{"@type":"ListItem","position":3,"name":"Estudio y an\u00e1lisis de nuevos mecanismos para redes inal\u00e1mbricas de pr\u00f3xima generaci\u00f3n haciendo uso de t\u00e9cnicas de computaci\u00f3n de altas prestaciones"}]},{"@type":"WebSite","@id":"https:\/\/computaex.es\/#website","url":"https:\/\/computaex.es\/","name":"COMPUTAEX Foundation","description":"COMPUTAEX","publisher":{"@id":"https:\/\/computaex.es\/#organization"},"potentialAction":[{"@type":"SearchAction","target":{"@type":"EntryPoint","urlTemplate":"https:\/\/computaex.es\/?s={search_term_string}"},"query-input":{"@type":"PropertyValueSpecification","valueRequired":true,"valueName":"search_term_string"}}],"inLanguage":"en-US"},{"@type":"Organization","@id":"https:\/\/computaex.es\/#organization","name":"COMPUTAEX","url":"https:\/\/computaex.es\/","logo":{"@type":"ImageObject","inLanguage":"en-US","@id":"https:\/\/computaex.es\/#\/schema\/logo\/image\/","url":"https:\/\/computaex.es\/wp-content\/uploads\/2025\/05\/cropped-COMPUTAEX_transparente-scaled-1.png","contentUrl":"https:\/\/computaex.es\/wp-content\/uploads\/2025\/05\/cropped-COMPUTAEX_transparente-scaled-1.png","width":2560,"height":970,"caption":"COMPUTAEX"},"image":{"@id":"https:\/\/computaex.es\/#\/schema\/logo\/image\/"},"sameAs":["https:\/\/m.facebook.com\/computaex\/","https:\/\/x.com\/computaex","https:\/\/es.linkedin.com\/company\/cenits"]}]}},"_links":{"self":[{"href":"https:\/\/computaex.es\/en\/wp-json\/wp\/v2\/pages\/9637","targetHints":{"allow":["GET"]}}],"collection":[{"href":"https:\/\/computaex.es\/en\/wp-json\/wp\/v2\/pages"}],"about":[{"href":"https:\/\/computaex.es\/en\/wp-json\/wp\/v2\/types\/page"}],"author":[{"embeddable":true,"href":"https:\/\/computaex.es\/en\/wp-json\/wp\/v2\/users\/1"}],"replies":[{"embeddable":true,"href":"https:\/\/computaex.es\/en\/wp-json\/wp\/v2\/comments?post=9637"}],"version-history":[{"count":1,"href":"https:\/\/computaex.es\/en\/wp-json\/wp\/v2\/pages\/9637\/revisions"}],"predecessor-version":[{"id":9653,"href":"https:\/\/computaex.es\/en\/wp-json\/wp\/v2\/pages\/9637\/revisions\/9653"}],"up":[{"embeddable":true,"href":"https:\/\/computaex.es\/en\/wp-json\/wp\/v2\/pages\/1583"}],"wp:attachment":[{"href":"https:\/\/computaex.es\/en\/wp-json\/wp\/v2\/media?parent=9637"}],"wp:term":[{"taxonomy":"category","embeddable":true,"href":"https:\/\/computaex.es\/en\/wp-json\/wp\/v2\/categories?post=9637"},{"taxonomy":"post_tag","embeddable":true,"href":"https:\/\/computaex.es\/en\/wp-json\/wp\/v2\/tags?post=9637"}],"curies":[{"name":"wp","href":"https:\/\/api.w.org\/{rel}","templated":true}]}}