{"id":9642,"date":"2013-06-19T10:06:32","date_gmt":"2013-06-19T08:06:32","guid":{"rendered":"https:\/\/web.computaex.es\/?page_id=9642"},"modified":"2025-08-27T10:10:09","modified_gmt":"2025-08-27T08:10:09","slug":"aplicabilidad-de-la-reutilizacion-de-codigo-a-la-implementacion-de-soluciones-en-entornos-hpc","status":"publish","type":"page","link":"https:\/\/computaex.es\/en\/publicaciones\/aplicabilidad-de-la-reutilizacion-de-codigo-a-la-implementacion-de-soluciones-en-entornos-hpc\/","title":{"rendered":"Aplicabilidad de la Reutilizaci\u00f3n de C\u00f3digo a la Implementaci\u00f3n de Soluciones en Entornos HPC"},"content":{"rendered":"<div class=\"field field-name-field-pub-descripcion field-type-text-long field-label-hidden\">\n<div class=\"field-items\">\n<div class=\"field-item even\">\n<p>Javier Corral-Garc\u00eda, Jos\u00e9-Luis Gonz\u00e1lez-S\u00e1nchez, C\u00e9sar G\u00f3mez-Mart\u00edn y David Cort\u00e9s-Polo.\u00a0<strong>Aplicabilidad de la Reutilizaci\u00f3n de C\u00f3digo a la Implementaci\u00f3n de Soluciones en Entornos HPC<\/strong>. Sistemas y Tecnolog\u00edas de la Informaci\u00f3n, Actas de la 8\u00aa Conferencia Ib\u00e9rica de Sistemas y Tecnolog\u00edas de la Informaci\u00f3n, Vol. II. CISTI 2013. Lisboa, Portugal. 19-22 junio 2013. ISBN: 978-989-98434-0-0. pp 359-362.<\/p>\n<p><strong>Abstract<\/strong><br \/>\nLos investigadores y usuarios de la Computaci\u00f3n de Alto Rendimiento, (High-Performance Computing), se enfrentan a grandes retos para resolver sus propuestas y obtener resultados \u00f3ptimos. En muchos casos, estos investigadores no tienen la formaci\u00f3n previa necesaria, sin embargo, desean compilar sus c\u00f3digos y ejecutarlos lo antes posible. Esto puede ser contraproducente debido, por ejemplo, a una pobre paralelizaci\u00f3n o a la elecci\u00f3n incorrecta de un modelo o arquitectura software. Pese a esto, a\u00fan no ha sido encontrada ninguna aproximaci\u00f3n que defina una metodolog\u00eda para el desarrollo de sistemas software espec\u00edficos para la computaci\u00f3n de alto rendimiento. Se propone una metodolog\u00eda para la implementaci\u00f3n de aplicaciones cient\u00edficas en HPC, mediante la utilizaci\u00f3n de componentes funcionales ya existentes, para elaborar c\u00f3digos con mayor confianza en su funcionalidad y alcanzando destacables reducciones de tiempo, esfuerzo y coste. Adem\u00e1s, se presenta un framework para ayudar a usuarios, de una amplia variedad de disciplinas, en el desarrollo de aplicaciones para HPC.<\/p>\n<\/div>\n<\/div>\n<\/div>\n<div class=\"field field-name-field-pub-noticias field-type-text-long field-label-above\">\n<div class=\"field-label\">Fuente de la publicaci\u00f3n:<\/div>\n<div class=\"field-items\">\n<div class=\"field-item even\">\n<ul>\n<li><a href=\"https:\/\/www.researchgate.net\/profile\/Cesar-Gomez-Martin\/publication\/270586730_Aplicabilidad_de_la_Reutilizacion_de_Codigo_a_la_Implementacion_de_Soluciones_en_Entornos_HPC\/links\/54afbe080cf29661a3d5d91c\/Aplicabilidad-de-la-Reutilizacion-de-Codigo-a-la-Implementacion-de-Soluciones-en-Entornos-HPC.pdf\" target=\"_blank\" rel=\"noopener\">Aplicabilidad de la Reutilizaci\u00f3n de C\u00f3digo a la Implementaci\u00f3n de Soluciones en Entornos HPC<\/a><\/li>\n<\/ul>\n<\/div>\n<\/div>\n<\/div>","protected":false},"excerpt":{"rendered":"<p>Javier Corral-Garc\u00eda, Jos\u00e9-Luis Gonz\u00e1lez-S\u00e1nchez, C\u00e9sar G\u00f3mez-Mart\u00edn y David Cort\u00e9s-Polo.\u00a0Aplicabilidad de la Reutilizaci\u00f3n de C\u00f3digo a la Implementaci\u00f3n de Soluciones en Entornos HPC. Sistemas y Tecnolog\u00edas de la Informaci\u00f3n, Actas de &#8230;<\/p>","protected":false},"author":1,"featured_media":0,"parent":1583,"menu_order":0,"comment_status":"closed","ping_status":"closed","template":"","meta":{"footnotes":""},"categories":[110,91],"tags":[],"class_list":["post-9642","page","type-page","status-publish","hentry","category-anteriores","category-publicaciones"],"yoast_head":"<!-- This site is optimized with the Yoast SEO plugin v27.1.1 - https:\/\/yoast.com\/product\/yoast-seo-wordpress\/ -->\n<title>Aplicabilidad de la Reutilizaci\u00f3n de C\u00f3digo a la Implementaci\u00f3n de Soluciones en Entornos HPC - Fundaci\u00f3n COMPUTAEX<\/title>\n<meta name=\"robots\" content=\"index, follow, max-snippet:-1, max-image-preview:large, max-video-preview:-1\" \/>\n<link rel=\"canonical\" href=\"https:\/\/computaex.es\/en\/publicaciones\/aplicabilidad-de-la-reutilizacion-de-codigo-a-la-implementacion-de-soluciones-en-entornos-hpc\/\" \/>\n<meta property=\"og:locale\" content=\"en_US\" \/>\n<meta property=\"og:type\" content=\"article\" \/>\n<meta property=\"og:title\" content=\"Aplicabilidad de la Reutilizaci\u00f3n de C\u00f3digo a la Implementaci\u00f3n de Soluciones en Entornos HPC - Fundaci\u00f3n COMPUTAEX\" \/>\n<meta property=\"og:description\" content=\"Javier Corral-Garc\u00eda, Jos\u00e9-Luis Gonz\u00e1lez-S\u00e1nchez, C\u00e9sar G\u00f3mez-Mart\u00edn y David Cort\u00e9s-Polo.\u00a0Aplicabilidad de la Reutilizaci\u00f3n de C\u00f3digo a la Implementaci\u00f3n de Soluciones en Entornos HPC. Sistemas y Tecnolog\u00edas de la Informaci\u00f3n, Actas de ...\" \/>\n<meta property=\"og:url\" content=\"https:\/\/computaex.es\/en\/publicaciones\/aplicabilidad-de-la-reutilizacion-de-codigo-a-la-implementacion-de-soluciones-en-entornos-hpc\/\" \/>\n<meta property=\"og:site_name\" content=\"Fundaci\u00f3n COMPUTAEX\" \/>\n<meta property=\"article:publisher\" content=\"https:\/\/m.facebook.com\/computaex\/\" \/>\n<meta property=\"article:modified_time\" content=\"2025-08-27T08:10:09+00:00\" \/>\n<meta property=\"og:image\" content=\"https:\/\/computaex.es\/wp-content\/uploads\/2025\/08\/COMPUTAEX.jpg\" \/>\n\t<meta property=\"og:image:width\" content=\"1024\" \/>\n\t<meta property=\"og:image:height\" content=\"403\" \/>\n\t<meta property=\"og:image:type\" content=\"image\/jpeg\" \/>\n<meta name=\"twitter:card\" content=\"summary_large_image\" \/>\n<meta name=\"twitter:site\" content=\"@computaex\" \/>\n<meta name=\"twitter:label1\" content=\"Est. reading time\" \/>\n\t<meta name=\"twitter:data1\" content=\"2 minutes\" \/>\n<script type=\"application\/ld+json\" class=\"yoast-schema-graph\">{\"@context\":\"https:\/\/schema.org\",\"@graph\":[{\"@type\":\"WebPage\",\"@id\":\"https:\/\/computaex.es\/publicaciones\/aplicabilidad-de-la-reutilizacion-de-codigo-a-la-implementacion-de-soluciones-en-entornos-hpc\/\",\"url\":\"https:\/\/computaex.es\/publicaciones\/aplicabilidad-de-la-reutilizacion-de-codigo-a-la-implementacion-de-soluciones-en-entornos-hpc\/\",\"name\":\"Aplicabilidad de la Reutilizaci\u00f3n de C\u00f3digo a la Implementaci\u00f3n de Soluciones en Entornos HPC - Fundaci\u00f3n COMPUTAEX\",\"isPartOf\":{\"@id\":\"https:\/\/computaex.es\/#website\"},\"datePublished\":\"2013-06-19T08:06:32+00:00\",\"dateModified\":\"2025-08-27T08:10:09+00:00\",\"breadcrumb\":{\"@id\":\"https:\/\/computaex.es\/publicaciones\/aplicabilidad-de-la-reutilizacion-de-codigo-a-la-implementacion-de-soluciones-en-entornos-hpc\/#breadcrumb\"},\"inLanguage\":\"en-US\",\"potentialAction\":[{\"@type\":\"ReadAction\",\"target\":[\"https:\/\/computaex.es\/publicaciones\/aplicabilidad-de-la-reutilizacion-de-codigo-a-la-implementacion-de-soluciones-en-entornos-hpc\/\"]}]},{\"@type\":\"BreadcrumbList\",\"@id\":\"https:\/\/computaex.es\/publicaciones\/aplicabilidad-de-la-reutilizacion-de-codigo-a-la-implementacion-de-soluciones-en-entornos-hpc\/#breadcrumb\",\"itemListElement\":[{\"@type\":\"ListItem\",\"position\":1,\"name\":\"Portada\",\"item\":\"https:\/\/computaex.es\/\"},{\"@type\":\"ListItem\",\"position\":2,\"name\":\"Publicaciones\",\"item\":\"https:\/\/computaex.es\/publicaciones\/\"},{\"@type\":\"ListItem\",\"position\":3,\"name\":\"Aplicabilidad de la Reutilizaci\u00f3n de C\u00f3digo a la Implementaci\u00f3n de Soluciones en Entornos HPC\"}]},{\"@type\":\"WebSite\",\"@id\":\"https:\/\/computaex.es\/#website\",\"url\":\"https:\/\/computaex.es\/\",\"name\":\"Fundaci\u00f3n COMPUTAEX\",\"description\":\"COMPUTAEX\",\"publisher\":{\"@id\":\"https:\/\/computaex.es\/#organization\"},\"potentialAction\":[{\"@type\":\"SearchAction\",\"target\":{\"@type\":\"EntryPoint\",\"urlTemplate\":\"https:\/\/computaex.es\/?s={search_term_string}\"},\"query-input\":{\"@type\":\"PropertyValueSpecification\",\"valueRequired\":true,\"valueName\":\"search_term_string\"}}],\"inLanguage\":\"en-US\"},{\"@type\":\"Organization\",\"@id\":\"https:\/\/computaex.es\/#organization\",\"name\":\"COMPUTAEX\",\"url\":\"https:\/\/computaex.es\/\",\"logo\":{\"@type\":\"ImageObject\",\"inLanguage\":\"en-US\",\"@id\":\"https:\/\/computaex.es\/#\/schema\/logo\/image\/\",\"url\":\"https:\/\/computaex.es\/wp-content\/uploads\/2025\/05\/cropped-COMPUTAEX_transparente-scaled-1.png\",\"contentUrl\":\"https:\/\/computaex.es\/wp-content\/uploads\/2025\/05\/cropped-COMPUTAEX_transparente-scaled-1.png\",\"width\":2560,\"height\":970,\"caption\":\"COMPUTAEX\"},\"image\":{\"@id\":\"https:\/\/computaex.es\/#\/schema\/logo\/image\/\"},\"sameAs\":[\"https:\/\/m.facebook.com\/computaex\/\",\"https:\/\/x.com\/computaex\",\"https:\/\/es.linkedin.com\/company\/cenits\"]}]}<\/script>\n<!-- \/ Yoast SEO plugin. -->","yoast_head_json":{"title":"Aplicabilidad de la Reutilizaci\u00f3n de C\u00f3digo a la Implementaci\u00f3n de Soluciones en Entornos HPC - Fundaci\u00f3n COMPUTAEX","robots":{"index":"index","follow":"follow","max-snippet":"max-snippet:-1","max-image-preview":"max-image-preview:large","max-video-preview":"max-video-preview:-1"},"canonical":"https:\/\/computaex.es\/en\/publicaciones\/aplicabilidad-de-la-reutilizacion-de-codigo-a-la-implementacion-de-soluciones-en-entornos-hpc\/","og_locale":"en_US","og_type":"article","og_title":"Aplicabilidad de la Reutilizaci\u00f3n de C\u00f3digo a la Implementaci\u00f3n de Soluciones en Entornos HPC - Fundaci\u00f3n COMPUTAEX","og_description":"Javier Corral-Garc\u00eda, Jos\u00e9-Luis Gonz\u00e1lez-S\u00e1nchez, C\u00e9sar G\u00f3mez-Mart\u00edn y David Cort\u00e9s-Polo.\u00a0Aplicabilidad de la Reutilizaci\u00f3n de C\u00f3digo a la Implementaci\u00f3n de Soluciones en Entornos HPC. Sistemas y Tecnolog\u00edas de la Informaci\u00f3n, Actas de ...","og_url":"https:\/\/computaex.es\/en\/publicaciones\/aplicabilidad-de-la-reutilizacion-de-codigo-a-la-implementacion-de-soluciones-en-entornos-hpc\/","og_site_name":"Fundaci\u00f3n COMPUTAEX","article_publisher":"https:\/\/m.facebook.com\/computaex\/","article_modified_time":"2025-08-27T08:10:09+00:00","og_image":[{"width":1024,"height":403,"url":"https:\/\/computaex.es\/wp-content\/uploads\/2025\/08\/COMPUTAEX.jpg","type":"image\/jpeg"}],"twitter_card":"summary_large_image","twitter_site":"@computaex","twitter_misc":{"Est. reading time":"2 minutes"},"schema":{"@context":"https:\/\/schema.org","@graph":[{"@type":"WebPage","@id":"https:\/\/computaex.es\/publicaciones\/aplicabilidad-de-la-reutilizacion-de-codigo-a-la-implementacion-de-soluciones-en-entornos-hpc\/","url":"https:\/\/computaex.es\/publicaciones\/aplicabilidad-de-la-reutilizacion-de-codigo-a-la-implementacion-de-soluciones-en-entornos-hpc\/","name":"Aplicabilidad de la Reutilizaci\u00f3n de C\u00f3digo a la Implementaci\u00f3n de Soluciones en Entornos HPC - Fundaci\u00f3n COMPUTAEX","isPartOf":{"@id":"https:\/\/computaex.es\/#website"},"datePublished":"2013-06-19T08:06:32+00:00","dateModified":"2025-08-27T08:10:09+00:00","breadcrumb":{"@id":"https:\/\/computaex.es\/publicaciones\/aplicabilidad-de-la-reutilizacion-de-codigo-a-la-implementacion-de-soluciones-en-entornos-hpc\/#breadcrumb"},"inLanguage":"en-US","potentialAction":[{"@type":"ReadAction","target":["https:\/\/computaex.es\/publicaciones\/aplicabilidad-de-la-reutilizacion-de-codigo-a-la-implementacion-de-soluciones-en-entornos-hpc\/"]}]},{"@type":"BreadcrumbList","@id":"https:\/\/computaex.es\/publicaciones\/aplicabilidad-de-la-reutilizacion-de-codigo-a-la-implementacion-de-soluciones-en-entornos-hpc\/#breadcrumb","itemListElement":[{"@type":"ListItem","position":1,"name":"Portada","item":"https:\/\/computaex.es\/"},{"@type":"ListItem","position":2,"name":"Publicaciones","item":"https:\/\/computaex.es\/publicaciones\/"},{"@type":"ListItem","position":3,"name":"Aplicabilidad de la Reutilizaci\u00f3n de C\u00f3digo a la Implementaci\u00f3n de Soluciones en Entornos HPC"}]},{"@type":"WebSite","@id":"https:\/\/computaex.es\/#website","url":"https:\/\/computaex.es\/","name":"COMPUTAEX Foundation","description":"COMPUTAEX","publisher":{"@id":"https:\/\/computaex.es\/#organization"},"potentialAction":[{"@type":"SearchAction","target":{"@type":"EntryPoint","urlTemplate":"https:\/\/computaex.es\/?s={search_term_string}"},"query-input":{"@type":"PropertyValueSpecification","valueRequired":true,"valueName":"search_term_string"}}],"inLanguage":"en-US"},{"@type":"Organization","@id":"https:\/\/computaex.es\/#organization","name":"COMPUTAEX","url":"https:\/\/computaex.es\/","logo":{"@type":"ImageObject","inLanguage":"en-US","@id":"https:\/\/computaex.es\/#\/schema\/logo\/image\/","url":"https:\/\/computaex.es\/wp-content\/uploads\/2025\/05\/cropped-COMPUTAEX_transparente-scaled-1.png","contentUrl":"https:\/\/computaex.es\/wp-content\/uploads\/2025\/05\/cropped-COMPUTAEX_transparente-scaled-1.png","width":2560,"height":970,"caption":"COMPUTAEX"},"image":{"@id":"https:\/\/computaex.es\/#\/schema\/logo\/image\/"},"sameAs":["https:\/\/m.facebook.com\/computaex\/","https:\/\/x.com\/computaex","https:\/\/es.linkedin.com\/company\/cenits"]}]}},"_links":{"self":[{"href":"https:\/\/computaex.es\/en\/wp-json\/wp\/v2\/pages\/9642","targetHints":{"allow":["GET"]}}],"collection":[{"href":"https:\/\/computaex.es\/en\/wp-json\/wp\/v2\/pages"}],"about":[{"href":"https:\/\/computaex.es\/en\/wp-json\/wp\/v2\/types\/page"}],"author":[{"embeddable":true,"href":"https:\/\/computaex.es\/en\/wp-json\/wp\/v2\/users\/1"}],"replies":[{"embeddable":true,"href":"https:\/\/computaex.es\/en\/wp-json\/wp\/v2\/comments?post=9642"}],"version-history":[{"count":3,"href":"https:\/\/computaex.es\/en\/wp-json\/wp\/v2\/pages\/9642\/revisions"}],"predecessor-version":[{"id":9648,"href":"https:\/\/computaex.es\/en\/wp-json\/wp\/v2\/pages\/9642\/revisions\/9648"}],"up":[{"embeddable":true,"href":"https:\/\/computaex.es\/en\/wp-json\/wp\/v2\/pages\/1583"}],"wp:attachment":[{"href":"https:\/\/computaex.es\/en\/wp-json\/wp\/v2\/media?parent=9642"}],"wp:term":[{"taxonomy":"category","embeddable":true,"href":"https:\/\/computaex.es\/en\/wp-json\/wp\/v2\/categories?post=9642"},{"taxonomy":"post_tag","embeddable":true,"href":"https:\/\/computaex.es\/en\/wp-json\/wp\/v2\/tags?post=9642"}],"curies":[{"name":"wp","href":"https:\/\/api.w.org\/{rel}","templated":true}]}}