{"id":9649,"date":"2013-09-16T10:11:13","date_gmt":"2013-09-16T08:11:13","guid":{"rendered":"https:\/\/web.computaex.es\/?page_id=9649"},"modified":"2025-08-27T10:15:05","modified_gmt":"2025-08-27T08:15:05","slug":"performance-and-energy-aware-scheduling-simulator-for-high-performance-computing","status":"publish","type":"page","link":"https:\/\/computaex.es\/en\/publicaciones\/performance-and-energy-aware-scheduling-simulator-for-high-performance-computing\/","title":{"rendered":"Performance and Energy Aware Scheduling Simulator for High-Performance Computing"},"content":{"rendered":"<p>C\u00e9sar G\u00f3mez-Mart\u00edn, Miguel A. Vega-Rodr\u00edguez, Jos\u00e9-Luis Gonz\u00e1lez-S\u00e1nchez, Javier Corral-Garc\u00eda y David Cort\u00e9s-Polo.\u00a0<strong>Performance and Energy Aware Scheduling Simulator for High-Performance Computing<\/strong>. 7th IBERGRID 2013, Conference Proceedings. Madrid, Espa\u00f1a. 19-20 de septiembre 2013. ISBN: 978-84-9048-110-3. pp 17-29.<\/p>\n<p>Abstract<br \/>\nJob scheduling is a very complex task that influences the performance of High-Performance Computing (HPC) infrastructures, thus,a simulator of real computing environments for an accurate evaluation of scheduling and resource selection policies helps ICT and data center managers to make decisions with a solid experimental basis. There are several simulators that try to address performance and somehow estimate energy consumption, but there are none in which the energy model is based on benchmark data that have been countersigned by independent bodies such as the Standard Performance Evaluation Corporation (SPEC), this is the reason why we have implemented a Performance and Energy Aware Scheduling (PEAS) Simulator for HPC. In order to validate the simulator and understand how different computing workloads behave depending on scheduling policies, several user-centric evaluation metrics have been evaluated and compared with previous studies.<\/p>\n<p>Fuente de la publicaci\u00f3n:<\/p>\n<ul>\n<li><a href=\"https:\/\/www.cenits.es\/sites\/cenits.es\/files\/publicaciones\/2013-09-19-performance-energy-aware-scheduling-simulator-hpc.pdf\" target=\"_blank\" rel=\"noopener\" type=\"application\/pdf; length=328623\">2013-09-19-performance-energy-aware-scheduling-simulator-hpc.pdf<\/a><\/li>\n<\/ul>","protected":false},"excerpt":{"rendered":"<p>C\u00e9sar G\u00f3mez-Mart\u00edn, Miguel A. Vega-Rodr\u00edguez, Jos\u00e9-Luis Gonz\u00e1lez-S\u00e1nchez, Javier Corral-Garc\u00eda y David Cort\u00e9s-Polo.\u00a0Performance and Energy Aware Scheduling Simulator for High-Performance Computing. 7th IBERGRID 2013, Conference Proceedings. Madrid, Espa\u00f1a. 19-20 de septiembre &#8230;<\/p>","protected":false},"author":1,"featured_media":0,"parent":1583,"menu_order":0,"comment_status":"closed","ping_status":"closed","template":"","meta":{"footnotes":""},"categories":[110,91],"tags":[],"class_list":["post-9649","page","type-page","status-publish","hentry","category-anteriores","category-publicaciones"],"yoast_head":"<!-- This site is optimized with the Yoast SEO plugin v27.1.1 - https:\/\/yoast.com\/product\/yoast-seo-wordpress\/ -->\n<title>Performance and Energy Aware Scheduling Simulator for High-Performance Computing - Fundaci\u00f3n COMPUTAEX<\/title>\n<meta name=\"robots\" content=\"index, follow, max-snippet:-1, max-image-preview:large, max-video-preview:-1\" \/>\n<link rel=\"canonical\" href=\"https:\/\/computaex.es\/en\/publicaciones\/performance-and-energy-aware-scheduling-simulator-for-high-performance-computing\/\" \/>\n<meta property=\"og:locale\" content=\"en_US\" \/>\n<meta property=\"og:type\" content=\"article\" \/>\n<meta property=\"og:title\" content=\"Performance and Energy Aware Scheduling Simulator for High-Performance Computing - Fundaci\u00f3n COMPUTAEX\" \/>\n<meta property=\"og:description\" content=\"C\u00e9sar G\u00f3mez-Mart\u00edn, Miguel A. Vega-Rodr\u00edguez, Jos\u00e9-Luis Gonz\u00e1lez-S\u00e1nchez, Javier Corral-Garc\u00eda y David Cort\u00e9s-Polo.\u00a0Performance and Energy Aware Scheduling Simulator for High-Performance Computing. 7th IBERGRID 2013, Conference Proceedings. Madrid, Espa\u00f1a. 19-20 de septiembre ...\" \/>\n<meta property=\"og:url\" content=\"https:\/\/computaex.es\/en\/publicaciones\/performance-and-energy-aware-scheduling-simulator-for-high-performance-computing\/\" \/>\n<meta property=\"og:site_name\" content=\"Fundaci\u00f3n COMPUTAEX\" \/>\n<meta property=\"article:publisher\" content=\"https:\/\/m.facebook.com\/computaex\/\" \/>\n<meta property=\"article:modified_time\" content=\"2025-08-27T08:15:05+00:00\" \/>\n<meta property=\"og:image\" content=\"https:\/\/computaex.es\/wp-content\/uploads\/2025\/08\/COMPUTAEX.jpg\" \/>\n\t<meta property=\"og:image:width\" content=\"1024\" \/>\n\t<meta property=\"og:image:height\" content=\"403\" \/>\n\t<meta property=\"og:image:type\" content=\"image\/jpeg\" \/>\n<meta name=\"twitter:card\" content=\"summary_large_image\" \/>\n<meta name=\"twitter:site\" content=\"@computaex\" \/>\n<meta name=\"twitter:label1\" content=\"Est. reading time\" \/>\n\t<meta name=\"twitter:data1\" content=\"1 minute\" \/>\n<script type=\"application\/ld+json\" class=\"yoast-schema-graph\">{\"@context\":\"https:\/\/schema.org\",\"@graph\":[{\"@type\":\"WebPage\",\"@id\":\"https:\/\/computaex.es\/publicaciones\/performance-and-energy-aware-scheduling-simulator-for-high-performance-computing\/\",\"url\":\"https:\/\/computaex.es\/publicaciones\/performance-and-energy-aware-scheduling-simulator-for-high-performance-computing\/\",\"name\":\"Performance and Energy Aware Scheduling Simulator for High-Performance Computing - Fundaci\u00f3n COMPUTAEX\",\"isPartOf\":{\"@id\":\"https:\/\/computaex.es\/#website\"},\"datePublished\":\"2013-09-16T08:11:13+00:00\",\"dateModified\":\"2025-08-27T08:15:05+00:00\",\"breadcrumb\":{\"@id\":\"https:\/\/computaex.es\/publicaciones\/performance-and-energy-aware-scheduling-simulator-for-high-performance-computing\/#breadcrumb\"},\"inLanguage\":\"en-US\",\"potentialAction\":[{\"@type\":\"ReadAction\",\"target\":[\"https:\/\/computaex.es\/publicaciones\/performance-and-energy-aware-scheduling-simulator-for-high-performance-computing\/\"]}]},{\"@type\":\"BreadcrumbList\",\"@id\":\"https:\/\/computaex.es\/publicaciones\/performance-and-energy-aware-scheduling-simulator-for-high-performance-computing\/#breadcrumb\",\"itemListElement\":[{\"@type\":\"ListItem\",\"position\":1,\"name\":\"Portada\",\"item\":\"https:\/\/computaex.es\/\"},{\"@type\":\"ListItem\",\"position\":2,\"name\":\"Publicaciones\",\"item\":\"https:\/\/computaex.es\/publicaciones\/\"},{\"@type\":\"ListItem\",\"position\":3,\"name\":\"Performance and Energy Aware Scheduling Simulator for High-Performance Computing\"}]},{\"@type\":\"WebSite\",\"@id\":\"https:\/\/computaex.es\/#website\",\"url\":\"https:\/\/computaex.es\/\",\"name\":\"Fundaci\u00f3n COMPUTAEX\",\"description\":\"COMPUTAEX\",\"publisher\":{\"@id\":\"https:\/\/computaex.es\/#organization\"},\"potentialAction\":[{\"@type\":\"SearchAction\",\"target\":{\"@type\":\"EntryPoint\",\"urlTemplate\":\"https:\/\/computaex.es\/?s={search_term_string}\"},\"query-input\":{\"@type\":\"PropertyValueSpecification\",\"valueRequired\":true,\"valueName\":\"search_term_string\"}}],\"inLanguage\":\"en-US\"},{\"@type\":\"Organization\",\"@id\":\"https:\/\/computaex.es\/#organization\",\"name\":\"COMPUTAEX\",\"url\":\"https:\/\/computaex.es\/\",\"logo\":{\"@type\":\"ImageObject\",\"inLanguage\":\"en-US\",\"@id\":\"https:\/\/computaex.es\/#\/schema\/logo\/image\/\",\"url\":\"https:\/\/computaex.es\/wp-content\/uploads\/2025\/05\/cropped-COMPUTAEX_transparente-scaled-1.png\",\"contentUrl\":\"https:\/\/computaex.es\/wp-content\/uploads\/2025\/05\/cropped-COMPUTAEX_transparente-scaled-1.png\",\"width\":2560,\"height\":970,\"caption\":\"COMPUTAEX\"},\"image\":{\"@id\":\"https:\/\/computaex.es\/#\/schema\/logo\/image\/\"},\"sameAs\":[\"https:\/\/m.facebook.com\/computaex\/\",\"https:\/\/x.com\/computaex\",\"https:\/\/es.linkedin.com\/company\/cenits\"]}]}<\/script>\n<!-- \/ Yoast SEO plugin. -->","yoast_head_json":{"title":"Performance and Energy Aware Scheduling Simulator for High-Performance Computing - Fundaci\u00f3n COMPUTAEX","robots":{"index":"index","follow":"follow","max-snippet":"max-snippet:-1","max-image-preview":"max-image-preview:large","max-video-preview":"max-video-preview:-1"},"canonical":"https:\/\/computaex.es\/en\/publicaciones\/performance-and-energy-aware-scheduling-simulator-for-high-performance-computing\/","og_locale":"en_US","og_type":"article","og_title":"Performance and Energy Aware Scheduling Simulator for High-Performance Computing - Fundaci\u00f3n COMPUTAEX","og_description":"C\u00e9sar G\u00f3mez-Mart\u00edn, Miguel A. Vega-Rodr\u00edguez, Jos\u00e9-Luis Gonz\u00e1lez-S\u00e1nchez, Javier Corral-Garc\u00eda y David Cort\u00e9s-Polo.\u00a0Performance and Energy Aware Scheduling Simulator for High-Performance Computing. 7th IBERGRID 2013, Conference Proceedings. Madrid, Espa\u00f1a. 19-20 de septiembre ...","og_url":"https:\/\/computaex.es\/en\/publicaciones\/performance-and-energy-aware-scheduling-simulator-for-high-performance-computing\/","og_site_name":"Fundaci\u00f3n COMPUTAEX","article_publisher":"https:\/\/m.facebook.com\/computaex\/","article_modified_time":"2025-08-27T08:15:05+00:00","og_image":[{"width":1024,"height":403,"url":"https:\/\/computaex.es\/wp-content\/uploads\/2025\/08\/COMPUTAEX.jpg","type":"image\/jpeg"}],"twitter_card":"summary_large_image","twitter_site":"@computaex","twitter_misc":{"Est. reading time":"1 minute"},"schema":{"@context":"https:\/\/schema.org","@graph":[{"@type":"WebPage","@id":"https:\/\/computaex.es\/publicaciones\/performance-and-energy-aware-scheduling-simulator-for-high-performance-computing\/","url":"https:\/\/computaex.es\/publicaciones\/performance-and-energy-aware-scheduling-simulator-for-high-performance-computing\/","name":"Performance and Energy Aware Scheduling Simulator for High-Performance Computing - Fundaci\u00f3n COMPUTAEX","isPartOf":{"@id":"https:\/\/computaex.es\/#website"},"datePublished":"2013-09-16T08:11:13+00:00","dateModified":"2025-08-27T08:15:05+00:00","breadcrumb":{"@id":"https:\/\/computaex.es\/publicaciones\/performance-and-energy-aware-scheduling-simulator-for-high-performance-computing\/#breadcrumb"},"inLanguage":"en-US","potentialAction":[{"@type":"ReadAction","target":["https:\/\/computaex.es\/publicaciones\/performance-and-energy-aware-scheduling-simulator-for-high-performance-computing\/"]}]},{"@type":"BreadcrumbList","@id":"https:\/\/computaex.es\/publicaciones\/performance-and-energy-aware-scheduling-simulator-for-high-performance-computing\/#breadcrumb","itemListElement":[{"@type":"ListItem","position":1,"name":"Portada","item":"https:\/\/computaex.es\/"},{"@type":"ListItem","position":2,"name":"Publicaciones","item":"https:\/\/computaex.es\/publicaciones\/"},{"@type":"ListItem","position":3,"name":"Performance and Energy Aware Scheduling Simulator for High-Performance Computing"}]},{"@type":"WebSite","@id":"https:\/\/computaex.es\/#website","url":"https:\/\/computaex.es\/","name":"COMPUTAEX Foundation","description":"COMPUTAEX","publisher":{"@id":"https:\/\/computaex.es\/#organization"},"potentialAction":[{"@type":"SearchAction","target":{"@type":"EntryPoint","urlTemplate":"https:\/\/computaex.es\/?s={search_term_string}"},"query-input":{"@type":"PropertyValueSpecification","valueRequired":true,"valueName":"search_term_string"}}],"inLanguage":"en-US"},{"@type":"Organization","@id":"https:\/\/computaex.es\/#organization","name":"COMPUTAEX","url":"https:\/\/computaex.es\/","logo":{"@type":"ImageObject","inLanguage":"en-US","@id":"https:\/\/computaex.es\/#\/schema\/logo\/image\/","url":"https:\/\/computaex.es\/wp-content\/uploads\/2025\/05\/cropped-COMPUTAEX_transparente-scaled-1.png","contentUrl":"https:\/\/computaex.es\/wp-content\/uploads\/2025\/05\/cropped-COMPUTAEX_transparente-scaled-1.png","width":2560,"height":970,"caption":"COMPUTAEX"},"image":{"@id":"https:\/\/computaex.es\/#\/schema\/logo\/image\/"},"sameAs":["https:\/\/m.facebook.com\/computaex\/","https:\/\/x.com\/computaex","https:\/\/es.linkedin.com\/company\/cenits"]}]}},"_links":{"self":[{"href":"https:\/\/computaex.es\/en\/wp-json\/wp\/v2\/pages\/9649","targetHints":{"allow":["GET"]}}],"collection":[{"href":"https:\/\/computaex.es\/en\/wp-json\/wp\/v2\/pages"}],"about":[{"href":"https:\/\/computaex.es\/en\/wp-json\/wp\/v2\/types\/page"}],"author":[{"embeddable":true,"href":"https:\/\/computaex.es\/en\/wp-json\/wp\/v2\/users\/1"}],"replies":[{"embeddable":true,"href":"https:\/\/computaex.es\/en\/wp-json\/wp\/v2\/comments?post=9649"}],"version-history":[{"count":4,"href":"https:\/\/computaex.es\/en\/wp-json\/wp\/v2\/pages\/9649\/revisions"}],"predecessor-version":[{"id":9655,"href":"https:\/\/computaex.es\/en\/wp-json\/wp\/v2\/pages\/9649\/revisions\/9655"}],"up":[{"embeddable":true,"href":"https:\/\/computaex.es\/en\/wp-json\/wp\/v2\/pages\/1583"}],"wp:attachment":[{"href":"https:\/\/computaex.es\/en\/wp-json\/wp\/v2\/media?parent=9649"}],"wp:term":[{"taxonomy":"category","embeddable":true,"href":"https:\/\/computaex.es\/en\/wp-json\/wp\/v2\/categories?post=9649"},{"taxonomy":"post_tag","embeddable":true,"href":"https:\/\/computaex.es\/en\/wp-json\/wp\/v2\/tags?post=9649"}],"curies":[{"name":"wp","href":"https:\/\/api.w.org\/{rel}","templated":true}]}}