{"id":9654,"date":"2018-11-21T10:14:48","date_gmt":"2018-11-21T09:14:48","guid":{"rendered":"https:\/\/web.computaex.es\/?page_id=9654"},"modified":"2025-08-27T10:15:31","modified_gmt":"2025-08-27T08:15:31","slug":"evaluation-of-strategies-for-the-development-of-efficient-code-for-raspberry-pi-devices","status":"publish","type":"page","link":"https:\/\/computaex.es\/en\/publicaciones\/evaluation-of-strategies-for-the-development-of-efficient-code-for-raspberry-pi-devices\/","title":{"rendered":"Evaluation of Strategies for the Development of Efficient Code for Raspberry Pi Devices"},"content":{"rendered":"<div class=\"field field-name-field-pub-descripcion field-type-text-long field-label-hidden\">\n<div class=\"field-items\">\n<div class=\"field-item even\">\n<p>The Internet of Things (IoT) is faced with challenges that require green solutions and energy-efficient paradigms. Architectures (such as ARM) have evolved significantly in recent years, with improvements to processor efficiency, essential for always-on devices, as a focal point. However, as far as software is concerned, few approaches analyse the advantages of writing efficient code when programming IoT devices. Therefore, this proposal aims to improve source code optimization to achieve better execution times. In addition, the importance of various techniques for writing efficient code for Raspberry Pi devices is analysed, with the objective of increasing execution speed. A complete set of tests have been developed exclusively for analysing and measuring the improvements achieved when applying each of these techniques. This will raise awareness of the significant impact the recommended techniques can have.<\/p>\n<\/div>\n<\/div>\n<\/div>\n<div class=\"field field-name-field-pub-fuente field-type-text-long field-label-above\">\n<div class=\"field-label\">Fuente de la publicaci\u00f3n:<\/div>\n<div class=\"field-items\">\n<div class=\"field-item even\">\n<ul>\n<li>Javier Corral-Garc\u00eda, Jos\u00e9-Luis Gonz\u00e1lez-S\u00e1nchez and Miguel-\u00c1ngel P\u00e9rez-Toledano. Evaluation of Strategies for the Development of Efficient Code for Raspberry Pi Devices. Sensors 2018, 18(11), 4066. doi:<a href=\"https:\/\/doi.org\/10.3390\/s18114066\" target=\"_blank\" rel=\"noopener\">10.3390\/s18114066<\/a>.<\/li>\n<\/ul>\n<\/div>\n<\/div>\n<\/div>","protected":false},"excerpt":{"rendered":"<p>The Internet of Things (IoT) is faced with challenges that require green solutions and energy-efficient paradigms. Architectures (such as ARM) have evolved significantly in recent years, with improvements to processor &#8230;<\/p>","protected":false},"author":1,"featured_media":0,"parent":1583,"menu_order":0,"comment_status":"closed","ping_status":"closed","template":"","meta":{"footnotes":""},"categories":[110,91],"tags":[],"class_list":["post-9654","page","type-page","status-publish","hentry","category-anteriores","category-publicaciones"],"yoast_head":"<!-- This site is optimized with the Yoast SEO plugin v27.1.1 - https:\/\/yoast.com\/product\/yoast-seo-wordpress\/ -->\n<title>Evaluation of Strategies for the Development of Efficient Code for Raspberry Pi Devices - Fundaci\u00f3n COMPUTAEX<\/title>\n<meta name=\"robots\" content=\"index, follow, max-snippet:-1, max-image-preview:large, max-video-preview:-1\" \/>\n<link rel=\"canonical\" href=\"https:\/\/computaex.es\/en\/publicaciones\/evaluation-of-strategies-for-the-development-of-efficient-code-for-raspberry-pi-devices\/\" \/>\n<meta property=\"og:locale\" content=\"en_US\" \/>\n<meta property=\"og:type\" content=\"article\" \/>\n<meta property=\"og:title\" content=\"Evaluation of Strategies for the Development of Efficient Code for Raspberry Pi Devices - Fundaci\u00f3n COMPUTAEX\" \/>\n<meta property=\"og:description\" content=\"The Internet of Things (IoT) is faced with challenges that require green solutions and energy-efficient paradigms. Architectures (such as ARM) have evolved significantly in recent years, with improvements to processor ...\" \/>\n<meta property=\"og:url\" content=\"https:\/\/computaex.es\/en\/publicaciones\/evaluation-of-strategies-for-the-development-of-efficient-code-for-raspberry-pi-devices\/\" \/>\n<meta property=\"og:site_name\" content=\"Fundaci\u00f3n COMPUTAEX\" \/>\n<meta property=\"article:publisher\" content=\"https:\/\/m.facebook.com\/computaex\/\" \/>\n<meta property=\"article:modified_time\" content=\"2025-08-27T08:15:31+00:00\" \/>\n<meta property=\"og:image\" content=\"https:\/\/computaex.es\/wp-content\/uploads\/2025\/08\/COMPUTAEX.jpg\" \/>\n\t<meta property=\"og:image:width\" content=\"1024\" \/>\n\t<meta property=\"og:image:height\" content=\"403\" \/>\n\t<meta property=\"og:image:type\" content=\"image\/jpeg\" \/>\n<meta name=\"twitter:card\" content=\"summary_large_image\" \/>\n<meta name=\"twitter:site\" content=\"@computaex\" \/>\n<meta name=\"twitter:label1\" content=\"Est. reading time\" \/>\n\t<meta name=\"twitter:data1\" content=\"1 minute\" \/>\n<script type=\"application\/ld+json\" class=\"yoast-schema-graph\">{\"@context\":\"https:\/\/schema.org\",\"@graph\":[{\"@type\":\"WebPage\",\"@id\":\"https:\/\/computaex.es\/publicaciones\/evaluation-of-strategies-for-the-development-of-efficient-code-for-raspberry-pi-devices\/\",\"url\":\"https:\/\/computaex.es\/publicaciones\/evaluation-of-strategies-for-the-development-of-efficient-code-for-raspberry-pi-devices\/\",\"name\":\"Evaluation of Strategies for the Development of Efficient Code for Raspberry Pi Devices - Fundaci\u00f3n COMPUTAEX\",\"isPartOf\":{\"@id\":\"https:\/\/computaex.es\/#website\"},\"datePublished\":\"2018-11-21T09:14:48+00:00\",\"dateModified\":\"2025-08-27T08:15:31+00:00\",\"breadcrumb\":{\"@id\":\"https:\/\/computaex.es\/publicaciones\/evaluation-of-strategies-for-the-development-of-efficient-code-for-raspberry-pi-devices\/#breadcrumb\"},\"inLanguage\":\"en-US\",\"potentialAction\":[{\"@type\":\"ReadAction\",\"target\":[\"https:\/\/computaex.es\/publicaciones\/evaluation-of-strategies-for-the-development-of-efficient-code-for-raspberry-pi-devices\/\"]}]},{\"@type\":\"BreadcrumbList\",\"@id\":\"https:\/\/computaex.es\/publicaciones\/evaluation-of-strategies-for-the-development-of-efficient-code-for-raspberry-pi-devices\/#breadcrumb\",\"itemListElement\":[{\"@type\":\"ListItem\",\"position\":1,\"name\":\"Portada\",\"item\":\"https:\/\/computaex.es\/\"},{\"@type\":\"ListItem\",\"position\":2,\"name\":\"Publicaciones\",\"item\":\"https:\/\/computaex.es\/publicaciones\/\"},{\"@type\":\"ListItem\",\"position\":3,\"name\":\"Evaluation of Strategies for the Development of Efficient Code for Raspberry Pi Devices\"}]},{\"@type\":\"WebSite\",\"@id\":\"https:\/\/computaex.es\/#website\",\"url\":\"https:\/\/computaex.es\/\",\"name\":\"Fundaci\u00f3n COMPUTAEX\",\"description\":\"COMPUTAEX\",\"publisher\":{\"@id\":\"https:\/\/computaex.es\/#organization\"},\"potentialAction\":[{\"@type\":\"SearchAction\",\"target\":{\"@type\":\"EntryPoint\",\"urlTemplate\":\"https:\/\/computaex.es\/?s={search_term_string}\"},\"query-input\":{\"@type\":\"PropertyValueSpecification\",\"valueRequired\":true,\"valueName\":\"search_term_string\"}}],\"inLanguage\":\"en-US\"},{\"@type\":\"Organization\",\"@id\":\"https:\/\/computaex.es\/#organization\",\"name\":\"COMPUTAEX\",\"url\":\"https:\/\/computaex.es\/\",\"logo\":{\"@type\":\"ImageObject\",\"inLanguage\":\"en-US\",\"@id\":\"https:\/\/computaex.es\/#\/schema\/logo\/image\/\",\"url\":\"https:\/\/computaex.es\/wp-content\/uploads\/2025\/05\/cropped-COMPUTAEX_transparente-scaled-1.png\",\"contentUrl\":\"https:\/\/computaex.es\/wp-content\/uploads\/2025\/05\/cropped-COMPUTAEX_transparente-scaled-1.png\",\"width\":2560,\"height\":970,\"caption\":\"COMPUTAEX\"},\"image\":{\"@id\":\"https:\/\/computaex.es\/#\/schema\/logo\/image\/\"},\"sameAs\":[\"https:\/\/m.facebook.com\/computaex\/\",\"https:\/\/x.com\/computaex\",\"https:\/\/es.linkedin.com\/company\/cenits\"]}]}<\/script>\n<!-- \/ Yoast SEO plugin. -->","yoast_head_json":{"title":"Evaluation of Strategies for the Development of Efficient Code for Raspberry Pi Devices - Fundaci\u00f3n COMPUTAEX","robots":{"index":"index","follow":"follow","max-snippet":"max-snippet:-1","max-image-preview":"max-image-preview:large","max-video-preview":"max-video-preview:-1"},"canonical":"https:\/\/computaex.es\/en\/publicaciones\/evaluation-of-strategies-for-the-development-of-efficient-code-for-raspberry-pi-devices\/","og_locale":"en_US","og_type":"article","og_title":"Evaluation of Strategies for the Development of Efficient Code for Raspberry Pi Devices - Fundaci\u00f3n COMPUTAEX","og_description":"The Internet of Things (IoT) is faced with challenges that require green solutions and energy-efficient paradigms. Architectures (such as ARM) have evolved significantly in recent years, with improvements to processor ...","og_url":"https:\/\/computaex.es\/en\/publicaciones\/evaluation-of-strategies-for-the-development-of-efficient-code-for-raspberry-pi-devices\/","og_site_name":"Fundaci\u00f3n COMPUTAEX","article_publisher":"https:\/\/m.facebook.com\/computaex\/","article_modified_time":"2025-08-27T08:15:31+00:00","og_image":[{"width":1024,"height":403,"url":"https:\/\/computaex.es\/wp-content\/uploads\/2025\/08\/COMPUTAEX.jpg","type":"image\/jpeg"}],"twitter_card":"summary_large_image","twitter_site":"@computaex","twitter_misc":{"Est. reading time":"1 minute"},"schema":{"@context":"https:\/\/schema.org","@graph":[{"@type":"WebPage","@id":"https:\/\/computaex.es\/publicaciones\/evaluation-of-strategies-for-the-development-of-efficient-code-for-raspberry-pi-devices\/","url":"https:\/\/computaex.es\/publicaciones\/evaluation-of-strategies-for-the-development-of-efficient-code-for-raspberry-pi-devices\/","name":"Evaluation of Strategies for the Development of Efficient Code for Raspberry Pi Devices - Fundaci\u00f3n COMPUTAEX","isPartOf":{"@id":"https:\/\/computaex.es\/#website"},"datePublished":"2018-11-21T09:14:48+00:00","dateModified":"2025-08-27T08:15:31+00:00","breadcrumb":{"@id":"https:\/\/computaex.es\/publicaciones\/evaluation-of-strategies-for-the-development-of-efficient-code-for-raspberry-pi-devices\/#breadcrumb"},"inLanguage":"en-US","potentialAction":[{"@type":"ReadAction","target":["https:\/\/computaex.es\/publicaciones\/evaluation-of-strategies-for-the-development-of-efficient-code-for-raspberry-pi-devices\/"]}]},{"@type":"BreadcrumbList","@id":"https:\/\/computaex.es\/publicaciones\/evaluation-of-strategies-for-the-development-of-efficient-code-for-raspberry-pi-devices\/#breadcrumb","itemListElement":[{"@type":"ListItem","position":1,"name":"Portada","item":"https:\/\/computaex.es\/"},{"@type":"ListItem","position":2,"name":"Publicaciones","item":"https:\/\/computaex.es\/publicaciones\/"},{"@type":"ListItem","position":3,"name":"Evaluation of Strategies for the Development of Efficient Code for Raspberry Pi Devices"}]},{"@type":"WebSite","@id":"https:\/\/computaex.es\/#website","url":"https:\/\/computaex.es\/","name":"COMPUTAEX Foundation","description":"COMPUTAEX","publisher":{"@id":"https:\/\/computaex.es\/#organization"},"potentialAction":[{"@type":"SearchAction","target":{"@type":"EntryPoint","urlTemplate":"https:\/\/computaex.es\/?s={search_term_string}"},"query-input":{"@type":"PropertyValueSpecification","valueRequired":true,"valueName":"search_term_string"}}],"inLanguage":"en-US"},{"@type":"Organization","@id":"https:\/\/computaex.es\/#organization","name":"COMPUTAEX","url":"https:\/\/computaex.es\/","logo":{"@type":"ImageObject","inLanguage":"en-US","@id":"https:\/\/computaex.es\/#\/schema\/logo\/image\/","url":"https:\/\/computaex.es\/wp-content\/uploads\/2025\/05\/cropped-COMPUTAEX_transparente-scaled-1.png","contentUrl":"https:\/\/computaex.es\/wp-content\/uploads\/2025\/05\/cropped-COMPUTAEX_transparente-scaled-1.png","width":2560,"height":970,"caption":"COMPUTAEX"},"image":{"@id":"https:\/\/computaex.es\/#\/schema\/logo\/image\/"},"sameAs":["https:\/\/m.facebook.com\/computaex\/","https:\/\/x.com\/computaex","https:\/\/es.linkedin.com\/company\/cenits"]}]}},"_links":{"self":[{"href":"https:\/\/computaex.es\/en\/wp-json\/wp\/v2\/pages\/9654","targetHints":{"allow":["GET"]}}],"collection":[{"href":"https:\/\/computaex.es\/en\/wp-json\/wp\/v2\/pages"}],"about":[{"href":"https:\/\/computaex.es\/en\/wp-json\/wp\/v2\/types\/page"}],"author":[{"embeddable":true,"href":"https:\/\/computaex.es\/en\/wp-json\/wp\/v2\/users\/1"}],"replies":[{"embeddable":true,"href":"https:\/\/computaex.es\/en\/wp-json\/wp\/v2\/comments?post=9654"}],"version-history":[{"count":1,"href":"https:\/\/computaex.es\/en\/wp-json\/wp\/v2\/pages\/9654\/revisions"}],"predecessor-version":[{"id":9657,"href":"https:\/\/computaex.es\/en\/wp-json\/wp\/v2\/pages\/9654\/revisions\/9657"}],"up":[{"embeddable":true,"href":"https:\/\/computaex.es\/en\/wp-json\/wp\/v2\/pages\/1583"}],"wp:attachment":[{"href":"https:\/\/computaex.es\/en\/wp-json\/wp\/v2\/media?parent=9654"}],"wp:term":[{"taxonomy":"category","embeddable":true,"href":"https:\/\/computaex.es\/en\/wp-json\/wp\/v2\/categories?post=9654"},{"taxonomy":"post_tag","embeddable":true,"href":"https:\/\/computaex.es\/en\/wp-json\/wp\/v2\/tags?post=9654"}],"curies":[{"name":"wp","href":"https:\/\/api.w.org\/{rel}","templated":true}]}}