{"id":9658,"date":"2018-11-06T10:15:49","date_gmt":"2018-11-06T09:15:49","guid":{"rendered":"https:\/\/web.computaex.es\/?page_id=9658"},"modified":"2025-08-27T10:16:28","modified_gmt":"2025-08-27T08:16:28","slug":"sistema-ciberfisico-para-la-optimizacion-de-una-explotacion-agropecuaria","status":"publish","type":"page","link":"https:\/\/computaex.es\/en\/publicaciones\/sistema-ciberfisico-para-la-optimizacion-de-una-explotacion-agropecuaria\/","title":{"rendered":"Sistema Ciberf\u00edsico para la Optimizaci\u00f3n de una Explotaci\u00f3n Agropecuaria"},"content":{"rendered":"<div class=\"field field-name-field-pub-descripcion field-type-text-long field-label-hidden\">\n<div class=\"field-items\">\n<div class=\"field-item even\">\n<p>El desarrollo de la agricultura, comparada con otras \u00e1reas, se encuentra retrasado y avanza lentamente. Adem\u00e1s, en los pr\u00f3ximos a\u00f1os deber\u00e1 enfrentarse al reto de abastecer a una poblaci\u00f3n mundial en crecimiento al mismo tiempo que se disminuyen las hect\u00e1reas cultivables por persona. Esto implica que se debe aumentar considerablemente la productividad.<\/p>\n<p>Para ello, se debe aspirar a una gesti\u00f3n de los cultivos de manera innovadora, profesional y de m\u00e1xima producci\u00f3n, sobre la base de la observaci\u00f3n, la medida y la actuaci\u00f3n frente a los datos que se puedan extraer.<\/p>\n<p>Los avances en la ciencia y el desarrollo tecnol\u00f3gico han permitido la implementaci\u00f3n de sensores que, junto con la aparici\u00f3n de otras tecnolog\u00edas como el Big Data y el Internet de las Cosas han hecho posible el avance de las t\u00e9cnicas de agricultura de precisi\u00f3n.<\/p>\n<p>Aunque la incorporaci\u00f3n de la agricultura inteligente en las etapas del ciclo de producci\u00f3n (preparaci\u00f3n del suelo, siembra, gesti\u00f3n de los cultivos, cosecha y almacenamiento del producto final) presenta numerosas ventajas, sigue en etapa de gestaci\u00f3n, con bajos niveles de penetraci\u00f3n.<\/p>\n<p>Este Trabajo de Fin de Grado pretende desarrollar un sistema ciberf\u00edsico que mediante el uso de sensores, dispositivos y una aplicaci\u00f3n inform\u00e1tica, permitir\u00e1 obtener informaci\u00f3n detallada del cultivo del suelo y de variaciones clim\u00e1ticas m\u00e1s espec\u00edficas que las t\u00e9cnicas de agricultura tradicional.<\/p>\n<\/div>\n<\/div>\n<\/div>\n<div class=\"field field-name-field-pub-fuente field-type-text-long field-label-above\">\n<div class=\"field-label\">Fuente de la publicaci\u00f3n:<\/div>\n<div class=\"field-items\">\n<div class=\"field-item even\">\n<ul>\n<li>Juan Francisco Bermejo,\u00a0Jos\u00e9 Luis Gonz\u00e1lez y F\u00e9lix R. Rodr\u00edguez.\u00a0<em>Sistema Ciberf\u00edsico para la Optimizaci\u00f3n de una Explotaci\u00f3n Agropecuaria<\/em>. Trabajo de Fin de Grado en Ingenier\u00eda Inform\u00e1tica en Ingenier\u00eda del Software de la Universidad de Extremadura. Noviembre de 2018.<\/li>\n<\/ul>\n<\/div>\n<\/div>\n<\/div>","protected":false},"excerpt":{"rendered":"<p>El desarrollo de la agricultura, comparada con otras \u00e1reas, se encuentra retrasado y avanza lentamente. Adem\u00e1s, en los pr\u00f3ximos a\u00f1os deber\u00e1 enfrentarse al reto de abastecer a una poblaci\u00f3n mundial &#8230;<\/p>","protected":false},"author":1,"featured_media":0,"parent":1583,"menu_order":0,"comment_status":"closed","ping_status":"closed","template":"","meta":{"footnotes":""},"categories":[110,91],"tags":[],"class_list":["post-9658","page","type-page","status-publish","hentry","category-anteriores","category-publicaciones"],"yoast_head":"<!-- This site is optimized with the Yoast SEO plugin v27.1.1 - https:\/\/yoast.com\/product\/yoast-seo-wordpress\/ -->\n<title>Sistema Ciberf\u00edsico para la Optimizaci\u00f3n de una Explotaci\u00f3n Agropecuaria - Fundaci\u00f3n COMPUTAEX<\/title>\n<meta name=\"robots\" content=\"index, follow, max-snippet:-1, max-image-preview:large, max-video-preview:-1\" \/>\n<link rel=\"canonical\" href=\"https:\/\/computaex.es\/en\/publicaciones\/sistema-ciberfisico-para-la-optimizacion-de-una-explotacion-agropecuaria\/\" \/>\n<meta property=\"og:locale\" content=\"en_US\" \/>\n<meta property=\"og:type\" content=\"article\" \/>\n<meta property=\"og:title\" content=\"Sistema Ciberf\u00edsico para la Optimizaci\u00f3n de una Explotaci\u00f3n Agropecuaria - Fundaci\u00f3n COMPUTAEX\" \/>\n<meta property=\"og:description\" content=\"El desarrollo de la agricultura, comparada con otras \u00e1reas, se encuentra retrasado y avanza lentamente. Adem\u00e1s, en los pr\u00f3ximos a\u00f1os deber\u00e1 enfrentarse al reto de abastecer a una poblaci\u00f3n mundial ...\" \/>\n<meta property=\"og:url\" content=\"https:\/\/computaex.es\/en\/publicaciones\/sistema-ciberfisico-para-la-optimizacion-de-una-explotacion-agropecuaria\/\" \/>\n<meta property=\"og:site_name\" content=\"Fundaci\u00f3n COMPUTAEX\" \/>\n<meta property=\"article:publisher\" content=\"https:\/\/m.facebook.com\/computaex\/\" \/>\n<meta property=\"article:modified_time\" content=\"2025-08-27T08:16:28+00:00\" \/>\n<meta property=\"og:image\" content=\"https:\/\/computaex.es\/wp-content\/uploads\/2025\/08\/COMPUTAEX.jpg\" \/>\n\t<meta property=\"og:image:width\" content=\"1024\" \/>\n\t<meta property=\"og:image:height\" content=\"403\" \/>\n\t<meta property=\"og:image:type\" content=\"image\/jpeg\" \/>\n<meta name=\"twitter:card\" content=\"summary_large_image\" \/>\n<meta name=\"twitter:site\" content=\"@computaex\" \/>\n<meta name=\"twitter:label1\" content=\"Est. reading time\" \/>\n\t<meta name=\"twitter:data1\" content=\"2 minutes\" \/>\n<script type=\"application\/ld+json\" class=\"yoast-schema-graph\">{\"@context\":\"https:\/\/schema.org\",\"@graph\":[{\"@type\":\"WebPage\",\"@id\":\"https:\/\/computaex.es\/publicaciones\/sistema-ciberfisico-para-la-optimizacion-de-una-explotacion-agropecuaria\/\",\"url\":\"https:\/\/computaex.es\/publicaciones\/sistema-ciberfisico-para-la-optimizacion-de-una-explotacion-agropecuaria\/\",\"name\":\"Sistema Ciberf\u00edsico para la Optimizaci\u00f3n de una Explotaci\u00f3n Agropecuaria - Fundaci\u00f3n COMPUTAEX\",\"isPartOf\":{\"@id\":\"https:\/\/computaex.es\/#website\"},\"datePublished\":\"2018-11-06T09:15:49+00:00\",\"dateModified\":\"2025-08-27T08:16:28+00:00\",\"breadcrumb\":{\"@id\":\"https:\/\/computaex.es\/publicaciones\/sistema-ciberfisico-para-la-optimizacion-de-una-explotacion-agropecuaria\/#breadcrumb\"},\"inLanguage\":\"en-US\",\"potentialAction\":[{\"@type\":\"ReadAction\",\"target\":[\"https:\/\/computaex.es\/publicaciones\/sistema-ciberfisico-para-la-optimizacion-de-una-explotacion-agropecuaria\/\"]}]},{\"@type\":\"BreadcrumbList\",\"@id\":\"https:\/\/computaex.es\/publicaciones\/sistema-ciberfisico-para-la-optimizacion-de-una-explotacion-agropecuaria\/#breadcrumb\",\"itemListElement\":[{\"@type\":\"ListItem\",\"position\":1,\"name\":\"Portada\",\"item\":\"https:\/\/computaex.es\/\"},{\"@type\":\"ListItem\",\"position\":2,\"name\":\"Publicaciones\",\"item\":\"https:\/\/computaex.es\/publicaciones\/\"},{\"@type\":\"ListItem\",\"position\":3,\"name\":\"Sistema Ciberf\u00edsico para la Optimizaci\u00f3n de una Explotaci\u00f3n Agropecuaria\"}]},{\"@type\":\"WebSite\",\"@id\":\"https:\/\/computaex.es\/#website\",\"url\":\"https:\/\/computaex.es\/\",\"name\":\"Fundaci\u00f3n COMPUTAEX\",\"description\":\"COMPUTAEX\",\"publisher\":{\"@id\":\"https:\/\/computaex.es\/#organization\"},\"potentialAction\":[{\"@type\":\"SearchAction\",\"target\":{\"@type\":\"EntryPoint\",\"urlTemplate\":\"https:\/\/computaex.es\/?s={search_term_string}\"},\"query-input\":{\"@type\":\"PropertyValueSpecification\",\"valueRequired\":true,\"valueName\":\"search_term_string\"}}],\"inLanguage\":\"en-US\"},{\"@type\":\"Organization\",\"@id\":\"https:\/\/computaex.es\/#organization\",\"name\":\"COMPUTAEX\",\"url\":\"https:\/\/computaex.es\/\",\"logo\":{\"@type\":\"ImageObject\",\"inLanguage\":\"en-US\",\"@id\":\"https:\/\/computaex.es\/#\/schema\/logo\/image\/\",\"url\":\"https:\/\/computaex.es\/wp-content\/uploads\/2025\/05\/cropped-COMPUTAEX_transparente-scaled-1.png\",\"contentUrl\":\"https:\/\/computaex.es\/wp-content\/uploads\/2025\/05\/cropped-COMPUTAEX_transparente-scaled-1.png\",\"width\":2560,\"height\":970,\"caption\":\"COMPUTAEX\"},\"image\":{\"@id\":\"https:\/\/computaex.es\/#\/schema\/logo\/image\/\"},\"sameAs\":[\"https:\/\/m.facebook.com\/computaex\/\",\"https:\/\/x.com\/computaex\",\"https:\/\/es.linkedin.com\/company\/cenits\"]}]}<\/script>\n<!-- \/ Yoast SEO plugin. -->","yoast_head_json":{"title":"Sistema Ciberf\u00edsico para la Optimizaci\u00f3n de una Explotaci\u00f3n Agropecuaria - Fundaci\u00f3n COMPUTAEX","robots":{"index":"index","follow":"follow","max-snippet":"max-snippet:-1","max-image-preview":"max-image-preview:large","max-video-preview":"max-video-preview:-1"},"canonical":"https:\/\/computaex.es\/en\/publicaciones\/sistema-ciberfisico-para-la-optimizacion-de-una-explotacion-agropecuaria\/","og_locale":"en_US","og_type":"article","og_title":"Sistema Ciberf\u00edsico para la Optimizaci\u00f3n de una Explotaci\u00f3n Agropecuaria - Fundaci\u00f3n COMPUTAEX","og_description":"El desarrollo de la agricultura, comparada con otras \u00e1reas, se encuentra retrasado y avanza lentamente. Adem\u00e1s, en los pr\u00f3ximos a\u00f1os deber\u00e1 enfrentarse al reto de abastecer a una poblaci\u00f3n mundial ...","og_url":"https:\/\/computaex.es\/en\/publicaciones\/sistema-ciberfisico-para-la-optimizacion-de-una-explotacion-agropecuaria\/","og_site_name":"Fundaci\u00f3n COMPUTAEX","article_publisher":"https:\/\/m.facebook.com\/computaex\/","article_modified_time":"2025-08-27T08:16:28+00:00","og_image":[{"width":1024,"height":403,"url":"https:\/\/computaex.es\/wp-content\/uploads\/2025\/08\/COMPUTAEX.jpg","type":"image\/jpeg"}],"twitter_card":"summary_large_image","twitter_site":"@computaex","twitter_misc":{"Est. reading time":"2 minutes"},"schema":{"@context":"https:\/\/schema.org","@graph":[{"@type":"WebPage","@id":"https:\/\/computaex.es\/publicaciones\/sistema-ciberfisico-para-la-optimizacion-de-una-explotacion-agropecuaria\/","url":"https:\/\/computaex.es\/publicaciones\/sistema-ciberfisico-para-la-optimizacion-de-una-explotacion-agropecuaria\/","name":"Sistema Ciberf\u00edsico para la Optimizaci\u00f3n de una Explotaci\u00f3n Agropecuaria - Fundaci\u00f3n COMPUTAEX","isPartOf":{"@id":"https:\/\/computaex.es\/#website"},"datePublished":"2018-11-06T09:15:49+00:00","dateModified":"2025-08-27T08:16:28+00:00","breadcrumb":{"@id":"https:\/\/computaex.es\/publicaciones\/sistema-ciberfisico-para-la-optimizacion-de-una-explotacion-agropecuaria\/#breadcrumb"},"inLanguage":"en-US","potentialAction":[{"@type":"ReadAction","target":["https:\/\/computaex.es\/publicaciones\/sistema-ciberfisico-para-la-optimizacion-de-una-explotacion-agropecuaria\/"]}]},{"@type":"BreadcrumbList","@id":"https:\/\/computaex.es\/publicaciones\/sistema-ciberfisico-para-la-optimizacion-de-una-explotacion-agropecuaria\/#breadcrumb","itemListElement":[{"@type":"ListItem","position":1,"name":"Portada","item":"https:\/\/computaex.es\/"},{"@type":"ListItem","position":2,"name":"Publicaciones","item":"https:\/\/computaex.es\/publicaciones\/"},{"@type":"ListItem","position":3,"name":"Sistema Ciberf\u00edsico para la Optimizaci\u00f3n de una Explotaci\u00f3n Agropecuaria"}]},{"@type":"WebSite","@id":"https:\/\/computaex.es\/#website","url":"https:\/\/computaex.es\/","name":"COMPUTAEX Foundation","description":"COMPUTAEX","publisher":{"@id":"https:\/\/computaex.es\/#organization"},"potentialAction":[{"@type":"SearchAction","target":{"@type":"EntryPoint","urlTemplate":"https:\/\/computaex.es\/?s={search_term_string}"},"query-input":{"@type":"PropertyValueSpecification","valueRequired":true,"valueName":"search_term_string"}}],"inLanguage":"en-US"},{"@type":"Organization","@id":"https:\/\/computaex.es\/#organization","name":"COMPUTAEX","url":"https:\/\/computaex.es\/","logo":{"@type":"ImageObject","inLanguage":"en-US","@id":"https:\/\/computaex.es\/#\/schema\/logo\/image\/","url":"https:\/\/computaex.es\/wp-content\/uploads\/2025\/05\/cropped-COMPUTAEX_transparente-scaled-1.png","contentUrl":"https:\/\/computaex.es\/wp-content\/uploads\/2025\/05\/cropped-COMPUTAEX_transparente-scaled-1.png","width":2560,"height":970,"caption":"COMPUTAEX"},"image":{"@id":"https:\/\/computaex.es\/#\/schema\/logo\/image\/"},"sameAs":["https:\/\/m.facebook.com\/computaex\/","https:\/\/x.com\/computaex","https:\/\/es.linkedin.com\/company\/cenits"]}]}},"_links":{"self":[{"href":"https:\/\/computaex.es\/en\/wp-json\/wp\/v2\/pages\/9658","targetHints":{"allow":["GET"]}}],"collection":[{"href":"https:\/\/computaex.es\/en\/wp-json\/wp\/v2\/pages"}],"about":[{"href":"https:\/\/computaex.es\/en\/wp-json\/wp\/v2\/types\/page"}],"author":[{"embeddable":true,"href":"https:\/\/computaex.es\/en\/wp-json\/wp\/v2\/users\/1"}],"replies":[{"embeddable":true,"href":"https:\/\/computaex.es\/en\/wp-json\/wp\/v2\/comments?post=9658"}],"version-history":[{"count":1,"href":"https:\/\/computaex.es\/en\/wp-json\/wp\/v2\/pages\/9658\/revisions"}],"predecessor-version":[{"id":9659,"href":"https:\/\/computaex.es\/en\/wp-json\/wp\/v2\/pages\/9658\/revisions\/9659"}],"up":[{"embeddable":true,"href":"https:\/\/computaex.es\/en\/wp-json\/wp\/v2\/pages\/1583"}],"wp:attachment":[{"href":"https:\/\/computaex.es\/en\/wp-json\/wp\/v2\/media?parent=9658"}],"wp:term":[{"taxonomy":"category","embeddable":true,"href":"https:\/\/computaex.es\/en\/wp-json\/wp\/v2\/categories?post=9658"},{"taxonomy":"post_tag","embeddable":true,"href":"https:\/\/computaex.es\/en\/wp-json\/wp\/v2\/tags?post=9658"}],"curies":[{"name":"wp","href":"https:\/\/api.w.org\/{rel}","templated":true}]}}