{"id":9660,"date":"2018-10-19T10:16:40","date_gmt":"2018-10-19T08:16:40","guid":{"rendered":"https:\/\/web.computaex.es\/?page_id=9660"},"modified":"2025-08-27T10:17:28","modified_gmt":"2025-08-27T08:17:28","slug":"a-new-role-for-supercomputing-centers-in-open-science","status":"publish","type":"page","link":"https:\/\/computaex.es\/en\/publicaciones\/a-new-role-for-supercomputing-centers-in-open-science\/","title":{"rendered":"A New Role for Supercomputing Centers in Open Science"},"content":{"rendered":"<div class=\"field field-name-field-pub-descripcion field-type-text-long field-label-hidden\">\n<div class=\"field-items\">\n<div class=\"field-item even\">\n<p>In the last decades an exponential increase of the scientific and technical development in all the areas of science has become manifest, being more and more relevant the conflicts between the pure scientific advance of the society and the property of the researched knowledge. Particularly the brake that certain aspects of the established system suppose in the acquisition of some findings. The ever demanding scientific community aims for new platforms and services up to date in order to diminish the inconveniences that have arisen due this same growth. The guidelines provided by the Open Science (OS), despite being a concept already discuss for some time, set out the perfect framework for the creation of new applications and platforms in which the research centers might take over from the responsibility exercised so far by the publishers to allocate resources for disclosure and distribution without replace them. In particular Open Access (OA), Open Data (OD) and Open Methodologies (OM) are the guidelines that can fit the most in the current tasks performed by supercomputing and research centers where availability, reliability and security are concepts well implemented already and can be very powerful skills to them in order to step in the spotlight in this new framework which is OS. In the other hand, while universities and publishers can be tempted by recognition and self promotion at the time of deciding whether a job can benefit them or not, the public supercomputing centers, that are already providing services for both private and public projects, working in the same direction and as a set, could be considered more objectives. In this paper it is proposed a path to follow by the supercomputing centers, within the framework of European Open Science, to share resources with the aim of providing an adequate infrastructure for the development of scientific research, adding to their current competences the ability to become neutral ground for scientific disclosure.<\/p>\n<\/div>\n<\/div>\n<\/div>\n<div class=\"field field-name-field-pub-fuente field-type-text-long field-label-above\">\n<div class=\"field-label\"><strong>Fuente de la publicaci\u00f3n:\u00a0<\/strong><\/div>\n<div class=\"field-items\">\n<div class=\"field-item even\">\n<p>Luis Ignacio Jim\u00e9nez, Jes\u00fas Calle-Cancho, David Cort\u00e9s-Polo and Jos\u00e9 Luis Gonz\u00e1lez S\u00e1nchez.\u00a0A New Role for Supercomputing Centers in Open Science.\u00a0<em>IBEGRID 2018.\u00a0<\/em>Lisbon, Portugal.\u00a0October 2018.<\/p>\n<\/div>\n<\/div>\n<\/div>","protected":false},"excerpt":{"rendered":"<p>In the last decades an exponential increase of the scientific and technical development in all the areas of science has become manifest, being more and more relevant the conflicts between &#8230;<\/p>","protected":false},"author":1,"featured_media":0,"parent":1583,"menu_order":0,"comment_status":"closed","ping_status":"closed","template":"","meta":{"footnotes":""},"categories":[110,91],"tags":[],"class_list":["post-9660","page","type-page","status-publish","hentry","category-anteriores","category-publicaciones"],"yoast_head":"<!-- This site is optimized with the Yoast SEO plugin v27.1.1 - https:\/\/yoast.com\/product\/yoast-seo-wordpress\/ -->\n<title>A New Role for Supercomputing Centers in Open Science - Fundaci\u00f3n COMPUTAEX<\/title>\n<meta name=\"robots\" content=\"index, follow, max-snippet:-1, max-image-preview:large, max-video-preview:-1\" \/>\n<link rel=\"canonical\" href=\"https:\/\/computaex.es\/en\/publicaciones\/a-new-role-for-supercomputing-centers-in-open-science\/\" \/>\n<meta property=\"og:locale\" content=\"en_US\" \/>\n<meta property=\"og:type\" content=\"article\" \/>\n<meta property=\"og:title\" content=\"A New Role for Supercomputing Centers in Open Science - Fundaci\u00f3n COMPUTAEX\" \/>\n<meta property=\"og:description\" content=\"In the last decades an exponential increase of the scientific and technical development in all the areas of science has become manifest, being more and more relevant the conflicts between ...\" \/>\n<meta property=\"og:url\" content=\"https:\/\/computaex.es\/en\/publicaciones\/a-new-role-for-supercomputing-centers-in-open-science\/\" \/>\n<meta property=\"og:site_name\" content=\"Fundaci\u00f3n COMPUTAEX\" \/>\n<meta property=\"article:publisher\" content=\"https:\/\/m.facebook.com\/computaex\/\" \/>\n<meta property=\"article:modified_time\" content=\"2025-08-27T08:17:28+00:00\" \/>\n<meta property=\"og:image\" content=\"https:\/\/computaex.es\/wp-content\/uploads\/2025\/08\/COMPUTAEX.jpg\" \/>\n\t<meta property=\"og:image:width\" content=\"1024\" \/>\n\t<meta property=\"og:image:height\" content=\"403\" \/>\n\t<meta property=\"og:image:type\" content=\"image\/jpeg\" \/>\n<meta name=\"twitter:card\" content=\"summary_large_image\" \/>\n<meta name=\"twitter:site\" content=\"@computaex\" \/>\n<meta name=\"twitter:label1\" content=\"Est. reading time\" \/>\n\t<meta name=\"twitter:data1\" content=\"2 minutes\" \/>\n<script type=\"application\/ld+json\" class=\"yoast-schema-graph\">{\"@context\":\"https:\/\/schema.org\",\"@graph\":[{\"@type\":\"WebPage\",\"@id\":\"https:\/\/computaex.es\/publicaciones\/a-new-role-for-supercomputing-centers-in-open-science\/\",\"url\":\"https:\/\/computaex.es\/publicaciones\/a-new-role-for-supercomputing-centers-in-open-science\/\",\"name\":\"A New Role for Supercomputing Centers in Open Science - Fundaci\u00f3n COMPUTAEX\",\"isPartOf\":{\"@id\":\"https:\/\/computaex.es\/#website\"},\"datePublished\":\"2018-10-19T08:16:40+00:00\",\"dateModified\":\"2025-08-27T08:17:28+00:00\",\"breadcrumb\":{\"@id\":\"https:\/\/computaex.es\/publicaciones\/a-new-role-for-supercomputing-centers-in-open-science\/#breadcrumb\"},\"inLanguage\":\"en-US\",\"potentialAction\":[{\"@type\":\"ReadAction\",\"target\":[\"https:\/\/computaex.es\/publicaciones\/a-new-role-for-supercomputing-centers-in-open-science\/\"]}]},{\"@type\":\"BreadcrumbList\",\"@id\":\"https:\/\/computaex.es\/publicaciones\/a-new-role-for-supercomputing-centers-in-open-science\/#breadcrumb\",\"itemListElement\":[{\"@type\":\"ListItem\",\"position\":1,\"name\":\"Portada\",\"item\":\"https:\/\/computaex.es\/\"},{\"@type\":\"ListItem\",\"position\":2,\"name\":\"Publicaciones\",\"item\":\"https:\/\/computaex.es\/publicaciones\/\"},{\"@type\":\"ListItem\",\"position\":3,\"name\":\"A New Role for Supercomputing Centers in Open Science\"}]},{\"@type\":\"WebSite\",\"@id\":\"https:\/\/computaex.es\/#website\",\"url\":\"https:\/\/computaex.es\/\",\"name\":\"Fundaci\u00f3n COMPUTAEX\",\"description\":\"COMPUTAEX\",\"publisher\":{\"@id\":\"https:\/\/computaex.es\/#organization\"},\"potentialAction\":[{\"@type\":\"SearchAction\",\"target\":{\"@type\":\"EntryPoint\",\"urlTemplate\":\"https:\/\/computaex.es\/?s={search_term_string}\"},\"query-input\":{\"@type\":\"PropertyValueSpecification\",\"valueRequired\":true,\"valueName\":\"search_term_string\"}}],\"inLanguage\":\"en-US\"},{\"@type\":\"Organization\",\"@id\":\"https:\/\/computaex.es\/#organization\",\"name\":\"COMPUTAEX\",\"url\":\"https:\/\/computaex.es\/\",\"logo\":{\"@type\":\"ImageObject\",\"inLanguage\":\"en-US\",\"@id\":\"https:\/\/computaex.es\/#\/schema\/logo\/image\/\",\"url\":\"https:\/\/computaex.es\/wp-content\/uploads\/2025\/05\/cropped-COMPUTAEX_transparente-scaled-1.png\",\"contentUrl\":\"https:\/\/computaex.es\/wp-content\/uploads\/2025\/05\/cropped-COMPUTAEX_transparente-scaled-1.png\",\"width\":2560,\"height\":970,\"caption\":\"COMPUTAEX\"},\"image\":{\"@id\":\"https:\/\/computaex.es\/#\/schema\/logo\/image\/\"},\"sameAs\":[\"https:\/\/m.facebook.com\/computaex\/\",\"https:\/\/x.com\/computaex\",\"https:\/\/es.linkedin.com\/company\/cenits\"]}]}<\/script>\n<!-- \/ Yoast SEO plugin. -->","yoast_head_json":{"title":"A New Role for Supercomputing Centers in Open Science - Fundaci\u00f3n COMPUTAEX","robots":{"index":"index","follow":"follow","max-snippet":"max-snippet:-1","max-image-preview":"max-image-preview:large","max-video-preview":"max-video-preview:-1"},"canonical":"https:\/\/computaex.es\/en\/publicaciones\/a-new-role-for-supercomputing-centers-in-open-science\/","og_locale":"en_US","og_type":"article","og_title":"A New Role for Supercomputing Centers in Open Science - Fundaci\u00f3n COMPUTAEX","og_description":"In the last decades an exponential increase of the scientific and technical development in all the areas of science has become manifest, being more and more relevant the conflicts between ...","og_url":"https:\/\/computaex.es\/en\/publicaciones\/a-new-role-for-supercomputing-centers-in-open-science\/","og_site_name":"Fundaci\u00f3n COMPUTAEX","article_publisher":"https:\/\/m.facebook.com\/computaex\/","article_modified_time":"2025-08-27T08:17:28+00:00","og_image":[{"width":1024,"height":403,"url":"https:\/\/computaex.es\/wp-content\/uploads\/2025\/08\/COMPUTAEX.jpg","type":"image\/jpeg"}],"twitter_card":"summary_large_image","twitter_site":"@computaex","twitter_misc":{"Est. reading time":"2 minutes"},"schema":{"@context":"https:\/\/schema.org","@graph":[{"@type":"WebPage","@id":"https:\/\/computaex.es\/publicaciones\/a-new-role-for-supercomputing-centers-in-open-science\/","url":"https:\/\/computaex.es\/publicaciones\/a-new-role-for-supercomputing-centers-in-open-science\/","name":"A New Role for Supercomputing Centers in Open Science - Fundaci\u00f3n COMPUTAEX","isPartOf":{"@id":"https:\/\/computaex.es\/#website"},"datePublished":"2018-10-19T08:16:40+00:00","dateModified":"2025-08-27T08:17:28+00:00","breadcrumb":{"@id":"https:\/\/computaex.es\/publicaciones\/a-new-role-for-supercomputing-centers-in-open-science\/#breadcrumb"},"inLanguage":"en-US","potentialAction":[{"@type":"ReadAction","target":["https:\/\/computaex.es\/publicaciones\/a-new-role-for-supercomputing-centers-in-open-science\/"]}]},{"@type":"BreadcrumbList","@id":"https:\/\/computaex.es\/publicaciones\/a-new-role-for-supercomputing-centers-in-open-science\/#breadcrumb","itemListElement":[{"@type":"ListItem","position":1,"name":"Portada","item":"https:\/\/computaex.es\/"},{"@type":"ListItem","position":2,"name":"Publicaciones","item":"https:\/\/computaex.es\/publicaciones\/"},{"@type":"ListItem","position":3,"name":"A New Role for Supercomputing Centers in Open Science"}]},{"@type":"WebSite","@id":"https:\/\/computaex.es\/#website","url":"https:\/\/computaex.es\/","name":"COMPUTAEX Foundation","description":"COMPUTAEX","publisher":{"@id":"https:\/\/computaex.es\/#organization"},"potentialAction":[{"@type":"SearchAction","target":{"@type":"EntryPoint","urlTemplate":"https:\/\/computaex.es\/?s={search_term_string}"},"query-input":{"@type":"PropertyValueSpecification","valueRequired":true,"valueName":"search_term_string"}}],"inLanguage":"en-US"},{"@type":"Organization","@id":"https:\/\/computaex.es\/#organization","name":"COMPUTAEX","url":"https:\/\/computaex.es\/","logo":{"@type":"ImageObject","inLanguage":"en-US","@id":"https:\/\/computaex.es\/#\/schema\/logo\/image\/","url":"https:\/\/computaex.es\/wp-content\/uploads\/2025\/05\/cropped-COMPUTAEX_transparente-scaled-1.png","contentUrl":"https:\/\/computaex.es\/wp-content\/uploads\/2025\/05\/cropped-COMPUTAEX_transparente-scaled-1.png","width":2560,"height":970,"caption":"COMPUTAEX"},"image":{"@id":"https:\/\/computaex.es\/#\/schema\/logo\/image\/"},"sameAs":["https:\/\/m.facebook.com\/computaex\/","https:\/\/x.com\/computaex","https:\/\/es.linkedin.com\/company\/cenits"]}]}},"_links":{"self":[{"href":"https:\/\/computaex.es\/en\/wp-json\/wp\/v2\/pages\/9660","targetHints":{"allow":["GET"]}}],"collection":[{"href":"https:\/\/computaex.es\/en\/wp-json\/wp\/v2\/pages"}],"about":[{"href":"https:\/\/computaex.es\/en\/wp-json\/wp\/v2\/types\/page"}],"author":[{"embeddable":true,"href":"https:\/\/computaex.es\/en\/wp-json\/wp\/v2\/users\/1"}],"replies":[{"embeddable":true,"href":"https:\/\/computaex.es\/en\/wp-json\/wp\/v2\/comments?post=9660"}],"version-history":[{"count":1,"href":"https:\/\/computaex.es\/en\/wp-json\/wp\/v2\/pages\/9660\/revisions"}],"predecessor-version":[{"id":9661,"href":"https:\/\/computaex.es\/en\/wp-json\/wp\/v2\/pages\/9660\/revisions\/9661"}],"up":[{"embeddable":true,"href":"https:\/\/computaex.es\/en\/wp-json\/wp\/v2\/pages\/1583"}],"wp:attachment":[{"href":"https:\/\/computaex.es\/en\/wp-json\/wp\/v2\/media?parent=9660"}],"wp:term":[{"taxonomy":"category","embeddable":true,"href":"https:\/\/computaex.es\/en\/wp-json\/wp\/v2\/categories?post=9660"},{"taxonomy":"post_tag","embeddable":true,"href":"https:\/\/computaex.es\/en\/wp-json\/wp\/v2\/tags?post=9660"}],"curies":[{"name":"wp","href":"https:\/\/api.w.org\/{rel}","templated":true}]}}