{"id":9662,"date":"2018-09-20T10:17:44","date_gmt":"2018-09-20T08:17:44","guid":{"rendered":"https:\/\/web.computaex.es\/?page_id=9662"},"modified":"2025-08-27T10:19:18","modified_gmt":"2025-08-27T08:19:18","slug":"implementacion-de-un-sistema-para-el-control-de-consumos-energeticos-en-entornos-hpc","status":"publish","type":"page","link":"https:\/\/computaex.es\/en\/publicaciones\/implementacion-de-un-sistema-para-el-control-de-consumos-energeticos-en-entornos-hpc\/","title":{"rendered":"Implementaci\u00f3n de un Sistema para el Control de Consumos Energ\u00e9ticos en Entornos HPC"},"content":{"rendered":"<div class=\"field field-name-field-pub-descripcion field-type-text-long field-label-hidden\">\n<div class=\"field-items\">\n<div class=\"field-item even\">\n<p>El prop\u00f3sito de este proyecto es la monitorizaci\u00f3n de trabajos ejecutados sobre el supercomputador LUSITANIA II. Debido a la gran relevancia que posee la correcta administraci\u00f3n de los recursos disponibles en el supercomputador, obtener la capacidad de gestionar sus recursos de forma inteligente se ha convertido en una actividad prioritaria.<\/p>\n<p>Por tanto, la aportaci\u00f3n de este proyecto ha sido desarrollar una herramienta integrando diferentes programas \/ herramientas, cuyo funcionamiento conjunto tiene como objetivo facilitar al usuario final una correcta extracci\u00f3n, realizaci\u00f3n de gr\u00e1ficos y tratamiento de los datos obtenidos. Para ello se han utilizado programas como: Slurm, empleado como extractor de datos de los trabajos del Lusitania II y Grafana, cuyo uso ha sido como motor gr\u00e1fico. En cuanto al lenguaje de programaci\u00f3n principalmente empleado ha sido Python, debido a las facilidades que proporciona en cuanto a tratamiento con matrices y, a la gran comunidad de usuarios de car\u00e1cter OpenSource que posee.<\/p>\n<p>Cabe destacar que la eficiencia energ\u00e9tica es cada vez m\u00e1s importante en la administraci\u00f3n de recursos, debido principalmente a los costes derivados de los enormes requerimientos exigidos por los sistemas de c\u00f3mputo avanzado. En este \u00e1mbito la capacidad de registrar el consumo individual de los trabajos lanzados en un supercomputador abre las puertas a un n\u00famero importante de opciones de gesti\u00f3n. Es evidente la importancia del aspecto econ\u00f3mico a la hora de consumir la energ\u00eda estrictamente necesaria con el objetivo de ofrecer un servicio eficiente.<\/p>\n<p>La organizaci\u00f3n de la memoria de este proyecto consta de una primera secci\u00f3n, la Introducci\u00f3n, en la cual se detallan los pasos seguidos en la elaboraci\u00f3n de este trabajo. La segunda secci\u00f3n consta de los objetivos de nuestro trabajo detall\u00e1ndose todas las metas que se desea alcanzar. La siguiente secci\u00f3n, el Estado del Arte, actualiza los conocimientos sobre las herramientas\/t\u00e9cnicas previas que existen en el sector. Tras esto, en la siguiente secci\u00f3n del trabajo se detalla la Metodolog\u00eda empleada, en la cual se explica todo el proceso de planificaci\u00f3n que se ha ido siguiendo, con el objetivo de cubrir todas las partes de manera correcta y que en ninguna parte escasee el tiempo para su desarrollo. Por otro lado, la secci\u00f3n de Implementaci\u00f3n muestra todo lo relacionado con el desarrollo de la propia herramienta descrita previamente. La secci\u00f3n de Resultados y discusi\u00f3n, recopila los resultados obtenidos en cada fase de la secci\u00f3n de Implementaci\u00f3n y proporciona un balance general sobre la calidad de los datos con respecto a la calidad esperada. La \u00faltima parte del trabajo trata las Conclusiones y trabajos futuros proporcionando un comentario final sobre el proyecto y proponiendo varias l\u00edneas de trabajos futuros con los cuales se podr\u00e1n aumentar las funcionalidades de la herramienta creada. Tras esto, encontramos las secciones de Referencias Bibliogr\u00e1ficas y de Anexos. La primera de ellas es una recopilaci\u00f3n de todos los enlaces de aquellas p\u00e1ginas\/libros\/art\u00edculos y otros proyectos que se han consultado en busca de informaci\u00f3n y de ayuda para este proyecto. Y, la segunda, a su vez se divide en un primer anexo el cual agrupa todo el c\u00f3digo mostrado a lo largo del proyecto y el segundo, trata de un manual de usuario, donde se explica c\u00f3mo proceder con las herramientas utilizadas en el proyecto.<\/p>\n<\/div>\n<\/div>\n<\/div>\n<div class=\"field field-name-field-pub-fuente field-type-text-long field-label-above\">\n<div class=\"field-label\"><strong>Fuente de la publicaci\u00f3n:\u00a0<\/strong><\/div>\n<div class=\"field-items\">\n<div class=\"field-item even\">\n<p>Manuel Jos\u00e9 Casillas, Jos\u00e9 Luis Gonz\u00e1lez y Miguel \u00c1ngel Vega.\u00a0<em>Implementaci\u00f3n de un Sistema para el Control de Consumos Energ\u00e9ticos en Entornos HPC<\/em>. Trabajo de Fin de Grado en Ingenier\u00eda Inform\u00e1tica en Ingenier\u00eda de Computadores de la Universidad de Extremadura. Septiembre de 2018.<\/p>\n<\/div>\n<\/div>\n<\/div>","protected":false},"excerpt":{"rendered":"<p>El prop\u00f3sito de este proyecto es la monitorizaci\u00f3n de trabajos ejecutados sobre el supercomputador LUSITANIA II. Debido a la gran relevancia que posee la correcta administraci\u00f3n de los recursos disponibles &#8230;<\/p>","protected":false},"author":1,"featured_media":0,"parent":1583,"menu_order":0,"comment_status":"closed","ping_status":"closed","template":"","meta":{"footnotes":""},"categories":[110,91],"tags":[],"class_list":["post-9662","page","type-page","status-publish","hentry","category-anteriores","category-publicaciones"],"yoast_head":"<!-- This site is optimized with the Yoast SEO plugin v27.1.1 - https:\/\/yoast.com\/product\/yoast-seo-wordpress\/ -->\n<title>Implementaci\u00f3n de un Sistema para el Control de Consumos Energ\u00e9ticos en Entornos HPC - Fundaci\u00f3n COMPUTAEX<\/title>\n<meta name=\"robots\" content=\"index, follow, max-snippet:-1, max-image-preview:large, max-video-preview:-1\" \/>\n<link rel=\"canonical\" href=\"https:\/\/computaex.es\/en\/publicaciones\/implementacion-de-un-sistema-para-el-control-de-consumos-energeticos-en-entornos-hpc\/\" \/>\n<meta property=\"og:locale\" content=\"en_US\" \/>\n<meta property=\"og:type\" content=\"article\" \/>\n<meta property=\"og:title\" content=\"Implementaci\u00f3n de un Sistema para el Control de Consumos Energ\u00e9ticos en Entornos HPC - Fundaci\u00f3n COMPUTAEX\" \/>\n<meta property=\"og:description\" content=\"El prop\u00f3sito de este proyecto es la monitorizaci\u00f3n de trabajos ejecutados sobre el supercomputador LUSITANIA II. Debido a la gran relevancia que posee la correcta administraci\u00f3n de los recursos disponibles ...\" \/>\n<meta property=\"og:url\" content=\"https:\/\/computaex.es\/en\/publicaciones\/implementacion-de-un-sistema-para-el-control-de-consumos-energeticos-en-entornos-hpc\/\" \/>\n<meta property=\"og:site_name\" content=\"Fundaci\u00f3n COMPUTAEX\" \/>\n<meta property=\"article:publisher\" content=\"https:\/\/m.facebook.com\/computaex\/\" \/>\n<meta property=\"article:modified_time\" content=\"2025-08-27T08:19:18+00:00\" \/>\n<meta property=\"og:image\" content=\"https:\/\/computaex.es\/wp-content\/uploads\/2025\/08\/COMPUTAEX.jpg\" \/>\n\t<meta property=\"og:image:width\" content=\"1024\" \/>\n\t<meta property=\"og:image:height\" content=\"403\" \/>\n\t<meta property=\"og:image:type\" content=\"image\/jpeg\" \/>\n<meta name=\"twitter:card\" content=\"summary_large_image\" \/>\n<meta name=\"twitter:site\" content=\"@computaex\" \/>\n<meta name=\"twitter:label1\" content=\"Est. reading time\" \/>\n\t<meta name=\"twitter:data1\" content=\"3 minutes\" \/>\n<script type=\"application\/ld+json\" class=\"yoast-schema-graph\">{\"@context\":\"https:\/\/schema.org\",\"@graph\":[{\"@type\":\"WebPage\",\"@id\":\"https:\/\/computaex.es\/publicaciones\/implementacion-de-un-sistema-para-el-control-de-consumos-energeticos-en-entornos-hpc\/\",\"url\":\"https:\/\/computaex.es\/publicaciones\/implementacion-de-un-sistema-para-el-control-de-consumos-energeticos-en-entornos-hpc\/\",\"name\":\"Implementaci\u00f3n de un Sistema para el Control de Consumos Energ\u00e9ticos en Entornos HPC - Fundaci\u00f3n COMPUTAEX\",\"isPartOf\":{\"@id\":\"https:\/\/computaex.es\/#website\"},\"datePublished\":\"2018-09-20T08:17:44+00:00\",\"dateModified\":\"2025-08-27T08:19:18+00:00\",\"breadcrumb\":{\"@id\":\"https:\/\/computaex.es\/publicaciones\/implementacion-de-un-sistema-para-el-control-de-consumos-energeticos-en-entornos-hpc\/#breadcrumb\"},\"inLanguage\":\"en-US\",\"potentialAction\":[{\"@type\":\"ReadAction\",\"target\":[\"https:\/\/computaex.es\/publicaciones\/implementacion-de-un-sistema-para-el-control-de-consumos-energeticos-en-entornos-hpc\/\"]}]},{\"@type\":\"BreadcrumbList\",\"@id\":\"https:\/\/computaex.es\/publicaciones\/implementacion-de-un-sistema-para-el-control-de-consumos-energeticos-en-entornos-hpc\/#breadcrumb\",\"itemListElement\":[{\"@type\":\"ListItem\",\"position\":1,\"name\":\"Portada\",\"item\":\"https:\/\/computaex.es\/\"},{\"@type\":\"ListItem\",\"position\":2,\"name\":\"Publicaciones\",\"item\":\"https:\/\/computaex.es\/publicaciones\/\"},{\"@type\":\"ListItem\",\"position\":3,\"name\":\"Implementaci\u00f3n de un Sistema para el Control de Consumos Energ\u00e9ticos en Entornos HPC\"}]},{\"@type\":\"WebSite\",\"@id\":\"https:\/\/computaex.es\/#website\",\"url\":\"https:\/\/computaex.es\/\",\"name\":\"Fundaci\u00f3n COMPUTAEX\",\"description\":\"COMPUTAEX\",\"publisher\":{\"@id\":\"https:\/\/computaex.es\/#organization\"},\"potentialAction\":[{\"@type\":\"SearchAction\",\"target\":{\"@type\":\"EntryPoint\",\"urlTemplate\":\"https:\/\/computaex.es\/?s={search_term_string}\"},\"query-input\":{\"@type\":\"PropertyValueSpecification\",\"valueRequired\":true,\"valueName\":\"search_term_string\"}}],\"inLanguage\":\"en-US\"},{\"@type\":\"Organization\",\"@id\":\"https:\/\/computaex.es\/#organization\",\"name\":\"COMPUTAEX\",\"url\":\"https:\/\/computaex.es\/\",\"logo\":{\"@type\":\"ImageObject\",\"inLanguage\":\"en-US\",\"@id\":\"https:\/\/computaex.es\/#\/schema\/logo\/image\/\",\"url\":\"https:\/\/computaex.es\/wp-content\/uploads\/2025\/05\/cropped-COMPUTAEX_transparente-scaled-1.png\",\"contentUrl\":\"https:\/\/computaex.es\/wp-content\/uploads\/2025\/05\/cropped-COMPUTAEX_transparente-scaled-1.png\",\"width\":2560,\"height\":970,\"caption\":\"COMPUTAEX\"},\"image\":{\"@id\":\"https:\/\/computaex.es\/#\/schema\/logo\/image\/\"},\"sameAs\":[\"https:\/\/m.facebook.com\/computaex\/\",\"https:\/\/x.com\/computaex\",\"https:\/\/es.linkedin.com\/company\/cenits\"]}]}<\/script>\n<!-- \/ Yoast SEO plugin. -->","yoast_head_json":{"title":"Implementaci\u00f3n de un Sistema para el Control de Consumos Energ\u00e9ticos en Entornos HPC - Fundaci\u00f3n COMPUTAEX","robots":{"index":"index","follow":"follow","max-snippet":"max-snippet:-1","max-image-preview":"max-image-preview:large","max-video-preview":"max-video-preview:-1"},"canonical":"https:\/\/computaex.es\/en\/publicaciones\/implementacion-de-un-sistema-para-el-control-de-consumos-energeticos-en-entornos-hpc\/","og_locale":"en_US","og_type":"article","og_title":"Implementaci\u00f3n de un Sistema para el Control de Consumos Energ\u00e9ticos en Entornos HPC - Fundaci\u00f3n COMPUTAEX","og_description":"El prop\u00f3sito de este proyecto es la monitorizaci\u00f3n de trabajos ejecutados sobre el supercomputador LUSITANIA II. Debido a la gran relevancia que posee la correcta administraci\u00f3n de los recursos disponibles ...","og_url":"https:\/\/computaex.es\/en\/publicaciones\/implementacion-de-un-sistema-para-el-control-de-consumos-energeticos-en-entornos-hpc\/","og_site_name":"Fundaci\u00f3n COMPUTAEX","article_publisher":"https:\/\/m.facebook.com\/computaex\/","article_modified_time":"2025-08-27T08:19:18+00:00","og_image":[{"width":1024,"height":403,"url":"https:\/\/computaex.es\/wp-content\/uploads\/2025\/08\/COMPUTAEX.jpg","type":"image\/jpeg"}],"twitter_card":"summary_large_image","twitter_site":"@computaex","twitter_misc":{"Est. reading time":"3 minutes"},"schema":{"@context":"https:\/\/schema.org","@graph":[{"@type":"WebPage","@id":"https:\/\/computaex.es\/publicaciones\/implementacion-de-un-sistema-para-el-control-de-consumos-energeticos-en-entornos-hpc\/","url":"https:\/\/computaex.es\/publicaciones\/implementacion-de-un-sistema-para-el-control-de-consumos-energeticos-en-entornos-hpc\/","name":"Implementaci\u00f3n de un Sistema para el Control de Consumos Energ\u00e9ticos en Entornos HPC - Fundaci\u00f3n COMPUTAEX","isPartOf":{"@id":"https:\/\/computaex.es\/#website"},"datePublished":"2018-09-20T08:17:44+00:00","dateModified":"2025-08-27T08:19:18+00:00","breadcrumb":{"@id":"https:\/\/computaex.es\/publicaciones\/implementacion-de-un-sistema-para-el-control-de-consumos-energeticos-en-entornos-hpc\/#breadcrumb"},"inLanguage":"en-US","potentialAction":[{"@type":"ReadAction","target":["https:\/\/computaex.es\/publicaciones\/implementacion-de-un-sistema-para-el-control-de-consumos-energeticos-en-entornos-hpc\/"]}]},{"@type":"BreadcrumbList","@id":"https:\/\/computaex.es\/publicaciones\/implementacion-de-un-sistema-para-el-control-de-consumos-energeticos-en-entornos-hpc\/#breadcrumb","itemListElement":[{"@type":"ListItem","position":1,"name":"Portada","item":"https:\/\/computaex.es\/"},{"@type":"ListItem","position":2,"name":"Publicaciones","item":"https:\/\/computaex.es\/publicaciones\/"},{"@type":"ListItem","position":3,"name":"Implementaci\u00f3n de un Sistema para el Control de Consumos Energ\u00e9ticos en Entornos HPC"}]},{"@type":"WebSite","@id":"https:\/\/computaex.es\/#website","url":"https:\/\/computaex.es\/","name":"COMPUTAEX Foundation","description":"COMPUTAEX","publisher":{"@id":"https:\/\/computaex.es\/#organization"},"potentialAction":[{"@type":"SearchAction","target":{"@type":"EntryPoint","urlTemplate":"https:\/\/computaex.es\/?s={search_term_string}"},"query-input":{"@type":"PropertyValueSpecification","valueRequired":true,"valueName":"search_term_string"}}],"inLanguage":"en-US"},{"@type":"Organization","@id":"https:\/\/computaex.es\/#organization","name":"COMPUTAEX","url":"https:\/\/computaex.es\/","logo":{"@type":"ImageObject","inLanguage":"en-US","@id":"https:\/\/computaex.es\/#\/schema\/logo\/image\/","url":"https:\/\/computaex.es\/wp-content\/uploads\/2025\/05\/cropped-COMPUTAEX_transparente-scaled-1.png","contentUrl":"https:\/\/computaex.es\/wp-content\/uploads\/2025\/05\/cropped-COMPUTAEX_transparente-scaled-1.png","width":2560,"height":970,"caption":"COMPUTAEX"},"image":{"@id":"https:\/\/computaex.es\/#\/schema\/logo\/image\/"},"sameAs":["https:\/\/m.facebook.com\/computaex\/","https:\/\/x.com\/computaex","https:\/\/es.linkedin.com\/company\/cenits"]}]}},"_links":{"self":[{"href":"https:\/\/computaex.es\/en\/wp-json\/wp\/v2\/pages\/9662","targetHints":{"allow":["GET"]}}],"collection":[{"href":"https:\/\/computaex.es\/en\/wp-json\/wp\/v2\/pages"}],"about":[{"href":"https:\/\/computaex.es\/en\/wp-json\/wp\/v2\/types\/page"}],"author":[{"embeddable":true,"href":"https:\/\/computaex.es\/en\/wp-json\/wp\/v2\/users\/1"}],"replies":[{"embeddable":true,"href":"https:\/\/computaex.es\/en\/wp-json\/wp\/v2\/comments?post=9662"}],"version-history":[{"count":1,"href":"https:\/\/computaex.es\/en\/wp-json\/wp\/v2\/pages\/9662\/revisions"}],"predecessor-version":[{"id":9664,"href":"https:\/\/computaex.es\/en\/wp-json\/wp\/v2\/pages\/9662\/revisions\/9664"}],"up":[{"embeddable":true,"href":"https:\/\/computaex.es\/en\/wp-json\/wp\/v2\/pages\/1583"}],"wp:attachment":[{"href":"https:\/\/computaex.es\/en\/wp-json\/wp\/v2\/media?parent=9662"}],"wp:term":[{"taxonomy":"category","embeddable":true,"href":"https:\/\/computaex.es\/en\/wp-json\/wp\/v2\/categories?post=9662"},{"taxonomy":"post_tag","embeddable":true,"href":"https:\/\/computaex.es\/en\/wp-json\/wp\/v2\/tags?post=9662"}],"curies":[{"name":"wp","href":"https:\/\/api.w.org\/{rel}","templated":true}]}}