{"id":9668,"date":"2018-09-12T10:20:41","date_gmt":"2018-09-12T08:20:41","guid":{"rendered":"https:\/\/web.computaex.es\/?page_id=9668"},"modified":"2025-08-27T10:21:19","modified_gmt":"2025-08-27T08:21:19","slug":"compilador-source-to-source-para-la-paralelizacion-automatica-de-codigos-secuenciales-orientado-a-la-gestion-eficiente-de-recursos-en-centros-de-computacion-de-alto-rendimiento","status":"publish","type":"page","link":"https:\/\/computaex.es\/en\/publicaciones\/compilador-source-to-source-para-la-paralelizacion-automatica-de-codigos-secuenciales-orientado-a-la-gestion-eficiente-de-recursos-en-centros-de-computacion-de-alto-rendimiento\/","title":{"rendered":"Compilador source-to-source, para la paralelizaci\u00f3n autom\u00e1tica de c\u00f3digos secuenciales, orientado a la gesti\u00f3n eficiente de recursos en centros de Computaci\u00f3n de Alto Rendimiento"},"content":{"rendered":"<div class=\"field field-name-field-pub-descripcion field-type-text-long field-label-hidden\">\n<div class=\"field-items\">\n<div class=\"field-item even\">\n<p>La Computaci\u00f3n de Alto Rendimiento supone una potente herramienta para dar soluci\u00f3n a proyectos de elevada complejidad que de otra forma no podr\u0131\u0301an ser afrontados. Sin embargo, desarrollar programas paralelos que aprovechen sus beneficios, haciendo un uso adecuado y eficaz de los recursos de c\u00f3mputo disponibles, resulta complejo para investigadores, de diversas ramas de la ciencia, que no presentan experiencia previa en la programaci\u00f3n paralela. Por ello, se ha desarrollado un transcompilador que, mediante aprendizaje supervisado, entrenado con la ayuda de un sistema de apoyo a la toma de decisiones, persigue equilibrar el uso eficiente de los recursos en este tipo de centros, con la necesidad de sus usuarios de obtener resultados en tiempos adecuados, mediante la paralelizaci\u00f3n autom\u00e1tica de c\u00f3digos secuenciales enfocada a la formaci\u00f3n de nuevos usuarios en el \u00e1mbito de la programaci\u00f3n paralela.<\/p>\n<\/div>\n<\/div>\n<\/div>\n<div class=\"field field-name-field-pub-fuente field-type-text-long field-label-above\">\n<div class=\"field-label\"><strong>Fuente de la publicaci\u00f3n:\u00a0<\/strong><\/div>\n<div class=\"field-items\">\n<div class=\"field-item even\">\n<p>Javier Corral Garc\u00eda, Jos\u00e9 Luis Gonz\u00e1lez S\u00e1nchez y Miguel \u00c1ngel P\u00e9rez Toledano.\u00a0<em>Compilador source-to-source, para la paralelizaci\u00f3n autom\u00e1tica de c\u00f3digos secuenciales, orientado a la gesti\u00f3n eficiente de recursos en centros de Computaci\u00f3n de Alto Rendimiento<\/em>. Avances en arquitectura y tecnolog\u00eda de computadores, actas de las Jornadas SARTECO 2018. Teruel, Espa\u00f1a. 12-14 septiembre, 2018. ISBN: 978-84-09-04334-7. pp 321-328.<\/p>\n<\/div>\n<\/div>\n<\/div>","protected":false},"excerpt":{"rendered":"<p>La Computaci\u00f3n de Alto Rendimiento supone una potente herramienta para dar soluci\u00f3n a proyectos de elevada complejidad que de otra forma no podr\u0131\u0301an ser afrontados. Sin embargo, desarrollar programas paralelos &#8230;<\/p>","protected":false},"author":1,"featured_media":0,"parent":1583,"menu_order":0,"comment_status":"closed","ping_status":"closed","template":"","meta":{"footnotes":""},"categories":[110,91],"tags":[],"class_list":["post-9668","page","type-page","status-publish","hentry","category-anteriores","category-publicaciones"],"yoast_head":"<!-- This site is optimized with the Yoast SEO plugin v27.1.1 - https:\/\/yoast.com\/product\/yoast-seo-wordpress\/ -->\n<title>Compilador source-to-source, para la paralelizaci\u00f3n autom\u00e1tica de c\u00f3digos secuenciales, orientado a la gesti\u00f3n eficiente de recursos en centros de Computaci\u00f3n de Alto Rendimiento - Fundaci\u00f3n COMPUTAEX<\/title>\n<meta name=\"robots\" content=\"index, follow, max-snippet:-1, max-image-preview:large, max-video-preview:-1\" \/>\n<link rel=\"canonical\" href=\"https:\/\/computaex.es\/en\/publicaciones\/compilador-source-to-source-para-la-paralelizacion-automatica-de-codigos-secuenciales-orientado-a-la-gestion-eficiente-de-recursos-en-centros-de-computacion-de-alto-rendimiento\/\" \/>\n<meta property=\"og:locale\" content=\"en_US\" \/>\n<meta property=\"og:type\" content=\"article\" \/>\n<meta property=\"og:title\" content=\"Compilador source-to-source, para la paralelizaci\u00f3n autom\u00e1tica de c\u00f3digos secuenciales, orientado a la gesti\u00f3n eficiente de recursos en centros de Computaci\u00f3n de Alto Rendimiento - Fundaci\u00f3n COMPUTAEX\" \/>\n<meta property=\"og:description\" content=\"La Computaci\u00f3n de Alto Rendimiento supone una potente herramienta para dar soluci\u00f3n a proyectos de elevada complejidad que de otra forma no podr\u0131\u0301an ser afrontados. Sin embargo, desarrollar programas paralelos ...\" \/>\n<meta property=\"og:url\" content=\"https:\/\/computaex.es\/en\/publicaciones\/compilador-source-to-source-para-la-paralelizacion-automatica-de-codigos-secuenciales-orientado-a-la-gestion-eficiente-de-recursos-en-centros-de-computacion-de-alto-rendimiento\/\" \/>\n<meta property=\"og:site_name\" content=\"Fundaci\u00f3n COMPUTAEX\" \/>\n<meta property=\"article:publisher\" content=\"https:\/\/m.facebook.com\/computaex\/\" \/>\n<meta property=\"article:modified_time\" content=\"2025-08-27T08:21:19+00:00\" \/>\n<meta property=\"og:image\" content=\"https:\/\/computaex.es\/wp-content\/uploads\/2025\/08\/COMPUTAEX.jpg\" \/>\n\t<meta property=\"og:image:width\" content=\"1024\" \/>\n\t<meta property=\"og:image:height\" content=\"403\" \/>\n\t<meta property=\"og:image:type\" content=\"image\/jpeg\" \/>\n<meta name=\"twitter:card\" content=\"summary_large_image\" \/>\n<meta name=\"twitter:site\" content=\"@computaex\" \/>\n<meta name=\"twitter:label1\" content=\"Est. reading time\" \/>\n\t<meta name=\"twitter:data1\" content=\"1 minute\" \/>\n<script type=\"application\/ld+json\" class=\"yoast-schema-graph\">{\"@context\":\"https:\/\/schema.org\",\"@graph\":[{\"@type\":\"WebPage\",\"@id\":\"https:\/\/computaex.es\/publicaciones\/compilador-source-to-source-para-la-paralelizacion-automatica-de-codigos-secuenciales-orientado-a-la-gestion-eficiente-de-recursos-en-centros-de-computacion-de-alto-rendimiento\/\",\"url\":\"https:\/\/computaex.es\/publicaciones\/compilador-source-to-source-para-la-paralelizacion-automatica-de-codigos-secuenciales-orientado-a-la-gestion-eficiente-de-recursos-en-centros-de-computacion-de-alto-rendimiento\/\",\"name\":\"Compilador source-to-source, para la paralelizaci\u00f3n autom\u00e1tica de c\u00f3digos secuenciales, orientado a la gesti\u00f3n eficiente de recursos en centros de Computaci\u00f3n de Alto Rendimiento - Fundaci\u00f3n COMPUTAEX\",\"isPartOf\":{\"@id\":\"https:\/\/computaex.es\/#website\"},\"datePublished\":\"2018-09-12T08:20:41+00:00\",\"dateModified\":\"2025-08-27T08:21:19+00:00\",\"breadcrumb\":{\"@id\":\"https:\/\/computaex.es\/publicaciones\/compilador-source-to-source-para-la-paralelizacion-automatica-de-codigos-secuenciales-orientado-a-la-gestion-eficiente-de-recursos-en-centros-de-computacion-de-alto-rendimiento\/#breadcrumb\"},\"inLanguage\":\"en-US\",\"potentialAction\":[{\"@type\":\"ReadAction\",\"target\":[\"https:\/\/computaex.es\/publicaciones\/compilador-source-to-source-para-la-paralelizacion-automatica-de-codigos-secuenciales-orientado-a-la-gestion-eficiente-de-recursos-en-centros-de-computacion-de-alto-rendimiento\/\"]}]},{\"@type\":\"BreadcrumbList\",\"@id\":\"https:\/\/computaex.es\/publicaciones\/compilador-source-to-source-para-la-paralelizacion-automatica-de-codigos-secuenciales-orientado-a-la-gestion-eficiente-de-recursos-en-centros-de-computacion-de-alto-rendimiento\/#breadcrumb\",\"itemListElement\":[{\"@type\":\"ListItem\",\"position\":1,\"name\":\"Portada\",\"item\":\"https:\/\/computaex.es\/\"},{\"@type\":\"ListItem\",\"position\":2,\"name\":\"Publicaciones\",\"item\":\"https:\/\/computaex.es\/publicaciones\/\"},{\"@type\":\"ListItem\",\"position\":3,\"name\":\"Compilador source-to-source, para la paralelizaci\u00f3n autom\u00e1tica de c\u00f3digos secuenciales, orientado a la gesti\u00f3n eficiente de recursos en centros de Computaci\u00f3n de Alto Rendimiento\"}]},{\"@type\":\"WebSite\",\"@id\":\"https:\/\/computaex.es\/#website\",\"url\":\"https:\/\/computaex.es\/\",\"name\":\"Fundaci\u00f3n COMPUTAEX\",\"description\":\"COMPUTAEX\",\"publisher\":{\"@id\":\"https:\/\/computaex.es\/#organization\"},\"potentialAction\":[{\"@type\":\"SearchAction\",\"target\":{\"@type\":\"EntryPoint\",\"urlTemplate\":\"https:\/\/computaex.es\/?s={search_term_string}\"},\"query-input\":{\"@type\":\"PropertyValueSpecification\",\"valueRequired\":true,\"valueName\":\"search_term_string\"}}],\"inLanguage\":\"en-US\"},{\"@type\":\"Organization\",\"@id\":\"https:\/\/computaex.es\/#organization\",\"name\":\"COMPUTAEX\",\"url\":\"https:\/\/computaex.es\/\",\"logo\":{\"@type\":\"ImageObject\",\"inLanguage\":\"en-US\",\"@id\":\"https:\/\/computaex.es\/#\/schema\/logo\/image\/\",\"url\":\"https:\/\/computaex.es\/wp-content\/uploads\/2025\/05\/cropped-COMPUTAEX_transparente-scaled-1.png\",\"contentUrl\":\"https:\/\/computaex.es\/wp-content\/uploads\/2025\/05\/cropped-COMPUTAEX_transparente-scaled-1.png\",\"width\":2560,\"height\":970,\"caption\":\"COMPUTAEX\"},\"image\":{\"@id\":\"https:\/\/computaex.es\/#\/schema\/logo\/image\/\"},\"sameAs\":[\"https:\/\/m.facebook.com\/computaex\/\",\"https:\/\/x.com\/computaex\",\"https:\/\/es.linkedin.com\/company\/cenits\"]}]}<\/script>\n<!-- \/ Yoast SEO plugin. -->","yoast_head_json":{"title":"Compilador source-to-source, para la paralelizaci\u00f3n autom\u00e1tica de c\u00f3digos secuenciales, orientado a la gesti\u00f3n eficiente de recursos en centros de Computaci\u00f3n de Alto Rendimiento - Fundaci\u00f3n COMPUTAEX","robots":{"index":"index","follow":"follow","max-snippet":"max-snippet:-1","max-image-preview":"max-image-preview:large","max-video-preview":"max-video-preview:-1"},"canonical":"https:\/\/computaex.es\/en\/publicaciones\/compilador-source-to-source-para-la-paralelizacion-automatica-de-codigos-secuenciales-orientado-a-la-gestion-eficiente-de-recursos-en-centros-de-computacion-de-alto-rendimiento\/","og_locale":"en_US","og_type":"article","og_title":"Compilador source-to-source, para la paralelizaci\u00f3n autom\u00e1tica de c\u00f3digos secuenciales, orientado a la gesti\u00f3n eficiente de recursos en centros de Computaci\u00f3n de Alto Rendimiento - Fundaci\u00f3n COMPUTAEX","og_description":"La Computaci\u00f3n de Alto Rendimiento supone una potente herramienta para dar soluci\u00f3n a proyectos de elevada complejidad que de otra forma no podr\u0131\u0301an ser afrontados. Sin embargo, desarrollar programas paralelos ...","og_url":"https:\/\/computaex.es\/en\/publicaciones\/compilador-source-to-source-para-la-paralelizacion-automatica-de-codigos-secuenciales-orientado-a-la-gestion-eficiente-de-recursos-en-centros-de-computacion-de-alto-rendimiento\/","og_site_name":"Fundaci\u00f3n COMPUTAEX","article_publisher":"https:\/\/m.facebook.com\/computaex\/","article_modified_time":"2025-08-27T08:21:19+00:00","og_image":[{"width":1024,"height":403,"url":"https:\/\/computaex.es\/wp-content\/uploads\/2025\/08\/COMPUTAEX.jpg","type":"image\/jpeg"}],"twitter_card":"summary_large_image","twitter_site":"@computaex","twitter_misc":{"Est. reading time":"1 minute"},"schema":{"@context":"https:\/\/schema.org","@graph":[{"@type":"WebPage","@id":"https:\/\/computaex.es\/publicaciones\/compilador-source-to-source-para-la-paralelizacion-automatica-de-codigos-secuenciales-orientado-a-la-gestion-eficiente-de-recursos-en-centros-de-computacion-de-alto-rendimiento\/","url":"https:\/\/computaex.es\/publicaciones\/compilador-source-to-source-para-la-paralelizacion-automatica-de-codigos-secuenciales-orientado-a-la-gestion-eficiente-de-recursos-en-centros-de-computacion-de-alto-rendimiento\/","name":"Compilador source-to-source, para la paralelizaci\u00f3n autom\u00e1tica de c\u00f3digos secuenciales, orientado a la gesti\u00f3n eficiente de recursos en centros de Computaci\u00f3n de Alto Rendimiento - Fundaci\u00f3n COMPUTAEX","isPartOf":{"@id":"https:\/\/computaex.es\/#website"},"datePublished":"2018-09-12T08:20:41+00:00","dateModified":"2025-08-27T08:21:19+00:00","breadcrumb":{"@id":"https:\/\/computaex.es\/publicaciones\/compilador-source-to-source-para-la-paralelizacion-automatica-de-codigos-secuenciales-orientado-a-la-gestion-eficiente-de-recursos-en-centros-de-computacion-de-alto-rendimiento\/#breadcrumb"},"inLanguage":"en-US","potentialAction":[{"@type":"ReadAction","target":["https:\/\/computaex.es\/publicaciones\/compilador-source-to-source-para-la-paralelizacion-automatica-de-codigos-secuenciales-orientado-a-la-gestion-eficiente-de-recursos-en-centros-de-computacion-de-alto-rendimiento\/"]}]},{"@type":"BreadcrumbList","@id":"https:\/\/computaex.es\/publicaciones\/compilador-source-to-source-para-la-paralelizacion-automatica-de-codigos-secuenciales-orientado-a-la-gestion-eficiente-de-recursos-en-centros-de-computacion-de-alto-rendimiento\/#breadcrumb","itemListElement":[{"@type":"ListItem","position":1,"name":"Portada","item":"https:\/\/computaex.es\/"},{"@type":"ListItem","position":2,"name":"Publicaciones","item":"https:\/\/computaex.es\/publicaciones\/"},{"@type":"ListItem","position":3,"name":"Compilador source-to-source, para la paralelizaci\u00f3n autom\u00e1tica de c\u00f3digos secuenciales, orientado a la gesti\u00f3n eficiente de recursos en centros de Computaci\u00f3n de Alto Rendimiento"}]},{"@type":"WebSite","@id":"https:\/\/computaex.es\/#website","url":"https:\/\/computaex.es\/","name":"COMPUTAEX Foundation","description":"COMPUTAEX","publisher":{"@id":"https:\/\/computaex.es\/#organization"},"potentialAction":[{"@type":"SearchAction","target":{"@type":"EntryPoint","urlTemplate":"https:\/\/computaex.es\/?s={search_term_string}"},"query-input":{"@type":"PropertyValueSpecification","valueRequired":true,"valueName":"search_term_string"}}],"inLanguage":"en-US"},{"@type":"Organization","@id":"https:\/\/computaex.es\/#organization","name":"COMPUTAEX","url":"https:\/\/computaex.es\/","logo":{"@type":"ImageObject","inLanguage":"en-US","@id":"https:\/\/computaex.es\/#\/schema\/logo\/image\/","url":"https:\/\/computaex.es\/wp-content\/uploads\/2025\/05\/cropped-COMPUTAEX_transparente-scaled-1.png","contentUrl":"https:\/\/computaex.es\/wp-content\/uploads\/2025\/05\/cropped-COMPUTAEX_transparente-scaled-1.png","width":2560,"height":970,"caption":"COMPUTAEX"},"image":{"@id":"https:\/\/computaex.es\/#\/schema\/logo\/image\/"},"sameAs":["https:\/\/m.facebook.com\/computaex\/","https:\/\/x.com\/computaex","https:\/\/es.linkedin.com\/company\/cenits"]}]}},"_links":{"self":[{"href":"https:\/\/computaex.es\/en\/wp-json\/wp\/v2\/pages\/9668","targetHints":{"allow":["GET"]}}],"collection":[{"href":"https:\/\/computaex.es\/en\/wp-json\/wp\/v2\/pages"}],"about":[{"href":"https:\/\/computaex.es\/en\/wp-json\/wp\/v2\/types\/page"}],"author":[{"embeddable":true,"href":"https:\/\/computaex.es\/en\/wp-json\/wp\/v2\/users\/1"}],"replies":[{"embeddable":true,"href":"https:\/\/computaex.es\/en\/wp-json\/wp\/v2\/comments?post=9668"}],"version-history":[{"count":1,"href":"https:\/\/computaex.es\/en\/wp-json\/wp\/v2\/pages\/9668\/revisions"}],"predecessor-version":[{"id":9669,"href":"https:\/\/computaex.es\/en\/wp-json\/wp\/v2\/pages\/9668\/revisions\/9669"}],"up":[{"embeddable":true,"href":"https:\/\/computaex.es\/en\/wp-json\/wp\/v2\/pages\/1583"}],"wp:attachment":[{"href":"https:\/\/computaex.es\/en\/wp-json\/wp\/v2\/media?parent=9668"}],"wp:term":[{"taxonomy":"category","embeddable":true,"href":"https:\/\/computaex.es\/en\/wp-json\/wp\/v2\/categories?post=9668"},{"taxonomy":"post_tag","embeddable":true,"href":"https:\/\/computaex.es\/en\/wp-json\/wp\/v2\/tags?post=9668"}],"curies":[{"name":"wp","href":"https:\/\/api.w.org\/{rel}","templated":true}]}}