{"id":9674,"date":"2013-10-21T10:23:33","date_gmt":"2013-10-21T08:23:33","guid":{"rendered":"https:\/\/web.computaex.es\/?page_id=9674"},"modified":"2025-08-27T10:25:58","modified_gmt":"2025-08-27T08:25:58","slug":"aqueous-thermal-desorption-as-an-effective-way-to-regenerate-spent-activated-carbons","status":"publish","type":"page","link":"https:\/\/computaex.es\/en\/publicaciones\/aqueous-thermal-desorption-as-an-effective-way-to-regenerate-spent-activated-carbons\/","title":{"rendered":"Aqueous thermal desorption as an effective way to regenerate spent activated carbons"},"content":{"rendered":"<div class=\"field field-name-field-pub-descripcion field-type-text-long field-label-hidden\">\n<div class=\"field-items\">\n<div class=\"field-item even\">\n<p>B. Ledesma, S. Rom\u00e1n, E. Sabio, A. \u00c1lvarez-Murillo,\u00a0<strong>Aqueous thermal desorption as an effective way to regenerate spent activated carbons, The Journal of Supercritical Fluids<\/strong>, Volume 85, January 2014, Pages 24-30, ISSN 0896-8446,\u00a0<a href=\"http:\/\/dx.doi.org\/10.1016\/j.supflu.2013.10.017\" target=\"_blank\" rel=\"noopener\">http:\/\/dx.doi.org\/10.1016\/j.supflu.2013.10.017<\/a><\/p>\n<p>Abstract<br \/>\nThis work deals with the regeneration of p-Nitrophenol (PNP) loaded Activated Carbons by means of aqueous <a class=\"topic-link\" title=\"Learn more about thermal desorption from ScienceDirect's AI-generated Topic Pages\" href=\"https:\/\/www.sciencedirect.com\/topics\/chemical-engineering\/thermal-desorption\" target=\"_blank\" rel=\"noopener\">thermal desorption<\/a>.<br \/>\nContinuous desorption experiments were performed under different temperature (140\u2013200 \u00b0C) and stirring (100\u2013600 rpm) conditions. The study was made with a double point of view; firstly, desorption kinetics was analyzed by applying non-linear Lagergren model. Secondly, the improvements on the textural parameters of the regenerated adsorbents as well as the regeneration efficiency were evaluated.<br \/>\nThe results obtained revealed that the final amount of PNP desorbed was temperature dependent in the range 140\u2013180 \u00b0C, while no improvement was found for higher temperatures, independently of the stirring speed. Likewise, temperature did not exert a marked effect on desorption kinetics.<br \/>\nThe irreversibility of the adsorption processes was confirmed from N<sub>2<\/sub>\u00a0and PNP adsorption analyses, although some differences were found. It is worth mentioning that increasing temperature did have a relevant influence on the adsorption regain of the adsorbents, being maximum for 200\u00a0\u00b0C (N<sub>2<\/sub>\u00a0and PNP adsorption efficiency values up to 61% and 80%, respectively). This might be attributed to the occurrence of some activating effect induced by water under these conditions. The study of the prevalence of desorption over adsorption for enhanced temperature was complemented by the development of an Arrhenius-based model.<\/p>\n<\/div>\n<\/div>\n<\/div>\n<div class=\"field field-name-field-pub-fuente field-type-text-long field-label-above\">\n<div class=\"field-label\">Fuente de la publicaci\u00f3n:<\/div>\n<div class=\"field-items\">\n<div class=\"field-item even\">\n<ul>\n<li><a href=\"http:\/\/www.sciencedirect.com\/science\/article\/pii\/S0896844613003616\" target=\"_blank\" rel=\"noopener\">Aqueous thermal desorption as an effective way to regenerate spent activated carbons<\/a><\/li>\n<\/ul>\n<\/div>\n<\/div>\n<\/div>","protected":false},"excerpt":{"rendered":"<p>B. Ledesma, S. Rom\u00e1n, E. Sabio, A. \u00c1lvarez-Murillo,\u00a0Aqueous thermal desorption as an effective way to regenerate spent activated carbons, The Journal of Supercritical Fluids, Volume 85, January 2014, Pages 24-30, &#8230;<\/p>","protected":false},"author":1,"featured_media":0,"parent":1583,"menu_order":0,"comment_status":"closed","ping_status":"closed","template":"","meta":{"footnotes":""},"categories":[110,91],"tags":[],"class_list":["post-9674","page","type-page","status-publish","hentry","category-anteriores","category-publicaciones"],"yoast_head":"<!-- This site is optimized with the Yoast SEO plugin v27.1.1 - https:\/\/yoast.com\/product\/yoast-seo-wordpress\/ -->\n<title>Aqueous thermal desorption as an effective way to regenerate spent activated carbons - Fundaci\u00f3n COMPUTAEX<\/title>\n<meta name=\"robots\" content=\"index, follow, max-snippet:-1, max-image-preview:large, max-video-preview:-1\" \/>\n<link rel=\"canonical\" href=\"https:\/\/computaex.es\/en\/publicaciones\/aqueous-thermal-desorption-as-an-effective-way-to-regenerate-spent-activated-carbons\/\" \/>\n<meta property=\"og:locale\" content=\"en_US\" \/>\n<meta property=\"og:type\" content=\"article\" \/>\n<meta property=\"og:title\" content=\"Aqueous thermal desorption as an effective way to regenerate spent activated carbons - Fundaci\u00f3n COMPUTAEX\" \/>\n<meta property=\"og:description\" content=\"B. Ledesma, S. Rom\u00e1n, E. Sabio, A. \u00c1lvarez-Murillo,\u00a0Aqueous thermal desorption as an effective way to regenerate spent activated carbons, The Journal of Supercritical Fluids, Volume 85, January 2014, Pages 24-30, ...\" \/>\n<meta property=\"og:url\" content=\"https:\/\/computaex.es\/en\/publicaciones\/aqueous-thermal-desorption-as-an-effective-way-to-regenerate-spent-activated-carbons\/\" \/>\n<meta property=\"og:site_name\" content=\"Fundaci\u00f3n COMPUTAEX\" \/>\n<meta property=\"article:publisher\" content=\"https:\/\/m.facebook.com\/computaex\/\" \/>\n<meta property=\"article:modified_time\" content=\"2025-08-27T08:25:58+00:00\" \/>\n<meta property=\"og:image\" content=\"https:\/\/computaex.es\/wp-content\/uploads\/2025\/08\/COMPUTAEX.jpg\" \/>\n\t<meta property=\"og:image:width\" content=\"1024\" \/>\n\t<meta property=\"og:image:height\" content=\"403\" \/>\n\t<meta property=\"og:image:type\" content=\"image\/jpeg\" \/>\n<meta name=\"twitter:card\" content=\"summary_large_image\" \/>\n<meta name=\"twitter:site\" content=\"@computaex\" \/>\n<meta name=\"twitter:label1\" content=\"Est. reading time\" \/>\n\t<meta name=\"twitter:data1\" content=\"2 minutes\" \/>\n<script type=\"application\/ld+json\" class=\"yoast-schema-graph\">{\"@context\":\"https:\/\/schema.org\",\"@graph\":[{\"@type\":\"WebPage\",\"@id\":\"https:\/\/computaex.es\/publicaciones\/aqueous-thermal-desorption-as-an-effective-way-to-regenerate-spent-activated-carbons\/\",\"url\":\"https:\/\/computaex.es\/publicaciones\/aqueous-thermal-desorption-as-an-effective-way-to-regenerate-spent-activated-carbons\/\",\"name\":\"Aqueous thermal desorption as an effective way to regenerate spent activated carbons - Fundaci\u00f3n COMPUTAEX\",\"isPartOf\":{\"@id\":\"https:\/\/computaex.es\/#website\"},\"datePublished\":\"2013-10-21T08:23:33+00:00\",\"dateModified\":\"2025-08-27T08:25:58+00:00\",\"breadcrumb\":{\"@id\":\"https:\/\/computaex.es\/publicaciones\/aqueous-thermal-desorption-as-an-effective-way-to-regenerate-spent-activated-carbons\/#breadcrumb\"},\"inLanguage\":\"en-US\",\"potentialAction\":[{\"@type\":\"ReadAction\",\"target\":[\"https:\/\/computaex.es\/publicaciones\/aqueous-thermal-desorption-as-an-effective-way-to-regenerate-spent-activated-carbons\/\"]}]},{\"@type\":\"BreadcrumbList\",\"@id\":\"https:\/\/computaex.es\/publicaciones\/aqueous-thermal-desorption-as-an-effective-way-to-regenerate-spent-activated-carbons\/#breadcrumb\",\"itemListElement\":[{\"@type\":\"ListItem\",\"position\":1,\"name\":\"Portada\",\"item\":\"https:\/\/computaex.es\/\"},{\"@type\":\"ListItem\",\"position\":2,\"name\":\"Publicaciones\",\"item\":\"https:\/\/computaex.es\/publicaciones\/\"},{\"@type\":\"ListItem\",\"position\":3,\"name\":\"Aqueous thermal desorption as an effective way to regenerate spent activated carbons\"}]},{\"@type\":\"WebSite\",\"@id\":\"https:\/\/computaex.es\/#website\",\"url\":\"https:\/\/computaex.es\/\",\"name\":\"Fundaci\u00f3n COMPUTAEX\",\"description\":\"COMPUTAEX\",\"publisher\":{\"@id\":\"https:\/\/computaex.es\/#organization\"},\"potentialAction\":[{\"@type\":\"SearchAction\",\"target\":{\"@type\":\"EntryPoint\",\"urlTemplate\":\"https:\/\/computaex.es\/?s={search_term_string}\"},\"query-input\":{\"@type\":\"PropertyValueSpecification\",\"valueRequired\":true,\"valueName\":\"search_term_string\"}}],\"inLanguage\":\"en-US\"},{\"@type\":\"Organization\",\"@id\":\"https:\/\/computaex.es\/#organization\",\"name\":\"COMPUTAEX\",\"url\":\"https:\/\/computaex.es\/\",\"logo\":{\"@type\":\"ImageObject\",\"inLanguage\":\"en-US\",\"@id\":\"https:\/\/computaex.es\/#\/schema\/logo\/image\/\",\"url\":\"https:\/\/computaex.es\/wp-content\/uploads\/2025\/05\/cropped-COMPUTAEX_transparente-scaled-1.png\",\"contentUrl\":\"https:\/\/computaex.es\/wp-content\/uploads\/2025\/05\/cropped-COMPUTAEX_transparente-scaled-1.png\",\"width\":2560,\"height\":970,\"caption\":\"COMPUTAEX\"},\"image\":{\"@id\":\"https:\/\/computaex.es\/#\/schema\/logo\/image\/\"},\"sameAs\":[\"https:\/\/m.facebook.com\/computaex\/\",\"https:\/\/x.com\/computaex\",\"https:\/\/es.linkedin.com\/company\/cenits\"]}]}<\/script>\n<!-- \/ Yoast SEO plugin. -->","yoast_head_json":{"title":"Aqueous thermal desorption as an effective way to regenerate spent activated carbons - Fundaci\u00f3n COMPUTAEX","robots":{"index":"index","follow":"follow","max-snippet":"max-snippet:-1","max-image-preview":"max-image-preview:large","max-video-preview":"max-video-preview:-1"},"canonical":"https:\/\/computaex.es\/en\/publicaciones\/aqueous-thermal-desorption-as-an-effective-way-to-regenerate-spent-activated-carbons\/","og_locale":"en_US","og_type":"article","og_title":"Aqueous thermal desorption as an effective way to regenerate spent activated carbons - Fundaci\u00f3n COMPUTAEX","og_description":"B. Ledesma, S. Rom\u00e1n, E. Sabio, A. \u00c1lvarez-Murillo,\u00a0Aqueous thermal desorption as an effective way to regenerate spent activated carbons, The Journal of Supercritical Fluids, Volume 85, January 2014, Pages 24-30, ...","og_url":"https:\/\/computaex.es\/en\/publicaciones\/aqueous-thermal-desorption-as-an-effective-way-to-regenerate-spent-activated-carbons\/","og_site_name":"Fundaci\u00f3n COMPUTAEX","article_publisher":"https:\/\/m.facebook.com\/computaex\/","article_modified_time":"2025-08-27T08:25:58+00:00","og_image":[{"width":1024,"height":403,"url":"https:\/\/computaex.es\/wp-content\/uploads\/2025\/08\/COMPUTAEX.jpg","type":"image\/jpeg"}],"twitter_card":"summary_large_image","twitter_site":"@computaex","twitter_misc":{"Est. reading time":"2 minutes"},"schema":{"@context":"https:\/\/schema.org","@graph":[{"@type":"WebPage","@id":"https:\/\/computaex.es\/publicaciones\/aqueous-thermal-desorption-as-an-effective-way-to-regenerate-spent-activated-carbons\/","url":"https:\/\/computaex.es\/publicaciones\/aqueous-thermal-desorption-as-an-effective-way-to-regenerate-spent-activated-carbons\/","name":"Aqueous thermal desorption as an effective way to regenerate spent activated carbons - Fundaci\u00f3n COMPUTAEX","isPartOf":{"@id":"https:\/\/computaex.es\/#website"},"datePublished":"2013-10-21T08:23:33+00:00","dateModified":"2025-08-27T08:25:58+00:00","breadcrumb":{"@id":"https:\/\/computaex.es\/publicaciones\/aqueous-thermal-desorption-as-an-effective-way-to-regenerate-spent-activated-carbons\/#breadcrumb"},"inLanguage":"en-US","potentialAction":[{"@type":"ReadAction","target":["https:\/\/computaex.es\/publicaciones\/aqueous-thermal-desorption-as-an-effective-way-to-regenerate-spent-activated-carbons\/"]}]},{"@type":"BreadcrumbList","@id":"https:\/\/computaex.es\/publicaciones\/aqueous-thermal-desorption-as-an-effective-way-to-regenerate-spent-activated-carbons\/#breadcrumb","itemListElement":[{"@type":"ListItem","position":1,"name":"Portada","item":"https:\/\/computaex.es\/"},{"@type":"ListItem","position":2,"name":"Publicaciones","item":"https:\/\/computaex.es\/publicaciones\/"},{"@type":"ListItem","position":3,"name":"Aqueous thermal desorption as an effective way to regenerate spent activated carbons"}]},{"@type":"WebSite","@id":"https:\/\/computaex.es\/#website","url":"https:\/\/computaex.es\/","name":"COMPUTAEX Foundation","description":"COMPUTAEX","publisher":{"@id":"https:\/\/computaex.es\/#organization"},"potentialAction":[{"@type":"SearchAction","target":{"@type":"EntryPoint","urlTemplate":"https:\/\/computaex.es\/?s={search_term_string}"},"query-input":{"@type":"PropertyValueSpecification","valueRequired":true,"valueName":"search_term_string"}}],"inLanguage":"en-US"},{"@type":"Organization","@id":"https:\/\/computaex.es\/#organization","name":"COMPUTAEX","url":"https:\/\/computaex.es\/","logo":{"@type":"ImageObject","inLanguage":"en-US","@id":"https:\/\/computaex.es\/#\/schema\/logo\/image\/","url":"https:\/\/computaex.es\/wp-content\/uploads\/2025\/05\/cropped-COMPUTAEX_transparente-scaled-1.png","contentUrl":"https:\/\/computaex.es\/wp-content\/uploads\/2025\/05\/cropped-COMPUTAEX_transparente-scaled-1.png","width":2560,"height":970,"caption":"COMPUTAEX"},"image":{"@id":"https:\/\/computaex.es\/#\/schema\/logo\/image\/"},"sameAs":["https:\/\/m.facebook.com\/computaex\/","https:\/\/x.com\/computaex","https:\/\/es.linkedin.com\/company\/cenits"]}]}},"_links":{"self":[{"href":"https:\/\/computaex.es\/en\/wp-json\/wp\/v2\/pages\/9674","targetHints":{"allow":["GET"]}}],"collection":[{"href":"https:\/\/computaex.es\/en\/wp-json\/wp\/v2\/pages"}],"about":[{"href":"https:\/\/computaex.es\/en\/wp-json\/wp\/v2\/types\/page"}],"author":[{"embeddable":true,"href":"https:\/\/computaex.es\/en\/wp-json\/wp\/v2\/users\/1"}],"replies":[{"embeddable":true,"href":"https:\/\/computaex.es\/en\/wp-json\/wp\/v2\/comments?post=9674"}],"version-history":[{"count":1,"href":"https:\/\/computaex.es\/en\/wp-json\/wp\/v2\/pages\/9674\/revisions"}],"predecessor-version":[{"id":9676,"href":"https:\/\/computaex.es\/en\/wp-json\/wp\/v2\/pages\/9674\/revisions\/9676"}],"up":[{"embeddable":true,"href":"https:\/\/computaex.es\/en\/wp-json\/wp\/v2\/pages\/1583"}],"wp:attachment":[{"href":"https:\/\/computaex.es\/en\/wp-json\/wp\/v2\/media?parent=9674"}],"wp:term":[{"taxonomy":"category","embeddable":true,"href":"https:\/\/computaex.es\/en\/wp-json\/wp\/v2\/categories?post=9674"},{"taxonomy":"post_tag","embeddable":true,"href":"https:\/\/computaex.es\/en\/wp-json\/wp\/v2\/tags?post=9674"}],"curies":[{"name":"wp","href":"https:\/\/api.w.org\/{rel}","templated":true}]}}