{"id":9678,"date":"2017-12-31T10:27:07","date_gmt":"2017-12-31T09:27:07","guid":{"rendered":"https:\/\/web.computaex.es\/?page_id=9678"},"modified":"2025-08-27T10:27:55","modified_gmt":"2025-08-27T08:27:55","slug":"analisis-de-un-sistema-de-gobierno-para-federaciones-de-centros-de-procesamiento-de-datos-con-computacion-de-alto-rendimiento","status":"publish","type":"page","link":"https:\/\/computaex.es\/en\/publicaciones\/analisis-de-un-sistema-de-gobierno-para-federaciones-de-centros-de-procesamiento-de-datos-con-computacion-de-alto-rendimiento\/","title":{"rendered":"An\u00e1lisis de un sistema de gobierno para federaciones de centros de procesamiento de datos con computaci\u00f3n de alto rendimiento"},"content":{"rendered":"<div class=\"field field-name-field-pub-descripcion field-type-text-long field-label-hidden\">\n<div class=\"field-items\">\n<div class=\"field-item even\">\n<p>En los \u00faltimos a\u00f1os, las Tecnolog\u00edas de la Informaci\u00f3n y la Comunicaci\u00f3n (TIC) se han convertido en parte de la sociedad, cambiando m\u00faltiples aspectos como la forma de vida, las relaciones o el desempe\u00f1o de la actividad profesional. La denominada Sociedad de la Informaci\u00f3n o del Conocimiento est\u00e1 fuertemente influenciada por la aparici\u00f3n de los servicios en la nube (Cloud Computing). Dichos servicios, que se proporcionan a trav\u00e9s de Internet a los usuarios finales, se ofrecen desde centros de procesamiento de datos.<\/p>\n<p>En un Centro de Procesamiento de Datos (CPD) se concentran todos los recursos necesarios para el tratamiento de los datos y convertirlos en informaci\u00f3n \u00fatil. El CPD debe garantizar la continuidad y disponibilidad del servicio a clientes y empleados, de tal modo que es muy importante la protecci\u00f3n de los equipos de comunicaciones, servidores y equipos de almacenamiento que puedan contener informaci\u00f3n sensible.<\/p>\n<p>Las organizaciones, conscientes del valor que posee la informaci\u00f3n para la subsistencia del negocio o la investigaci\u00f3n, reparan en la importancia de tener un CPD que garantice la disponibilidad y la seguridad de su activo m\u00e1s valioso.<\/p>\n<p>Hist\u00f3ricamente, los criterios de dise\u00f1o del CPD se basaban, principalmente, en la disponibilidad, el rendimiento y la seguridad, lo que supon\u00eda un sobredimensionamiento de todos los componentes del CPD y un uso ineficiente, econ\u00f3mica y energ\u00e9ticamente, de los recursos. En la actualidad, el enfoque principal de este tipo de centros busca los mismos criterios citados anteriormente pero desde una gesti\u00f3n \u00f3ptima de los recursos disponibles para aumentar su eficiencia econ\u00f3mica y energ\u00e9tica. Para lograrlo es imprescindible un dimensionamiento adecuado de todas sus infraestructuras, adem\u00e1s de mecanismos como la consolidaci\u00f3n y virtualizaci\u00f3n de servidores, redes y equipos electr\u00f3nicos.<\/p>\n<p>El objetivo principal de este Trabajo Fin de M\u00e1ster es maximizar la eficiencia econ\u00f3mica y energ\u00e9tica de los equipos inform\u00e1ticos y de climatizaci\u00f3n de CPDs, mediante el desarrollo de un sistema inteligente para gestionar una federaci\u00f3n de CPDs.<\/p>\n<p>Para alcanzar este objetivo fue necesario, en primer lugar, la realizaci\u00f3n de un estudio y an\u00e1lisis sobre CPDs, el paradigma cloud computing y el estado del arte de las federaciones de CPDs. A continuaci\u00f3n se procedi\u00f3 a dise\u00f1ar y desplegar la infraestructura necesaria para la federaci\u00f3n y los servicios de gesti\u00f3n de la misma en C\u00e9nitS utilizando la plataforma OpenNebula.<\/p>\n<p>Los principales resultados de este proyecto fueron los siguientes:<\/p>\n<ul>\n<li>Ampliaci\u00f3n de conocimientos sobre cloud computing.<\/li>\n<li>Despliegue de infraestructuras cloud en OpenNebula.<\/li>\n<li>Aprendizaje de lenguaje de programaci\u00f3n Ruby; implementaci\u00f3n de un sistema de gobierno inteligente en C\u00e9nitS.<\/li>\n<\/ul>\n<\/div>\n<\/div>\n<\/div>\n<div class=\"field field-name-field-pub-fuente field-type-text-long field-label-above\">\n<div class=\"field-label\"><strong>Fuente de la publicaci\u00f3n:\u00a0<\/strong><\/div>\n<div class=\"field-items\">\n<div class=\"field-item even\">\n<ul>\n<li>Javier Rubio Bravo.\u00a0<em>An\u00e1lisis de un sistema de gobierno para federaciones de centros de procesamiento de datos con computaci\u00f3n de alto rendimiento<\/em>. Trabajo Final de M\u00e1ster en Ingenier\u00eda de Telecomunicaci\u00f3n, Universidad de Extremadura. 2017.<\/li>\n<\/ul>\n<\/div>\n<\/div>\n<\/div>","protected":false},"excerpt":{"rendered":"<p>En los \u00faltimos a\u00f1os, las Tecnolog\u00edas de la Informaci\u00f3n y la Comunicaci\u00f3n (TIC) se han convertido en parte de la sociedad, cambiando m\u00faltiples aspectos como la forma de vida, las &#8230;<\/p>","protected":false},"author":1,"featured_media":0,"parent":1583,"menu_order":0,"comment_status":"closed","ping_status":"closed","template":"","meta":{"footnotes":""},"categories":[110,91],"tags":[],"class_list":["post-9678","page","type-page","status-publish","hentry","category-anteriores","category-publicaciones"],"yoast_head":"<!-- This site is optimized with the Yoast SEO plugin v27.1.1 - https:\/\/yoast.com\/product\/yoast-seo-wordpress\/ -->\n<title>An\u00e1lisis de un sistema de gobierno para federaciones de centros de procesamiento de datos con computaci\u00f3n de alto rendimiento - Fundaci\u00f3n COMPUTAEX<\/title>\n<meta name=\"robots\" content=\"index, follow, max-snippet:-1, max-image-preview:large, max-video-preview:-1\" \/>\n<link rel=\"canonical\" href=\"https:\/\/computaex.es\/en\/publicaciones\/analisis-de-un-sistema-de-gobierno-para-federaciones-de-centros-de-procesamiento-de-datos-con-computacion-de-alto-rendimiento\/\" \/>\n<meta property=\"og:locale\" content=\"en_US\" \/>\n<meta property=\"og:type\" content=\"article\" \/>\n<meta property=\"og:title\" content=\"An\u00e1lisis de un sistema de gobierno para federaciones de centros de procesamiento de datos con computaci\u00f3n de alto rendimiento - Fundaci\u00f3n COMPUTAEX\" \/>\n<meta property=\"og:description\" content=\"En los \u00faltimos a\u00f1os, las Tecnolog\u00edas de la Informaci\u00f3n y la Comunicaci\u00f3n (TIC) se han convertido en parte de la sociedad, cambiando m\u00faltiples aspectos como la forma de vida, las ...\" \/>\n<meta property=\"og:url\" content=\"https:\/\/computaex.es\/en\/publicaciones\/analisis-de-un-sistema-de-gobierno-para-federaciones-de-centros-de-procesamiento-de-datos-con-computacion-de-alto-rendimiento\/\" \/>\n<meta property=\"og:site_name\" content=\"Fundaci\u00f3n COMPUTAEX\" \/>\n<meta property=\"article:publisher\" content=\"https:\/\/m.facebook.com\/computaex\/\" \/>\n<meta property=\"article:modified_time\" content=\"2025-08-27T08:27:55+00:00\" \/>\n<meta property=\"og:image\" content=\"https:\/\/computaex.es\/wp-content\/uploads\/2025\/08\/COMPUTAEX.jpg\" \/>\n\t<meta property=\"og:image:width\" content=\"1024\" \/>\n\t<meta property=\"og:image:height\" content=\"403\" \/>\n\t<meta property=\"og:image:type\" content=\"image\/jpeg\" \/>\n<meta name=\"twitter:card\" content=\"summary_large_image\" \/>\n<meta name=\"twitter:site\" content=\"@computaex\" \/>\n<meta name=\"twitter:label1\" content=\"Est. reading time\" \/>\n\t<meta name=\"twitter:data1\" content=\"3 minutes\" \/>\n<script type=\"application\/ld+json\" class=\"yoast-schema-graph\">{\"@context\":\"https:\/\/schema.org\",\"@graph\":[{\"@type\":\"WebPage\",\"@id\":\"https:\/\/computaex.es\/publicaciones\/analisis-de-un-sistema-de-gobierno-para-federaciones-de-centros-de-procesamiento-de-datos-con-computacion-de-alto-rendimiento\/\",\"url\":\"https:\/\/computaex.es\/publicaciones\/analisis-de-un-sistema-de-gobierno-para-federaciones-de-centros-de-procesamiento-de-datos-con-computacion-de-alto-rendimiento\/\",\"name\":\"An\u00e1lisis de un sistema de gobierno para federaciones de centros de procesamiento de datos con computaci\u00f3n de alto rendimiento - Fundaci\u00f3n COMPUTAEX\",\"isPartOf\":{\"@id\":\"https:\/\/computaex.es\/#website\"},\"datePublished\":\"2017-12-31T09:27:07+00:00\",\"dateModified\":\"2025-08-27T08:27:55+00:00\",\"breadcrumb\":{\"@id\":\"https:\/\/computaex.es\/publicaciones\/analisis-de-un-sistema-de-gobierno-para-federaciones-de-centros-de-procesamiento-de-datos-con-computacion-de-alto-rendimiento\/#breadcrumb\"},\"inLanguage\":\"en-US\",\"potentialAction\":[{\"@type\":\"ReadAction\",\"target\":[\"https:\/\/computaex.es\/publicaciones\/analisis-de-un-sistema-de-gobierno-para-federaciones-de-centros-de-procesamiento-de-datos-con-computacion-de-alto-rendimiento\/\"]}]},{\"@type\":\"BreadcrumbList\",\"@id\":\"https:\/\/computaex.es\/publicaciones\/analisis-de-un-sistema-de-gobierno-para-federaciones-de-centros-de-procesamiento-de-datos-con-computacion-de-alto-rendimiento\/#breadcrumb\",\"itemListElement\":[{\"@type\":\"ListItem\",\"position\":1,\"name\":\"Portada\",\"item\":\"https:\/\/computaex.es\/\"},{\"@type\":\"ListItem\",\"position\":2,\"name\":\"Publicaciones\",\"item\":\"https:\/\/computaex.es\/publicaciones\/\"},{\"@type\":\"ListItem\",\"position\":3,\"name\":\"An\u00e1lisis de un sistema de gobierno para federaciones de centros de procesamiento de datos con computaci\u00f3n de alto rendimiento\"}]},{\"@type\":\"WebSite\",\"@id\":\"https:\/\/computaex.es\/#website\",\"url\":\"https:\/\/computaex.es\/\",\"name\":\"Fundaci\u00f3n COMPUTAEX\",\"description\":\"COMPUTAEX\",\"publisher\":{\"@id\":\"https:\/\/computaex.es\/#organization\"},\"potentialAction\":[{\"@type\":\"SearchAction\",\"target\":{\"@type\":\"EntryPoint\",\"urlTemplate\":\"https:\/\/computaex.es\/?s={search_term_string}\"},\"query-input\":{\"@type\":\"PropertyValueSpecification\",\"valueRequired\":true,\"valueName\":\"search_term_string\"}}],\"inLanguage\":\"en-US\"},{\"@type\":\"Organization\",\"@id\":\"https:\/\/computaex.es\/#organization\",\"name\":\"COMPUTAEX\",\"url\":\"https:\/\/computaex.es\/\",\"logo\":{\"@type\":\"ImageObject\",\"inLanguage\":\"en-US\",\"@id\":\"https:\/\/computaex.es\/#\/schema\/logo\/image\/\",\"url\":\"https:\/\/computaex.es\/wp-content\/uploads\/2025\/05\/cropped-COMPUTAEX_transparente-scaled-1.png\",\"contentUrl\":\"https:\/\/computaex.es\/wp-content\/uploads\/2025\/05\/cropped-COMPUTAEX_transparente-scaled-1.png\",\"width\":2560,\"height\":970,\"caption\":\"COMPUTAEX\"},\"image\":{\"@id\":\"https:\/\/computaex.es\/#\/schema\/logo\/image\/\"},\"sameAs\":[\"https:\/\/m.facebook.com\/computaex\/\",\"https:\/\/x.com\/computaex\",\"https:\/\/es.linkedin.com\/company\/cenits\"]}]}<\/script>\n<!-- \/ Yoast SEO plugin. -->","yoast_head_json":{"title":"An\u00e1lisis de un sistema de gobierno para federaciones de centros de procesamiento de datos con computaci\u00f3n de alto rendimiento - Fundaci\u00f3n COMPUTAEX","robots":{"index":"index","follow":"follow","max-snippet":"max-snippet:-1","max-image-preview":"max-image-preview:large","max-video-preview":"max-video-preview:-1"},"canonical":"https:\/\/computaex.es\/en\/publicaciones\/analisis-de-un-sistema-de-gobierno-para-federaciones-de-centros-de-procesamiento-de-datos-con-computacion-de-alto-rendimiento\/","og_locale":"en_US","og_type":"article","og_title":"An\u00e1lisis de un sistema de gobierno para federaciones de centros de procesamiento de datos con computaci\u00f3n de alto rendimiento - Fundaci\u00f3n COMPUTAEX","og_description":"En los \u00faltimos a\u00f1os, las Tecnolog\u00edas de la Informaci\u00f3n y la Comunicaci\u00f3n (TIC) se han convertido en parte de la sociedad, cambiando m\u00faltiples aspectos como la forma de vida, las ...","og_url":"https:\/\/computaex.es\/en\/publicaciones\/analisis-de-un-sistema-de-gobierno-para-federaciones-de-centros-de-procesamiento-de-datos-con-computacion-de-alto-rendimiento\/","og_site_name":"Fundaci\u00f3n COMPUTAEX","article_publisher":"https:\/\/m.facebook.com\/computaex\/","article_modified_time":"2025-08-27T08:27:55+00:00","og_image":[{"width":1024,"height":403,"url":"https:\/\/computaex.es\/wp-content\/uploads\/2025\/08\/COMPUTAEX.jpg","type":"image\/jpeg"}],"twitter_card":"summary_large_image","twitter_site":"@computaex","twitter_misc":{"Est. reading time":"3 minutes"},"schema":{"@context":"https:\/\/schema.org","@graph":[{"@type":"WebPage","@id":"https:\/\/computaex.es\/publicaciones\/analisis-de-un-sistema-de-gobierno-para-federaciones-de-centros-de-procesamiento-de-datos-con-computacion-de-alto-rendimiento\/","url":"https:\/\/computaex.es\/publicaciones\/analisis-de-un-sistema-de-gobierno-para-federaciones-de-centros-de-procesamiento-de-datos-con-computacion-de-alto-rendimiento\/","name":"An\u00e1lisis de un sistema de gobierno para federaciones de centros de procesamiento de datos con computaci\u00f3n de alto rendimiento - Fundaci\u00f3n COMPUTAEX","isPartOf":{"@id":"https:\/\/computaex.es\/#website"},"datePublished":"2017-12-31T09:27:07+00:00","dateModified":"2025-08-27T08:27:55+00:00","breadcrumb":{"@id":"https:\/\/computaex.es\/publicaciones\/analisis-de-un-sistema-de-gobierno-para-federaciones-de-centros-de-procesamiento-de-datos-con-computacion-de-alto-rendimiento\/#breadcrumb"},"inLanguage":"en-US","potentialAction":[{"@type":"ReadAction","target":["https:\/\/computaex.es\/publicaciones\/analisis-de-un-sistema-de-gobierno-para-federaciones-de-centros-de-procesamiento-de-datos-con-computacion-de-alto-rendimiento\/"]}]},{"@type":"BreadcrumbList","@id":"https:\/\/computaex.es\/publicaciones\/analisis-de-un-sistema-de-gobierno-para-federaciones-de-centros-de-procesamiento-de-datos-con-computacion-de-alto-rendimiento\/#breadcrumb","itemListElement":[{"@type":"ListItem","position":1,"name":"Portada","item":"https:\/\/computaex.es\/"},{"@type":"ListItem","position":2,"name":"Publicaciones","item":"https:\/\/computaex.es\/publicaciones\/"},{"@type":"ListItem","position":3,"name":"An\u00e1lisis de un sistema de gobierno para federaciones de centros de procesamiento de datos con computaci\u00f3n de alto rendimiento"}]},{"@type":"WebSite","@id":"https:\/\/computaex.es\/#website","url":"https:\/\/computaex.es\/","name":"COMPUTAEX Foundation","description":"COMPUTAEX","publisher":{"@id":"https:\/\/computaex.es\/#organization"},"potentialAction":[{"@type":"SearchAction","target":{"@type":"EntryPoint","urlTemplate":"https:\/\/computaex.es\/?s={search_term_string}"},"query-input":{"@type":"PropertyValueSpecification","valueRequired":true,"valueName":"search_term_string"}}],"inLanguage":"en-US"},{"@type":"Organization","@id":"https:\/\/computaex.es\/#organization","name":"COMPUTAEX","url":"https:\/\/computaex.es\/","logo":{"@type":"ImageObject","inLanguage":"en-US","@id":"https:\/\/computaex.es\/#\/schema\/logo\/image\/","url":"https:\/\/computaex.es\/wp-content\/uploads\/2025\/05\/cropped-COMPUTAEX_transparente-scaled-1.png","contentUrl":"https:\/\/computaex.es\/wp-content\/uploads\/2025\/05\/cropped-COMPUTAEX_transparente-scaled-1.png","width":2560,"height":970,"caption":"COMPUTAEX"},"image":{"@id":"https:\/\/computaex.es\/#\/schema\/logo\/image\/"},"sameAs":["https:\/\/m.facebook.com\/computaex\/","https:\/\/x.com\/computaex","https:\/\/es.linkedin.com\/company\/cenits"]}]}},"_links":{"self":[{"href":"https:\/\/computaex.es\/en\/wp-json\/wp\/v2\/pages\/9678","targetHints":{"allow":["GET"]}}],"collection":[{"href":"https:\/\/computaex.es\/en\/wp-json\/wp\/v2\/pages"}],"about":[{"href":"https:\/\/computaex.es\/en\/wp-json\/wp\/v2\/types\/page"}],"author":[{"embeddable":true,"href":"https:\/\/computaex.es\/en\/wp-json\/wp\/v2\/users\/1"}],"replies":[{"embeddable":true,"href":"https:\/\/computaex.es\/en\/wp-json\/wp\/v2\/comments?post=9678"}],"version-history":[{"count":1,"href":"https:\/\/computaex.es\/en\/wp-json\/wp\/v2\/pages\/9678\/revisions"}],"predecessor-version":[{"id":9679,"href":"https:\/\/computaex.es\/en\/wp-json\/wp\/v2\/pages\/9678\/revisions\/9679"}],"up":[{"embeddable":true,"href":"https:\/\/computaex.es\/en\/wp-json\/wp\/v2\/pages\/1583"}],"wp:attachment":[{"href":"https:\/\/computaex.es\/en\/wp-json\/wp\/v2\/media?parent=9678"}],"wp:term":[{"taxonomy":"category","embeddable":true,"href":"https:\/\/computaex.es\/en\/wp-json\/wp\/v2\/categories?post=9678"},{"taxonomy":"post_tag","embeddable":true,"href":"https:\/\/computaex.es\/en\/wp-json\/wp\/v2\/tags?post=9678"}],"curies":[{"name":"wp","href":"https:\/\/api.w.org\/{rel}","templated":true}]}}