{"id":9682,"date":"2017-12-18T10:28:51","date_gmt":"2017-12-18T09:28:51","guid":{"rendered":"https:\/\/web.computaex.es\/?page_id=9682"},"modified":"2025-08-27T10:29:44","modified_gmt":"2025-08-27T08:29:44","slug":"assessing-stereoelectronic-effects-in-dipolar-cycloadditions-yielding-fused-thiazolopyridone-rings","status":"publish","type":"page","link":"https:\/\/computaex.es\/en\/publicaciones\/assessing-stereoelectronic-effects-in-dipolar-cycloadditions-yielding-fused-thiazolopyridone-rings\/","title":{"rendered":"Assessing stereoelectronic effects in dipolar cycloadditions yielding fused thiazolopyridone rings"},"content":{"rendered":"<div class=\"field field-name-field-pub-descripcion field-type-text-long field-label-hidden\">\n<div class=\"field-items\">\n<div class=\"field-item even\">\n<p>Here is reported a combined experimental and computational study on the cycloadditions of bicyclic 1,3-thiazolium-4-olates, derived from thiazolidin-2-thiones, with asymmetrically-substituted acetylenes. These results provide further mechanistic insights into the above dipolar cycloadditions and enable an unequivocal characterization by NMR spectroscopy of regiochemical patterns as previous derivatives had substituents at both C-2 (in the dipole) and C-6 (in products). Accordingly, new dihydrothiazolopyrid-2-ones have been obtained from a thioisom\u00fcnchnone lacking substitution at C-2. With the aim of assessing the steric hindrance as well as the facial stereoselection induced by a bulky group on the Si face (relative to C-7a) of the mesoionic heterocycle, a chiral thioisom\u00fcnchnone has also been obtained along with the resulting optically active thiazolopyridones. A computational study of these particular cycloadditions, largely based on a natural bond orbital (NBO) analysis, allowed us to evaluate the influence of substituents on intermolecular steric repulsions, charge transfers, as well as solvent effects.<br \/>\n<center><img decoding=\"async\" src=\"https:\/\/www.computaex.es\/sites\/cenits.es\/files\/publicaciones\/20171218_garciaconcepcion_tetrahedron2017.jpg\" alt=\"\" \/><\/center>&nbsp;<\/p>\n<\/div>\n<\/div>\n<\/div>\n<div class=\"field field-name-field-pub-fuente field-type-text-long field-label-above\">\n<div class=\"field-label\">Fuente de la publicaci\u00f3n:<\/div>\n<div class=\"field-items\">\n<div class=\"field-item even\">\n<ul>\n<li>Juan Garc\u00eda de la Concepci\u00f3n, Mart\u00edn Avalos, Reyes Babiano, Pedro Cintas, Jos\u00e9 L. Jim\u00e9nez, Mark E. Light, Juan C. Palacios. (2017).\u00a0<a href=\"https:\/\/www.journals.elsevier.com\/tetrahedron\">Tetrahedron<\/a>\u00a073 1551-1560.<br \/>\n<a href=\"https:\/\/doi.org\/10.1016\/j.tet.2017.01.064\" target=\"_blank\" rel=\"noopener\">https:\/\/doi.org\/10.1016\/j.tet.2017.01.064<\/a><\/li>\n<\/ul>\n<\/div>\n<\/div>\n<\/div>","protected":false},"excerpt":{"rendered":"<p>Here is reported a combined experimental and computational study on the cycloadditions of bicyclic 1,3-thiazolium-4-olates, derived from thiazolidin-2-thiones, with asymmetrically-substituted acetylenes. These results provide further mechanistic insights into the above &#8230;<\/p>","protected":false},"author":1,"featured_media":0,"parent":1583,"menu_order":0,"comment_status":"closed","ping_status":"closed","template":"","meta":{"footnotes":""},"categories":[110,91],"tags":[],"class_list":["post-9682","page","type-page","status-publish","hentry","category-anteriores","category-publicaciones"],"yoast_head":"<!-- This site is optimized with the Yoast SEO plugin v27.1.1 - https:\/\/yoast.com\/product\/yoast-seo-wordpress\/ -->\n<title>Assessing stereoelectronic effects in dipolar cycloadditions yielding fused thiazolopyridone rings - Fundaci\u00f3n COMPUTAEX<\/title>\n<meta name=\"robots\" content=\"index, follow, max-snippet:-1, max-image-preview:large, max-video-preview:-1\" \/>\n<link rel=\"canonical\" href=\"https:\/\/computaex.es\/en\/publicaciones\/assessing-stereoelectronic-effects-in-dipolar-cycloadditions-yielding-fused-thiazolopyridone-rings\/\" \/>\n<meta property=\"og:locale\" content=\"en_US\" \/>\n<meta property=\"og:type\" content=\"article\" \/>\n<meta property=\"og:title\" content=\"Assessing stereoelectronic effects in dipolar cycloadditions yielding fused thiazolopyridone rings - Fundaci\u00f3n COMPUTAEX\" \/>\n<meta property=\"og:description\" content=\"Here is reported a combined experimental and computational study on the cycloadditions of bicyclic 1,3-thiazolium-4-olates, derived from thiazolidin-2-thiones, with asymmetrically-substituted acetylenes. These results provide further mechanistic insights into the above ...\" \/>\n<meta property=\"og:url\" content=\"https:\/\/computaex.es\/en\/publicaciones\/assessing-stereoelectronic-effects-in-dipolar-cycloadditions-yielding-fused-thiazolopyridone-rings\/\" \/>\n<meta property=\"og:site_name\" content=\"Fundaci\u00f3n COMPUTAEX\" \/>\n<meta property=\"article:publisher\" content=\"https:\/\/m.facebook.com\/computaex\/\" \/>\n<meta property=\"article:modified_time\" content=\"2025-08-27T08:29:44+00:00\" \/>\n<meta property=\"og:image\" content=\"https:\/\/www.computaex.es\/sites\/cenits.es\/files\/publicaciones\/20171218_garciaconcepcion_tetrahedron2017.jpg\" \/>\n<meta name=\"twitter:card\" content=\"summary_large_image\" \/>\n<meta name=\"twitter:site\" content=\"@computaex\" \/>\n<meta name=\"twitter:label1\" content=\"Est. reading time\" \/>\n\t<meta name=\"twitter:data1\" content=\"2 minutes\" \/>\n<script type=\"application\/ld+json\" class=\"yoast-schema-graph\">{\"@context\":\"https:\/\/schema.org\",\"@graph\":[{\"@type\":\"WebPage\",\"@id\":\"https:\/\/computaex.es\/publicaciones\/assessing-stereoelectronic-effects-in-dipolar-cycloadditions-yielding-fused-thiazolopyridone-rings\/\",\"url\":\"https:\/\/computaex.es\/publicaciones\/assessing-stereoelectronic-effects-in-dipolar-cycloadditions-yielding-fused-thiazolopyridone-rings\/\",\"name\":\"Assessing stereoelectronic effects in dipolar cycloadditions yielding fused thiazolopyridone rings - Fundaci\u00f3n COMPUTAEX\",\"isPartOf\":{\"@id\":\"https:\/\/computaex.es\/#website\"},\"primaryImageOfPage\":{\"@id\":\"https:\/\/computaex.es\/publicaciones\/assessing-stereoelectronic-effects-in-dipolar-cycloadditions-yielding-fused-thiazolopyridone-rings\/#primaryimage\"},\"image\":{\"@id\":\"https:\/\/computaex.es\/publicaciones\/assessing-stereoelectronic-effects-in-dipolar-cycloadditions-yielding-fused-thiazolopyridone-rings\/#primaryimage\"},\"thumbnailUrl\":\"https:\/\/www.computaex.es\/sites\/cenits.es\/files\/publicaciones\/20171218_garciaconcepcion_tetrahedron2017.jpg\",\"datePublished\":\"2017-12-18T09:28:51+00:00\",\"dateModified\":\"2025-08-27T08:29:44+00:00\",\"breadcrumb\":{\"@id\":\"https:\/\/computaex.es\/publicaciones\/assessing-stereoelectronic-effects-in-dipolar-cycloadditions-yielding-fused-thiazolopyridone-rings\/#breadcrumb\"},\"inLanguage\":\"en-US\",\"potentialAction\":[{\"@type\":\"ReadAction\",\"target\":[\"https:\/\/computaex.es\/publicaciones\/assessing-stereoelectronic-effects-in-dipolar-cycloadditions-yielding-fused-thiazolopyridone-rings\/\"]}]},{\"@type\":\"ImageObject\",\"inLanguage\":\"en-US\",\"@id\":\"https:\/\/computaex.es\/publicaciones\/assessing-stereoelectronic-effects-in-dipolar-cycloadditions-yielding-fused-thiazolopyridone-rings\/#primaryimage\",\"url\":\"https:\/\/www.computaex.es\/sites\/cenits.es\/files\/publicaciones\/20171218_garciaconcepcion_tetrahedron2017.jpg\",\"contentUrl\":\"https:\/\/www.computaex.es\/sites\/cenits.es\/files\/publicaciones\/20171218_garciaconcepcion_tetrahedron2017.jpg\"},{\"@type\":\"BreadcrumbList\",\"@id\":\"https:\/\/computaex.es\/publicaciones\/assessing-stereoelectronic-effects-in-dipolar-cycloadditions-yielding-fused-thiazolopyridone-rings\/#breadcrumb\",\"itemListElement\":[{\"@type\":\"ListItem\",\"position\":1,\"name\":\"Portada\",\"item\":\"https:\/\/computaex.es\/\"},{\"@type\":\"ListItem\",\"position\":2,\"name\":\"Publicaciones\",\"item\":\"https:\/\/computaex.es\/publicaciones\/\"},{\"@type\":\"ListItem\",\"position\":3,\"name\":\"Assessing stereoelectronic effects in dipolar cycloadditions yielding fused thiazolopyridone rings\"}]},{\"@type\":\"WebSite\",\"@id\":\"https:\/\/computaex.es\/#website\",\"url\":\"https:\/\/computaex.es\/\",\"name\":\"Fundaci\u00f3n COMPUTAEX\",\"description\":\"COMPUTAEX\",\"publisher\":{\"@id\":\"https:\/\/computaex.es\/#organization\"},\"potentialAction\":[{\"@type\":\"SearchAction\",\"target\":{\"@type\":\"EntryPoint\",\"urlTemplate\":\"https:\/\/computaex.es\/?s={search_term_string}\"},\"query-input\":{\"@type\":\"PropertyValueSpecification\",\"valueRequired\":true,\"valueName\":\"search_term_string\"}}],\"inLanguage\":\"en-US\"},{\"@type\":\"Organization\",\"@id\":\"https:\/\/computaex.es\/#organization\",\"name\":\"COMPUTAEX\",\"url\":\"https:\/\/computaex.es\/\",\"logo\":{\"@type\":\"ImageObject\",\"inLanguage\":\"en-US\",\"@id\":\"https:\/\/computaex.es\/#\/schema\/logo\/image\/\",\"url\":\"https:\/\/computaex.es\/wp-content\/uploads\/2025\/05\/cropped-COMPUTAEX_transparente-scaled-1.png\",\"contentUrl\":\"https:\/\/computaex.es\/wp-content\/uploads\/2025\/05\/cropped-COMPUTAEX_transparente-scaled-1.png\",\"width\":2560,\"height\":970,\"caption\":\"COMPUTAEX\"},\"image\":{\"@id\":\"https:\/\/computaex.es\/#\/schema\/logo\/image\/\"},\"sameAs\":[\"https:\/\/m.facebook.com\/computaex\/\",\"https:\/\/x.com\/computaex\",\"https:\/\/es.linkedin.com\/company\/cenits\"]}]}<\/script>\n<!-- \/ Yoast SEO plugin. -->","yoast_head_json":{"title":"Assessing stereoelectronic effects in dipolar cycloadditions yielding fused thiazolopyridone rings - Fundaci\u00f3n COMPUTAEX","robots":{"index":"index","follow":"follow","max-snippet":"max-snippet:-1","max-image-preview":"max-image-preview:large","max-video-preview":"max-video-preview:-1"},"canonical":"https:\/\/computaex.es\/en\/publicaciones\/assessing-stereoelectronic-effects-in-dipolar-cycloadditions-yielding-fused-thiazolopyridone-rings\/","og_locale":"en_US","og_type":"article","og_title":"Assessing stereoelectronic effects in dipolar cycloadditions yielding fused thiazolopyridone rings - Fundaci\u00f3n COMPUTAEX","og_description":"Here is reported a combined experimental and computational study on the cycloadditions of bicyclic 1,3-thiazolium-4-olates, derived from thiazolidin-2-thiones, with asymmetrically-substituted acetylenes. These results provide further mechanistic insights into the above ...","og_url":"https:\/\/computaex.es\/en\/publicaciones\/assessing-stereoelectronic-effects-in-dipolar-cycloadditions-yielding-fused-thiazolopyridone-rings\/","og_site_name":"Fundaci\u00f3n COMPUTAEX","article_publisher":"https:\/\/m.facebook.com\/computaex\/","article_modified_time":"2025-08-27T08:29:44+00:00","og_image":[{"url":"https:\/\/www.computaex.es\/sites\/cenits.es\/files\/publicaciones\/20171218_garciaconcepcion_tetrahedron2017.jpg","type":"","width":"","height":""}],"twitter_card":"summary_large_image","twitter_site":"@computaex","twitter_misc":{"Est. reading time":"2 minutes"},"schema":{"@context":"https:\/\/schema.org","@graph":[{"@type":"WebPage","@id":"https:\/\/computaex.es\/publicaciones\/assessing-stereoelectronic-effects-in-dipolar-cycloadditions-yielding-fused-thiazolopyridone-rings\/","url":"https:\/\/computaex.es\/publicaciones\/assessing-stereoelectronic-effects-in-dipolar-cycloadditions-yielding-fused-thiazolopyridone-rings\/","name":"Assessing stereoelectronic effects in dipolar cycloadditions yielding fused thiazolopyridone rings - Fundaci\u00f3n COMPUTAEX","isPartOf":{"@id":"https:\/\/computaex.es\/#website"},"primaryImageOfPage":{"@id":"https:\/\/computaex.es\/publicaciones\/assessing-stereoelectronic-effects-in-dipolar-cycloadditions-yielding-fused-thiazolopyridone-rings\/#primaryimage"},"image":{"@id":"https:\/\/computaex.es\/publicaciones\/assessing-stereoelectronic-effects-in-dipolar-cycloadditions-yielding-fused-thiazolopyridone-rings\/#primaryimage"},"thumbnailUrl":"https:\/\/www.computaex.es\/sites\/cenits.es\/files\/publicaciones\/20171218_garciaconcepcion_tetrahedron2017.jpg","datePublished":"2017-12-18T09:28:51+00:00","dateModified":"2025-08-27T08:29:44+00:00","breadcrumb":{"@id":"https:\/\/computaex.es\/publicaciones\/assessing-stereoelectronic-effects-in-dipolar-cycloadditions-yielding-fused-thiazolopyridone-rings\/#breadcrumb"},"inLanguage":"en-US","potentialAction":[{"@type":"ReadAction","target":["https:\/\/computaex.es\/publicaciones\/assessing-stereoelectronic-effects-in-dipolar-cycloadditions-yielding-fused-thiazolopyridone-rings\/"]}]},{"@type":"ImageObject","inLanguage":"en-US","@id":"https:\/\/computaex.es\/publicaciones\/assessing-stereoelectronic-effects-in-dipolar-cycloadditions-yielding-fused-thiazolopyridone-rings\/#primaryimage","url":"https:\/\/www.computaex.es\/sites\/cenits.es\/files\/publicaciones\/20171218_garciaconcepcion_tetrahedron2017.jpg","contentUrl":"https:\/\/www.computaex.es\/sites\/cenits.es\/files\/publicaciones\/20171218_garciaconcepcion_tetrahedron2017.jpg"},{"@type":"BreadcrumbList","@id":"https:\/\/computaex.es\/publicaciones\/assessing-stereoelectronic-effects-in-dipolar-cycloadditions-yielding-fused-thiazolopyridone-rings\/#breadcrumb","itemListElement":[{"@type":"ListItem","position":1,"name":"Portada","item":"https:\/\/computaex.es\/"},{"@type":"ListItem","position":2,"name":"Publicaciones","item":"https:\/\/computaex.es\/publicaciones\/"},{"@type":"ListItem","position":3,"name":"Assessing stereoelectronic effects in dipolar cycloadditions yielding fused thiazolopyridone rings"}]},{"@type":"WebSite","@id":"https:\/\/computaex.es\/#website","url":"https:\/\/computaex.es\/","name":"COMPUTAEX Foundation","description":"COMPUTAEX","publisher":{"@id":"https:\/\/computaex.es\/#organization"},"potentialAction":[{"@type":"SearchAction","target":{"@type":"EntryPoint","urlTemplate":"https:\/\/computaex.es\/?s={search_term_string}"},"query-input":{"@type":"PropertyValueSpecification","valueRequired":true,"valueName":"search_term_string"}}],"inLanguage":"en-US"},{"@type":"Organization","@id":"https:\/\/computaex.es\/#organization","name":"COMPUTAEX","url":"https:\/\/computaex.es\/","logo":{"@type":"ImageObject","inLanguage":"en-US","@id":"https:\/\/computaex.es\/#\/schema\/logo\/image\/","url":"https:\/\/computaex.es\/wp-content\/uploads\/2025\/05\/cropped-COMPUTAEX_transparente-scaled-1.png","contentUrl":"https:\/\/computaex.es\/wp-content\/uploads\/2025\/05\/cropped-COMPUTAEX_transparente-scaled-1.png","width":2560,"height":970,"caption":"COMPUTAEX"},"image":{"@id":"https:\/\/computaex.es\/#\/schema\/logo\/image\/"},"sameAs":["https:\/\/m.facebook.com\/computaex\/","https:\/\/x.com\/computaex","https:\/\/es.linkedin.com\/company\/cenits"]}]}},"_links":{"self":[{"href":"https:\/\/computaex.es\/en\/wp-json\/wp\/v2\/pages\/9682","targetHints":{"allow":["GET"]}}],"collection":[{"href":"https:\/\/computaex.es\/en\/wp-json\/wp\/v2\/pages"}],"about":[{"href":"https:\/\/computaex.es\/en\/wp-json\/wp\/v2\/types\/page"}],"author":[{"embeddable":true,"href":"https:\/\/computaex.es\/en\/wp-json\/wp\/v2\/users\/1"}],"replies":[{"embeddable":true,"href":"https:\/\/computaex.es\/en\/wp-json\/wp\/v2\/comments?post=9682"}],"version-history":[{"count":1,"href":"https:\/\/computaex.es\/en\/wp-json\/wp\/v2\/pages\/9682\/revisions"}],"predecessor-version":[{"id":9684,"href":"https:\/\/computaex.es\/en\/wp-json\/wp\/v2\/pages\/9682\/revisions\/9684"}],"up":[{"embeddable":true,"href":"https:\/\/computaex.es\/en\/wp-json\/wp\/v2\/pages\/1583"}],"wp:attachment":[{"href":"https:\/\/computaex.es\/en\/wp-json\/wp\/v2\/media?parent=9682"}],"wp:term":[{"taxonomy":"category","embeddable":true,"href":"https:\/\/computaex.es\/en\/wp-json\/wp\/v2\/categories?post=9682"},{"taxonomy":"post_tag","embeddable":true,"href":"https:\/\/computaex.es\/en\/wp-json\/wp\/v2\/tags?post=9682"}],"curies":[{"name":"wp","href":"https:\/\/api.w.org\/{rel}","templated":true}]}}