{"id":9685,"date":"2017-09-20T10:30:00","date_gmt":"2017-09-20T08:30:00","guid":{"rendered":"https:\/\/web.computaex.es\/?page_id=9685"},"modified":"2025-08-27T10:30:43","modified_gmt":"2025-08-27T08:30:43","slug":"evaluacion-de-la-movilidad-ip-y-posibilidades-de-integracion-en-redes-programables-5g","status":"publish","type":"page","link":"https:\/\/computaex.es\/en\/publicaciones\/evaluacion-de-la-movilidad-ip-y-posibilidades-de-integracion-en-redes-programables-5g\/","title":{"rendered":"Evaluaci\u00f3n de la movilidad IP y posibilidades de integraci\u00f3n en redes programables 5G"},"content":{"rendered":"<div class=\"field field-name-field-pub-descripcion field-type-text-long field-label-hidden\">\n<div class=\"field-items\">\n<div class=\"field-item even\">\n<p>En los \u00faltimos a\u00f1os, la generalizaci\u00f3n de los dispositivos de comunicaciones inal\u00e1mbricos y el desarrollo de multitud de servicios y aplicaciones han hecho que las redes inal\u00e1mbricas y m\u00f3viles se hayan convertido en la parte m\u00e1s atractiva y din\u00e1mica en el acceso de los usuarios a las tecnolog\u00edas de la informaci\u00f3n y las comunicaciones (TIC). Seg\u00fan las previsiones de las principales empresas del sector, se espera que el tr\u00e1fico de datos en este tipo de redes se multiplique casi por 10 en el a\u00f1o 2020 y que tres cuartas partes de todo este tr\u00e1fico sea tr\u00e1fico multimedia. Un requerimiento fundamental para poder dar soporte a este crecimiento de datos en las redes de pr\u00f3xima generaci\u00f3n es el de la gesti\u00f3n eficiente de la movilidad de los usuarios. Por tanto, es necesario dise\u00f1ar nuevas t\u00e9cnicas que permitan mantener las conexiones activas en situaciones cambiantes.<\/p>\n<p>Tanto la industria como la academia coinciden en que el motor de los sistemas 5G estar\u00e1 basado en software, recayendo el funcionamiento de la red en mecanismos emergentes. Uno de ellos es el de las redes definidas por software (SDN) con el que se espera conseguir el rendimiento esperado, escalabilidad y agilidad en la red.<\/p>\n<p>La integraci\u00f3n de las SDN con las redes troncales y, sobre todo con redes de centros de c\u00f3mputo, es un campo de investigaci\u00f3n abierto a propuestas innovadoras, principalmente, en el caso de redes de baja latencia, elevado ancho de banda y baja sobrecarga de CPU como InfiniBand, por ello se analizar\u00e1 este importante aspecto.<\/p>\n<p>En este proyecto, se propone el estudio y an\u00e1lisis de los mecanismos de gesti\u00f3n de la movilidad e integraci\u00f3n con otras tecnolog\u00edas, basados en el paradigma SDN a trav\u00e9s de un entorno de emulaci\u00f3n de la red en el que sea posible probar el rendimiento de las soluciones con distintas configuraciones de tr\u00e1fico, topolog\u00eda, modelos de movimiento de los usuarios, etc.<\/p>\n<p>Como resultado del estudio y an\u00e1lisis inicial de soluciones existentes el autor propone una soluci\u00f3n propia: SDN Redirection-based DMM (SR-DMM), cuyas principales caracter\u00edsticas son las siguientes:<\/p>\n<ul>\n<li>Mayor flexibilidad ya que no requiere de dispositivos especializados para la gesti\u00f3n de la movilidad.<\/li>\n<li>Se puede implementar en dispositivos gen\u00e9ricos.<\/li>\n<li>Permite el desarrollo del protocolo a trav\u00e9s de programaci\u00f3n.<\/li>\n<li>Mejora el Coste de Entrega de Paquetes y elimina el Coste de Tunneling.<\/li>\n<\/ul>\n<\/div>\n<\/div>\n<\/div>\n<div class=\"field field-name-field-pub-fuente field-type-text-long field-label-above\">\n<div class=\"field-label\"><strong>Fuente de la publicaci\u00f3n:\u00a0<\/strong><\/div>\n<div class=\"field-items\">\n<div class=\"field-item even\">\n<ul>\n<li>Jos\u00e9 Manuel Mendoza Rubio.\u00a0<em>Evaluaci\u00f3n de la movilidad IP y posibilidades de integraci\u00f3n en redes programables 5G<\/em>. Trabajo de Fin de Grado en Ingenier\u00eda Telem\u00e1tica, Universidad de Extremadura. Septiembre de 2017.<\/li>\n<\/ul>\n<\/div>\n<\/div>\n<\/div>","protected":false},"excerpt":{"rendered":"<p>En los \u00faltimos a\u00f1os, la generalizaci\u00f3n de los dispositivos de comunicaciones inal\u00e1mbricos y el desarrollo de multitud de servicios y aplicaciones han hecho que las redes inal\u00e1mbricas y m\u00f3viles se &#8230;<\/p>","protected":false},"author":1,"featured_media":0,"parent":1583,"menu_order":0,"comment_status":"closed","ping_status":"closed","template":"","meta":{"footnotes":""},"categories":[110,91],"tags":[],"class_list":["post-9685","page","type-page","status-publish","hentry","category-anteriores","category-publicaciones"],"yoast_head":"<!-- This site is optimized with the Yoast SEO plugin v27.1.1 - https:\/\/yoast.com\/product\/yoast-seo-wordpress\/ -->\n<title>Evaluaci\u00f3n de la movilidad IP y posibilidades de integraci\u00f3n en redes programables 5G - Fundaci\u00f3n COMPUTAEX<\/title>\n<meta name=\"robots\" content=\"index, follow, max-snippet:-1, max-image-preview:large, max-video-preview:-1\" \/>\n<link rel=\"canonical\" href=\"https:\/\/computaex.es\/en\/publicaciones\/evaluacion-de-la-movilidad-ip-y-posibilidades-de-integracion-en-redes-programables-5g\/\" \/>\n<meta property=\"og:locale\" content=\"en_US\" \/>\n<meta property=\"og:type\" content=\"article\" \/>\n<meta property=\"og:title\" content=\"Evaluaci\u00f3n de la movilidad IP y posibilidades de integraci\u00f3n en redes programables 5G - Fundaci\u00f3n COMPUTAEX\" \/>\n<meta property=\"og:description\" content=\"En los \u00faltimos a\u00f1os, la generalizaci\u00f3n de los dispositivos de comunicaciones inal\u00e1mbricos y el desarrollo de multitud de servicios y aplicaciones han hecho que las redes inal\u00e1mbricas y m\u00f3viles se ...\" \/>\n<meta property=\"og:url\" content=\"https:\/\/computaex.es\/en\/publicaciones\/evaluacion-de-la-movilidad-ip-y-posibilidades-de-integracion-en-redes-programables-5g\/\" \/>\n<meta property=\"og:site_name\" content=\"Fundaci\u00f3n COMPUTAEX\" \/>\n<meta property=\"article:publisher\" content=\"https:\/\/m.facebook.com\/computaex\/\" \/>\n<meta property=\"article:modified_time\" content=\"2025-08-27T08:30:43+00:00\" \/>\n<meta property=\"og:image\" content=\"https:\/\/computaex.es\/wp-content\/uploads\/2025\/08\/COMPUTAEX.jpg\" \/>\n\t<meta property=\"og:image:width\" content=\"1024\" \/>\n\t<meta property=\"og:image:height\" content=\"403\" \/>\n\t<meta property=\"og:image:type\" content=\"image\/jpeg\" \/>\n<meta name=\"twitter:card\" content=\"summary_large_image\" \/>\n<meta name=\"twitter:site\" content=\"@computaex\" \/>\n<meta name=\"twitter:label1\" content=\"Est. reading time\" \/>\n\t<meta name=\"twitter:data1\" content=\"2 minutes\" \/>\n<script type=\"application\/ld+json\" class=\"yoast-schema-graph\">{\"@context\":\"https:\/\/schema.org\",\"@graph\":[{\"@type\":\"WebPage\",\"@id\":\"https:\/\/computaex.es\/publicaciones\/evaluacion-de-la-movilidad-ip-y-posibilidades-de-integracion-en-redes-programables-5g\/\",\"url\":\"https:\/\/computaex.es\/publicaciones\/evaluacion-de-la-movilidad-ip-y-posibilidades-de-integracion-en-redes-programables-5g\/\",\"name\":\"Evaluaci\u00f3n de la movilidad IP y posibilidades de integraci\u00f3n en redes programables 5G - Fundaci\u00f3n COMPUTAEX\",\"isPartOf\":{\"@id\":\"https:\/\/computaex.es\/#website\"},\"datePublished\":\"2017-09-20T08:30:00+00:00\",\"dateModified\":\"2025-08-27T08:30:43+00:00\",\"breadcrumb\":{\"@id\":\"https:\/\/computaex.es\/publicaciones\/evaluacion-de-la-movilidad-ip-y-posibilidades-de-integracion-en-redes-programables-5g\/#breadcrumb\"},\"inLanguage\":\"en-US\",\"potentialAction\":[{\"@type\":\"ReadAction\",\"target\":[\"https:\/\/computaex.es\/publicaciones\/evaluacion-de-la-movilidad-ip-y-posibilidades-de-integracion-en-redes-programables-5g\/\"]}]},{\"@type\":\"BreadcrumbList\",\"@id\":\"https:\/\/computaex.es\/publicaciones\/evaluacion-de-la-movilidad-ip-y-posibilidades-de-integracion-en-redes-programables-5g\/#breadcrumb\",\"itemListElement\":[{\"@type\":\"ListItem\",\"position\":1,\"name\":\"Portada\",\"item\":\"https:\/\/computaex.es\/\"},{\"@type\":\"ListItem\",\"position\":2,\"name\":\"Publicaciones\",\"item\":\"https:\/\/computaex.es\/publicaciones\/\"},{\"@type\":\"ListItem\",\"position\":3,\"name\":\"Evaluaci\u00f3n de la movilidad IP y posibilidades de integraci\u00f3n en redes programables 5G\"}]},{\"@type\":\"WebSite\",\"@id\":\"https:\/\/computaex.es\/#website\",\"url\":\"https:\/\/computaex.es\/\",\"name\":\"Fundaci\u00f3n COMPUTAEX\",\"description\":\"COMPUTAEX\",\"publisher\":{\"@id\":\"https:\/\/computaex.es\/#organization\"},\"potentialAction\":[{\"@type\":\"SearchAction\",\"target\":{\"@type\":\"EntryPoint\",\"urlTemplate\":\"https:\/\/computaex.es\/?s={search_term_string}\"},\"query-input\":{\"@type\":\"PropertyValueSpecification\",\"valueRequired\":true,\"valueName\":\"search_term_string\"}}],\"inLanguage\":\"en-US\"},{\"@type\":\"Organization\",\"@id\":\"https:\/\/computaex.es\/#organization\",\"name\":\"COMPUTAEX\",\"url\":\"https:\/\/computaex.es\/\",\"logo\":{\"@type\":\"ImageObject\",\"inLanguage\":\"en-US\",\"@id\":\"https:\/\/computaex.es\/#\/schema\/logo\/image\/\",\"url\":\"https:\/\/computaex.es\/wp-content\/uploads\/2025\/05\/cropped-COMPUTAEX_transparente-scaled-1.png\",\"contentUrl\":\"https:\/\/computaex.es\/wp-content\/uploads\/2025\/05\/cropped-COMPUTAEX_transparente-scaled-1.png\",\"width\":2560,\"height\":970,\"caption\":\"COMPUTAEX\"},\"image\":{\"@id\":\"https:\/\/computaex.es\/#\/schema\/logo\/image\/\"},\"sameAs\":[\"https:\/\/m.facebook.com\/computaex\/\",\"https:\/\/x.com\/computaex\",\"https:\/\/es.linkedin.com\/company\/cenits\"]}]}<\/script>\n<!-- \/ Yoast SEO plugin. -->","yoast_head_json":{"title":"Evaluaci\u00f3n de la movilidad IP y posibilidades de integraci\u00f3n en redes programables 5G - Fundaci\u00f3n COMPUTAEX","robots":{"index":"index","follow":"follow","max-snippet":"max-snippet:-1","max-image-preview":"max-image-preview:large","max-video-preview":"max-video-preview:-1"},"canonical":"https:\/\/computaex.es\/en\/publicaciones\/evaluacion-de-la-movilidad-ip-y-posibilidades-de-integracion-en-redes-programables-5g\/","og_locale":"en_US","og_type":"article","og_title":"Evaluaci\u00f3n de la movilidad IP y posibilidades de integraci\u00f3n en redes programables 5G - Fundaci\u00f3n COMPUTAEX","og_description":"En los \u00faltimos a\u00f1os, la generalizaci\u00f3n de los dispositivos de comunicaciones inal\u00e1mbricos y el desarrollo de multitud de servicios y aplicaciones han hecho que las redes inal\u00e1mbricas y m\u00f3viles se ...","og_url":"https:\/\/computaex.es\/en\/publicaciones\/evaluacion-de-la-movilidad-ip-y-posibilidades-de-integracion-en-redes-programables-5g\/","og_site_name":"Fundaci\u00f3n COMPUTAEX","article_publisher":"https:\/\/m.facebook.com\/computaex\/","article_modified_time":"2025-08-27T08:30:43+00:00","og_image":[{"width":1024,"height":403,"url":"https:\/\/computaex.es\/wp-content\/uploads\/2025\/08\/COMPUTAEX.jpg","type":"image\/jpeg"}],"twitter_card":"summary_large_image","twitter_site":"@computaex","twitter_misc":{"Est. reading time":"2 minutes"},"schema":{"@context":"https:\/\/schema.org","@graph":[{"@type":"WebPage","@id":"https:\/\/computaex.es\/publicaciones\/evaluacion-de-la-movilidad-ip-y-posibilidades-de-integracion-en-redes-programables-5g\/","url":"https:\/\/computaex.es\/publicaciones\/evaluacion-de-la-movilidad-ip-y-posibilidades-de-integracion-en-redes-programables-5g\/","name":"Evaluaci\u00f3n de la movilidad IP y posibilidades de integraci\u00f3n en redes programables 5G - Fundaci\u00f3n COMPUTAEX","isPartOf":{"@id":"https:\/\/computaex.es\/#website"},"datePublished":"2017-09-20T08:30:00+00:00","dateModified":"2025-08-27T08:30:43+00:00","breadcrumb":{"@id":"https:\/\/computaex.es\/publicaciones\/evaluacion-de-la-movilidad-ip-y-posibilidades-de-integracion-en-redes-programables-5g\/#breadcrumb"},"inLanguage":"en-US","potentialAction":[{"@type":"ReadAction","target":["https:\/\/computaex.es\/publicaciones\/evaluacion-de-la-movilidad-ip-y-posibilidades-de-integracion-en-redes-programables-5g\/"]}]},{"@type":"BreadcrumbList","@id":"https:\/\/computaex.es\/publicaciones\/evaluacion-de-la-movilidad-ip-y-posibilidades-de-integracion-en-redes-programables-5g\/#breadcrumb","itemListElement":[{"@type":"ListItem","position":1,"name":"Portada","item":"https:\/\/computaex.es\/"},{"@type":"ListItem","position":2,"name":"Publicaciones","item":"https:\/\/computaex.es\/publicaciones\/"},{"@type":"ListItem","position":3,"name":"Evaluaci\u00f3n de la movilidad IP y posibilidades de integraci\u00f3n en redes programables 5G"}]},{"@type":"WebSite","@id":"https:\/\/computaex.es\/#website","url":"https:\/\/computaex.es\/","name":"COMPUTAEX Foundation","description":"COMPUTAEX","publisher":{"@id":"https:\/\/computaex.es\/#organization"},"potentialAction":[{"@type":"SearchAction","target":{"@type":"EntryPoint","urlTemplate":"https:\/\/computaex.es\/?s={search_term_string}"},"query-input":{"@type":"PropertyValueSpecification","valueRequired":true,"valueName":"search_term_string"}}],"inLanguage":"en-US"},{"@type":"Organization","@id":"https:\/\/computaex.es\/#organization","name":"COMPUTAEX","url":"https:\/\/computaex.es\/","logo":{"@type":"ImageObject","inLanguage":"en-US","@id":"https:\/\/computaex.es\/#\/schema\/logo\/image\/","url":"https:\/\/computaex.es\/wp-content\/uploads\/2025\/05\/cropped-COMPUTAEX_transparente-scaled-1.png","contentUrl":"https:\/\/computaex.es\/wp-content\/uploads\/2025\/05\/cropped-COMPUTAEX_transparente-scaled-1.png","width":2560,"height":970,"caption":"COMPUTAEX"},"image":{"@id":"https:\/\/computaex.es\/#\/schema\/logo\/image\/"},"sameAs":["https:\/\/m.facebook.com\/computaex\/","https:\/\/x.com\/computaex","https:\/\/es.linkedin.com\/company\/cenits"]}]}},"_links":{"self":[{"href":"https:\/\/computaex.es\/en\/wp-json\/wp\/v2\/pages\/9685","targetHints":{"allow":["GET"]}}],"collection":[{"href":"https:\/\/computaex.es\/en\/wp-json\/wp\/v2\/pages"}],"about":[{"href":"https:\/\/computaex.es\/en\/wp-json\/wp\/v2\/types\/page"}],"author":[{"embeddable":true,"href":"https:\/\/computaex.es\/en\/wp-json\/wp\/v2\/users\/1"}],"replies":[{"embeddable":true,"href":"https:\/\/computaex.es\/en\/wp-json\/wp\/v2\/comments?post=9685"}],"version-history":[{"count":1,"href":"https:\/\/computaex.es\/en\/wp-json\/wp\/v2\/pages\/9685\/revisions"}],"predecessor-version":[{"id":9686,"href":"https:\/\/computaex.es\/en\/wp-json\/wp\/v2\/pages\/9685\/revisions\/9686"}],"up":[{"embeddable":true,"href":"https:\/\/computaex.es\/en\/wp-json\/wp\/v2\/pages\/1583"}],"wp:attachment":[{"href":"https:\/\/computaex.es\/en\/wp-json\/wp\/v2\/media?parent=9685"}],"wp:term":[{"taxonomy":"category","embeddable":true,"href":"https:\/\/computaex.es\/en\/wp-json\/wp\/v2\/categories?post=9685"},{"taxonomy":"post_tag","embeddable":true,"href":"https:\/\/computaex.es\/en\/wp-json\/wp\/v2\/tags?post=9685"}],"curies":[{"name":"wp","href":"https:\/\/api.w.org\/{rel}","templated":true}]}}