{"id":9687,"date":"2013-12-15T10:30:47","date_gmt":"2013-12-15T09:30:47","guid":{"rendered":"https:\/\/web.computaex.es\/?page_id=9687"},"modified":"2025-08-27T10:33:42","modified_gmt":"2025-08-27T08:33:42","slug":"ipm-tp-a-full-integrated-architecture-to-provide-seamless-mobility-management-with-qos","status":"publish","type":"page","link":"https:\/\/computaex.es\/en\/publicaciones\/ipm-tp-a-full-integrated-architecture-to-provide-seamless-mobility-management-with-qos\/","title":{"rendered":"IPM-TP, a Full Integrated Architecture to Provide Seamless Mobility Management with QoS"},"content":{"rendered":"<p>David Cort\u00e9s-Polo, Jos\u00e9-Luis G\u00f3nzalez-S\u00e1nchez, Javier Carmona-Murillo, Fco. Javier Rodr\u00edguez-P\u00e9rez and Javier Corral-Garc\u00eda.\u00a0<strong>IPM-TP, a Full Integrated Architecture to Provide Seamless Mobility Management with QoS<\/strong>. Information Journal. Vol.16, No.12(B), Dec. 2013, pp.8781-8798. ISSN:1343-4500.<\/p>\n<p>Fuente de la publicaci\u00f3n:<\/p>\n<ul>\n<li><a href=\"https:\/\/dehesa.unex.es\/entities\/publication\/ccfc9a3d-7037-484f-b4dd-49f62dc569b8\" target=\"_blank\" rel=\"noopener\">IPM-TP, a Full Integrated Architecture to Provide Seamless Mobility Management with QoS<\/a><\/li>\n<\/ul>","protected":false},"excerpt":{"rendered":"<p>David Cort\u00e9s-Polo, Jos\u00e9-Luis G\u00f3nzalez-S\u00e1nchez, Javier Carmona-Murillo, Fco. Javier Rodr\u00edguez-P\u00e9rez and Javier Corral-Garc\u00eda.\u00a0IPM-TP, a Full Integrated Architecture to Provide Seamless Mobility Management with QoS. Information Journal. Vol.16, No.12(B), Dec. 2013, pp.8781-8798. &#8230;<\/p>","protected":false},"author":1,"featured_media":0,"parent":1583,"menu_order":0,"comment_status":"closed","ping_status":"closed","template":"","meta":{"footnotes":""},"categories":[110,91],"tags":[],"class_list":["post-9687","page","type-page","status-publish","hentry","category-anteriores","category-publicaciones"],"yoast_head":"<!-- This site is optimized with the Yoast SEO plugin v27.1.1 - https:\/\/yoast.com\/product\/yoast-seo-wordpress\/ -->\n<title>IPM-TP, a Full Integrated Architecture to Provide Seamless Mobility Management with QoS - Fundaci\u00f3n COMPUTAEX<\/title>\n<meta name=\"robots\" content=\"index, follow, max-snippet:-1, max-image-preview:large, max-video-preview:-1\" \/>\n<link rel=\"canonical\" href=\"https:\/\/computaex.es\/en\/publicaciones\/ipm-tp-a-full-integrated-architecture-to-provide-seamless-mobility-management-with-qos\/\" \/>\n<meta property=\"og:locale\" content=\"en_US\" \/>\n<meta property=\"og:type\" content=\"article\" \/>\n<meta property=\"og:title\" content=\"IPM-TP, a Full Integrated Architecture to Provide Seamless Mobility Management with QoS - Fundaci\u00f3n COMPUTAEX\" \/>\n<meta property=\"og:description\" content=\"David Cort\u00e9s-Polo, Jos\u00e9-Luis G\u00f3nzalez-S\u00e1nchez, Javier Carmona-Murillo, Fco. Javier Rodr\u00edguez-P\u00e9rez and Javier Corral-Garc\u00eda.\u00a0IPM-TP, a Full Integrated Architecture to Provide Seamless Mobility Management with QoS. Information Journal. Vol.16, No.12(B), Dec. 2013, pp.8781-8798. ...\" \/>\n<meta property=\"og:url\" content=\"https:\/\/computaex.es\/en\/publicaciones\/ipm-tp-a-full-integrated-architecture-to-provide-seamless-mobility-management-with-qos\/\" \/>\n<meta property=\"og:site_name\" content=\"Fundaci\u00f3n COMPUTAEX\" \/>\n<meta property=\"article:publisher\" content=\"https:\/\/m.facebook.com\/computaex\/\" \/>\n<meta property=\"article:modified_time\" content=\"2025-08-27T08:33:42+00:00\" \/>\n<meta property=\"og:image\" content=\"https:\/\/computaex.es\/wp-content\/uploads\/2025\/08\/COMPUTAEX.jpg\" \/>\n\t<meta property=\"og:image:width\" content=\"1024\" \/>\n\t<meta property=\"og:image:height\" content=\"403\" \/>\n\t<meta property=\"og:image:type\" content=\"image\/jpeg\" \/>\n<meta name=\"twitter:card\" content=\"summary_large_image\" \/>\n<meta name=\"twitter:site\" content=\"@computaex\" \/>\n<meta name=\"twitter:label1\" content=\"Est. reading time\" \/>\n\t<meta name=\"twitter:data1\" content=\"1 minute\" \/>\n<script type=\"application\/ld+json\" class=\"yoast-schema-graph\">{\"@context\":\"https:\/\/schema.org\",\"@graph\":[{\"@type\":\"WebPage\",\"@id\":\"https:\/\/computaex.es\/publicaciones\/ipm-tp-a-full-integrated-architecture-to-provide-seamless-mobility-management-with-qos\/\",\"url\":\"https:\/\/computaex.es\/publicaciones\/ipm-tp-a-full-integrated-architecture-to-provide-seamless-mobility-management-with-qos\/\",\"name\":\"IPM-TP, a Full Integrated Architecture to Provide Seamless Mobility Management with QoS - Fundaci\u00f3n COMPUTAEX\",\"isPartOf\":{\"@id\":\"https:\/\/computaex.es\/#website\"},\"datePublished\":\"2013-12-15T09:30:47+00:00\",\"dateModified\":\"2025-08-27T08:33:42+00:00\",\"breadcrumb\":{\"@id\":\"https:\/\/computaex.es\/publicaciones\/ipm-tp-a-full-integrated-architecture-to-provide-seamless-mobility-management-with-qos\/#breadcrumb\"},\"inLanguage\":\"en-US\",\"potentialAction\":[{\"@type\":\"ReadAction\",\"target\":[\"https:\/\/computaex.es\/publicaciones\/ipm-tp-a-full-integrated-architecture-to-provide-seamless-mobility-management-with-qos\/\"]}]},{\"@type\":\"BreadcrumbList\",\"@id\":\"https:\/\/computaex.es\/publicaciones\/ipm-tp-a-full-integrated-architecture-to-provide-seamless-mobility-management-with-qos\/#breadcrumb\",\"itemListElement\":[{\"@type\":\"ListItem\",\"position\":1,\"name\":\"Portada\",\"item\":\"https:\/\/computaex.es\/\"},{\"@type\":\"ListItem\",\"position\":2,\"name\":\"Publicaciones\",\"item\":\"https:\/\/computaex.es\/publicaciones\/\"},{\"@type\":\"ListItem\",\"position\":3,\"name\":\"IPM-TP, a Full Integrated Architecture to Provide Seamless Mobility Management with QoS\"}]},{\"@type\":\"WebSite\",\"@id\":\"https:\/\/computaex.es\/#website\",\"url\":\"https:\/\/computaex.es\/\",\"name\":\"Fundaci\u00f3n COMPUTAEX\",\"description\":\"COMPUTAEX\",\"publisher\":{\"@id\":\"https:\/\/computaex.es\/#organization\"},\"potentialAction\":[{\"@type\":\"SearchAction\",\"target\":{\"@type\":\"EntryPoint\",\"urlTemplate\":\"https:\/\/computaex.es\/?s={search_term_string}\"},\"query-input\":{\"@type\":\"PropertyValueSpecification\",\"valueRequired\":true,\"valueName\":\"search_term_string\"}}],\"inLanguage\":\"en-US\"},{\"@type\":\"Organization\",\"@id\":\"https:\/\/computaex.es\/#organization\",\"name\":\"COMPUTAEX\",\"url\":\"https:\/\/computaex.es\/\",\"logo\":{\"@type\":\"ImageObject\",\"inLanguage\":\"en-US\",\"@id\":\"https:\/\/computaex.es\/#\/schema\/logo\/image\/\",\"url\":\"https:\/\/computaex.es\/wp-content\/uploads\/2025\/05\/cropped-COMPUTAEX_transparente-scaled-1.png\",\"contentUrl\":\"https:\/\/computaex.es\/wp-content\/uploads\/2025\/05\/cropped-COMPUTAEX_transparente-scaled-1.png\",\"width\":2560,\"height\":970,\"caption\":\"COMPUTAEX\"},\"image\":{\"@id\":\"https:\/\/computaex.es\/#\/schema\/logo\/image\/\"},\"sameAs\":[\"https:\/\/m.facebook.com\/computaex\/\",\"https:\/\/x.com\/computaex\",\"https:\/\/es.linkedin.com\/company\/cenits\"]}]}<\/script>\n<!-- \/ Yoast SEO plugin. -->","yoast_head_json":{"title":"IPM-TP, a Full Integrated Architecture to Provide Seamless Mobility Management with QoS - Fundaci\u00f3n COMPUTAEX","robots":{"index":"index","follow":"follow","max-snippet":"max-snippet:-1","max-image-preview":"max-image-preview:large","max-video-preview":"max-video-preview:-1"},"canonical":"https:\/\/computaex.es\/en\/publicaciones\/ipm-tp-a-full-integrated-architecture-to-provide-seamless-mobility-management-with-qos\/","og_locale":"en_US","og_type":"article","og_title":"IPM-TP, a Full Integrated Architecture to Provide Seamless Mobility Management with QoS - Fundaci\u00f3n COMPUTAEX","og_description":"David Cort\u00e9s-Polo, Jos\u00e9-Luis G\u00f3nzalez-S\u00e1nchez, Javier Carmona-Murillo, Fco. Javier Rodr\u00edguez-P\u00e9rez and Javier Corral-Garc\u00eda.\u00a0IPM-TP, a Full Integrated Architecture to Provide Seamless Mobility Management with QoS. Information Journal. Vol.16, No.12(B), Dec. 2013, pp.8781-8798. ...","og_url":"https:\/\/computaex.es\/en\/publicaciones\/ipm-tp-a-full-integrated-architecture-to-provide-seamless-mobility-management-with-qos\/","og_site_name":"Fundaci\u00f3n COMPUTAEX","article_publisher":"https:\/\/m.facebook.com\/computaex\/","article_modified_time":"2025-08-27T08:33:42+00:00","og_image":[{"width":1024,"height":403,"url":"https:\/\/computaex.es\/wp-content\/uploads\/2025\/08\/COMPUTAEX.jpg","type":"image\/jpeg"}],"twitter_card":"summary_large_image","twitter_site":"@computaex","twitter_misc":{"Est. reading time":"1 minute"},"schema":{"@context":"https:\/\/schema.org","@graph":[{"@type":"WebPage","@id":"https:\/\/computaex.es\/publicaciones\/ipm-tp-a-full-integrated-architecture-to-provide-seamless-mobility-management-with-qos\/","url":"https:\/\/computaex.es\/publicaciones\/ipm-tp-a-full-integrated-architecture-to-provide-seamless-mobility-management-with-qos\/","name":"IPM-TP, a Full Integrated Architecture to Provide Seamless Mobility Management with QoS - Fundaci\u00f3n COMPUTAEX","isPartOf":{"@id":"https:\/\/computaex.es\/#website"},"datePublished":"2013-12-15T09:30:47+00:00","dateModified":"2025-08-27T08:33:42+00:00","breadcrumb":{"@id":"https:\/\/computaex.es\/publicaciones\/ipm-tp-a-full-integrated-architecture-to-provide-seamless-mobility-management-with-qos\/#breadcrumb"},"inLanguage":"en-US","potentialAction":[{"@type":"ReadAction","target":["https:\/\/computaex.es\/publicaciones\/ipm-tp-a-full-integrated-architecture-to-provide-seamless-mobility-management-with-qos\/"]}]},{"@type":"BreadcrumbList","@id":"https:\/\/computaex.es\/publicaciones\/ipm-tp-a-full-integrated-architecture-to-provide-seamless-mobility-management-with-qos\/#breadcrumb","itemListElement":[{"@type":"ListItem","position":1,"name":"Portada","item":"https:\/\/computaex.es\/"},{"@type":"ListItem","position":2,"name":"Publicaciones","item":"https:\/\/computaex.es\/publicaciones\/"},{"@type":"ListItem","position":3,"name":"IPM-TP, a Full Integrated Architecture to Provide Seamless Mobility Management with QoS"}]},{"@type":"WebSite","@id":"https:\/\/computaex.es\/#website","url":"https:\/\/computaex.es\/","name":"COMPUTAEX Foundation","description":"COMPUTAEX","publisher":{"@id":"https:\/\/computaex.es\/#organization"},"potentialAction":[{"@type":"SearchAction","target":{"@type":"EntryPoint","urlTemplate":"https:\/\/computaex.es\/?s={search_term_string}"},"query-input":{"@type":"PropertyValueSpecification","valueRequired":true,"valueName":"search_term_string"}}],"inLanguage":"en-US"},{"@type":"Organization","@id":"https:\/\/computaex.es\/#organization","name":"COMPUTAEX","url":"https:\/\/computaex.es\/","logo":{"@type":"ImageObject","inLanguage":"en-US","@id":"https:\/\/computaex.es\/#\/schema\/logo\/image\/","url":"https:\/\/computaex.es\/wp-content\/uploads\/2025\/05\/cropped-COMPUTAEX_transparente-scaled-1.png","contentUrl":"https:\/\/computaex.es\/wp-content\/uploads\/2025\/05\/cropped-COMPUTAEX_transparente-scaled-1.png","width":2560,"height":970,"caption":"COMPUTAEX"},"image":{"@id":"https:\/\/computaex.es\/#\/schema\/logo\/image\/"},"sameAs":["https:\/\/m.facebook.com\/computaex\/","https:\/\/x.com\/computaex","https:\/\/es.linkedin.com\/company\/cenits"]}]}},"_links":{"self":[{"href":"https:\/\/computaex.es\/en\/wp-json\/wp\/v2\/pages\/9687","targetHints":{"allow":["GET"]}}],"collection":[{"href":"https:\/\/computaex.es\/en\/wp-json\/wp\/v2\/pages"}],"about":[{"href":"https:\/\/computaex.es\/en\/wp-json\/wp\/v2\/types\/page"}],"author":[{"embeddable":true,"href":"https:\/\/computaex.es\/en\/wp-json\/wp\/v2\/users\/1"}],"replies":[{"embeddable":true,"href":"https:\/\/computaex.es\/en\/wp-json\/wp\/v2\/comments?post=9687"}],"version-history":[{"count":1,"href":"https:\/\/computaex.es\/en\/wp-json\/wp\/v2\/pages\/9687\/revisions"}],"predecessor-version":[{"id":9693,"href":"https:\/\/computaex.es\/en\/wp-json\/wp\/v2\/pages\/9687\/revisions\/9693"}],"up":[{"embeddable":true,"href":"https:\/\/computaex.es\/en\/wp-json\/wp\/v2\/pages\/1583"}],"wp:attachment":[{"href":"https:\/\/computaex.es\/en\/wp-json\/wp\/v2\/media?parent=9687"}],"wp:term":[{"taxonomy":"category","embeddable":true,"href":"https:\/\/computaex.es\/en\/wp-json\/wp\/v2\/categories?post=9687"},{"taxonomy":"post_tag","embeddable":true,"href":"https:\/\/computaex.es\/en\/wp-json\/wp\/v2\/tags?post=9687"}],"curies":[{"name":"wp","href":"https:\/\/api.w.org\/{rel}","templated":true}]}}