{"id":9709,"date":"2016-02-10T10:42:17","date_gmt":"2016-02-10T09:42:17","guid":{"rendered":"https:\/\/web.computaex.es\/?page_id=9709"},"modified":"2025-08-27T10:43:05","modified_gmt":"2025-08-27T08:43:05","slug":"diseno-de-un-sistema-de-gestion-por-procesos-de-negocio-en-cenits-computaex","status":"publish","type":"page","link":"https:\/\/computaex.es\/en\/publicaciones\/diseno-de-un-sistema-de-gestion-por-procesos-de-negocio-en-cenits-computaex\/","title":{"rendered":"Dise\u00f1o de un sistema de gesti\u00f3n por procesos de negocio en C\u00e9nitS\/COMPUTAEX"},"content":{"rendered":"<div class=\"field field-name-field-pub-descripcion field-type-text-long field-label-hidden\">\n<div class=\"field-items\">\n<div class=\"field-item even\">\n<p>Hoy en d\u00eda, es un hecho innegable que las organizaciones est\u00e1n inmersas en mercados y entornos globalizados; entorno donde cualquier organizaci\u00f3n que desee tener \u00e9xito, o, al menos, sobrevivir, necesita obtener buenos resultados empresariales.<\/p>\n<p>Para lograr estos buenos resultados comerciales, las organizaciones necesitan gestionar adecuadamente su actividades y recursos para alinearlos con los objetivos de negocio, lo que ha desembocado en la necesidad de utilizar herramientas y metodolog\u00edas que permitan a las organizaciones configurar su sistema de gesti\u00f3n.<\/p>\n<p>Existen diferentes est\u00e1ndares internacionales para la implantaci\u00f3n de sistemas de gesti\u00f3n en las organizaciones, tales como ISO 9000, ISO 20000 o EFQM (Fundaci\u00f3n Europea de Gesti\u00f3n de la Calidad), pero todos ellos poseen un elemento en com\u00fan, todos proponen implementar dichos sistemas a trav\u00e9s de un enfoque basado en procesos. Un enfoque basado en procesos permite organizar y gestionar las actividades de la organizaci\u00f3n m\u00e1s eficientemente con el fin de generar m\u00e1s valor para los clientes y dem\u00e1s partes interesadas.<\/p>\n<p>El objetivo principal de este Trabajo Fin de M\u00e1ster era el dise\u00f1o e implementaci\u00f3n de un sistema de gesti\u00f3n de una organizaci\u00f3n basado en procesos, tomando como ejemplo real una organizaci\u00f3n de TI, C\u00e9nitS. Para, a continuaci\u00f3n, optimizar los procesos implicados con el fin de mejorar el rendimiento (eficiencia y efectividad) de la organizaci\u00f3n. Adem\u00e1s, este trabajo buscaba servir de ejemplo pr\u00e1ctico para la implementaci\u00f3n y optimizaci\u00f3n de un sistema de gesti\u00f3n por procesos.<\/p>\n<p>Para alcanzar estos objetivos fue necesaria, en primer lugar, la realizaci\u00f3n de un estudio y an\u00e1lisis de la organizaci\u00f3n. Como resultado de dicho an\u00e1lisis, se identificaron y clasificaron los procesos internos m\u00e1s relevantes de la organizaci\u00f3n, en este caso C\u00e9nitS. El siguiente paso consisti\u00f3 en el estudio de diferentes alternativas para la gesti\u00f3n y optimizaci\u00f3n de los procesos en organizaciones de TI,<br \/>\nprofundizando en la Gesti\u00f3n de Procesos de Negocio como principal estrategia para la implementaci\u00f3n y optimizaci\u00f3n de procesos.<br \/>\nFinalmente se seleccion\u00f3 la herramienta de software Bonita BPM para realizar el dise\u00f1o y la implementaci\u00f3n de aquellos procesos clasificados como clave dentro de la organizaci\u00f3n con el fin de automatizarlos y optimizarlos.<\/p>\n<p>Los principales resultados de este proyecto fueron los siguientes:<\/p>\n<ul>\n<li>Definici\u00f3n y clasificaci\u00f3n de procesos C\u00e9nitS.<\/li>\n<li>Mayor conocimiento del funcionamiento interno de la organizaci\u00f3n.<\/li>\n<li>Avances en la implementaci\u00f3n de la gesti\u00f3n de procesos en C\u00e9nitS.<\/li>\n<li>Aprendizaje de marcos de gesti\u00f3n, est\u00e1ndares y mejores pr\u00e1cticas en TI.<\/li>\n<li>Automatizaci\u00f3n de procesos clave.<\/li>\n<li>Implementaci\u00f3n de herramientas para el dise\u00f1o, simulaci\u00f3n y optimizaci\u00f3n de procesos.<\/li>\n<li>Ejemplo pr\u00e1ctico de un sistema de gesti\u00f3n de procesos.<\/li>\n<\/ul>\n<\/div>\n<\/div>\n<\/div>\n<div class=\"field field-name-field-pub-fuente field-type-text-long field-label-above\">\n<div class=\"field-label\"><strong>Fuente de la publicaci\u00f3n:\u00a0<\/strong><\/div>\n<div class=\"field-items\">\n<div class=\"field-item even\">\n<ul>\n<li>Felipe Lemus Prieto.\u00a0<em>Dise\u00f1o de un sistema de gesti\u00f3n por procesos de negocio en C\u00e9nitS\/COMPUTAEX<\/em>.\u00a0M\u00e1ster Universitario en Direcci\u00f3n TIC, Universidad de Extremadura. Febrero de 2016.<\/li>\n<\/ul>\n<\/div>\n<\/div>\n<\/div>","protected":false},"excerpt":{"rendered":"<p>Hoy en d\u00eda, es un hecho innegable que las organizaciones est\u00e1n inmersas en mercados y entornos globalizados; entorno donde cualquier organizaci\u00f3n que desee tener \u00e9xito, o, al menos, sobrevivir, necesita &#8230;<\/p>","protected":false},"author":1,"featured_media":0,"parent":1583,"menu_order":0,"comment_status":"closed","ping_status":"closed","template":"","meta":{"footnotes":""},"categories":[110,91],"tags":[],"class_list":["post-9709","page","type-page","status-publish","hentry","category-anteriores","category-publicaciones"],"yoast_head":"<!-- This site is optimized with the Yoast SEO plugin v27.1.1 - https:\/\/yoast.com\/product\/yoast-seo-wordpress\/ -->\n<title>Dise\u00f1o de un sistema de gesti\u00f3n por procesos de negocio en C\u00e9nitS\/COMPUTAEX - Fundaci\u00f3n COMPUTAEX<\/title>\n<meta name=\"robots\" content=\"index, follow, max-snippet:-1, max-image-preview:large, max-video-preview:-1\" \/>\n<link rel=\"canonical\" href=\"https:\/\/computaex.es\/en\/publicaciones\/diseno-de-un-sistema-de-gestion-por-procesos-de-negocio-en-cenits-computaex\/\" \/>\n<meta property=\"og:locale\" content=\"en_US\" \/>\n<meta property=\"og:type\" content=\"article\" \/>\n<meta property=\"og:title\" content=\"Dise\u00f1o de un sistema de gesti\u00f3n por procesos de negocio en C\u00e9nitS\/COMPUTAEX - Fundaci\u00f3n COMPUTAEX\" \/>\n<meta property=\"og:description\" content=\"Hoy en d\u00eda, es un hecho innegable que las organizaciones est\u00e1n inmersas en mercados y entornos globalizados; entorno donde cualquier organizaci\u00f3n que desee tener \u00e9xito, o, al menos, sobrevivir, necesita ...\" \/>\n<meta property=\"og:url\" content=\"https:\/\/computaex.es\/en\/publicaciones\/diseno-de-un-sistema-de-gestion-por-procesos-de-negocio-en-cenits-computaex\/\" \/>\n<meta property=\"og:site_name\" content=\"Fundaci\u00f3n COMPUTAEX\" \/>\n<meta property=\"article:publisher\" content=\"https:\/\/m.facebook.com\/computaex\/\" \/>\n<meta property=\"article:modified_time\" content=\"2025-08-27T08:43:05+00:00\" \/>\n<meta property=\"og:image\" content=\"https:\/\/computaex.es\/wp-content\/uploads\/2025\/08\/COMPUTAEX.jpg\" \/>\n\t<meta property=\"og:image:width\" content=\"1024\" \/>\n\t<meta property=\"og:image:height\" content=\"403\" \/>\n\t<meta property=\"og:image:type\" content=\"image\/jpeg\" \/>\n<meta name=\"twitter:card\" content=\"summary_large_image\" \/>\n<meta name=\"twitter:site\" content=\"@computaex\" \/>\n<meta name=\"twitter:label1\" content=\"Est. reading time\" \/>\n\t<meta name=\"twitter:data1\" content=\"3 minutes\" \/>\n<script type=\"application\/ld+json\" class=\"yoast-schema-graph\">{\"@context\":\"https:\/\/schema.org\",\"@graph\":[{\"@type\":\"WebPage\",\"@id\":\"https:\/\/computaex.es\/publicaciones\/diseno-de-un-sistema-de-gestion-por-procesos-de-negocio-en-cenits-computaex\/\",\"url\":\"https:\/\/computaex.es\/publicaciones\/diseno-de-un-sistema-de-gestion-por-procesos-de-negocio-en-cenits-computaex\/\",\"name\":\"Dise\u00f1o de un sistema de gesti\u00f3n por procesos de negocio en C\u00e9nitS\/COMPUTAEX - Fundaci\u00f3n COMPUTAEX\",\"isPartOf\":{\"@id\":\"https:\/\/computaex.es\/#website\"},\"datePublished\":\"2016-02-10T09:42:17+00:00\",\"dateModified\":\"2025-08-27T08:43:05+00:00\",\"breadcrumb\":{\"@id\":\"https:\/\/computaex.es\/publicaciones\/diseno-de-un-sistema-de-gestion-por-procesos-de-negocio-en-cenits-computaex\/#breadcrumb\"},\"inLanguage\":\"en-US\",\"potentialAction\":[{\"@type\":\"ReadAction\",\"target\":[\"https:\/\/computaex.es\/publicaciones\/diseno-de-un-sistema-de-gestion-por-procesos-de-negocio-en-cenits-computaex\/\"]}]},{\"@type\":\"BreadcrumbList\",\"@id\":\"https:\/\/computaex.es\/publicaciones\/diseno-de-un-sistema-de-gestion-por-procesos-de-negocio-en-cenits-computaex\/#breadcrumb\",\"itemListElement\":[{\"@type\":\"ListItem\",\"position\":1,\"name\":\"Portada\",\"item\":\"https:\/\/computaex.es\/\"},{\"@type\":\"ListItem\",\"position\":2,\"name\":\"Publicaciones\",\"item\":\"https:\/\/computaex.es\/publicaciones\/\"},{\"@type\":\"ListItem\",\"position\":3,\"name\":\"Dise\u00f1o de un sistema de gesti\u00f3n por procesos de negocio en C\u00e9nitS\/COMPUTAEX\"}]},{\"@type\":\"WebSite\",\"@id\":\"https:\/\/computaex.es\/#website\",\"url\":\"https:\/\/computaex.es\/\",\"name\":\"Fundaci\u00f3n COMPUTAEX\",\"description\":\"COMPUTAEX\",\"publisher\":{\"@id\":\"https:\/\/computaex.es\/#organization\"},\"potentialAction\":[{\"@type\":\"SearchAction\",\"target\":{\"@type\":\"EntryPoint\",\"urlTemplate\":\"https:\/\/computaex.es\/?s={search_term_string}\"},\"query-input\":{\"@type\":\"PropertyValueSpecification\",\"valueRequired\":true,\"valueName\":\"search_term_string\"}}],\"inLanguage\":\"en-US\"},{\"@type\":\"Organization\",\"@id\":\"https:\/\/computaex.es\/#organization\",\"name\":\"COMPUTAEX\",\"url\":\"https:\/\/computaex.es\/\",\"logo\":{\"@type\":\"ImageObject\",\"inLanguage\":\"en-US\",\"@id\":\"https:\/\/computaex.es\/#\/schema\/logo\/image\/\",\"url\":\"https:\/\/computaex.es\/wp-content\/uploads\/2025\/05\/cropped-COMPUTAEX_transparente-scaled-1.png\",\"contentUrl\":\"https:\/\/computaex.es\/wp-content\/uploads\/2025\/05\/cropped-COMPUTAEX_transparente-scaled-1.png\",\"width\":2560,\"height\":970,\"caption\":\"COMPUTAEX\"},\"image\":{\"@id\":\"https:\/\/computaex.es\/#\/schema\/logo\/image\/\"},\"sameAs\":[\"https:\/\/m.facebook.com\/computaex\/\",\"https:\/\/x.com\/computaex\",\"https:\/\/es.linkedin.com\/company\/cenits\"]}]}<\/script>\n<!-- \/ Yoast SEO plugin. -->","yoast_head_json":{"title":"Dise\u00f1o de un sistema de gesti\u00f3n por procesos de negocio en C\u00e9nitS\/COMPUTAEX - Fundaci\u00f3n COMPUTAEX","robots":{"index":"index","follow":"follow","max-snippet":"max-snippet:-1","max-image-preview":"max-image-preview:large","max-video-preview":"max-video-preview:-1"},"canonical":"https:\/\/computaex.es\/en\/publicaciones\/diseno-de-un-sistema-de-gestion-por-procesos-de-negocio-en-cenits-computaex\/","og_locale":"en_US","og_type":"article","og_title":"Dise\u00f1o de un sistema de gesti\u00f3n por procesos de negocio en C\u00e9nitS\/COMPUTAEX - Fundaci\u00f3n COMPUTAEX","og_description":"Hoy en d\u00eda, es un hecho innegable que las organizaciones est\u00e1n inmersas en mercados y entornos globalizados; entorno donde cualquier organizaci\u00f3n que desee tener \u00e9xito, o, al menos, sobrevivir, necesita ...","og_url":"https:\/\/computaex.es\/en\/publicaciones\/diseno-de-un-sistema-de-gestion-por-procesos-de-negocio-en-cenits-computaex\/","og_site_name":"Fundaci\u00f3n COMPUTAEX","article_publisher":"https:\/\/m.facebook.com\/computaex\/","article_modified_time":"2025-08-27T08:43:05+00:00","og_image":[{"width":1024,"height":403,"url":"https:\/\/computaex.es\/wp-content\/uploads\/2025\/08\/COMPUTAEX.jpg","type":"image\/jpeg"}],"twitter_card":"summary_large_image","twitter_site":"@computaex","twitter_misc":{"Est. reading time":"3 minutes"},"schema":{"@context":"https:\/\/schema.org","@graph":[{"@type":"WebPage","@id":"https:\/\/computaex.es\/publicaciones\/diseno-de-un-sistema-de-gestion-por-procesos-de-negocio-en-cenits-computaex\/","url":"https:\/\/computaex.es\/publicaciones\/diseno-de-un-sistema-de-gestion-por-procesos-de-negocio-en-cenits-computaex\/","name":"Dise\u00f1o de un sistema de gesti\u00f3n por procesos de negocio en C\u00e9nitS\/COMPUTAEX - Fundaci\u00f3n COMPUTAEX","isPartOf":{"@id":"https:\/\/computaex.es\/#website"},"datePublished":"2016-02-10T09:42:17+00:00","dateModified":"2025-08-27T08:43:05+00:00","breadcrumb":{"@id":"https:\/\/computaex.es\/publicaciones\/diseno-de-un-sistema-de-gestion-por-procesos-de-negocio-en-cenits-computaex\/#breadcrumb"},"inLanguage":"en-US","potentialAction":[{"@type":"ReadAction","target":["https:\/\/computaex.es\/publicaciones\/diseno-de-un-sistema-de-gestion-por-procesos-de-negocio-en-cenits-computaex\/"]}]},{"@type":"BreadcrumbList","@id":"https:\/\/computaex.es\/publicaciones\/diseno-de-un-sistema-de-gestion-por-procesos-de-negocio-en-cenits-computaex\/#breadcrumb","itemListElement":[{"@type":"ListItem","position":1,"name":"Portada","item":"https:\/\/computaex.es\/"},{"@type":"ListItem","position":2,"name":"Publicaciones","item":"https:\/\/computaex.es\/publicaciones\/"},{"@type":"ListItem","position":3,"name":"Dise\u00f1o de un sistema de gesti\u00f3n por procesos de negocio en C\u00e9nitS\/COMPUTAEX"}]},{"@type":"WebSite","@id":"https:\/\/computaex.es\/#website","url":"https:\/\/computaex.es\/","name":"COMPUTAEX Foundation","description":"COMPUTAEX","publisher":{"@id":"https:\/\/computaex.es\/#organization"},"potentialAction":[{"@type":"SearchAction","target":{"@type":"EntryPoint","urlTemplate":"https:\/\/computaex.es\/?s={search_term_string}"},"query-input":{"@type":"PropertyValueSpecification","valueRequired":true,"valueName":"search_term_string"}}],"inLanguage":"en-US"},{"@type":"Organization","@id":"https:\/\/computaex.es\/#organization","name":"COMPUTAEX","url":"https:\/\/computaex.es\/","logo":{"@type":"ImageObject","inLanguage":"en-US","@id":"https:\/\/computaex.es\/#\/schema\/logo\/image\/","url":"https:\/\/computaex.es\/wp-content\/uploads\/2025\/05\/cropped-COMPUTAEX_transparente-scaled-1.png","contentUrl":"https:\/\/computaex.es\/wp-content\/uploads\/2025\/05\/cropped-COMPUTAEX_transparente-scaled-1.png","width":2560,"height":970,"caption":"COMPUTAEX"},"image":{"@id":"https:\/\/computaex.es\/#\/schema\/logo\/image\/"},"sameAs":["https:\/\/m.facebook.com\/computaex\/","https:\/\/x.com\/computaex","https:\/\/es.linkedin.com\/company\/cenits"]}]}},"_links":{"self":[{"href":"https:\/\/computaex.es\/en\/wp-json\/wp\/v2\/pages\/9709","targetHints":{"allow":["GET"]}}],"collection":[{"href":"https:\/\/computaex.es\/en\/wp-json\/wp\/v2\/pages"}],"about":[{"href":"https:\/\/computaex.es\/en\/wp-json\/wp\/v2\/types\/page"}],"author":[{"embeddable":true,"href":"https:\/\/computaex.es\/en\/wp-json\/wp\/v2\/users\/1"}],"replies":[{"embeddable":true,"href":"https:\/\/computaex.es\/en\/wp-json\/wp\/v2\/comments?post=9709"}],"version-history":[{"count":1,"href":"https:\/\/computaex.es\/en\/wp-json\/wp\/v2\/pages\/9709\/revisions"}],"predecessor-version":[{"id":9710,"href":"https:\/\/computaex.es\/en\/wp-json\/wp\/v2\/pages\/9709\/revisions\/9710"}],"up":[{"embeddable":true,"href":"https:\/\/computaex.es\/en\/wp-json\/wp\/v2\/pages\/1583"}],"wp:attachment":[{"href":"https:\/\/computaex.es\/en\/wp-json\/wp\/v2\/media?parent=9709"}],"wp:term":[{"taxonomy":"category","embeddable":true,"href":"https:\/\/computaex.es\/en\/wp-json\/wp\/v2\/categories?post=9709"},{"taxonomy":"post_tag","embeddable":true,"href":"https:\/\/computaex.es\/en\/wp-json\/wp\/v2\/tags?post=9709"}],"curies":[{"name":"wp","href":"https:\/\/api.w.org\/{rel}","templated":true}]}}