{"id":9711,"date":"2015-12-21T10:43:46","date_gmt":"2015-12-21T09:43:46","guid":{"rendered":"https:\/\/web.computaex.es\/?page_id=9711"},"modified":"2025-08-27T10:44:26","modified_gmt":"2025-08-27T08:44:26","slug":"despliegue-de-un-testbed-de-redes-definidas-por-software-para-la-gestion-de-recursos-de-red-en-un-cpd","status":"publish","type":"page","link":"https:\/\/computaex.es\/en\/publicaciones\/despliegue-de-un-testbed-de-redes-definidas-por-software-para-la-gestion-de-recursos-de-red-en-un-cpd\/","title":{"rendered":"Despliegue de un testbed de redes definidas por software para la gesti\u00f3n de recursos de red en un CPD"},"content":{"rendered":"<div class=\"field field-name-field-pub-descripcion field-type-text-long field-label-hidden\">\n<div class=\"field-items\">\n<div class=\"field-item even\">\n<p>El aumento de los dispositivos m\u00f3viles y los contenidos, la virtualizaci\u00f3n de servidores, y la llegada de los servicios en la nube son algunas de las tendencias que impulsan a la industria del networking a reexaminar las arquitecturas de red tradicionales. El modelo de red predominante hoy en d\u00eda no est\u00e1 optimizado para satisfacer los requerimientos actuales y futuros de los operadores de telecomunicaciones, empresas y usuarios finales. La mayor parte de las redes convencionales presentan una arquitectura est\u00e1tica inadecuada para los requisitos actuales, como, por ejemplo, las necesidades de almacenamiento de los centros de datos empresariales. Al reconocer el problema, la comunidad del networking trabaja para desarrollar nuevos modelos de red que se adapten mejor a los requisitos que son necesarios para los nuevos servicios y aplicaciones.<\/p>\n<p>En los \u00faltimos a\u00f1os, una de las tendencias tecnol\u00f3gicas que ha suscitado mayor inter\u00e9s en los fabricantes son las Redes Definidas por Software (SDN). Este concepto no es nuevo y completamente innovador sino que surge como el resultado de contribuciones ideas y avances en la investigaci\u00f3n de redes. La idea de una red que pueda programarse, y no simplemente configurarse, ha sido ya aplicada por numerosos fabricantes, pero con la limitaci\u00f3n de que todas las iniciativas hab\u00edan sido propietarias.<\/p>\n<p>El objetivo general de este trabajo Fin de M\u00e1ster fue llevar a cabo la implementaci\u00f3n y evaluaci\u00f3n de una red SDN (Software Defined Network). Para ello se realizaron las siguientes actividades:<\/p>\n<ul>\n<li>Estudio profundo de los principios b\u00e1sicos de SDN.<\/li>\n<li>Conocer diferentes controladores SDN para tomar una decisi\u00f3n sobre cu\u00e1l de ellos es el m\u00e1s apropiado para usar en el desarrollo del proyecto.<\/li>\n<li>Evaluaci\u00f3n de la funcionalidad y el rendimiento del controlador.<\/li>\n<li>Desarrollo e implementaci\u00f3n de una SDN en un entorno virtual y en uno real.<\/li>\n<li>Evaluaci\u00f3n de las implementaciones mencionadas anteriormente.<\/li>\n<\/ul>\n<p>Este proyecto ha permitido verificar que las redes SDN proporcionan una nueva forma de utilizar las redes. Aunque las redes definidas por software pueden tener una estructura similar a las redes tradicionales, la diferencia radica en el hecho que es en el controlador donde se toman las decisiones relacionadas con el tr\u00e1fico de red mientras que en las redes tradicionales estas decisiones se toman en los dispositivos de red.\n<\/p><\/div>\n<\/div>\n<\/div>\n<div class=\"field field-name-field-pub-fuente field-type-text-long field-label-above\">\n<div class=\"field-label\"><strong>Fuente de la publicaci\u00f3n:\u00a0<\/strong><\/div>\n<div class=\"field-items\">\n<div class=\"field-item even\">\n<ul>\n<li>Laura Amarilla Cardoso.\u00a0<em>Despliegue de un testbed de redes definidas por software para la gesti\u00f3n de recursos de red en un CPD<\/em>. Trabajo Final de\u00a0M\u00e1ster en Ingenier\u00eda de Telecomunicaci\u00f3n, Universidad de Extremadura.\u00a0Diciembre de 2015.<\/li>\n<\/ul>\n<\/div>\n<\/div>\n<\/div>","protected":false},"excerpt":{"rendered":"<p>El aumento de los dispositivos m\u00f3viles y los contenidos, la virtualizaci\u00f3n de servidores, y la llegada de los servicios en la nube son algunas de las tendencias que impulsan a &#8230;<\/p>","protected":false},"author":1,"featured_media":0,"parent":1583,"menu_order":0,"comment_status":"closed","ping_status":"closed","template":"","meta":{"footnotes":""},"categories":[110,91],"tags":[],"class_list":["post-9711","page","type-page","status-publish","hentry","category-anteriores","category-publicaciones"],"yoast_head":"<!-- This site is optimized with the Yoast SEO plugin v27.1.1 - https:\/\/yoast.com\/product\/yoast-seo-wordpress\/ -->\n<title>Despliegue de un testbed de redes definidas por software para la gesti\u00f3n de recursos de red en un CPD - Fundaci\u00f3n COMPUTAEX<\/title>\n<meta name=\"robots\" content=\"index, follow, max-snippet:-1, max-image-preview:large, max-video-preview:-1\" \/>\n<link rel=\"canonical\" href=\"https:\/\/computaex.es\/en\/publicaciones\/despliegue-de-un-testbed-de-redes-definidas-por-software-para-la-gestion-de-recursos-de-red-en-un-cpd\/\" \/>\n<meta property=\"og:locale\" content=\"en_US\" \/>\n<meta property=\"og:type\" content=\"article\" \/>\n<meta property=\"og:title\" content=\"Despliegue de un testbed de redes definidas por software para la gesti\u00f3n de recursos de red en un CPD - Fundaci\u00f3n COMPUTAEX\" \/>\n<meta property=\"og:description\" content=\"El aumento de los dispositivos m\u00f3viles y los contenidos, la virtualizaci\u00f3n de servidores, y la llegada de los servicios en la nube son algunas de las tendencias que impulsan a ...\" \/>\n<meta property=\"og:url\" content=\"https:\/\/computaex.es\/en\/publicaciones\/despliegue-de-un-testbed-de-redes-definidas-por-software-para-la-gestion-de-recursos-de-red-en-un-cpd\/\" \/>\n<meta property=\"og:site_name\" content=\"Fundaci\u00f3n COMPUTAEX\" \/>\n<meta property=\"article:publisher\" content=\"https:\/\/m.facebook.com\/computaex\/\" \/>\n<meta property=\"article:modified_time\" content=\"2025-08-27T08:44:26+00:00\" \/>\n<meta property=\"og:image\" content=\"https:\/\/computaex.es\/wp-content\/uploads\/2025\/08\/COMPUTAEX.jpg\" \/>\n\t<meta property=\"og:image:width\" content=\"1024\" \/>\n\t<meta property=\"og:image:height\" content=\"403\" \/>\n\t<meta property=\"og:image:type\" content=\"image\/jpeg\" \/>\n<meta name=\"twitter:card\" content=\"summary_large_image\" \/>\n<meta name=\"twitter:site\" content=\"@computaex\" \/>\n<meta name=\"twitter:label1\" content=\"Est. reading time\" \/>\n\t<meta name=\"twitter:data1\" content=\"2 minutes\" \/>\n<script type=\"application\/ld+json\" class=\"yoast-schema-graph\">{\"@context\":\"https:\/\/schema.org\",\"@graph\":[{\"@type\":\"WebPage\",\"@id\":\"https:\/\/computaex.es\/publicaciones\/despliegue-de-un-testbed-de-redes-definidas-por-software-para-la-gestion-de-recursos-de-red-en-un-cpd\/\",\"url\":\"https:\/\/computaex.es\/publicaciones\/despliegue-de-un-testbed-de-redes-definidas-por-software-para-la-gestion-de-recursos-de-red-en-un-cpd\/\",\"name\":\"Despliegue de un testbed de redes definidas por software para la gesti\u00f3n de recursos de red en un CPD - Fundaci\u00f3n COMPUTAEX\",\"isPartOf\":{\"@id\":\"https:\/\/computaex.es\/#website\"},\"datePublished\":\"2015-12-21T09:43:46+00:00\",\"dateModified\":\"2025-08-27T08:44:26+00:00\",\"breadcrumb\":{\"@id\":\"https:\/\/computaex.es\/publicaciones\/despliegue-de-un-testbed-de-redes-definidas-por-software-para-la-gestion-de-recursos-de-red-en-un-cpd\/#breadcrumb\"},\"inLanguage\":\"en-US\",\"potentialAction\":[{\"@type\":\"ReadAction\",\"target\":[\"https:\/\/computaex.es\/publicaciones\/despliegue-de-un-testbed-de-redes-definidas-por-software-para-la-gestion-de-recursos-de-red-en-un-cpd\/\"]}]},{\"@type\":\"BreadcrumbList\",\"@id\":\"https:\/\/computaex.es\/publicaciones\/despliegue-de-un-testbed-de-redes-definidas-por-software-para-la-gestion-de-recursos-de-red-en-un-cpd\/#breadcrumb\",\"itemListElement\":[{\"@type\":\"ListItem\",\"position\":1,\"name\":\"Portada\",\"item\":\"https:\/\/computaex.es\/\"},{\"@type\":\"ListItem\",\"position\":2,\"name\":\"Publicaciones\",\"item\":\"https:\/\/computaex.es\/publicaciones\/\"},{\"@type\":\"ListItem\",\"position\":3,\"name\":\"Despliegue de un testbed de redes definidas por software para la gesti\u00f3n de recursos de red en un CPD\"}]},{\"@type\":\"WebSite\",\"@id\":\"https:\/\/computaex.es\/#website\",\"url\":\"https:\/\/computaex.es\/\",\"name\":\"Fundaci\u00f3n COMPUTAEX\",\"description\":\"COMPUTAEX\",\"publisher\":{\"@id\":\"https:\/\/computaex.es\/#organization\"},\"potentialAction\":[{\"@type\":\"SearchAction\",\"target\":{\"@type\":\"EntryPoint\",\"urlTemplate\":\"https:\/\/computaex.es\/?s={search_term_string}\"},\"query-input\":{\"@type\":\"PropertyValueSpecification\",\"valueRequired\":true,\"valueName\":\"search_term_string\"}}],\"inLanguage\":\"en-US\"},{\"@type\":\"Organization\",\"@id\":\"https:\/\/computaex.es\/#organization\",\"name\":\"COMPUTAEX\",\"url\":\"https:\/\/computaex.es\/\",\"logo\":{\"@type\":\"ImageObject\",\"inLanguage\":\"en-US\",\"@id\":\"https:\/\/computaex.es\/#\/schema\/logo\/image\/\",\"url\":\"https:\/\/computaex.es\/wp-content\/uploads\/2025\/05\/cropped-COMPUTAEX_transparente-scaled-1.png\",\"contentUrl\":\"https:\/\/computaex.es\/wp-content\/uploads\/2025\/05\/cropped-COMPUTAEX_transparente-scaled-1.png\",\"width\":2560,\"height\":970,\"caption\":\"COMPUTAEX\"},\"image\":{\"@id\":\"https:\/\/computaex.es\/#\/schema\/logo\/image\/\"},\"sameAs\":[\"https:\/\/m.facebook.com\/computaex\/\",\"https:\/\/x.com\/computaex\",\"https:\/\/es.linkedin.com\/company\/cenits\"]}]}<\/script>\n<!-- \/ Yoast SEO plugin. -->","yoast_head_json":{"title":"Despliegue de un testbed de redes definidas por software para la gesti\u00f3n de recursos de red en un CPD - Fundaci\u00f3n COMPUTAEX","robots":{"index":"index","follow":"follow","max-snippet":"max-snippet:-1","max-image-preview":"max-image-preview:large","max-video-preview":"max-video-preview:-1"},"canonical":"https:\/\/computaex.es\/en\/publicaciones\/despliegue-de-un-testbed-de-redes-definidas-por-software-para-la-gestion-de-recursos-de-red-en-un-cpd\/","og_locale":"en_US","og_type":"article","og_title":"Despliegue de un testbed de redes definidas por software para la gesti\u00f3n de recursos de red en un CPD - Fundaci\u00f3n COMPUTAEX","og_description":"El aumento de los dispositivos m\u00f3viles y los contenidos, la virtualizaci\u00f3n de servidores, y la llegada de los servicios en la nube son algunas de las tendencias que impulsan a ...","og_url":"https:\/\/computaex.es\/en\/publicaciones\/despliegue-de-un-testbed-de-redes-definidas-por-software-para-la-gestion-de-recursos-de-red-en-un-cpd\/","og_site_name":"Fundaci\u00f3n COMPUTAEX","article_publisher":"https:\/\/m.facebook.com\/computaex\/","article_modified_time":"2025-08-27T08:44:26+00:00","og_image":[{"width":1024,"height":403,"url":"https:\/\/computaex.es\/wp-content\/uploads\/2025\/08\/COMPUTAEX.jpg","type":"image\/jpeg"}],"twitter_card":"summary_large_image","twitter_site":"@computaex","twitter_misc":{"Est. reading time":"2 minutes"},"schema":{"@context":"https:\/\/schema.org","@graph":[{"@type":"WebPage","@id":"https:\/\/computaex.es\/publicaciones\/despliegue-de-un-testbed-de-redes-definidas-por-software-para-la-gestion-de-recursos-de-red-en-un-cpd\/","url":"https:\/\/computaex.es\/publicaciones\/despliegue-de-un-testbed-de-redes-definidas-por-software-para-la-gestion-de-recursos-de-red-en-un-cpd\/","name":"Despliegue de un testbed de redes definidas por software para la gesti\u00f3n de recursos de red en un CPD - Fundaci\u00f3n COMPUTAEX","isPartOf":{"@id":"https:\/\/computaex.es\/#website"},"datePublished":"2015-12-21T09:43:46+00:00","dateModified":"2025-08-27T08:44:26+00:00","breadcrumb":{"@id":"https:\/\/computaex.es\/publicaciones\/despliegue-de-un-testbed-de-redes-definidas-por-software-para-la-gestion-de-recursos-de-red-en-un-cpd\/#breadcrumb"},"inLanguage":"en-US","potentialAction":[{"@type":"ReadAction","target":["https:\/\/computaex.es\/publicaciones\/despliegue-de-un-testbed-de-redes-definidas-por-software-para-la-gestion-de-recursos-de-red-en-un-cpd\/"]}]},{"@type":"BreadcrumbList","@id":"https:\/\/computaex.es\/publicaciones\/despliegue-de-un-testbed-de-redes-definidas-por-software-para-la-gestion-de-recursos-de-red-en-un-cpd\/#breadcrumb","itemListElement":[{"@type":"ListItem","position":1,"name":"Portada","item":"https:\/\/computaex.es\/"},{"@type":"ListItem","position":2,"name":"Publicaciones","item":"https:\/\/computaex.es\/publicaciones\/"},{"@type":"ListItem","position":3,"name":"Despliegue de un testbed de redes definidas por software para la gesti\u00f3n de recursos de red en un CPD"}]},{"@type":"WebSite","@id":"https:\/\/computaex.es\/#website","url":"https:\/\/computaex.es\/","name":"COMPUTAEX Foundation","description":"COMPUTAEX","publisher":{"@id":"https:\/\/computaex.es\/#organization"},"potentialAction":[{"@type":"SearchAction","target":{"@type":"EntryPoint","urlTemplate":"https:\/\/computaex.es\/?s={search_term_string}"},"query-input":{"@type":"PropertyValueSpecification","valueRequired":true,"valueName":"search_term_string"}}],"inLanguage":"en-US"},{"@type":"Organization","@id":"https:\/\/computaex.es\/#organization","name":"COMPUTAEX","url":"https:\/\/computaex.es\/","logo":{"@type":"ImageObject","inLanguage":"en-US","@id":"https:\/\/computaex.es\/#\/schema\/logo\/image\/","url":"https:\/\/computaex.es\/wp-content\/uploads\/2025\/05\/cropped-COMPUTAEX_transparente-scaled-1.png","contentUrl":"https:\/\/computaex.es\/wp-content\/uploads\/2025\/05\/cropped-COMPUTAEX_transparente-scaled-1.png","width":2560,"height":970,"caption":"COMPUTAEX"},"image":{"@id":"https:\/\/computaex.es\/#\/schema\/logo\/image\/"},"sameAs":["https:\/\/m.facebook.com\/computaex\/","https:\/\/x.com\/computaex","https:\/\/es.linkedin.com\/company\/cenits"]}]}},"_links":{"self":[{"href":"https:\/\/computaex.es\/en\/wp-json\/wp\/v2\/pages\/9711","targetHints":{"allow":["GET"]}}],"collection":[{"href":"https:\/\/computaex.es\/en\/wp-json\/wp\/v2\/pages"}],"about":[{"href":"https:\/\/computaex.es\/en\/wp-json\/wp\/v2\/types\/page"}],"author":[{"embeddable":true,"href":"https:\/\/computaex.es\/en\/wp-json\/wp\/v2\/users\/1"}],"replies":[{"embeddable":true,"href":"https:\/\/computaex.es\/en\/wp-json\/wp\/v2\/comments?post=9711"}],"version-history":[{"count":1,"href":"https:\/\/computaex.es\/en\/wp-json\/wp\/v2\/pages\/9711\/revisions"}],"predecessor-version":[{"id":9712,"href":"https:\/\/computaex.es\/en\/wp-json\/wp\/v2\/pages\/9711\/revisions\/9712"}],"up":[{"embeddable":true,"href":"https:\/\/computaex.es\/en\/wp-json\/wp\/v2\/pages\/1583"}],"wp:attachment":[{"href":"https:\/\/computaex.es\/en\/wp-json\/wp\/v2\/media?parent=9711"}],"wp:term":[{"taxonomy":"category","embeddable":true,"href":"https:\/\/computaex.es\/en\/wp-json\/wp\/v2\/categories?post=9711"},{"taxonomy":"post_tag","embeddable":true,"href":"https:\/\/computaex.es\/en\/wp-json\/wp\/v2\/tags?post=9711"}],"curies":[{"name":"wp","href":"https:\/\/api.w.org\/{rel}","templated":true}]}}