{"id":9713,"date":"2015-11-30T10:44:38","date_gmt":"2015-11-30T09:44:38","guid":{"rendered":"https:\/\/web.computaex.es\/?page_id=9713"},"modified":"2025-08-27T10:45:16","modified_gmt":"2025-08-27T08:45:16","slug":"gestion-de-la-movilidad-en-redes-de-transporte-de-paquetes-para-la-mejora-de-la-calidad-de-servicio-en-la-convergencia-entre-las-redes-fijas-y-moviles","status":"publish","type":"page","link":"https:\/\/computaex.es\/en\/publicaciones\/gestion-de-la-movilidad-en-redes-de-transporte-de-paquetes-para-la-mejora-de-la-calidad-de-servicio-en-la-convergencia-entre-las-redes-fijas-y-moviles\/","title":{"rendered":"Gesti\u00f3n de la movilidad en redes de transporte de paquetes para la mejora de la calidad de servicio en la convergencia entre las redes fijas y m\u00f3viles"},"content":{"rendered":"<div class=\"field field-name-field-pub-descripcion field-type-text-long field-label-hidden\">\n<div class=\"field-items\">\n<div class=\"field-item even\">\n<p>Durante el a\u00f1o 2015, se present\u00f3 esta tesis doctoral, realizada por David Cort\u00e9s, Administrador de redes y comunicaciones de C\u00e9nitS, y dirigida por Jos\u00e9 Luis Gonz\u00e1lez S\u00e1nchez, Director General de la Fundaci\u00f3n COMPUTAEX.<\/p>\n<p>La gesti\u00f3n de la movilidad y la Calidad de Servicio (QoS) son dos de los objetivos m\u00e1s importantes en el presente y futuro desarrollo de las redes inal\u00e1mbricas. En los \u00faltimos a\u00f1os, el incremento de los sistemas interconectados a la red de datos, y la aparici\u00f3n de nuevos dispositivos, servicios y\u00a0aplicaciones han modificado la simplicidad y transparencia con la que se ide\u00f3 Internet de manera progresiva, as\u00ed como la organizaci\u00f3n tradicional de las redes. Adem\u00e1s, se est\u00e1n desarrollando nuevos servicios y aplicaciones que requieren de una red de gran capacidad, no s\u00f3lo en el dominio inal\u00e1mbrico, sino tambi\u00e9n en la red que interconecta a los dispositivos m\u00f3viles con Internet. Es por esto que tanto la industria como la comunidad cient\u00edfica est\u00e1n trabajando en la b\u00fasqueda de la convergencia fija\/m\u00f3vil (FMC). La principal motivaci\u00f3n de esta convergencia es la integraci\u00f3n y creaci\u00f3n de una infraestructura unificada de redes fijas y m\u00f3viles. En esta infraestructura convergente, los usuarios podr\u00e1n moverse entre las diferentes redes y acceder a los servicios de manera transparente.<\/p>\n<p>Para conseguir esta convergencia, diversas funciones de red deben ser implementadas de manera uniforme, independientemente del tipo de acceso que se utilice (fijo o m\u00f3vil). Esto implica diversos retos como: optimizar la gesti\u00f3n del tr\u00e1fico, mejorar la organizaci\u00f3n de los dispositivos para mantener la direcci\u00f3n IP entre la red fija y la m\u00f3vil, as\u00ed como mantener la QoS en la comunicaci\u00f3n.<\/p>\n<p>Por lo tanto, la integraci\u00f3n de redes heterog\u00e9neas para la convergencia de los dos paradigmas fijo y m\u00f3vil, de manera transparente, se consigue a trav\u00e9s del despliegue de arquitecturas basadas en IP. Gracias a este despliegue, y al desarrollo de protocolos de gesti\u00f3n de la movilidad basados en IP como Mobile IP (MIP) o Proxy Mobile IP (PMIP) se consigue que la integraci\u00f3n sea m\u00e1s sencilla al estar ambas redes basadas en el mismo protocolo de red, aunque todav\u00eda existen ciertos retos que deben ser acometidos como la QoS o la optimizaci\u00f3n de la gesti\u00f3n del tr\u00e1fico para que se reduzca la p\u00e9rdida de paquetes y la se\u00f1alizaci\u00f3n debido a la integraci\u00f3n.<\/p>\n<p>Para hacer frente a estos retos se ha propuesto una nueva arquitectura que unifica ambas redes y gestiona la QoS en la red fija y m\u00f3vil usando un protocolo de gesti\u00f3n de la movilidad basado en IP, que se integra con el protocolo de la red fija basado en MPLS-TP (Multi-Protocol Label Switching Transport Profile), usado en las redes de transporte de paquetes (PTN). La arquitectura propuesta es llamada Integrated Proxy Mobile MPLS-TP (IPM-TP) y est\u00e1 dise\u00f1ada para proporcionar el mayor nivel de convergencia y gestionar la QoS de las comunicaciones, favoreciendo el\u00a0despliegue de una red fija\/m\u00f3vil completamente integrada, aun cuando la movilidad del nodo m\u00f3vil sea alta.<\/p>\n<p>Adem\u00e1s, se presenta un estudio de los avances recientes y trabajos relacionados en los protocolos de gesti\u00f3n de la movilidad, describiendo su interacci\u00f3n con la red de acceso, en el que se realiza un estudio cualitativo de los mismos.<\/p>\n<p>Para evaluar la propuesta se han realizado an\u00e1lisis y simulaciones que miden el rendimiento de los protocolos en t\u00e9rminos de costes de movilidad, latencia de handover y par\u00e1metros de QoS.<\/p>\n<\/div>\n<\/div>\n<\/div>\n<div class=\"field field-name-field-pub-fuente field-type-text-long field-label-above\">\n<div class=\"field-label\"><strong>Fuente de la publicaci\u00f3n:\u00a0<\/strong><\/div>\n<div class=\"field-items\">\n<div class=\"field-item even\">\n<ul>\n<li>David Miguel Cort\u00e9s Polo.<em>\u00a0Gesti\u00f3n de la movilidad en redes de transporte de paquetes para la mejora de la calidad de servicio en la convergencia entre las redes fijas y m\u00f3viles<\/em>. Tesis Doctoral, Universidad de Extremadura. Noviembre de 2015.<\/li>\n<\/ul>\n<\/div>\n<\/div>\n<\/div>","protected":false},"excerpt":{"rendered":"<p>Durante el a\u00f1o 2015, se present\u00f3 esta tesis doctoral, realizada por David Cort\u00e9s, Administrador de redes y comunicaciones de C\u00e9nitS, y dirigida por Jos\u00e9 Luis Gonz\u00e1lez S\u00e1nchez, Director General de &#8230;<\/p>","protected":false},"author":1,"featured_media":0,"parent":1583,"menu_order":0,"comment_status":"closed","ping_status":"closed","template":"","meta":{"footnotes":""},"categories":[110,91],"tags":[],"class_list":["post-9713","page","type-page","status-publish","hentry","category-anteriores","category-publicaciones"],"yoast_head":"<!-- This site is optimized with the Yoast SEO plugin v27.1.1 - https:\/\/yoast.com\/product\/yoast-seo-wordpress\/ -->\n<title>Gesti\u00f3n de la movilidad en redes de transporte de paquetes para la mejora de la calidad de servicio en la convergencia entre las redes fijas y m\u00f3viles - Fundaci\u00f3n COMPUTAEX<\/title>\n<meta name=\"robots\" content=\"index, follow, max-snippet:-1, max-image-preview:large, max-video-preview:-1\" \/>\n<link rel=\"canonical\" href=\"https:\/\/computaex.es\/en\/publicaciones\/gestion-de-la-movilidad-en-redes-de-transporte-de-paquetes-para-la-mejora-de-la-calidad-de-servicio-en-la-convergencia-entre-las-redes-fijas-y-moviles\/\" \/>\n<meta property=\"og:locale\" content=\"en_US\" \/>\n<meta property=\"og:type\" content=\"article\" \/>\n<meta property=\"og:title\" content=\"Gesti\u00f3n de la movilidad en redes de transporte de paquetes para la mejora de la calidad de servicio en la convergencia entre las redes fijas y m\u00f3viles - Fundaci\u00f3n COMPUTAEX\" \/>\n<meta property=\"og:description\" content=\"Durante el a\u00f1o 2015, se present\u00f3 esta tesis doctoral, realizada por David Cort\u00e9s, Administrador de redes y comunicaciones de C\u00e9nitS, y dirigida por Jos\u00e9 Luis Gonz\u00e1lez S\u00e1nchez, Director General de ...\" \/>\n<meta property=\"og:url\" content=\"https:\/\/computaex.es\/en\/publicaciones\/gestion-de-la-movilidad-en-redes-de-transporte-de-paquetes-para-la-mejora-de-la-calidad-de-servicio-en-la-convergencia-entre-las-redes-fijas-y-moviles\/\" \/>\n<meta property=\"og:site_name\" content=\"Fundaci\u00f3n COMPUTAEX\" \/>\n<meta property=\"article:publisher\" content=\"https:\/\/m.facebook.com\/computaex\/\" \/>\n<meta property=\"article:modified_time\" content=\"2025-08-27T08:45:16+00:00\" \/>\n<meta property=\"og:image\" content=\"https:\/\/computaex.es\/wp-content\/uploads\/2025\/08\/COMPUTAEX.jpg\" \/>\n\t<meta property=\"og:image:width\" content=\"1024\" \/>\n\t<meta property=\"og:image:height\" content=\"403\" \/>\n\t<meta property=\"og:image:type\" content=\"image\/jpeg\" \/>\n<meta name=\"twitter:card\" content=\"summary_large_image\" \/>\n<meta name=\"twitter:site\" content=\"@computaex\" \/>\n<meta name=\"twitter:label1\" content=\"Est. reading time\" \/>\n\t<meta name=\"twitter:data1\" content=\"3 minutes\" \/>\n<script type=\"application\/ld+json\" class=\"yoast-schema-graph\">{\"@context\":\"https:\/\/schema.org\",\"@graph\":[{\"@type\":\"WebPage\",\"@id\":\"https:\/\/computaex.es\/publicaciones\/gestion-de-la-movilidad-en-redes-de-transporte-de-paquetes-para-la-mejora-de-la-calidad-de-servicio-en-la-convergencia-entre-las-redes-fijas-y-moviles\/\",\"url\":\"https:\/\/computaex.es\/publicaciones\/gestion-de-la-movilidad-en-redes-de-transporte-de-paquetes-para-la-mejora-de-la-calidad-de-servicio-en-la-convergencia-entre-las-redes-fijas-y-moviles\/\",\"name\":\"Gesti\u00f3n de la movilidad en redes de transporte de paquetes para la mejora de la calidad de servicio en la convergencia entre las redes fijas y m\u00f3viles - Fundaci\u00f3n COMPUTAEX\",\"isPartOf\":{\"@id\":\"https:\/\/computaex.es\/#website\"},\"datePublished\":\"2015-11-30T09:44:38+00:00\",\"dateModified\":\"2025-08-27T08:45:16+00:00\",\"breadcrumb\":{\"@id\":\"https:\/\/computaex.es\/publicaciones\/gestion-de-la-movilidad-en-redes-de-transporte-de-paquetes-para-la-mejora-de-la-calidad-de-servicio-en-la-convergencia-entre-las-redes-fijas-y-moviles\/#breadcrumb\"},\"inLanguage\":\"en-US\",\"potentialAction\":[{\"@type\":\"ReadAction\",\"target\":[\"https:\/\/computaex.es\/publicaciones\/gestion-de-la-movilidad-en-redes-de-transporte-de-paquetes-para-la-mejora-de-la-calidad-de-servicio-en-la-convergencia-entre-las-redes-fijas-y-moviles\/\"]}]},{\"@type\":\"BreadcrumbList\",\"@id\":\"https:\/\/computaex.es\/publicaciones\/gestion-de-la-movilidad-en-redes-de-transporte-de-paquetes-para-la-mejora-de-la-calidad-de-servicio-en-la-convergencia-entre-las-redes-fijas-y-moviles\/#breadcrumb\",\"itemListElement\":[{\"@type\":\"ListItem\",\"position\":1,\"name\":\"Portada\",\"item\":\"https:\/\/computaex.es\/\"},{\"@type\":\"ListItem\",\"position\":2,\"name\":\"Publicaciones\",\"item\":\"https:\/\/computaex.es\/publicaciones\/\"},{\"@type\":\"ListItem\",\"position\":3,\"name\":\"Gesti\u00f3n de la movilidad en redes de transporte de paquetes para la mejora de la calidad de servicio en la convergencia entre las redes fijas y m\u00f3viles\"}]},{\"@type\":\"WebSite\",\"@id\":\"https:\/\/computaex.es\/#website\",\"url\":\"https:\/\/computaex.es\/\",\"name\":\"Fundaci\u00f3n COMPUTAEX\",\"description\":\"COMPUTAEX\",\"publisher\":{\"@id\":\"https:\/\/computaex.es\/#organization\"},\"potentialAction\":[{\"@type\":\"SearchAction\",\"target\":{\"@type\":\"EntryPoint\",\"urlTemplate\":\"https:\/\/computaex.es\/?s={search_term_string}\"},\"query-input\":{\"@type\":\"PropertyValueSpecification\",\"valueRequired\":true,\"valueName\":\"search_term_string\"}}],\"inLanguage\":\"en-US\"},{\"@type\":\"Organization\",\"@id\":\"https:\/\/computaex.es\/#organization\",\"name\":\"COMPUTAEX\",\"url\":\"https:\/\/computaex.es\/\",\"logo\":{\"@type\":\"ImageObject\",\"inLanguage\":\"en-US\",\"@id\":\"https:\/\/computaex.es\/#\/schema\/logo\/image\/\",\"url\":\"https:\/\/computaex.es\/wp-content\/uploads\/2025\/05\/cropped-COMPUTAEX_transparente-scaled-1.png\",\"contentUrl\":\"https:\/\/computaex.es\/wp-content\/uploads\/2025\/05\/cropped-COMPUTAEX_transparente-scaled-1.png\",\"width\":2560,\"height\":970,\"caption\":\"COMPUTAEX\"},\"image\":{\"@id\":\"https:\/\/computaex.es\/#\/schema\/logo\/image\/\"},\"sameAs\":[\"https:\/\/m.facebook.com\/computaex\/\",\"https:\/\/x.com\/computaex\",\"https:\/\/es.linkedin.com\/company\/cenits\"]}]}<\/script>\n<!-- \/ Yoast SEO plugin. -->","yoast_head_json":{"title":"Gesti\u00f3n de la movilidad en redes de transporte de paquetes para la mejora de la calidad de servicio en la convergencia entre las redes fijas y m\u00f3viles - Fundaci\u00f3n COMPUTAEX","robots":{"index":"index","follow":"follow","max-snippet":"max-snippet:-1","max-image-preview":"max-image-preview:large","max-video-preview":"max-video-preview:-1"},"canonical":"https:\/\/computaex.es\/en\/publicaciones\/gestion-de-la-movilidad-en-redes-de-transporte-de-paquetes-para-la-mejora-de-la-calidad-de-servicio-en-la-convergencia-entre-las-redes-fijas-y-moviles\/","og_locale":"en_US","og_type":"article","og_title":"Gesti\u00f3n de la movilidad en redes de transporte de paquetes para la mejora de la calidad de servicio en la convergencia entre las redes fijas y m\u00f3viles - Fundaci\u00f3n COMPUTAEX","og_description":"Durante el a\u00f1o 2015, se present\u00f3 esta tesis doctoral, realizada por David Cort\u00e9s, Administrador de redes y comunicaciones de C\u00e9nitS, y dirigida por Jos\u00e9 Luis Gonz\u00e1lez S\u00e1nchez, Director General de ...","og_url":"https:\/\/computaex.es\/en\/publicaciones\/gestion-de-la-movilidad-en-redes-de-transporte-de-paquetes-para-la-mejora-de-la-calidad-de-servicio-en-la-convergencia-entre-las-redes-fijas-y-moviles\/","og_site_name":"Fundaci\u00f3n COMPUTAEX","article_publisher":"https:\/\/m.facebook.com\/computaex\/","article_modified_time":"2025-08-27T08:45:16+00:00","og_image":[{"width":1024,"height":403,"url":"https:\/\/computaex.es\/wp-content\/uploads\/2025\/08\/COMPUTAEX.jpg","type":"image\/jpeg"}],"twitter_card":"summary_large_image","twitter_site":"@computaex","twitter_misc":{"Est. reading time":"3 minutes"},"schema":{"@context":"https:\/\/schema.org","@graph":[{"@type":"WebPage","@id":"https:\/\/computaex.es\/publicaciones\/gestion-de-la-movilidad-en-redes-de-transporte-de-paquetes-para-la-mejora-de-la-calidad-de-servicio-en-la-convergencia-entre-las-redes-fijas-y-moviles\/","url":"https:\/\/computaex.es\/publicaciones\/gestion-de-la-movilidad-en-redes-de-transporte-de-paquetes-para-la-mejora-de-la-calidad-de-servicio-en-la-convergencia-entre-las-redes-fijas-y-moviles\/","name":"Gesti\u00f3n de la movilidad en redes de transporte de paquetes para la mejora de la calidad de servicio en la convergencia entre las redes fijas y m\u00f3viles - Fundaci\u00f3n COMPUTAEX","isPartOf":{"@id":"https:\/\/computaex.es\/#website"},"datePublished":"2015-11-30T09:44:38+00:00","dateModified":"2025-08-27T08:45:16+00:00","breadcrumb":{"@id":"https:\/\/computaex.es\/publicaciones\/gestion-de-la-movilidad-en-redes-de-transporte-de-paquetes-para-la-mejora-de-la-calidad-de-servicio-en-la-convergencia-entre-las-redes-fijas-y-moviles\/#breadcrumb"},"inLanguage":"en-US","potentialAction":[{"@type":"ReadAction","target":["https:\/\/computaex.es\/publicaciones\/gestion-de-la-movilidad-en-redes-de-transporte-de-paquetes-para-la-mejora-de-la-calidad-de-servicio-en-la-convergencia-entre-las-redes-fijas-y-moviles\/"]}]},{"@type":"BreadcrumbList","@id":"https:\/\/computaex.es\/publicaciones\/gestion-de-la-movilidad-en-redes-de-transporte-de-paquetes-para-la-mejora-de-la-calidad-de-servicio-en-la-convergencia-entre-las-redes-fijas-y-moviles\/#breadcrumb","itemListElement":[{"@type":"ListItem","position":1,"name":"Portada","item":"https:\/\/computaex.es\/"},{"@type":"ListItem","position":2,"name":"Publicaciones","item":"https:\/\/computaex.es\/publicaciones\/"},{"@type":"ListItem","position":3,"name":"Gesti\u00f3n de la movilidad en redes de transporte de paquetes para la mejora de la calidad de servicio en la convergencia entre las redes fijas y m\u00f3viles"}]},{"@type":"WebSite","@id":"https:\/\/computaex.es\/#website","url":"https:\/\/computaex.es\/","name":"COMPUTAEX Foundation","description":"COMPUTAEX","publisher":{"@id":"https:\/\/computaex.es\/#organization"},"potentialAction":[{"@type":"SearchAction","target":{"@type":"EntryPoint","urlTemplate":"https:\/\/computaex.es\/?s={search_term_string}"},"query-input":{"@type":"PropertyValueSpecification","valueRequired":true,"valueName":"search_term_string"}}],"inLanguage":"en-US"},{"@type":"Organization","@id":"https:\/\/computaex.es\/#organization","name":"COMPUTAEX","url":"https:\/\/computaex.es\/","logo":{"@type":"ImageObject","inLanguage":"en-US","@id":"https:\/\/computaex.es\/#\/schema\/logo\/image\/","url":"https:\/\/computaex.es\/wp-content\/uploads\/2025\/05\/cropped-COMPUTAEX_transparente-scaled-1.png","contentUrl":"https:\/\/computaex.es\/wp-content\/uploads\/2025\/05\/cropped-COMPUTAEX_transparente-scaled-1.png","width":2560,"height":970,"caption":"COMPUTAEX"},"image":{"@id":"https:\/\/computaex.es\/#\/schema\/logo\/image\/"},"sameAs":["https:\/\/m.facebook.com\/computaex\/","https:\/\/x.com\/computaex","https:\/\/es.linkedin.com\/company\/cenits"]}]}},"_links":{"self":[{"href":"https:\/\/computaex.es\/en\/wp-json\/wp\/v2\/pages\/9713","targetHints":{"allow":["GET"]}}],"collection":[{"href":"https:\/\/computaex.es\/en\/wp-json\/wp\/v2\/pages"}],"about":[{"href":"https:\/\/computaex.es\/en\/wp-json\/wp\/v2\/types\/page"}],"author":[{"embeddable":true,"href":"https:\/\/computaex.es\/en\/wp-json\/wp\/v2\/users\/1"}],"replies":[{"embeddable":true,"href":"https:\/\/computaex.es\/en\/wp-json\/wp\/v2\/comments?post=9713"}],"version-history":[{"count":1,"href":"https:\/\/computaex.es\/en\/wp-json\/wp\/v2\/pages\/9713\/revisions"}],"predecessor-version":[{"id":9714,"href":"https:\/\/computaex.es\/en\/wp-json\/wp\/v2\/pages\/9713\/revisions\/9714"}],"up":[{"embeddable":true,"href":"https:\/\/computaex.es\/en\/wp-json\/wp\/v2\/pages\/1583"}],"wp:attachment":[{"href":"https:\/\/computaex.es\/en\/wp-json\/wp\/v2\/media?parent=9713"}],"wp:term":[{"taxonomy":"category","embeddable":true,"href":"https:\/\/computaex.es\/en\/wp-json\/wp\/v2\/categories?post=9713"},{"taxonomy":"post_tag","embeddable":true,"href":"https:\/\/computaex.es\/en\/wp-json\/wp\/v2\/tags?post=9713"}],"curies":[{"name":"wp","href":"https:\/\/api.w.org\/{rel}","templated":true}]}}