{"id":9717,"date":"2015-10-08T10:46:20","date_gmt":"2015-10-08T08:46:20","guid":{"rendered":"https:\/\/web.computaex.es\/?page_id=9717"},"modified":"2025-08-27T10:46:57","modified_gmt":"2025-08-27T08:46:57","slug":"performance-and-energy-aware-scheduling-simulator-for-hpc-evaluating-different-resource-selection-methods","status":"publish","type":"page","link":"https:\/\/computaex.es\/en\/publicaciones\/performance-and-energy-aware-scheduling-simulator-for-hpc-evaluating-different-resource-selection-methods\/","title":{"rendered":"Performance and energy aware scheduling simulator for HPC: evaluating different resource selection methods"},"content":{"rendered":"<div class=\"field field-name-field-pub-descripcion field-type-text-long field-label-hidden\">\n<div class=\"field-items\">\n<div class=\"field-item even\">\n<p>Hoy en d\u00eda, en una sociedad preocupada por el ahorro energ\u00e9tico, la planificaci\u00f3n de los trabajos de supercomputaci\u00f3n es una tarea muy importante para los administradores de las infraestructuras TI, pues tienen que asegurar que exista un compromiso entre el rendimiento de la infraestructura y un posible ahorro de consumo.<\/p>\n<p>En este trabajo se presenta un simulador para computaci\u00f3n de alto rendimiento, que junto con nuevos algoritmos, permiten a los administradores de los centros de c\u00e1lculo a tomar decisiones sobre una base experimental s\u00f3lida y robusta. Las simulaciones realizadas han demostrado la utilidad del simulador para este tipo de estudios y para la realizaci\u00f3n de comparativas entre diferentes algoritmos de planificaci\u00f3n, incluyendo los algoritmos multiobjetivo.\n<\/p><\/div>\n<\/div>\n<\/div>\n<div class=\"field field-name-field-pub-fuente field-type-text-long field-label-above\">\n<div class=\"field-label\"><strong>Fuente de la publicaci\u00f3n:\u00a0<\/strong><\/div>\n<div class=\"field-items\">\n<div class=\"field-item even\">\n<ul>\n<li>G\u00f3mez-Mart\u00edn, C.,\u00a0Vega-Rodr\u00edguez, M. A., and\u00a0Gonz\u00e1lez-S\u00e1nchez, J.-L.\u00a0(2015)\u00a0Performance and energy aware scheduling simulator for HPC: evaluating different resource selection methods.\u00a0Concurrency Computat.: Pract. Exper., doi:10.1002\/cpe.3607.<\/li>\n<\/ul>\n<\/div>\n<\/div>\n<\/div>","protected":false},"excerpt":{"rendered":"<p>Hoy en d\u00eda, en una sociedad preocupada por el ahorro energ\u00e9tico, la planificaci\u00f3n de los trabajos de supercomputaci\u00f3n es una tarea muy importante para los administradores de las infraestructuras TI, &#8230;<\/p>","protected":false},"author":1,"featured_media":0,"parent":1583,"menu_order":0,"comment_status":"closed","ping_status":"closed","template":"","meta":{"footnotes":""},"categories":[110,91],"tags":[],"class_list":["post-9717","page","type-page","status-publish","hentry","category-anteriores","category-publicaciones"],"yoast_head":"<!-- This site is optimized with the Yoast SEO plugin v27.1.1 - https:\/\/yoast.com\/product\/yoast-seo-wordpress\/ -->\n<title>Performance and energy aware scheduling simulator for HPC: evaluating different resource selection methods - Fundaci\u00f3n COMPUTAEX<\/title>\n<meta name=\"robots\" content=\"index, follow, max-snippet:-1, max-image-preview:large, max-video-preview:-1\" \/>\n<link rel=\"canonical\" href=\"https:\/\/computaex.es\/en\/publicaciones\/performance-and-energy-aware-scheduling-simulator-for-hpc-evaluating-different-resource-selection-methods\/\" \/>\n<meta property=\"og:locale\" content=\"en_US\" \/>\n<meta property=\"og:type\" content=\"article\" \/>\n<meta property=\"og:title\" content=\"Performance and energy aware scheduling simulator for HPC: evaluating different resource selection methods - Fundaci\u00f3n COMPUTAEX\" \/>\n<meta property=\"og:description\" content=\"Hoy en d\u00eda, en una sociedad preocupada por el ahorro energ\u00e9tico, la planificaci\u00f3n de los trabajos de supercomputaci\u00f3n es una tarea muy importante para los administradores de las infraestructuras TI, ...\" \/>\n<meta property=\"og:url\" content=\"https:\/\/computaex.es\/en\/publicaciones\/performance-and-energy-aware-scheduling-simulator-for-hpc-evaluating-different-resource-selection-methods\/\" \/>\n<meta property=\"og:site_name\" content=\"Fundaci\u00f3n COMPUTAEX\" \/>\n<meta property=\"article:publisher\" content=\"https:\/\/m.facebook.com\/computaex\/\" \/>\n<meta property=\"article:modified_time\" content=\"2025-08-27T08:46:57+00:00\" \/>\n<meta property=\"og:image\" content=\"https:\/\/computaex.es\/wp-content\/uploads\/2025\/08\/COMPUTAEX.jpg\" \/>\n\t<meta property=\"og:image:width\" content=\"1024\" \/>\n\t<meta property=\"og:image:height\" content=\"403\" \/>\n\t<meta property=\"og:image:type\" content=\"image\/jpeg\" \/>\n<meta name=\"twitter:card\" content=\"summary_large_image\" \/>\n<meta name=\"twitter:site\" content=\"@computaex\" \/>\n<meta name=\"twitter:label1\" content=\"Est. reading time\" \/>\n\t<meta name=\"twitter:data1\" content=\"1 minute\" \/>\n<script type=\"application\/ld+json\" class=\"yoast-schema-graph\">{\"@context\":\"https:\/\/schema.org\",\"@graph\":[{\"@type\":\"WebPage\",\"@id\":\"https:\/\/computaex.es\/publicaciones\/performance-and-energy-aware-scheduling-simulator-for-hpc-evaluating-different-resource-selection-methods\/\",\"url\":\"https:\/\/computaex.es\/publicaciones\/performance-and-energy-aware-scheduling-simulator-for-hpc-evaluating-different-resource-selection-methods\/\",\"name\":\"Performance and energy aware scheduling simulator for HPC: evaluating different resource selection methods - Fundaci\u00f3n COMPUTAEX\",\"isPartOf\":{\"@id\":\"https:\/\/computaex.es\/#website\"},\"datePublished\":\"2015-10-08T08:46:20+00:00\",\"dateModified\":\"2025-08-27T08:46:57+00:00\",\"breadcrumb\":{\"@id\":\"https:\/\/computaex.es\/publicaciones\/performance-and-energy-aware-scheduling-simulator-for-hpc-evaluating-different-resource-selection-methods\/#breadcrumb\"},\"inLanguage\":\"en-US\",\"potentialAction\":[{\"@type\":\"ReadAction\",\"target\":[\"https:\/\/computaex.es\/publicaciones\/performance-and-energy-aware-scheduling-simulator-for-hpc-evaluating-different-resource-selection-methods\/\"]}]},{\"@type\":\"BreadcrumbList\",\"@id\":\"https:\/\/computaex.es\/publicaciones\/performance-and-energy-aware-scheduling-simulator-for-hpc-evaluating-different-resource-selection-methods\/#breadcrumb\",\"itemListElement\":[{\"@type\":\"ListItem\",\"position\":1,\"name\":\"Portada\",\"item\":\"https:\/\/computaex.es\/\"},{\"@type\":\"ListItem\",\"position\":2,\"name\":\"Publicaciones\",\"item\":\"https:\/\/computaex.es\/publicaciones\/\"},{\"@type\":\"ListItem\",\"position\":3,\"name\":\"Performance and energy aware scheduling simulator for HPC: evaluating different resource selection methods\"}]},{\"@type\":\"WebSite\",\"@id\":\"https:\/\/computaex.es\/#website\",\"url\":\"https:\/\/computaex.es\/\",\"name\":\"Fundaci\u00f3n COMPUTAEX\",\"description\":\"COMPUTAEX\",\"publisher\":{\"@id\":\"https:\/\/computaex.es\/#organization\"},\"potentialAction\":[{\"@type\":\"SearchAction\",\"target\":{\"@type\":\"EntryPoint\",\"urlTemplate\":\"https:\/\/computaex.es\/?s={search_term_string}\"},\"query-input\":{\"@type\":\"PropertyValueSpecification\",\"valueRequired\":true,\"valueName\":\"search_term_string\"}}],\"inLanguage\":\"en-US\"},{\"@type\":\"Organization\",\"@id\":\"https:\/\/computaex.es\/#organization\",\"name\":\"COMPUTAEX\",\"url\":\"https:\/\/computaex.es\/\",\"logo\":{\"@type\":\"ImageObject\",\"inLanguage\":\"en-US\",\"@id\":\"https:\/\/computaex.es\/#\/schema\/logo\/image\/\",\"url\":\"https:\/\/computaex.es\/wp-content\/uploads\/2025\/05\/cropped-COMPUTAEX_transparente-scaled-1.png\",\"contentUrl\":\"https:\/\/computaex.es\/wp-content\/uploads\/2025\/05\/cropped-COMPUTAEX_transparente-scaled-1.png\",\"width\":2560,\"height\":970,\"caption\":\"COMPUTAEX\"},\"image\":{\"@id\":\"https:\/\/computaex.es\/#\/schema\/logo\/image\/\"},\"sameAs\":[\"https:\/\/m.facebook.com\/computaex\/\",\"https:\/\/x.com\/computaex\",\"https:\/\/es.linkedin.com\/company\/cenits\"]}]}<\/script>\n<!-- \/ Yoast SEO plugin. -->","yoast_head_json":{"title":"Performance and energy aware scheduling simulator for HPC: evaluating different resource selection methods - Fundaci\u00f3n COMPUTAEX","robots":{"index":"index","follow":"follow","max-snippet":"max-snippet:-1","max-image-preview":"max-image-preview:large","max-video-preview":"max-video-preview:-1"},"canonical":"https:\/\/computaex.es\/en\/publicaciones\/performance-and-energy-aware-scheduling-simulator-for-hpc-evaluating-different-resource-selection-methods\/","og_locale":"en_US","og_type":"article","og_title":"Performance and energy aware scheduling simulator for HPC: evaluating different resource selection methods - Fundaci\u00f3n COMPUTAEX","og_description":"Hoy en d\u00eda, en una sociedad preocupada por el ahorro energ\u00e9tico, la planificaci\u00f3n de los trabajos de supercomputaci\u00f3n es una tarea muy importante para los administradores de las infraestructuras TI, ...","og_url":"https:\/\/computaex.es\/en\/publicaciones\/performance-and-energy-aware-scheduling-simulator-for-hpc-evaluating-different-resource-selection-methods\/","og_site_name":"Fundaci\u00f3n COMPUTAEX","article_publisher":"https:\/\/m.facebook.com\/computaex\/","article_modified_time":"2025-08-27T08:46:57+00:00","og_image":[{"width":1024,"height":403,"url":"https:\/\/computaex.es\/wp-content\/uploads\/2025\/08\/COMPUTAEX.jpg","type":"image\/jpeg"}],"twitter_card":"summary_large_image","twitter_site":"@computaex","twitter_misc":{"Est. reading time":"1 minute"},"schema":{"@context":"https:\/\/schema.org","@graph":[{"@type":"WebPage","@id":"https:\/\/computaex.es\/publicaciones\/performance-and-energy-aware-scheduling-simulator-for-hpc-evaluating-different-resource-selection-methods\/","url":"https:\/\/computaex.es\/publicaciones\/performance-and-energy-aware-scheduling-simulator-for-hpc-evaluating-different-resource-selection-methods\/","name":"Performance and energy aware scheduling simulator for HPC: evaluating different resource selection methods - Fundaci\u00f3n COMPUTAEX","isPartOf":{"@id":"https:\/\/computaex.es\/#website"},"datePublished":"2015-10-08T08:46:20+00:00","dateModified":"2025-08-27T08:46:57+00:00","breadcrumb":{"@id":"https:\/\/computaex.es\/publicaciones\/performance-and-energy-aware-scheduling-simulator-for-hpc-evaluating-different-resource-selection-methods\/#breadcrumb"},"inLanguage":"en-US","potentialAction":[{"@type":"ReadAction","target":["https:\/\/computaex.es\/publicaciones\/performance-and-energy-aware-scheduling-simulator-for-hpc-evaluating-different-resource-selection-methods\/"]}]},{"@type":"BreadcrumbList","@id":"https:\/\/computaex.es\/publicaciones\/performance-and-energy-aware-scheduling-simulator-for-hpc-evaluating-different-resource-selection-methods\/#breadcrumb","itemListElement":[{"@type":"ListItem","position":1,"name":"Portada","item":"https:\/\/computaex.es\/"},{"@type":"ListItem","position":2,"name":"Publicaciones","item":"https:\/\/computaex.es\/publicaciones\/"},{"@type":"ListItem","position":3,"name":"Performance and energy aware scheduling simulator for HPC: evaluating different resource selection methods"}]},{"@type":"WebSite","@id":"https:\/\/computaex.es\/#website","url":"https:\/\/computaex.es\/","name":"COMPUTAEX Foundation","description":"COMPUTAEX","publisher":{"@id":"https:\/\/computaex.es\/#organization"},"potentialAction":[{"@type":"SearchAction","target":{"@type":"EntryPoint","urlTemplate":"https:\/\/computaex.es\/?s={search_term_string}"},"query-input":{"@type":"PropertyValueSpecification","valueRequired":true,"valueName":"search_term_string"}}],"inLanguage":"en-US"},{"@type":"Organization","@id":"https:\/\/computaex.es\/#organization","name":"COMPUTAEX","url":"https:\/\/computaex.es\/","logo":{"@type":"ImageObject","inLanguage":"en-US","@id":"https:\/\/computaex.es\/#\/schema\/logo\/image\/","url":"https:\/\/computaex.es\/wp-content\/uploads\/2025\/05\/cropped-COMPUTAEX_transparente-scaled-1.png","contentUrl":"https:\/\/computaex.es\/wp-content\/uploads\/2025\/05\/cropped-COMPUTAEX_transparente-scaled-1.png","width":2560,"height":970,"caption":"COMPUTAEX"},"image":{"@id":"https:\/\/computaex.es\/#\/schema\/logo\/image\/"},"sameAs":["https:\/\/m.facebook.com\/computaex\/","https:\/\/x.com\/computaex","https:\/\/es.linkedin.com\/company\/cenits"]}]}},"_links":{"self":[{"href":"https:\/\/computaex.es\/en\/wp-json\/wp\/v2\/pages\/9717","targetHints":{"allow":["GET"]}}],"collection":[{"href":"https:\/\/computaex.es\/en\/wp-json\/wp\/v2\/pages"}],"about":[{"href":"https:\/\/computaex.es\/en\/wp-json\/wp\/v2\/types\/page"}],"author":[{"embeddable":true,"href":"https:\/\/computaex.es\/en\/wp-json\/wp\/v2\/users\/1"}],"replies":[{"embeddable":true,"href":"https:\/\/computaex.es\/en\/wp-json\/wp\/v2\/comments?post=9717"}],"version-history":[{"count":1,"href":"https:\/\/computaex.es\/en\/wp-json\/wp\/v2\/pages\/9717\/revisions"}],"predecessor-version":[{"id":9718,"href":"https:\/\/computaex.es\/en\/wp-json\/wp\/v2\/pages\/9717\/revisions\/9718"}],"up":[{"embeddable":true,"href":"https:\/\/computaex.es\/en\/wp-json\/wp\/v2\/pages\/1583"}],"wp:attachment":[{"href":"https:\/\/computaex.es\/en\/wp-json\/wp\/v2\/media?parent=9717"}],"wp:term":[{"taxonomy":"category","embeddable":true,"href":"https:\/\/computaex.es\/en\/wp-json\/wp\/v2\/categories?post=9717"},{"taxonomy":"post_tag","embeddable":true,"href":"https:\/\/computaex.es\/en\/wp-json\/wp\/v2\/tags?post=9717"}],"curies":[{"name":"wp","href":"https:\/\/api.w.org\/{rel}","templated":true}]}}