{"id":9738,"date":"2014-01-31T10:55:19","date_gmt":"2014-01-31T09:55:19","guid":{"rendered":"https:\/\/web.computaex.es\/?page_id=9738"},"modified":"2025-08-27T10:57:49","modified_gmt":"2025-08-27T08:57:49","slug":"eco-trafic-modelado-de-trafico-para-una-smart-eco-region","status":"publish","type":"page","link":"https:\/\/computaex.es\/en\/publicaciones\/eco-trafic-modelado-de-trafico-para-una-smart-eco-region\/","title":{"rendered":"Eco-Trafic: Modelado de tr\u00e1fico para una Smart-Eco Regi\u00f3n"},"content":{"rendered":"<p><strong>Eco-Trafic<\/strong>\u00a0es un subproyecto de\u00a0<strong>Cenital<\/strong>, cuyo objetivo principal es proporcionar a las ciudades extreme\u00f1as servicios de cloud computing y supercomputaci\u00f3n para una gesti\u00f3n eficaz, eficiente y sostenible del tr\u00e1fico rodado, utilizando los paradigmas de\u00a0<em>Big Data<\/em>\u00a0and\u00a0<em>Open Data<\/em>.<\/p>\n<p>Fuente de la publicaci\u00f3n:<\/p>\n<ul>\n<li><a href=\"https:\/\/computaex.es\/en\/sites\/cenits.es\/files\/publicaciones\/resumen-ecotrafic-smart-eco-region.pdf\/\" target=\"_blank\" rel=\"noopener\">Eco-Trafic: Modelado de tr\u00e1fico para una Smart-Eco Regi\u00f3n<\/a><\/li>\n<\/ul>","protected":false},"excerpt":{"rendered":"<p>Eco-Trafic\u00a0es un subproyecto de\u00a0Cenital, cuyo objetivo principal es proporcionar a las ciudades extreme\u00f1as servicios de cloud computing y supercomputaci\u00f3n para una gesti\u00f3n eficaz, eficiente y sostenible del tr\u00e1fico rodado, utilizando &#8230;<\/p>","protected":false},"author":1,"featured_media":0,"parent":1583,"menu_order":0,"comment_status":"closed","ping_status":"closed","template":"","meta":{"footnotes":""},"categories":[110,91],"tags":[],"class_list":["post-9738","page","type-page","status-publish","hentry","category-anteriores","category-publicaciones"],"yoast_head":"<!-- This site is optimized with the Yoast SEO plugin v27.1.1 - https:\/\/yoast.com\/product\/yoast-seo-wordpress\/ -->\n<title>Eco-Trafic: Modelado de tr\u00e1fico para una Smart-Eco Regi\u00f3n - Fundaci\u00f3n COMPUTAEX<\/title>\n<meta name=\"robots\" content=\"index, follow, max-snippet:-1, max-image-preview:large, max-video-preview:-1\" \/>\n<link rel=\"canonical\" href=\"https:\/\/computaex.es\/en\/publicaciones\/eco-trafic-modelado-de-trafico-para-una-smart-eco-region\/\" \/>\n<meta property=\"og:locale\" content=\"en_US\" \/>\n<meta property=\"og:type\" content=\"article\" \/>\n<meta property=\"og:title\" content=\"Eco-Trafic: Modelado de tr\u00e1fico para una Smart-Eco Regi\u00f3n - Fundaci\u00f3n COMPUTAEX\" \/>\n<meta property=\"og:description\" content=\"Eco-Trafic\u00a0es un subproyecto de\u00a0Cenital, cuyo objetivo principal es proporcionar a las ciudades extreme\u00f1as servicios de cloud computing y supercomputaci\u00f3n para una gesti\u00f3n eficaz, eficiente y sostenible del tr\u00e1fico rodado, utilizando ...\" \/>\n<meta property=\"og:url\" content=\"https:\/\/computaex.es\/en\/publicaciones\/eco-trafic-modelado-de-trafico-para-una-smart-eco-region\/\" \/>\n<meta property=\"og:site_name\" content=\"Fundaci\u00f3n COMPUTAEX\" \/>\n<meta property=\"article:publisher\" content=\"https:\/\/m.facebook.com\/computaex\/\" \/>\n<meta property=\"article:modified_time\" content=\"2025-08-27T08:57:49+00:00\" \/>\n<meta property=\"og:image\" content=\"https:\/\/computaex.es\/wp-content\/uploads\/2025\/08\/COMPUTAEX.jpg\" \/>\n\t<meta property=\"og:image:width\" content=\"1024\" \/>\n\t<meta property=\"og:image:height\" content=\"403\" \/>\n\t<meta property=\"og:image:type\" content=\"image\/jpeg\" \/>\n<meta name=\"twitter:card\" content=\"summary_large_image\" \/>\n<meta name=\"twitter:site\" content=\"@computaex\" \/>\n<meta name=\"twitter:label1\" content=\"Est. reading time\" \/>\n\t<meta name=\"twitter:data1\" content=\"1 minute\" \/>\n<script type=\"application\/ld+json\" class=\"yoast-schema-graph\">{\"@context\":\"https:\/\/schema.org\",\"@graph\":[{\"@type\":\"WebPage\",\"@id\":\"https:\/\/computaex.es\/publicaciones\/eco-trafic-modelado-de-trafico-para-una-smart-eco-region\/\",\"url\":\"https:\/\/computaex.es\/publicaciones\/eco-trafic-modelado-de-trafico-para-una-smart-eco-region\/\",\"name\":\"Eco-Trafic: Modelado de tr\u00e1fico para una Smart-Eco Regi\u00f3n - Fundaci\u00f3n COMPUTAEX\",\"isPartOf\":{\"@id\":\"https:\/\/computaex.es\/#website\"},\"datePublished\":\"2014-01-31T09:55:19+00:00\",\"dateModified\":\"2025-08-27T08:57:49+00:00\",\"breadcrumb\":{\"@id\":\"https:\/\/computaex.es\/publicaciones\/eco-trafic-modelado-de-trafico-para-una-smart-eco-region\/#breadcrumb\"},\"inLanguage\":\"en-US\",\"potentialAction\":[{\"@type\":\"ReadAction\",\"target\":[\"https:\/\/computaex.es\/publicaciones\/eco-trafic-modelado-de-trafico-para-una-smart-eco-region\/\"]}]},{\"@type\":\"BreadcrumbList\",\"@id\":\"https:\/\/computaex.es\/publicaciones\/eco-trafic-modelado-de-trafico-para-una-smart-eco-region\/#breadcrumb\",\"itemListElement\":[{\"@type\":\"ListItem\",\"position\":1,\"name\":\"Portada\",\"item\":\"https:\/\/computaex.es\/\"},{\"@type\":\"ListItem\",\"position\":2,\"name\":\"Publicaciones\",\"item\":\"https:\/\/computaex.es\/publicaciones\/\"},{\"@type\":\"ListItem\",\"position\":3,\"name\":\"Eco-Trafic: Modelado de tr\u00e1fico para una Smart-Eco Regi\u00f3n\"}]},{\"@type\":\"WebSite\",\"@id\":\"https:\/\/computaex.es\/#website\",\"url\":\"https:\/\/computaex.es\/\",\"name\":\"Fundaci\u00f3n COMPUTAEX\",\"description\":\"COMPUTAEX\",\"publisher\":{\"@id\":\"https:\/\/computaex.es\/#organization\"},\"potentialAction\":[{\"@type\":\"SearchAction\",\"target\":{\"@type\":\"EntryPoint\",\"urlTemplate\":\"https:\/\/computaex.es\/?s={search_term_string}\"},\"query-input\":{\"@type\":\"PropertyValueSpecification\",\"valueRequired\":true,\"valueName\":\"search_term_string\"}}],\"inLanguage\":\"en-US\"},{\"@type\":\"Organization\",\"@id\":\"https:\/\/computaex.es\/#organization\",\"name\":\"COMPUTAEX\",\"url\":\"https:\/\/computaex.es\/\",\"logo\":{\"@type\":\"ImageObject\",\"inLanguage\":\"en-US\",\"@id\":\"https:\/\/computaex.es\/#\/schema\/logo\/image\/\",\"url\":\"https:\/\/computaex.es\/wp-content\/uploads\/2025\/05\/cropped-COMPUTAEX_transparente-scaled-1.png\",\"contentUrl\":\"https:\/\/computaex.es\/wp-content\/uploads\/2025\/05\/cropped-COMPUTAEX_transparente-scaled-1.png\",\"width\":2560,\"height\":970,\"caption\":\"COMPUTAEX\"},\"image\":{\"@id\":\"https:\/\/computaex.es\/#\/schema\/logo\/image\/\"},\"sameAs\":[\"https:\/\/m.facebook.com\/computaex\/\",\"https:\/\/x.com\/computaex\",\"https:\/\/es.linkedin.com\/company\/cenits\"]}]}<\/script>\n<!-- \/ Yoast SEO plugin. -->","yoast_head_json":{"title":"Eco-Trafic: Modelado de tr\u00e1fico para una Smart-Eco Regi\u00f3n - Fundaci\u00f3n COMPUTAEX","robots":{"index":"index","follow":"follow","max-snippet":"max-snippet:-1","max-image-preview":"max-image-preview:large","max-video-preview":"max-video-preview:-1"},"canonical":"https:\/\/computaex.es\/en\/publicaciones\/eco-trafic-modelado-de-trafico-para-una-smart-eco-region\/","og_locale":"en_US","og_type":"article","og_title":"Eco-Trafic: Modelado de tr\u00e1fico para una Smart-Eco Regi\u00f3n - Fundaci\u00f3n COMPUTAEX","og_description":"Eco-Trafic\u00a0es un subproyecto de\u00a0Cenital, cuyo objetivo principal es proporcionar a las ciudades extreme\u00f1as servicios de cloud computing y supercomputaci\u00f3n para una gesti\u00f3n eficaz, eficiente y sostenible del tr\u00e1fico rodado, utilizando ...","og_url":"https:\/\/computaex.es\/en\/publicaciones\/eco-trafic-modelado-de-trafico-para-una-smart-eco-region\/","og_site_name":"Fundaci\u00f3n COMPUTAEX","article_publisher":"https:\/\/m.facebook.com\/computaex\/","article_modified_time":"2025-08-27T08:57:49+00:00","og_image":[{"width":1024,"height":403,"url":"https:\/\/computaex.es\/wp-content\/uploads\/2025\/08\/COMPUTAEX.jpg","type":"image\/jpeg"}],"twitter_card":"summary_large_image","twitter_site":"@computaex","twitter_misc":{"Est. reading time":"1 minute"},"schema":{"@context":"https:\/\/schema.org","@graph":[{"@type":"WebPage","@id":"https:\/\/computaex.es\/publicaciones\/eco-trafic-modelado-de-trafico-para-una-smart-eco-region\/","url":"https:\/\/computaex.es\/publicaciones\/eco-trafic-modelado-de-trafico-para-una-smart-eco-region\/","name":"Eco-Trafic: Modelado de tr\u00e1fico para una Smart-Eco Regi\u00f3n - Fundaci\u00f3n COMPUTAEX","isPartOf":{"@id":"https:\/\/computaex.es\/#website"},"datePublished":"2014-01-31T09:55:19+00:00","dateModified":"2025-08-27T08:57:49+00:00","breadcrumb":{"@id":"https:\/\/computaex.es\/publicaciones\/eco-trafic-modelado-de-trafico-para-una-smart-eco-region\/#breadcrumb"},"inLanguage":"en-US","potentialAction":[{"@type":"ReadAction","target":["https:\/\/computaex.es\/publicaciones\/eco-trafic-modelado-de-trafico-para-una-smart-eco-region\/"]}]},{"@type":"BreadcrumbList","@id":"https:\/\/computaex.es\/publicaciones\/eco-trafic-modelado-de-trafico-para-una-smart-eco-region\/#breadcrumb","itemListElement":[{"@type":"ListItem","position":1,"name":"Portada","item":"https:\/\/computaex.es\/"},{"@type":"ListItem","position":2,"name":"Publicaciones","item":"https:\/\/computaex.es\/publicaciones\/"},{"@type":"ListItem","position":3,"name":"Eco-Trafic: Modelado de tr\u00e1fico para una Smart-Eco Regi\u00f3n"}]},{"@type":"WebSite","@id":"https:\/\/computaex.es\/#website","url":"https:\/\/computaex.es\/","name":"COMPUTAEX Foundation","description":"COMPUTAEX","publisher":{"@id":"https:\/\/computaex.es\/#organization"},"potentialAction":[{"@type":"SearchAction","target":{"@type":"EntryPoint","urlTemplate":"https:\/\/computaex.es\/?s={search_term_string}"},"query-input":{"@type":"PropertyValueSpecification","valueRequired":true,"valueName":"search_term_string"}}],"inLanguage":"en-US"},{"@type":"Organization","@id":"https:\/\/computaex.es\/#organization","name":"COMPUTAEX","url":"https:\/\/computaex.es\/","logo":{"@type":"ImageObject","inLanguage":"en-US","@id":"https:\/\/computaex.es\/#\/schema\/logo\/image\/","url":"https:\/\/computaex.es\/wp-content\/uploads\/2025\/05\/cropped-COMPUTAEX_transparente-scaled-1.png","contentUrl":"https:\/\/computaex.es\/wp-content\/uploads\/2025\/05\/cropped-COMPUTAEX_transparente-scaled-1.png","width":2560,"height":970,"caption":"COMPUTAEX"},"image":{"@id":"https:\/\/computaex.es\/#\/schema\/logo\/image\/"},"sameAs":["https:\/\/m.facebook.com\/computaex\/","https:\/\/x.com\/computaex","https:\/\/es.linkedin.com\/company\/cenits"]}]}},"_links":{"self":[{"href":"https:\/\/computaex.es\/en\/wp-json\/wp\/v2\/pages\/9738","targetHints":{"allow":["GET"]}}],"collection":[{"href":"https:\/\/computaex.es\/en\/wp-json\/wp\/v2\/pages"}],"about":[{"href":"https:\/\/computaex.es\/en\/wp-json\/wp\/v2\/types\/page"}],"author":[{"embeddable":true,"href":"https:\/\/computaex.es\/en\/wp-json\/wp\/v2\/users\/1"}],"replies":[{"embeddable":true,"href":"https:\/\/computaex.es\/en\/wp-json\/wp\/v2\/comments?post=9738"}],"version-history":[{"count":2,"href":"https:\/\/computaex.es\/en\/wp-json\/wp\/v2\/pages\/9738\/revisions"}],"predecessor-version":[{"id":9744,"href":"https:\/\/computaex.es\/en\/wp-json\/wp\/v2\/pages\/9738\/revisions\/9744"}],"up":[{"embeddable":true,"href":"https:\/\/computaex.es\/en\/wp-json\/wp\/v2\/pages\/1583"}],"wp:attachment":[{"href":"https:\/\/computaex.es\/en\/wp-json\/wp\/v2\/media?parent=9738"}],"wp:term":[{"taxonomy":"category","embeddable":true,"href":"https:\/\/computaex.es\/en\/wp-json\/wp\/v2\/categories?post=9738"},{"taxonomy":"post_tag","embeddable":true,"href":"https:\/\/computaex.es\/en\/wp-json\/wp\/v2\/tags?post=9738"}],"curies":[{"name":"wp","href":"https:\/\/api.w.org\/{rel}","templated":true}]}}