{"id":9743,"date":"2015-05-06T10:57:15","date_gmt":"2015-05-06T08:57:15","guid":{"rendered":"https:\/\/web.computaex.es\/?page_id=9743"},"modified":"2025-08-27T10:57:53","modified_gmt":"2025-08-27T08:57:53","slug":"proposal-and-analysis-of-integrated-ptn-architecture-in-the-mobile-backhaul-to-improve-the-qos-of-hetnets","status":"publish","type":"page","link":"https:\/\/computaex.es\/en\/publicaciones\/proposal-and-analysis-of-integrated-ptn-architecture-in-the-mobile-backhaul-to-improve-the-qos-of-hetnets\/","title":{"rendered":"Proposal and analysis of integrated PTN architecture in the mobile backhaul to improve the QoS of HetNets"},"content":{"rendered":"<div class=\"field field-name-field-pub-descripcion field-type-text-long field-label-hidden\">\n<div class=\"field-items\">\n<div class=\"field-item even\">\n<p>David Cort\u00e9s Polo,\u00a0Jos\u00e9 Luis Gonz\u00e1lez S\u00e1nchez,\u00a0Javier Carmona Murillo, Franciso J. Rodr\u00edguez P\u00e9rez.<br \/>\n<strong>Proposal and analysis of integrated PTN architecture in the mobile backhaul to improve the QoS of HetNets.<\/strong><br \/>\n<em>EURASIP Journal on Wireless Communications and Networking<\/em>. April 2015.<br \/>\nDOI:10.1186\/s13638-015-0341-2<\/p>\n<p>&nbsp;<\/p>\n<\/div>\n<\/div>\n<\/div>\n<div class=\"field field-name-field-pub-fuente field-type-text-long field-label-above\">\n<div class=\"field-label\"><strong>Fuente de la publicaci\u00f3n:\u00a0<\/strong><\/div>\n<div class=\"field-items\">\n<div class=\"field-item even\">\n<ul>\n<li><a href=\"http:\/\/jwcn.eurasipjournals.com\/content\/2015\/1\/116\/abstract\">Proposal and analysis of integrated PTN architecture in the mobile backhaul to improve the QoS of HetNets<\/a><\/li>\n<\/ul>\n<\/div>\n<\/div>\n<\/div>","protected":false},"excerpt":{"rendered":"<p>David Cort\u00e9s Polo,\u00a0Jos\u00e9 Luis Gonz\u00e1lez S\u00e1nchez,\u00a0Javier Carmona Murillo, Franciso J. Rodr\u00edguez P\u00e9rez. Proposal and analysis of integrated PTN architecture in the mobile backhaul to improve the QoS of HetNets. EURASIP &#8230;<\/p>","protected":false},"author":1,"featured_media":0,"parent":1583,"menu_order":0,"comment_status":"closed","ping_status":"closed","template":"","meta":{"footnotes":""},"categories":[110,91],"tags":[],"class_list":["post-9743","page","type-page","status-publish","hentry","category-anteriores","category-publicaciones"],"yoast_head":"<!-- This site is optimized with the Yoast SEO plugin v27.1.1 - https:\/\/yoast.com\/product\/yoast-seo-wordpress\/ -->\n<title>Proposal and analysis of integrated PTN architecture in the mobile backhaul to improve the QoS of HetNets - Fundaci\u00f3n COMPUTAEX<\/title>\n<meta name=\"robots\" content=\"index, follow, max-snippet:-1, max-image-preview:large, max-video-preview:-1\" \/>\n<link rel=\"canonical\" href=\"https:\/\/computaex.es\/en\/publicaciones\/proposal-and-analysis-of-integrated-ptn-architecture-in-the-mobile-backhaul-to-improve-the-qos-of-hetnets\/\" \/>\n<meta property=\"og:locale\" content=\"en_US\" \/>\n<meta property=\"og:type\" content=\"article\" \/>\n<meta property=\"og:title\" content=\"Proposal and analysis of integrated PTN architecture in the mobile backhaul to improve the QoS of HetNets - Fundaci\u00f3n COMPUTAEX\" \/>\n<meta property=\"og:description\" content=\"David Cort\u00e9s Polo,\u00a0Jos\u00e9 Luis Gonz\u00e1lez S\u00e1nchez,\u00a0Javier Carmona Murillo, Franciso J. Rodr\u00edguez P\u00e9rez. Proposal and analysis of integrated PTN architecture in the mobile backhaul to improve the QoS of HetNets. EURASIP ...\" \/>\n<meta property=\"og:url\" content=\"https:\/\/computaex.es\/en\/publicaciones\/proposal-and-analysis-of-integrated-ptn-architecture-in-the-mobile-backhaul-to-improve-the-qos-of-hetnets\/\" \/>\n<meta property=\"og:site_name\" content=\"Fundaci\u00f3n COMPUTAEX\" \/>\n<meta property=\"article:publisher\" content=\"https:\/\/m.facebook.com\/computaex\/\" \/>\n<meta property=\"article:modified_time\" content=\"2025-08-27T08:57:53+00:00\" \/>\n<meta property=\"og:image\" content=\"https:\/\/computaex.es\/wp-content\/uploads\/2025\/08\/COMPUTAEX.jpg\" \/>\n\t<meta property=\"og:image:width\" content=\"1024\" \/>\n\t<meta property=\"og:image:height\" content=\"403\" \/>\n\t<meta property=\"og:image:type\" content=\"image\/jpeg\" \/>\n<meta name=\"twitter:card\" content=\"summary_large_image\" \/>\n<meta name=\"twitter:site\" content=\"@computaex\" \/>\n<meta name=\"twitter:label1\" content=\"Est. reading time\" \/>\n\t<meta name=\"twitter:data1\" content=\"1 minute\" \/>\n<script type=\"application\/ld+json\" class=\"yoast-schema-graph\">{\"@context\":\"https:\/\/schema.org\",\"@graph\":[{\"@type\":\"WebPage\",\"@id\":\"https:\/\/computaex.es\/publicaciones\/proposal-and-analysis-of-integrated-ptn-architecture-in-the-mobile-backhaul-to-improve-the-qos-of-hetnets\/\",\"url\":\"https:\/\/computaex.es\/publicaciones\/proposal-and-analysis-of-integrated-ptn-architecture-in-the-mobile-backhaul-to-improve-the-qos-of-hetnets\/\",\"name\":\"Proposal and analysis of integrated PTN architecture in the mobile backhaul to improve the QoS of HetNets - Fundaci\u00f3n COMPUTAEX\",\"isPartOf\":{\"@id\":\"https:\/\/computaex.es\/#website\"},\"datePublished\":\"2015-05-06T08:57:15+00:00\",\"dateModified\":\"2025-08-27T08:57:53+00:00\",\"breadcrumb\":{\"@id\":\"https:\/\/computaex.es\/publicaciones\/proposal-and-analysis-of-integrated-ptn-architecture-in-the-mobile-backhaul-to-improve-the-qos-of-hetnets\/#breadcrumb\"},\"inLanguage\":\"en-US\",\"potentialAction\":[{\"@type\":\"ReadAction\",\"target\":[\"https:\/\/computaex.es\/publicaciones\/proposal-and-analysis-of-integrated-ptn-architecture-in-the-mobile-backhaul-to-improve-the-qos-of-hetnets\/\"]}]},{\"@type\":\"BreadcrumbList\",\"@id\":\"https:\/\/computaex.es\/publicaciones\/proposal-and-analysis-of-integrated-ptn-architecture-in-the-mobile-backhaul-to-improve-the-qos-of-hetnets\/#breadcrumb\",\"itemListElement\":[{\"@type\":\"ListItem\",\"position\":1,\"name\":\"Portada\",\"item\":\"https:\/\/computaex.es\/\"},{\"@type\":\"ListItem\",\"position\":2,\"name\":\"Publicaciones\",\"item\":\"https:\/\/computaex.es\/publicaciones\/\"},{\"@type\":\"ListItem\",\"position\":3,\"name\":\"Proposal and analysis of integrated PTN architecture in the mobile backhaul to improve the QoS of HetNets\"}]},{\"@type\":\"WebSite\",\"@id\":\"https:\/\/computaex.es\/#website\",\"url\":\"https:\/\/computaex.es\/\",\"name\":\"Fundaci\u00f3n COMPUTAEX\",\"description\":\"COMPUTAEX\",\"publisher\":{\"@id\":\"https:\/\/computaex.es\/#organization\"},\"potentialAction\":[{\"@type\":\"SearchAction\",\"target\":{\"@type\":\"EntryPoint\",\"urlTemplate\":\"https:\/\/computaex.es\/?s={search_term_string}\"},\"query-input\":{\"@type\":\"PropertyValueSpecification\",\"valueRequired\":true,\"valueName\":\"search_term_string\"}}],\"inLanguage\":\"en-US\"},{\"@type\":\"Organization\",\"@id\":\"https:\/\/computaex.es\/#organization\",\"name\":\"COMPUTAEX\",\"url\":\"https:\/\/computaex.es\/\",\"logo\":{\"@type\":\"ImageObject\",\"inLanguage\":\"en-US\",\"@id\":\"https:\/\/computaex.es\/#\/schema\/logo\/image\/\",\"url\":\"https:\/\/computaex.es\/wp-content\/uploads\/2025\/05\/cropped-COMPUTAEX_transparente-scaled-1.png\",\"contentUrl\":\"https:\/\/computaex.es\/wp-content\/uploads\/2025\/05\/cropped-COMPUTAEX_transparente-scaled-1.png\",\"width\":2560,\"height\":970,\"caption\":\"COMPUTAEX\"},\"image\":{\"@id\":\"https:\/\/computaex.es\/#\/schema\/logo\/image\/\"},\"sameAs\":[\"https:\/\/m.facebook.com\/computaex\/\",\"https:\/\/x.com\/computaex\",\"https:\/\/es.linkedin.com\/company\/cenits\"]}]}<\/script>\n<!-- \/ Yoast SEO plugin. -->","yoast_head_json":{"title":"Proposal and analysis of integrated PTN architecture in the mobile backhaul to improve the QoS of HetNets - Fundaci\u00f3n COMPUTAEX","robots":{"index":"index","follow":"follow","max-snippet":"max-snippet:-1","max-image-preview":"max-image-preview:large","max-video-preview":"max-video-preview:-1"},"canonical":"https:\/\/computaex.es\/en\/publicaciones\/proposal-and-analysis-of-integrated-ptn-architecture-in-the-mobile-backhaul-to-improve-the-qos-of-hetnets\/","og_locale":"en_US","og_type":"article","og_title":"Proposal and analysis of integrated PTN architecture in the mobile backhaul to improve the QoS of HetNets - Fundaci\u00f3n COMPUTAEX","og_description":"David Cort\u00e9s Polo,\u00a0Jos\u00e9 Luis Gonz\u00e1lez S\u00e1nchez,\u00a0Javier Carmona Murillo, Franciso J. Rodr\u00edguez P\u00e9rez. Proposal and analysis of integrated PTN architecture in the mobile backhaul to improve the QoS of HetNets. EURASIP ...","og_url":"https:\/\/computaex.es\/en\/publicaciones\/proposal-and-analysis-of-integrated-ptn-architecture-in-the-mobile-backhaul-to-improve-the-qos-of-hetnets\/","og_site_name":"Fundaci\u00f3n COMPUTAEX","article_publisher":"https:\/\/m.facebook.com\/computaex\/","article_modified_time":"2025-08-27T08:57:53+00:00","og_image":[{"width":1024,"height":403,"url":"https:\/\/computaex.es\/wp-content\/uploads\/2025\/08\/COMPUTAEX.jpg","type":"image\/jpeg"}],"twitter_card":"summary_large_image","twitter_site":"@computaex","twitter_misc":{"Est. reading time":"1 minute"},"schema":{"@context":"https:\/\/schema.org","@graph":[{"@type":"WebPage","@id":"https:\/\/computaex.es\/publicaciones\/proposal-and-analysis-of-integrated-ptn-architecture-in-the-mobile-backhaul-to-improve-the-qos-of-hetnets\/","url":"https:\/\/computaex.es\/publicaciones\/proposal-and-analysis-of-integrated-ptn-architecture-in-the-mobile-backhaul-to-improve-the-qos-of-hetnets\/","name":"Proposal and analysis of integrated PTN architecture in the mobile backhaul to improve the QoS of HetNets - Fundaci\u00f3n COMPUTAEX","isPartOf":{"@id":"https:\/\/computaex.es\/#website"},"datePublished":"2015-05-06T08:57:15+00:00","dateModified":"2025-08-27T08:57:53+00:00","breadcrumb":{"@id":"https:\/\/computaex.es\/publicaciones\/proposal-and-analysis-of-integrated-ptn-architecture-in-the-mobile-backhaul-to-improve-the-qos-of-hetnets\/#breadcrumb"},"inLanguage":"en-US","potentialAction":[{"@type":"ReadAction","target":["https:\/\/computaex.es\/publicaciones\/proposal-and-analysis-of-integrated-ptn-architecture-in-the-mobile-backhaul-to-improve-the-qos-of-hetnets\/"]}]},{"@type":"BreadcrumbList","@id":"https:\/\/computaex.es\/publicaciones\/proposal-and-analysis-of-integrated-ptn-architecture-in-the-mobile-backhaul-to-improve-the-qos-of-hetnets\/#breadcrumb","itemListElement":[{"@type":"ListItem","position":1,"name":"Portada","item":"https:\/\/computaex.es\/"},{"@type":"ListItem","position":2,"name":"Publicaciones","item":"https:\/\/computaex.es\/publicaciones\/"},{"@type":"ListItem","position":3,"name":"Proposal and analysis of integrated PTN architecture in the mobile backhaul to improve the QoS of HetNets"}]},{"@type":"WebSite","@id":"https:\/\/computaex.es\/#website","url":"https:\/\/computaex.es\/","name":"COMPUTAEX Foundation","description":"COMPUTAEX","publisher":{"@id":"https:\/\/computaex.es\/#organization"},"potentialAction":[{"@type":"SearchAction","target":{"@type":"EntryPoint","urlTemplate":"https:\/\/computaex.es\/?s={search_term_string}"},"query-input":{"@type":"PropertyValueSpecification","valueRequired":true,"valueName":"search_term_string"}}],"inLanguage":"en-US"},{"@type":"Organization","@id":"https:\/\/computaex.es\/#organization","name":"COMPUTAEX","url":"https:\/\/computaex.es\/","logo":{"@type":"ImageObject","inLanguage":"en-US","@id":"https:\/\/computaex.es\/#\/schema\/logo\/image\/","url":"https:\/\/computaex.es\/wp-content\/uploads\/2025\/05\/cropped-COMPUTAEX_transparente-scaled-1.png","contentUrl":"https:\/\/computaex.es\/wp-content\/uploads\/2025\/05\/cropped-COMPUTAEX_transparente-scaled-1.png","width":2560,"height":970,"caption":"COMPUTAEX"},"image":{"@id":"https:\/\/computaex.es\/#\/schema\/logo\/image\/"},"sameAs":["https:\/\/m.facebook.com\/computaex\/","https:\/\/x.com\/computaex","https:\/\/es.linkedin.com\/company\/cenits"]}]}},"_links":{"self":[{"href":"https:\/\/computaex.es\/en\/wp-json\/wp\/v2\/pages\/9743","targetHints":{"allow":["GET"]}}],"collection":[{"href":"https:\/\/computaex.es\/en\/wp-json\/wp\/v2\/pages"}],"about":[{"href":"https:\/\/computaex.es\/en\/wp-json\/wp\/v2\/types\/page"}],"author":[{"embeddable":true,"href":"https:\/\/computaex.es\/en\/wp-json\/wp\/v2\/users\/1"}],"replies":[{"embeddable":true,"href":"https:\/\/computaex.es\/en\/wp-json\/wp\/v2\/comments?post=9743"}],"version-history":[{"count":1,"href":"https:\/\/computaex.es\/en\/wp-json\/wp\/v2\/pages\/9743\/revisions"}],"predecessor-version":[{"id":9745,"href":"https:\/\/computaex.es\/en\/wp-json\/wp\/v2\/pages\/9743\/revisions\/9745"}],"up":[{"embeddable":true,"href":"https:\/\/computaex.es\/en\/wp-json\/wp\/v2\/pages\/1583"}],"wp:attachment":[{"href":"https:\/\/computaex.es\/en\/wp-json\/wp\/v2\/media?parent=9743"}],"wp:term":[{"taxonomy":"category","embeddable":true,"href":"https:\/\/computaex.es\/en\/wp-json\/wp\/v2\/categories?post=9743"},{"taxonomy":"post_tag","embeddable":true,"href":"https:\/\/computaex.es\/en\/wp-json\/wp\/v2\/tags?post=9743"}],"curies":[{"name":"wp","href":"https:\/\/api.w.org\/{rel}","templated":true}]}}