{"id":9750,"date":"2014-02-11T11:56:32","date_gmt":"2014-02-11T10:56:32","guid":{"rendered":"https:\/\/web.computaex.es\/?page_id=9750"},"modified":"2025-08-27T11:58:10","modified_gmt":"2025-08-27T09:58:10","slug":"optimizacion-de-la-red-de-acceso-conmutada-para-provision-de-qos-a-dispositivos-moviles-mediante-programacion-lineal","status":"publish","type":"page","link":"https:\/\/computaex.es\/en\/publicaciones\/optimizacion-de-la-red-de-acceso-conmutada-para-provision-de-qos-a-dispositivos-moviles-mediante-programacion-lineal\/","title":{"rendered":"Optimizaci\u00f3n de la red de acceso conmutada para provisi\u00f3n de QoS a dispositivos m\u00f3viles mediante programaci\u00f3n lineal"},"content":{"rendered":"<div class=\"field field-name-field-pub-descripcion field-type-text-long field-label-hidden\">\n<div class=\"field-items\">\n<div class=\"field-item even\">\n<p>La gesti\u00f3n del movimiento y la calidad de servicio (QoS) son dos de los puntos claves en el desarrollo tanto presente como futuro de las redes inal\u00e1mbricas. Estas tareas no s\u00f3lo involucran al dominio de la red inal\u00e1mbrica sino que la red de acceso que interconecta los nodos m\u00f3viles con Internet tambi\u00e9n tiene capacidad para mejorar las comunicaciones. Este campo de investigaci\u00f3n es conocido como Convergencia Fija-M\u00f3vil (FMC). El objetivo de esta convergencia es la integraci\u00f3n y la creaci\u00f3n de una infraestructura unificada de las redes cableadas e inal\u00e1mbricas. En esta infraestructura convergente, los usuarios pueden moverse y saltar de una red a otra sin interrupci\u00f3n. En este Trabajo Final de M\u00e1ster, se ha presentado un estudio de los avances recientes y campos de investigaci\u00f3n abiertos en los protocolos de movilidad en conjunci\u00f3n con redes de acceso basadas en MPLS (Multi-Protocol Label Switching), los cuales se plantean ser integrados en una \u00fanica arquitectura como infraestructura convergente. Tambi\u00e9n se describe una nueva aproximaci\u00f3n para optimizar los recursos de la red de acceso. Este algoritmo de optimizaci\u00f3n permite organizar los nodos m\u00f3viles que van a permanecer est\u00e1ticos durante largos periodos de tiempo y planificar el resto de la red de acceso para atender las peticiones del resto de nodos m\u00f3viles que se est\u00e1n moviendo. Para ello se han usado trazas de movimientos de usuarios reales analizando un periodo de diez horas.<\/p>\n<\/div>\n<\/div>\n<\/div>\n<div class=\"field field-name-field-pub-fuente field-type-text-long field-label-above\">\n<div class=\"field-label\">Fuente de la publicaci\u00f3n:<\/div>\n<div class=\"field-items\">\n<div class=\"field-item even\">\n<ul>\n<li>David Miguel Cort\u00e9s Polo.\u00a0<em>Optimizaci\u00f3n de la red de acceso conmutada para provisi\u00f3n de QoS a dispositivos m\u00f3viles mediante programaci\u00f3n lineal<\/em>. Trabajo Final de M\u00e1ster Universitario en Investigaci\u00f3n, Universidad de Extremadura. Noviembre de 2014.<\/li>\n<\/ul>\n<\/div>\n<\/div>\n<\/div>","protected":false},"excerpt":{"rendered":"<p>La gesti\u00f3n del movimiento y la calidad de servicio (QoS) son dos de los puntos claves en el desarrollo tanto presente como futuro de las redes inal\u00e1mbricas. Estas tareas no &#8230;<\/p>","protected":false},"author":1,"featured_media":0,"parent":1583,"menu_order":0,"comment_status":"closed","ping_status":"closed","template":"","meta":{"footnotes":""},"categories":[110,91],"tags":[],"class_list":["post-9750","page","type-page","status-publish","hentry","category-anteriores","category-publicaciones"],"yoast_head":"<!-- This site is optimized with the Yoast SEO plugin v27.1.1 - https:\/\/yoast.com\/product\/yoast-seo-wordpress\/ -->\n<title>Optimizaci\u00f3n de la red de acceso conmutada para provisi\u00f3n de QoS a dispositivos m\u00f3viles mediante programaci\u00f3n lineal - Fundaci\u00f3n COMPUTAEX<\/title>\n<meta name=\"robots\" content=\"index, follow, max-snippet:-1, max-image-preview:large, max-video-preview:-1\" \/>\n<link rel=\"canonical\" href=\"https:\/\/computaex.es\/en\/publicaciones\/optimizacion-de-la-red-de-acceso-conmutada-para-provision-de-qos-a-dispositivos-moviles-mediante-programacion-lineal\/\" \/>\n<meta property=\"og:locale\" content=\"en_US\" \/>\n<meta property=\"og:type\" content=\"article\" \/>\n<meta property=\"og:title\" content=\"Optimizaci\u00f3n de la red de acceso conmutada para provisi\u00f3n de QoS a dispositivos m\u00f3viles mediante programaci\u00f3n lineal - Fundaci\u00f3n COMPUTAEX\" \/>\n<meta property=\"og:description\" content=\"La gesti\u00f3n del movimiento y la calidad de servicio (QoS) son dos de los puntos claves en el desarrollo tanto presente como futuro de las redes inal\u00e1mbricas. Estas tareas no ...\" \/>\n<meta property=\"og:url\" content=\"https:\/\/computaex.es\/en\/publicaciones\/optimizacion-de-la-red-de-acceso-conmutada-para-provision-de-qos-a-dispositivos-moviles-mediante-programacion-lineal\/\" \/>\n<meta property=\"og:site_name\" content=\"Fundaci\u00f3n COMPUTAEX\" \/>\n<meta property=\"article:publisher\" content=\"https:\/\/m.facebook.com\/computaex\/\" \/>\n<meta property=\"article:modified_time\" content=\"2025-08-27T09:58:10+00:00\" \/>\n<meta property=\"og:image\" content=\"https:\/\/computaex.es\/wp-content\/uploads\/2025\/08\/COMPUTAEX.jpg\" \/>\n\t<meta property=\"og:image:width\" content=\"1024\" \/>\n\t<meta property=\"og:image:height\" content=\"403\" \/>\n\t<meta property=\"og:image:type\" content=\"image\/jpeg\" \/>\n<meta name=\"twitter:card\" content=\"summary_large_image\" \/>\n<meta name=\"twitter:site\" content=\"@computaex\" \/>\n<meta name=\"twitter:label1\" content=\"Est. reading time\" \/>\n\t<meta name=\"twitter:data1\" content=\"2 minutes\" \/>\n<script type=\"application\/ld+json\" class=\"yoast-schema-graph\">{\"@context\":\"https:\/\/schema.org\",\"@graph\":[{\"@type\":\"WebPage\",\"@id\":\"https:\/\/computaex.es\/publicaciones\/optimizacion-de-la-red-de-acceso-conmutada-para-provision-de-qos-a-dispositivos-moviles-mediante-programacion-lineal\/\",\"url\":\"https:\/\/computaex.es\/publicaciones\/optimizacion-de-la-red-de-acceso-conmutada-para-provision-de-qos-a-dispositivos-moviles-mediante-programacion-lineal\/\",\"name\":\"Optimizaci\u00f3n de la red de acceso conmutada para provisi\u00f3n de QoS a dispositivos m\u00f3viles mediante programaci\u00f3n lineal - Fundaci\u00f3n COMPUTAEX\",\"isPartOf\":{\"@id\":\"https:\/\/computaex.es\/#website\"},\"datePublished\":\"2014-02-11T10:56:32+00:00\",\"dateModified\":\"2025-08-27T09:58:10+00:00\",\"breadcrumb\":{\"@id\":\"https:\/\/computaex.es\/publicaciones\/optimizacion-de-la-red-de-acceso-conmutada-para-provision-de-qos-a-dispositivos-moviles-mediante-programacion-lineal\/#breadcrumb\"},\"inLanguage\":\"en-US\",\"potentialAction\":[{\"@type\":\"ReadAction\",\"target\":[\"https:\/\/computaex.es\/publicaciones\/optimizacion-de-la-red-de-acceso-conmutada-para-provision-de-qos-a-dispositivos-moviles-mediante-programacion-lineal\/\"]}]},{\"@type\":\"BreadcrumbList\",\"@id\":\"https:\/\/computaex.es\/publicaciones\/optimizacion-de-la-red-de-acceso-conmutada-para-provision-de-qos-a-dispositivos-moviles-mediante-programacion-lineal\/#breadcrumb\",\"itemListElement\":[{\"@type\":\"ListItem\",\"position\":1,\"name\":\"Portada\",\"item\":\"https:\/\/computaex.es\/\"},{\"@type\":\"ListItem\",\"position\":2,\"name\":\"Publicaciones\",\"item\":\"https:\/\/computaex.es\/publicaciones\/\"},{\"@type\":\"ListItem\",\"position\":3,\"name\":\"Optimizaci\u00f3n de la red de acceso conmutada para provisi\u00f3n de QoS a dispositivos m\u00f3viles mediante programaci\u00f3n lineal\"}]},{\"@type\":\"WebSite\",\"@id\":\"https:\/\/computaex.es\/#website\",\"url\":\"https:\/\/computaex.es\/\",\"name\":\"Fundaci\u00f3n COMPUTAEX\",\"description\":\"COMPUTAEX\",\"publisher\":{\"@id\":\"https:\/\/computaex.es\/#organization\"},\"potentialAction\":[{\"@type\":\"SearchAction\",\"target\":{\"@type\":\"EntryPoint\",\"urlTemplate\":\"https:\/\/computaex.es\/?s={search_term_string}\"},\"query-input\":{\"@type\":\"PropertyValueSpecification\",\"valueRequired\":true,\"valueName\":\"search_term_string\"}}],\"inLanguage\":\"en-US\"},{\"@type\":\"Organization\",\"@id\":\"https:\/\/computaex.es\/#organization\",\"name\":\"COMPUTAEX\",\"url\":\"https:\/\/computaex.es\/\",\"logo\":{\"@type\":\"ImageObject\",\"inLanguage\":\"en-US\",\"@id\":\"https:\/\/computaex.es\/#\/schema\/logo\/image\/\",\"url\":\"https:\/\/computaex.es\/wp-content\/uploads\/2025\/05\/cropped-COMPUTAEX_transparente-scaled-1.png\",\"contentUrl\":\"https:\/\/computaex.es\/wp-content\/uploads\/2025\/05\/cropped-COMPUTAEX_transparente-scaled-1.png\",\"width\":2560,\"height\":970,\"caption\":\"COMPUTAEX\"},\"image\":{\"@id\":\"https:\/\/computaex.es\/#\/schema\/logo\/image\/\"},\"sameAs\":[\"https:\/\/m.facebook.com\/computaex\/\",\"https:\/\/x.com\/computaex\",\"https:\/\/es.linkedin.com\/company\/cenits\"]}]}<\/script>\n<!-- \/ Yoast SEO plugin. -->","yoast_head_json":{"title":"Optimizaci\u00f3n de la red de acceso conmutada para provisi\u00f3n de QoS a dispositivos m\u00f3viles mediante programaci\u00f3n lineal - Fundaci\u00f3n COMPUTAEX","robots":{"index":"index","follow":"follow","max-snippet":"max-snippet:-1","max-image-preview":"max-image-preview:large","max-video-preview":"max-video-preview:-1"},"canonical":"https:\/\/computaex.es\/en\/publicaciones\/optimizacion-de-la-red-de-acceso-conmutada-para-provision-de-qos-a-dispositivos-moviles-mediante-programacion-lineal\/","og_locale":"en_US","og_type":"article","og_title":"Optimizaci\u00f3n de la red de acceso conmutada para provisi\u00f3n de QoS a dispositivos m\u00f3viles mediante programaci\u00f3n lineal - Fundaci\u00f3n COMPUTAEX","og_description":"La gesti\u00f3n del movimiento y la calidad de servicio (QoS) son dos de los puntos claves en el desarrollo tanto presente como futuro de las redes inal\u00e1mbricas. Estas tareas no ...","og_url":"https:\/\/computaex.es\/en\/publicaciones\/optimizacion-de-la-red-de-acceso-conmutada-para-provision-de-qos-a-dispositivos-moviles-mediante-programacion-lineal\/","og_site_name":"Fundaci\u00f3n COMPUTAEX","article_publisher":"https:\/\/m.facebook.com\/computaex\/","article_modified_time":"2025-08-27T09:58:10+00:00","og_image":[{"width":1024,"height":403,"url":"https:\/\/computaex.es\/wp-content\/uploads\/2025\/08\/COMPUTAEX.jpg","type":"image\/jpeg"}],"twitter_card":"summary_large_image","twitter_site":"@computaex","twitter_misc":{"Est. reading time":"2 minutes"},"schema":{"@context":"https:\/\/schema.org","@graph":[{"@type":"WebPage","@id":"https:\/\/computaex.es\/publicaciones\/optimizacion-de-la-red-de-acceso-conmutada-para-provision-de-qos-a-dispositivos-moviles-mediante-programacion-lineal\/","url":"https:\/\/computaex.es\/publicaciones\/optimizacion-de-la-red-de-acceso-conmutada-para-provision-de-qos-a-dispositivos-moviles-mediante-programacion-lineal\/","name":"Optimizaci\u00f3n de la red de acceso conmutada para provisi\u00f3n de QoS a dispositivos m\u00f3viles mediante programaci\u00f3n lineal - Fundaci\u00f3n COMPUTAEX","isPartOf":{"@id":"https:\/\/computaex.es\/#website"},"datePublished":"2014-02-11T10:56:32+00:00","dateModified":"2025-08-27T09:58:10+00:00","breadcrumb":{"@id":"https:\/\/computaex.es\/publicaciones\/optimizacion-de-la-red-de-acceso-conmutada-para-provision-de-qos-a-dispositivos-moviles-mediante-programacion-lineal\/#breadcrumb"},"inLanguage":"en-US","potentialAction":[{"@type":"ReadAction","target":["https:\/\/computaex.es\/publicaciones\/optimizacion-de-la-red-de-acceso-conmutada-para-provision-de-qos-a-dispositivos-moviles-mediante-programacion-lineal\/"]}]},{"@type":"BreadcrumbList","@id":"https:\/\/computaex.es\/publicaciones\/optimizacion-de-la-red-de-acceso-conmutada-para-provision-de-qos-a-dispositivos-moviles-mediante-programacion-lineal\/#breadcrumb","itemListElement":[{"@type":"ListItem","position":1,"name":"Portada","item":"https:\/\/computaex.es\/"},{"@type":"ListItem","position":2,"name":"Publicaciones","item":"https:\/\/computaex.es\/publicaciones\/"},{"@type":"ListItem","position":3,"name":"Optimizaci\u00f3n de la red de acceso conmutada para provisi\u00f3n de QoS a dispositivos m\u00f3viles mediante programaci\u00f3n lineal"}]},{"@type":"WebSite","@id":"https:\/\/computaex.es\/#website","url":"https:\/\/computaex.es\/","name":"COMPUTAEX Foundation","description":"COMPUTAEX","publisher":{"@id":"https:\/\/computaex.es\/#organization"},"potentialAction":[{"@type":"SearchAction","target":{"@type":"EntryPoint","urlTemplate":"https:\/\/computaex.es\/?s={search_term_string}"},"query-input":{"@type":"PropertyValueSpecification","valueRequired":true,"valueName":"search_term_string"}}],"inLanguage":"en-US"},{"@type":"Organization","@id":"https:\/\/computaex.es\/#organization","name":"COMPUTAEX","url":"https:\/\/computaex.es\/","logo":{"@type":"ImageObject","inLanguage":"en-US","@id":"https:\/\/computaex.es\/#\/schema\/logo\/image\/","url":"https:\/\/computaex.es\/wp-content\/uploads\/2025\/05\/cropped-COMPUTAEX_transparente-scaled-1.png","contentUrl":"https:\/\/computaex.es\/wp-content\/uploads\/2025\/05\/cropped-COMPUTAEX_transparente-scaled-1.png","width":2560,"height":970,"caption":"COMPUTAEX"},"image":{"@id":"https:\/\/computaex.es\/#\/schema\/logo\/image\/"},"sameAs":["https:\/\/m.facebook.com\/computaex\/","https:\/\/x.com\/computaex","https:\/\/es.linkedin.com\/company\/cenits"]}]}},"_links":{"self":[{"href":"https:\/\/computaex.es\/en\/wp-json\/wp\/v2\/pages\/9750","targetHints":{"allow":["GET"]}}],"collection":[{"href":"https:\/\/computaex.es\/en\/wp-json\/wp\/v2\/pages"}],"about":[{"href":"https:\/\/computaex.es\/en\/wp-json\/wp\/v2\/types\/page"}],"author":[{"embeddable":true,"href":"https:\/\/computaex.es\/en\/wp-json\/wp\/v2\/users\/1"}],"replies":[{"embeddable":true,"href":"https:\/\/computaex.es\/en\/wp-json\/wp\/v2\/comments?post=9750"}],"version-history":[{"count":1,"href":"https:\/\/computaex.es\/en\/wp-json\/wp\/v2\/pages\/9750\/revisions"}],"predecessor-version":[{"id":9751,"href":"https:\/\/computaex.es\/en\/wp-json\/wp\/v2\/pages\/9750\/revisions\/9751"}],"up":[{"embeddable":true,"href":"https:\/\/computaex.es\/en\/wp-json\/wp\/v2\/pages\/1583"}],"wp:attachment":[{"href":"https:\/\/computaex.es\/en\/wp-json\/wp\/v2\/media?parent=9750"}],"wp:term":[{"taxonomy":"category","embeddable":true,"href":"https:\/\/computaex.es\/en\/wp-json\/wp\/v2\/categories?post=9750"},{"taxonomy":"post_tag","embeddable":true,"href":"https:\/\/computaex.es\/en\/wp-json\/wp\/v2\/tags?post=9750"}],"curies":[{"name":"wp","href":"https:\/\/api.w.org\/{rel}","templated":true}]}}