{"id":9757,"date":"2014-05-07T12:13:46","date_gmt":"2014-05-07T10:13:46","guid":{"rendered":"https:\/\/web.computaex.es\/?page_id=9757"},"modified":"2025-08-27T12:18:42","modified_gmt":"2025-08-27T10:18:42","slug":"green-code","status":"publish","type":"page","link":"https:\/\/computaex.es\/en\/publicaciones\/green-code\/","title":{"rendered":"Green Code"},"content":{"rendered":"<p>Green Code es un subproyecto de Cenital, cuyo objetivo principal persigue un desarrollo de c\u00f3digo fuente eficiente, partiendo de la propia eficiencia energ\u00e9tica de los dispositivos tecnol\u00f3gicos sobre los que se ejecuta dicho c\u00f3digo.<\/p>\n<p>Dicha eficiencia debe ser un importante factor a tener en cuenta durante el despliegue de cualquier sistema. La supercomputaci\u00f3n de altas prestaciones es un buen ejemplo de ello, debido al elevado consumo energ\u00e9tico que conlleva.<\/p>\n<table class=\"sticky-enabled tableheader-processed sticky-table aligncenter\" style=\"width: 29.9968%; height: 106px;\">\n<thead>\n<tr>\n<th>Attached<\/th>\n<th>Size<\/th>\n<\/tr>\n<\/thead>\n<tbody>\n<tr class=\"odd\">\n<td><span class=\"file\"><img decoding=\"async\" class=\"file-icon\" title=\"application\/pdf\" src=\"https:\/\/www.computaex.es\/modules\/file\/icons\/application-pdf.png\" alt=\"Icono PDF\" \/>\u00a0<a href=\"https:\/\/www.cenits.es\/sites\/cenits.es\/files\/publicaciones\/resumen-green-code.pdf\" target=\"_blank\" rel=\"noopener\" type=\"application\/pdf; length=209272\">resumen-green-code.pdf<\/a><\/span><\/td>\n<td>204.37 KB<\/td>\n<\/tr>\n<\/tbody>\n<\/table>\n<p>&nbsp;<\/p>","protected":false},"excerpt":{"rendered":"<p>Green Code es un subproyecto de Cenital, cuyo objetivo principal persigue un desarrollo de c\u00f3digo fuente eficiente, partiendo de la propia eficiencia energ\u00e9tica de los dispositivos tecnol\u00f3gicos sobre los que &#8230;<\/p>","protected":false},"author":1,"featured_media":0,"parent":1583,"menu_order":0,"comment_status":"closed","ping_status":"closed","template":"","meta":{"footnotes":""},"categories":[110,91],"tags":[],"class_list":["post-9757","page","type-page","status-publish","hentry","category-anteriores","category-publicaciones"],"yoast_head":"<!-- This site is optimized with the Yoast SEO plugin v27.1.1 - https:\/\/yoast.com\/product\/yoast-seo-wordpress\/ -->\n<title>Green Code - Fundaci\u00f3n COMPUTAEX<\/title>\n<meta name=\"robots\" content=\"index, follow, max-snippet:-1, max-image-preview:large, max-video-preview:-1\" \/>\n<link rel=\"canonical\" href=\"https:\/\/computaex.es\/en\/publicaciones\/green-code\/\" \/>\n<meta property=\"og:locale\" content=\"en_US\" \/>\n<meta property=\"og:type\" content=\"article\" \/>\n<meta property=\"og:title\" content=\"Green Code - Fundaci\u00f3n COMPUTAEX\" \/>\n<meta property=\"og:description\" content=\"Green Code es un subproyecto de Cenital, cuyo objetivo principal persigue un desarrollo de c\u00f3digo fuente eficiente, partiendo de la propia eficiencia energ\u00e9tica de los dispositivos tecnol\u00f3gicos sobre los que ...\" \/>\n<meta property=\"og:url\" content=\"https:\/\/computaex.es\/en\/publicaciones\/green-code\/\" \/>\n<meta property=\"og:site_name\" content=\"Fundaci\u00f3n COMPUTAEX\" \/>\n<meta property=\"article:publisher\" content=\"https:\/\/m.facebook.com\/computaex\/\" \/>\n<meta property=\"article:modified_time\" content=\"2025-08-27T10:18:42+00:00\" \/>\n<meta property=\"og:image\" content=\"https:\/\/www.computaex.es\/modules\/file\/icons\/application-pdf.png\" \/>\n<meta name=\"twitter:card\" content=\"summary_large_image\" \/>\n<meta name=\"twitter:site\" content=\"@computaex\" \/>\n<meta name=\"twitter:label1\" content=\"Est. reading time\" \/>\n\t<meta name=\"twitter:data1\" content=\"1 minute\" \/>\n<script type=\"application\/ld+json\" class=\"yoast-schema-graph\">{\"@context\":\"https:\/\/schema.org\",\"@graph\":[{\"@type\":\"WebPage\",\"@id\":\"https:\/\/computaex.es\/publicaciones\/green-code\/\",\"url\":\"https:\/\/computaex.es\/publicaciones\/green-code\/\",\"name\":\"Green Code - Fundaci\u00f3n COMPUTAEX\",\"isPartOf\":{\"@id\":\"https:\/\/computaex.es\/#website\"},\"primaryImageOfPage\":{\"@id\":\"https:\/\/computaex.es\/publicaciones\/green-code\/#primaryimage\"},\"image\":{\"@id\":\"https:\/\/computaex.es\/publicaciones\/green-code\/#primaryimage\"},\"thumbnailUrl\":\"https:\/\/www.computaex.es\/modules\/file\/icons\/application-pdf.png\",\"datePublished\":\"2014-05-07T10:13:46+00:00\",\"dateModified\":\"2025-08-27T10:18:42+00:00\",\"breadcrumb\":{\"@id\":\"https:\/\/computaex.es\/publicaciones\/green-code\/#breadcrumb\"},\"inLanguage\":\"en-US\",\"potentialAction\":[{\"@type\":\"ReadAction\",\"target\":[\"https:\/\/computaex.es\/publicaciones\/green-code\/\"]}]},{\"@type\":\"ImageObject\",\"inLanguage\":\"en-US\",\"@id\":\"https:\/\/computaex.es\/publicaciones\/green-code\/#primaryimage\",\"url\":\"https:\/\/www.computaex.es\/modules\/file\/icons\/application-pdf.png\",\"contentUrl\":\"https:\/\/www.computaex.es\/modules\/file\/icons\/application-pdf.png\"},{\"@type\":\"BreadcrumbList\",\"@id\":\"https:\/\/computaex.es\/publicaciones\/green-code\/#breadcrumb\",\"itemListElement\":[{\"@type\":\"ListItem\",\"position\":1,\"name\":\"Portada\",\"item\":\"https:\/\/computaex.es\/\"},{\"@type\":\"ListItem\",\"position\":2,\"name\":\"Publicaciones\",\"item\":\"https:\/\/computaex.es\/publicaciones\/\"},{\"@type\":\"ListItem\",\"position\":3,\"name\":\"Green Code\"}]},{\"@type\":\"WebSite\",\"@id\":\"https:\/\/computaex.es\/#website\",\"url\":\"https:\/\/computaex.es\/\",\"name\":\"Fundaci\u00f3n COMPUTAEX\",\"description\":\"COMPUTAEX\",\"publisher\":{\"@id\":\"https:\/\/computaex.es\/#organization\"},\"potentialAction\":[{\"@type\":\"SearchAction\",\"target\":{\"@type\":\"EntryPoint\",\"urlTemplate\":\"https:\/\/computaex.es\/?s={search_term_string}\"},\"query-input\":{\"@type\":\"PropertyValueSpecification\",\"valueRequired\":true,\"valueName\":\"search_term_string\"}}],\"inLanguage\":\"en-US\"},{\"@type\":\"Organization\",\"@id\":\"https:\/\/computaex.es\/#organization\",\"name\":\"COMPUTAEX\",\"url\":\"https:\/\/computaex.es\/\",\"logo\":{\"@type\":\"ImageObject\",\"inLanguage\":\"en-US\",\"@id\":\"https:\/\/computaex.es\/#\/schema\/logo\/image\/\",\"url\":\"https:\/\/computaex.es\/wp-content\/uploads\/2025\/05\/cropped-COMPUTAEX_transparente-scaled-1.png\",\"contentUrl\":\"https:\/\/computaex.es\/wp-content\/uploads\/2025\/05\/cropped-COMPUTAEX_transparente-scaled-1.png\",\"width\":2560,\"height\":970,\"caption\":\"COMPUTAEX\"},\"image\":{\"@id\":\"https:\/\/computaex.es\/#\/schema\/logo\/image\/\"},\"sameAs\":[\"https:\/\/m.facebook.com\/computaex\/\",\"https:\/\/x.com\/computaex\",\"https:\/\/es.linkedin.com\/company\/cenits\"]}]}<\/script>\n<!-- \/ Yoast SEO plugin. -->","yoast_head_json":{"title":"Green Code - Fundaci\u00f3n COMPUTAEX","robots":{"index":"index","follow":"follow","max-snippet":"max-snippet:-1","max-image-preview":"max-image-preview:large","max-video-preview":"max-video-preview:-1"},"canonical":"https:\/\/computaex.es\/en\/publicaciones\/green-code\/","og_locale":"en_US","og_type":"article","og_title":"Green Code - Fundaci\u00f3n COMPUTAEX","og_description":"Green Code es un subproyecto de Cenital, cuyo objetivo principal persigue un desarrollo de c\u00f3digo fuente eficiente, partiendo de la propia eficiencia energ\u00e9tica de los dispositivos tecnol\u00f3gicos sobre los que ...","og_url":"https:\/\/computaex.es\/en\/publicaciones\/green-code\/","og_site_name":"Fundaci\u00f3n COMPUTAEX","article_publisher":"https:\/\/m.facebook.com\/computaex\/","article_modified_time":"2025-08-27T10:18:42+00:00","og_image":[{"url":"https:\/\/www.computaex.es\/modules\/file\/icons\/application-pdf.png","type":"","width":"","height":""}],"twitter_card":"summary_large_image","twitter_site":"@computaex","twitter_misc":{"Est. reading time":"1 minute"},"schema":{"@context":"https:\/\/schema.org","@graph":[{"@type":"WebPage","@id":"https:\/\/computaex.es\/publicaciones\/green-code\/","url":"https:\/\/computaex.es\/publicaciones\/green-code\/","name":"Green Code - Fundaci\u00f3n COMPUTAEX","isPartOf":{"@id":"https:\/\/computaex.es\/#website"},"primaryImageOfPage":{"@id":"https:\/\/computaex.es\/publicaciones\/green-code\/#primaryimage"},"image":{"@id":"https:\/\/computaex.es\/publicaciones\/green-code\/#primaryimage"},"thumbnailUrl":"https:\/\/www.computaex.es\/modules\/file\/icons\/application-pdf.png","datePublished":"2014-05-07T10:13:46+00:00","dateModified":"2025-08-27T10:18:42+00:00","breadcrumb":{"@id":"https:\/\/computaex.es\/publicaciones\/green-code\/#breadcrumb"},"inLanguage":"en-US","potentialAction":[{"@type":"ReadAction","target":["https:\/\/computaex.es\/publicaciones\/green-code\/"]}]},{"@type":"ImageObject","inLanguage":"en-US","@id":"https:\/\/computaex.es\/publicaciones\/green-code\/#primaryimage","url":"https:\/\/www.computaex.es\/modules\/file\/icons\/application-pdf.png","contentUrl":"https:\/\/www.computaex.es\/modules\/file\/icons\/application-pdf.png"},{"@type":"BreadcrumbList","@id":"https:\/\/computaex.es\/publicaciones\/green-code\/#breadcrumb","itemListElement":[{"@type":"ListItem","position":1,"name":"Portada","item":"https:\/\/computaex.es\/"},{"@type":"ListItem","position":2,"name":"Publicaciones","item":"https:\/\/computaex.es\/publicaciones\/"},{"@type":"ListItem","position":3,"name":"Green Code"}]},{"@type":"WebSite","@id":"https:\/\/computaex.es\/#website","url":"https:\/\/computaex.es\/","name":"COMPUTAEX Foundation","description":"COMPUTAEX","publisher":{"@id":"https:\/\/computaex.es\/#organization"},"potentialAction":[{"@type":"SearchAction","target":{"@type":"EntryPoint","urlTemplate":"https:\/\/computaex.es\/?s={search_term_string}"},"query-input":{"@type":"PropertyValueSpecification","valueRequired":true,"valueName":"search_term_string"}}],"inLanguage":"en-US"},{"@type":"Organization","@id":"https:\/\/computaex.es\/#organization","name":"COMPUTAEX","url":"https:\/\/computaex.es\/","logo":{"@type":"ImageObject","inLanguage":"en-US","@id":"https:\/\/computaex.es\/#\/schema\/logo\/image\/","url":"https:\/\/computaex.es\/wp-content\/uploads\/2025\/05\/cropped-COMPUTAEX_transparente-scaled-1.png","contentUrl":"https:\/\/computaex.es\/wp-content\/uploads\/2025\/05\/cropped-COMPUTAEX_transparente-scaled-1.png","width":2560,"height":970,"caption":"COMPUTAEX"},"image":{"@id":"https:\/\/computaex.es\/#\/schema\/logo\/image\/"},"sameAs":["https:\/\/m.facebook.com\/computaex\/","https:\/\/x.com\/computaex","https:\/\/es.linkedin.com\/company\/cenits"]}]}},"_links":{"self":[{"href":"https:\/\/computaex.es\/en\/wp-json\/wp\/v2\/pages\/9757","targetHints":{"allow":["GET"]}}],"collection":[{"href":"https:\/\/computaex.es\/en\/wp-json\/wp\/v2\/pages"}],"about":[{"href":"https:\/\/computaex.es\/en\/wp-json\/wp\/v2\/types\/page"}],"author":[{"embeddable":true,"href":"https:\/\/computaex.es\/en\/wp-json\/wp\/v2\/users\/1"}],"replies":[{"embeddable":true,"href":"https:\/\/computaex.es\/en\/wp-json\/wp\/v2\/comments?post=9757"}],"version-history":[{"count":3,"href":"https:\/\/computaex.es\/en\/wp-json\/wp\/v2\/pages\/9757\/revisions"}],"predecessor-version":[{"id":9763,"href":"https:\/\/computaex.es\/en\/wp-json\/wp\/v2\/pages\/9757\/revisions\/9763"}],"up":[{"embeddable":true,"href":"https:\/\/computaex.es\/en\/wp-json\/wp\/v2\/pages\/1583"}],"wp:attachment":[{"href":"https:\/\/computaex.es\/en\/wp-json\/wp\/v2\/media?parent=9757"}],"wp:term":[{"taxonomy":"category","embeddable":true,"href":"https:\/\/computaex.es\/en\/wp-json\/wp\/v2\/categories?post=9757"},{"taxonomy":"post_tag","embeddable":true,"href":"https:\/\/computaex.es\/en\/wp-json\/wp\/v2\/tags?post=9757"}],"curies":[{"name":"wp","href":"https:\/\/api.w.org\/{rel}","templated":true}]}}