{"id":9764,"date":"2014-05-19T12:19:06","date_gmt":"2014-05-19T10:19:06","guid":{"rendered":"https:\/\/web.computaex.es\/?page_id=9764"},"modified":"2025-08-27T12:21:07","modified_gmt":"2025-08-27T10:21:07","slug":"hydrazones-from-hydroxy-naphthaldehydes-part-2-condensations-with-aromatic-n-aminoheterocycles-and-elucidation-of-tautomeric-structures","status":"publish","type":"page","link":"https:\/\/computaex.es\/en\/publicaciones\/hydrazones-from-hydroxy-naphthaldehydes-part-2-condensations-with-aromatic-n-aminoheterocycles-and-elucidation-of-tautomeric-structures\/","title":{"rendered":"Hydrazones from hydroxy naphthaldehydes. Part 2. Condensations with aromatic N-aminoheterocycles and elucidation of tautomeric structures"},"content":{"rendered":"<div class=\"field field-name-field-pub-descripcion field-type-text-long field-label-hidden\">\n<div class=\"field-items\">\n<div class=\"field-item even\">\n<p>R. Fernando Mart\u00ednez,Mart\u00edn \u00c1valos,Reyes Babiano,Pedro Cintas,Mark E. Light,Jos\u00e9 L. Jim\u00e9nez,Juan C. Palacios.<strong>\u00a0Hydrazones from hydroxy naphthaldehydes. Part 2. Condensations with aromatic N-aminoheterocycles and elucidation of tautomeric structures. Tetrahedron<\/strong>. Volume 70, Issue 14, 8 April 2014, Pages 2319\u20132329.\u00a0<a href=\"http:\/\/dx.doi.org\/10.1016\/j.tet.2014.02.049\" target=\"_blank\" rel=\"noopener\">http:\/\/dx.doi.org\/10.1016\/j.tet.2014.02.049.<\/a><\/p>\n<p><strong>Abstract<\/strong><br \/>\nThis paper extends previous studies on <a class=\"topic-link\" title=\"Learn more about hydrazones from ScienceDirect's AI-generated Topic Pages\" href=\"https:\/\/www.sciencedirect.com\/topics\/pharmacology-toxicology-and-pharmaceutical-science\/hydrazone-derivative\">hydrazones<\/a>\u00a0derived from\u00a0<a class=\"topic-link\" title=\"Learn more about hydroxyl from ScienceDirect's AI-generated Topic Pages\" href=\"https:\/\/www.sciencedirect.com\/topics\/chemistry\/hydroxyl\">hydroxyl<\/a>\u00a0<a class=\"topic-link\" title=\"Learn more about naphthaldehydes from ScienceDirect's AI-generated Topic Pages\" href=\"https:\/\/www.sciencedirect.com\/topics\/chemistry\/naphthaldehyde\">naphthaldehydes<\/a>\u00a0to aromatic\u00a0<em>N<\/em>-aminoheterocycles (exemplified herein by\u00a0<a class=\"topic-link\" title=\"Learn more about triazole from ScienceDirect's AI-generated Topic Pages\" href=\"https:\/\/www.sciencedirect.com\/topics\/chemistry\/triazole\">triazole<\/a>\u00a0derivatives), in an attempt to freeze\u00a0<a class=\"topic-link\" title=\"Learn more about enamine from ScienceDirect's AI-generated Topic Pages\" href=\"https:\/\/www.sciencedirect.com\/topics\/pharmacology-toxicology-and-pharmaceutical-science\/enamine\">enamine<\/a>\u00a0structures either by altering the electronic properties of the non-iminic nitrogen or through\u00a0<a class=\"topic-link\" title=\"Learn more about steric hindrance from ScienceDirect's AI-generated Topic Pages\" href=\"https:\/\/www.sciencedirect.com\/topics\/biochemistry-genetics-and-molecular-biology\/stereospecificity\">steric hindrance<\/a>\u00a0leading to coplanar dispositions between the lone pairs. By comparing experimentally obtained results (NMR in solution and crystal data) to computationally simulated ones (via DFT calculations in the gas phase and CHCl<sub>3<\/sub>), the structures of the preferential\u00a0<a class=\"topic-link\" title=\"Learn more about conformers from ScienceDirect's AI-generated Topic Pages\" href=\"https:\/\/www.sciencedirect.com\/topics\/chemistry\/conformational-isomer\">conformers<\/a>\u00a0and\u00a0<a class=\"topic-link\" title=\"Learn more about tautomers from ScienceDirect's AI-generated Topic Pages\" href=\"https:\/\/www.sciencedirect.com\/topics\/chemistry\/tautomer\">tautomers<\/a>\u00a0can be confidently assigned. All data are consistent with enhanced stability of\u00a0<a class=\"topic-link\" title=\"Learn more about imine from ScienceDirect's AI-generated Topic Pages\" href=\"https:\/\/www.sciencedirect.com\/topics\/pharmacology-toxicology-and-pharmaceutical-science\/imine\">imine<\/a>\u00a0forms with respect to their\u00a0<a class=\"topic-link\" title=\"Learn more about enamine from ScienceDirect's AI-generated Topic Pages\" href=\"https:\/\/www.sciencedirect.com\/topics\/chemistry\/enamine\">enamine<\/a>\u00a0counterparts. DFT calculations have the ability to identify the orbital interactions responsible for\u00a0<a class=\"topic-link\" title=\"Learn more about electron delocalization from ScienceDirect's AI-generated Topic Pages\" href=\"https:\/\/www.sciencedirect.com\/topics\/chemistry\/electron-delocalization\">electron delocalization<\/a>\u00a0and the energy of intramolecular\u00a0<a class=\"topic-link\" title=\"Learn more about hydrogen bonding from ScienceDirect's AI-generated Topic Pages\" href=\"https:\/\/www.sciencedirect.com\/topics\/materials-science\/hydrogen-bonding\">hydrogen bonding<\/a>. In addition, all transition structures for conformational and tautomeric equilibria are located and characterized.<\/p>\n<\/div>\n<\/div>\n<\/div>\n<div class=\"field field-name-field-pub-fuente field-type-text-long field-label-above\">\n<div class=\"field-label\">Fuente de la publicaci\u00f3n:<\/div>\n<div class=\"field-items\">\n<div class=\"field-item even\">\n<ul>\n<li><a href=\"http:\/\/www.sciencedirect.com\/science\/article\/pii\/S0040402014002191\" target=\"_blank\" rel=\"noopener\">Hydrazones from hydroxy naphthaldehydes. Part 2. Condensations with aromatic N-aminoheterocycles and elucidation of tautomeric structures<\/a><\/li>\n<\/ul>\n<\/div>\n<\/div>\n<\/div>","protected":false},"excerpt":{"rendered":"<p>R. Fernando Mart\u00ednez,Mart\u00edn \u00c1valos,Reyes Babiano,Pedro Cintas,Mark E. Light,Jos\u00e9 L. Jim\u00e9nez,Juan C. Palacios.\u00a0Hydrazones from hydroxy naphthaldehydes. Part 2. Condensations with aromatic N-aminoheterocycles and elucidation of tautomeric structures. Tetrahedron. Volume 70, Issue &#8230;<\/p>","protected":false},"author":1,"featured_media":0,"parent":1583,"menu_order":0,"comment_status":"closed","ping_status":"closed","template":"","meta":{"footnotes":""},"categories":[110,91],"tags":[],"class_list":["post-9764","page","type-page","status-publish","hentry","category-anteriores","category-publicaciones"],"yoast_head":"<!-- This site is optimized with the Yoast SEO plugin v27.1.1 - https:\/\/yoast.com\/product\/yoast-seo-wordpress\/ -->\n<title>Hydrazones from hydroxy naphthaldehydes. Part 2. Condensations with aromatic N-aminoheterocycles and elucidation of tautomeric structures - Fundaci\u00f3n COMPUTAEX<\/title>\n<meta name=\"robots\" content=\"index, follow, max-snippet:-1, max-image-preview:large, max-video-preview:-1\" \/>\n<link rel=\"canonical\" href=\"https:\/\/computaex.es\/en\/publicaciones\/hydrazones-from-hydroxy-naphthaldehydes-part-2-condensations-with-aromatic-n-aminoheterocycles-and-elucidation-of-tautomeric-structures\/\" \/>\n<meta property=\"og:locale\" content=\"en_US\" \/>\n<meta property=\"og:type\" content=\"article\" \/>\n<meta property=\"og:title\" content=\"Hydrazones from hydroxy naphthaldehydes. Part 2. Condensations with aromatic N-aminoheterocycles and elucidation of tautomeric structures - Fundaci\u00f3n COMPUTAEX\" \/>\n<meta property=\"og:description\" content=\"R. Fernando Mart\u00ednez,Mart\u00edn \u00c1valos,Reyes Babiano,Pedro Cintas,Mark E. Light,Jos\u00e9 L. Jim\u00e9nez,Juan C. Palacios.\u00a0Hydrazones from hydroxy naphthaldehydes. Part 2. Condensations with aromatic N-aminoheterocycles and elucidation of tautomeric structures. Tetrahedron. Volume 70, Issue ...\" \/>\n<meta property=\"og:url\" content=\"https:\/\/computaex.es\/en\/publicaciones\/hydrazones-from-hydroxy-naphthaldehydes-part-2-condensations-with-aromatic-n-aminoheterocycles-and-elucidation-of-tautomeric-structures\/\" \/>\n<meta property=\"og:site_name\" content=\"Fundaci\u00f3n COMPUTAEX\" \/>\n<meta property=\"article:publisher\" content=\"https:\/\/m.facebook.com\/computaex\/\" \/>\n<meta property=\"article:modified_time\" content=\"2025-08-27T10:21:07+00:00\" \/>\n<meta property=\"og:image\" content=\"https:\/\/computaex.es\/wp-content\/uploads\/2025\/08\/COMPUTAEX.jpg\" \/>\n\t<meta property=\"og:image:width\" content=\"1024\" \/>\n\t<meta property=\"og:image:height\" content=\"403\" \/>\n\t<meta property=\"og:image:type\" content=\"image\/jpeg\" \/>\n<meta name=\"twitter:card\" content=\"summary_large_image\" \/>\n<meta name=\"twitter:site\" content=\"@computaex\" \/>\n<meta name=\"twitter:label1\" content=\"Est. reading time\" \/>\n\t<meta name=\"twitter:data1\" content=\"1 minute\" \/>\n<script type=\"application\/ld+json\" class=\"yoast-schema-graph\">{\"@context\":\"https:\/\/schema.org\",\"@graph\":[{\"@type\":\"WebPage\",\"@id\":\"https:\/\/computaex.es\/publicaciones\/hydrazones-from-hydroxy-naphthaldehydes-part-2-condensations-with-aromatic-n-aminoheterocycles-and-elucidation-of-tautomeric-structures\/\",\"url\":\"https:\/\/computaex.es\/publicaciones\/hydrazones-from-hydroxy-naphthaldehydes-part-2-condensations-with-aromatic-n-aminoheterocycles-and-elucidation-of-tautomeric-structures\/\",\"name\":\"Hydrazones from hydroxy naphthaldehydes. Part 2. Condensations with aromatic N-aminoheterocycles and elucidation of tautomeric structures - Fundaci\u00f3n COMPUTAEX\",\"isPartOf\":{\"@id\":\"https:\/\/computaex.es\/#website\"},\"datePublished\":\"2014-05-19T10:19:06+00:00\",\"dateModified\":\"2025-08-27T10:21:07+00:00\",\"breadcrumb\":{\"@id\":\"https:\/\/computaex.es\/publicaciones\/hydrazones-from-hydroxy-naphthaldehydes-part-2-condensations-with-aromatic-n-aminoheterocycles-and-elucidation-of-tautomeric-structures\/#breadcrumb\"},\"inLanguage\":\"en-US\",\"potentialAction\":[{\"@type\":\"ReadAction\",\"target\":[\"https:\/\/computaex.es\/publicaciones\/hydrazones-from-hydroxy-naphthaldehydes-part-2-condensations-with-aromatic-n-aminoheterocycles-and-elucidation-of-tautomeric-structures\/\"]}]},{\"@type\":\"BreadcrumbList\",\"@id\":\"https:\/\/computaex.es\/publicaciones\/hydrazones-from-hydroxy-naphthaldehydes-part-2-condensations-with-aromatic-n-aminoheterocycles-and-elucidation-of-tautomeric-structures\/#breadcrumb\",\"itemListElement\":[{\"@type\":\"ListItem\",\"position\":1,\"name\":\"Portada\",\"item\":\"https:\/\/computaex.es\/\"},{\"@type\":\"ListItem\",\"position\":2,\"name\":\"Publicaciones\",\"item\":\"https:\/\/computaex.es\/publicaciones\/\"},{\"@type\":\"ListItem\",\"position\":3,\"name\":\"Hydrazones from hydroxy naphthaldehydes. Part 2. Condensations with aromatic N-aminoheterocycles and elucidation of tautomeric structures\"}]},{\"@type\":\"WebSite\",\"@id\":\"https:\/\/computaex.es\/#website\",\"url\":\"https:\/\/computaex.es\/\",\"name\":\"Fundaci\u00f3n COMPUTAEX\",\"description\":\"COMPUTAEX\",\"publisher\":{\"@id\":\"https:\/\/computaex.es\/#organization\"},\"potentialAction\":[{\"@type\":\"SearchAction\",\"target\":{\"@type\":\"EntryPoint\",\"urlTemplate\":\"https:\/\/computaex.es\/?s={search_term_string}\"},\"query-input\":{\"@type\":\"PropertyValueSpecification\",\"valueRequired\":true,\"valueName\":\"search_term_string\"}}],\"inLanguage\":\"en-US\"},{\"@type\":\"Organization\",\"@id\":\"https:\/\/computaex.es\/#organization\",\"name\":\"COMPUTAEX\",\"url\":\"https:\/\/computaex.es\/\",\"logo\":{\"@type\":\"ImageObject\",\"inLanguage\":\"en-US\",\"@id\":\"https:\/\/computaex.es\/#\/schema\/logo\/image\/\",\"url\":\"https:\/\/computaex.es\/wp-content\/uploads\/2025\/05\/cropped-COMPUTAEX_transparente-scaled-1.png\",\"contentUrl\":\"https:\/\/computaex.es\/wp-content\/uploads\/2025\/05\/cropped-COMPUTAEX_transparente-scaled-1.png\",\"width\":2560,\"height\":970,\"caption\":\"COMPUTAEX\"},\"image\":{\"@id\":\"https:\/\/computaex.es\/#\/schema\/logo\/image\/\"},\"sameAs\":[\"https:\/\/m.facebook.com\/computaex\/\",\"https:\/\/x.com\/computaex\",\"https:\/\/es.linkedin.com\/company\/cenits\"]}]}<\/script>\n<!-- \/ Yoast SEO plugin. -->","yoast_head_json":{"title":"Hydrazones from hydroxy naphthaldehydes. Part 2. Condensations with aromatic N-aminoheterocycles and elucidation of tautomeric structures - Fundaci\u00f3n COMPUTAEX","robots":{"index":"index","follow":"follow","max-snippet":"max-snippet:-1","max-image-preview":"max-image-preview:large","max-video-preview":"max-video-preview:-1"},"canonical":"https:\/\/computaex.es\/en\/publicaciones\/hydrazones-from-hydroxy-naphthaldehydes-part-2-condensations-with-aromatic-n-aminoheterocycles-and-elucidation-of-tautomeric-structures\/","og_locale":"en_US","og_type":"article","og_title":"Hydrazones from hydroxy naphthaldehydes. Part 2. Condensations with aromatic N-aminoheterocycles and elucidation of tautomeric structures - Fundaci\u00f3n COMPUTAEX","og_description":"R. Fernando Mart\u00ednez,Mart\u00edn \u00c1valos,Reyes Babiano,Pedro Cintas,Mark E. Light,Jos\u00e9 L. Jim\u00e9nez,Juan C. Palacios.\u00a0Hydrazones from hydroxy naphthaldehydes. Part 2. Condensations with aromatic N-aminoheterocycles and elucidation of tautomeric structures. Tetrahedron. Volume 70, Issue ...","og_url":"https:\/\/computaex.es\/en\/publicaciones\/hydrazones-from-hydroxy-naphthaldehydes-part-2-condensations-with-aromatic-n-aminoheterocycles-and-elucidation-of-tautomeric-structures\/","og_site_name":"Fundaci\u00f3n COMPUTAEX","article_publisher":"https:\/\/m.facebook.com\/computaex\/","article_modified_time":"2025-08-27T10:21:07+00:00","og_image":[{"width":1024,"height":403,"url":"https:\/\/computaex.es\/wp-content\/uploads\/2025\/08\/COMPUTAEX.jpg","type":"image\/jpeg"}],"twitter_card":"summary_large_image","twitter_site":"@computaex","twitter_misc":{"Est. reading time":"1 minute"},"schema":{"@context":"https:\/\/schema.org","@graph":[{"@type":"WebPage","@id":"https:\/\/computaex.es\/publicaciones\/hydrazones-from-hydroxy-naphthaldehydes-part-2-condensations-with-aromatic-n-aminoheterocycles-and-elucidation-of-tautomeric-structures\/","url":"https:\/\/computaex.es\/publicaciones\/hydrazones-from-hydroxy-naphthaldehydes-part-2-condensations-with-aromatic-n-aminoheterocycles-and-elucidation-of-tautomeric-structures\/","name":"Hydrazones from hydroxy naphthaldehydes. Part 2. Condensations with aromatic N-aminoheterocycles and elucidation of tautomeric structures - Fundaci\u00f3n COMPUTAEX","isPartOf":{"@id":"https:\/\/computaex.es\/#website"},"datePublished":"2014-05-19T10:19:06+00:00","dateModified":"2025-08-27T10:21:07+00:00","breadcrumb":{"@id":"https:\/\/computaex.es\/publicaciones\/hydrazones-from-hydroxy-naphthaldehydes-part-2-condensations-with-aromatic-n-aminoheterocycles-and-elucidation-of-tautomeric-structures\/#breadcrumb"},"inLanguage":"en-US","potentialAction":[{"@type":"ReadAction","target":["https:\/\/computaex.es\/publicaciones\/hydrazones-from-hydroxy-naphthaldehydes-part-2-condensations-with-aromatic-n-aminoheterocycles-and-elucidation-of-tautomeric-structures\/"]}]},{"@type":"BreadcrumbList","@id":"https:\/\/computaex.es\/publicaciones\/hydrazones-from-hydroxy-naphthaldehydes-part-2-condensations-with-aromatic-n-aminoheterocycles-and-elucidation-of-tautomeric-structures\/#breadcrumb","itemListElement":[{"@type":"ListItem","position":1,"name":"Portada","item":"https:\/\/computaex.es\/"},{"@type":"ListItem","position":2,"name":"Publicaciones","item":"https:\/\/computaex.es\/publicaciones\/"},{"@type":"ListItem","position":3,"name":"Hydrazones from hydroxy naphthaldehydes. Part 2. Condensations with aromatic N-aminoheterocycles and elucidation of tautomeric structures"}]},{"@type":"WebSite","@id":"https:\/\/computaex.es\/#website","url":"https:\/\/computaex.es\/","name":"COMPUTAEX Foundation","description":"COMPUTAEX","publisher":{"@id":"https:\/\/computaex.es\/#organization"},"potentialAction":[{"@type":"SearchAction","target":{"@type":"EntryPoint","urlTemplate":"https:\/\/computaex.es\/?s={search_term_string}"},"query-input":{"@type":"PropertyValueSpecification","valueRequired":true,"valueName":"search_term_string"}}],"inLanguage":"en-US"},{"@type":"Organization","@id":"https:\/\/computaex.es\/#organization","name":"COMPUTAEX","url":"https:\/\/computaex.es\/","logo":{"@type":"ImageObject","inLanguage":"en-US","@id":"https:\/\/computaex.es\/#\/schema\/logo\/image\/","url":"https:\/\/computaex.es\/wp-content\/uploads\/2025\/05\/cropped-COMPUTAEX_transparente-scaled-1.png","contentUrl":"https:\/\/computaex.es\/wp-content\/uploads\/2025\/05\/cropped-COMPUTAEX_transparente-scaled-1.png","width":2560,"height":970,"caption":"COMPUTAEX"},"image":{"@id":"https:\/\/computaex.es\/#\/schema\/logo\/image\/"},"sameAs":["https:\/\/m.facebook.com\/computaex\/","https:\/\/x.com\/computaex","https:\/\/es.linkedin.com\/company\/cenits"]}]}},"_links":{"self":[{"href":"https:\/\/computaex.es\/en\/wp-json\/wp\/v2\/pages\/9764","targetHints":{"allow":["GET"]}}],"collection":[{"href":"https:\/\/computaex.es\/en\/wp-json\/wp\/v2\/pages"}],"about":[{"href":"https:\/\/computaex.es\/en\/wp-json\/wp\/v2\/types\/page"}],"author":[{"embeddable":true,"href":"https:\/\/computaex.es\/en\/wp-json\/wp\/v2\/users\/1"}],"replies":[{"embeddable":true,"href":"https:\/\/computaex.es\/en\/wp-json\/wp\/v2\/comments?post=9764"}],"version-history":[{"count":2,"href":"https:\/\/computaex.es\/en\/wp-json\/wp\/v2\/pages\/9764\/revisions"}],"predecessor-version":[{"id":9766,"href":"https:\/\/computaex.es\/en\/wp-json\/wp\/v2\/pages\/9764\/revisions\/9766"}],"up":[{"embeddable":true,"href":"https:\/\/computaex.es\/en\/wp-json\/wp\/v2\/pages\/1583"}],"wp:attachment":[{"href":"https:\/\/computaex.es\/en\/wp-json\/wp\/v2\/media?parent=9764"}],"wp:term":[{"taxonomy":"category","embeddable":true,"href":"https:\/\/computaex.es\/en\/wp-json\/wp\/v2\/categories?post=9764"},{"taxonomy":"post_tag","embeddable":true,"href":"https:\/\/computaex.es\/en\/wp-json\/wp\/v2\/tags?post=9764"}],"curies":[{"name":"wp","href":"https:\/\/api.w.org\/{rel}","templated":true}]}}