{"id":9769,"date":"2014-09-03T12:23:16","date_gmt":"2014-09-03T10:23:16","guid":{"rendered":"https:\/\/web.computaex.es\/?page_id=9769"},"modified":"2025-08-27T12:24:22","modified_gmt":"2025-08-27T10:24:22","slug":"propuesta-y-analisis-de-viabilidad-de-un-sistema-automatizado-de-diagnostico-e-investigacion-aplicado-a-la-tecnologia-de-ultra-secuenciacion-genetica-en-un-centro-de-supercomputacion","status":"publish","type":"page","link":"https:\/\/computaex.es\/en\/publicaciones\/propuesta-y-analisis-de-viabilidad-de-un-sistema-automatizado-de-diagnostico-e-investigacion-aplicado-a-la-tecnologia-de-ultra-secuenciacion-genetica-en-un-centro-de-supercomputacion\/","title":{"rendered":"Propuesta y an\u00e1lisis de viabilidad de un sistema automatizado de diagn\u00f3stico e investigaci\u00f3n aplicado a la tecnolog\u00eda de ultra-secuenciaci\u00f3n gen\u00e9tica en un centro de supercomputaci\u00f3n"},"content":{"rendered":"<div class=\"field field-name-field-pub-descripcion field-type-text-long field-label-hidden\">\n<div class=\"field-items\">\n<div class=\"field-item even\">\n<p>Dentro de toda la gama de experimentos de secuenciaci\u00f3n gen\u00e9tica que la tecnolog\u00eda actual permite llevar a cabo, el m\u00e1s utilizado por los genetistas es el de resecuenciaci\u00f3n gen\u00e9tica. Es en sus dos \u00faltimas fases donde la bioinform\u00e1tica puede ser de gran ayuda, ya que se requiere la correcta orquestaci\u00f3n de una serie de elementos software para la obtenci\u00f3n de informaci\u00f3n gen\u00e9tica de alto nivel, que sea \u00fatil para el diagn\u00f3stico e investigaci\u00f3n de enfermedades cuyo origen es gen\u00e9tico.<\/p>\n<p>Con el desarrollo de este trabajo se ha llevado a cabo un estudio de viabilidad, con el objetivo de saber:<\/p>\n<ul>\n<li>La tecnolog\u00ed\u0131a necesaria para que un especialista que secuencia una muestra biol\u00f3gica logre obtener todos los datos requeridos para su investigaci\u00f3n o diagn\u00f3stico.<\/li>\n<li>La organizaci\u00f3n y los requisitos necesarios a tal efecto.<\/li>\n<li>El coste derivado del proceso.<\/li>\n<\/ul>\n<p>Desde el punto de vista del procesamiento de la informaci\u00f3n:<\/p>\n<ul>\n<li>Se han analizado aquellos tratamientos de secuencias gen\u00e9ticas que permitan un automatismo y una mejora de la eficacia en los an\u00e1lisis de estas, utilizando HPC (High Performance Computing). Se ha proporcionado a los especialistas el nivel de aplicabilidad requerido para su trabajo.<\/li>\n<li>Se ha tenido en cuenta el tratamiento personalizado que debe aplicarse a las secuencias gen\u00e9ticas en materia de seguridad de la informaci\u00f3n.<\/li>\n<\/ul>\n<\/div>\n<\/div>\n<\/div>\n<div class=\"field field-name-field-pub-fuente field-type-text-long field-label-above\">\n<div class=\"field-label\">Fuente de la publicaci\u00f3n:<\/div>\n<div class=\"field-items\">\n<div class=\"field-item even\">\n<ul>\n<li>Manuel Alfonso L\u00f3pez Rourich.\u00a0<em>Propuesta y an\u00e1lisis de viabilidad de un sistema automatizado de diagn\u00f3stico e investigaci\u00f3n aplicado a la tecnolog\u00eda de ultra-secuenciaci\u00f3n gen\u00e9tica en un centro de supercomputaci\u00f3n<\/em>.\u00a0Trabajo Final de M\u00e1ster universitario en investigaci\u00f3n, Universidad de Extremadura. Septiembre de 2014.<\/li>\n<\/ul>\n<\/div>\n<\/div>\n<\/div>","protected":false},"excerpt":{"rendered":"<p>Dentro de toda la gama de experimentos de secuenciaci\u00f3n gen\u00e9tica que la tecnolog\u00eda actual permite llevar a cabo, el m\u00e1s utilizado por los genetistas es el de resecuenciaci\u00f3n gen\u00e9tica. Es &#8230;<\/p>","protected":false},"author":1,"featured_media":0,"parent":1583,"menu_order":0,"comment_status":"closed","ping_status":"closed","template":"","meta":{"footnotes":""},"categories":[110,91],"tags":[],"class_list":["post-9769","page","type-page","status-publish","hentry","category-anteriores","category-publicaciones"],"yoast_head":"<!-- This site is optimized with the Yoast SEO plugin v27.1.1 - https:\/\/yoast.com\/product\/yoast-seo-wordpress\/ -->\n<title>Propuesta y an\u00e1lisis de viabilidad de un sistema automatizado de diagn\u00f3stico e investigaci\u00f3n aplicado a la tecnolog\u00eda de ultra-secuenciaci\u00f3n gen\u00e9tica en un centro de supercomputaci\u00f3n - Fundaci\u00f3n COMPUTAEX<\/title>\n<meta name=\"robots\" content=\"index, follow, max-snippet:-1, max-image-preview:large, max-video-preview:-1\" \/>\n<link rel=\"canonical\" href=\"https:\/\/computaex.es\/en\/publicaciones\/propuesta-y-analisis-de-viabilidad-de-un-sistema-automatizado-de-diagnostico-e-investigacion-aplicado-a-la-tecnologia-de-ultra-secuenciacion-genetica-en-un-centro-de-supercomputacion\/\" \/>\n<meta property=\"og:locale\" content=\"en_US\" \/>\n<meta property=\"og:type\" content=\"article\" \/>\n<meta property=\"og:title\" content=\"Propuesta y an\u00e1lisis de viabilidad de un sistema automatizado de diagn\u00f3stico e investigaci\u00f3n aplicado a la tecnolog\u00eda de ultra-secuenciaci\u00f3n gen\u00e9tica en un centro de supercomputaci\u00f3n - Fundaci\u00f3n COMPUTAEX\" \/>\n<meta property=\"og:description\" content=\"Dentro de toda la gama de experimentos de secuenciaci\u00f3n gen\u00e9tica que la tecnolog\u00eda actual permite llevar a cabo, el m\u00e1s utilizado por los genetistas es el de resecuenciaci\u00f3n gen\u00e9tica. Es ...\" \/>\n<meta property=\"og:url\" content=\"https:\/\/computaex.es\/en\/publicaciones\/propuesta-y-analisis-de-viabilidad-de-un-sistema-automatizado-de-diagnostico-e-investigacion-aplicado-a-la-tecnologia-de-ultra-secuenciacion-genetica-en-un-centro-de-supercomputacion\/\" \/>\n<meta property=\"og:site_name\" content=\"Fundaci\u00f3n COMPUTAEX\" \/>\n<meta property=\"article:publisher\" content=\"https:\/\/m.facebook.com\/computaex\/\" \/>\n<meta property=\"article:modified_time\" content=\"2025-08-27T10:24:22+00:00\" \/>\n<meta property=\"og:image\" content=\"https:\/\/computaex.es\/wp-content\/uploads\/2025\/08\/COMPUTAEX.jpg\" \/>\n\t<meta property=\"og:image:width\" content=\"1024\" \/>\n\t<meta property=\"og:image:height\" content=\"403\" \/>\n\t<meta property=\"og:image:type\" content=\"image\/jpeg\" \/>\n<meta name=\"twitter:card\" content=\"summary_large_image\" \/>\n<meta name=\"twitter:site\" content=\"@computaex\" \/>\n<meta name=\"twitter:label1\" content=\"Est. reading time\" \/>\n\t<meta name=\"twitter:data1\" content=\"2 minutes\" \/>\n<script type=\"application\/ld+json\" class=\"yoast-schema-graph\">{\"@context\":\"https:\/\/schema.org\",\"@graph\":[{\"@type\":\"WebPage\",\"@id\":\"https:\/\/computaex.es\/publicaciones\/propuesta-y-analisis-de-viabilidad-de-un-sistema-automatizado-de-diagnostico-e-investigacion-aplicado-a-la-tecnologia-de-ultra-secuenciacion-genetica-en-un-centro-de-supercomputacion\/\",\"url\":\"https:\/\/computaex.es\/publicaciones\/propuesta-y-analisis-de-viabilidad-de-un-sistema-automatizado-de-diagnostico-e-investigacion-aplicado-a-la-tecnologia-de-ultra-secuenciacion-genetica-en-un-centro-de-supercomputacion\/\",\"name\":\"Propuesta y an\u00e1lisis de viabilidad de un sistema automatizado de diagn\u00f3stico e investigaci\u00f3n aplicado a la tecnolog\u00eda de ultra-secuenciaci\u00f3n gen\u00e9tica en un centro de supercomputaci\u00f3n - Fundaci\u00f3n COMPUTAEX\",\"isPartOf\":{\"@id\":\"https:\/\/computaex.es\/#website\"},\"datePublished\":\"2014-09-03T10:23:16+00:00\",\"dateModified\":\"2025-08-27T10:24:22+00:00\",\"breadcrumb\":{\"@id\":\"https:\/\/computaex.es\/publicaciones\/propuesta-y-analisis-de-viabilidad-de-un-sistema-automatizado-de-diagnostico-e-investigacion-aplicado-a-la-tecnologia-de-ultra-secuenciacion-genetica-en-un-centro-de-supercomputacion\/#breadcrumb\"},\"inLanguage\":\"en-US\",\"potentialAction\":[{\"@type\":\"ReadAction\",\"target\":[\"https:\/\/computaex.es\/publicaciones\/propuesta-y-analisis-de-viabilidad-de-un-sistema-automatizado-de-diagnostico-e-investigacion-aplicado-a-la-tecnologia-de-ultra-secuenciacion-genetica-en-un-centro-de-supercomputacion\/\"]}]},{\"@type\":\"BreadcrumbList\",\"@id\":\"https:\/\/computaex.es\/publicaciones\/propuesta-y-analisis-de-viabilidad-de-un-sistema-automatizado-de-diagnostico-e-investigacion-aplicado-a-la-tecnologia-de-ultra-secuenciacion-genetica-en-un-centro-de-supercomputacion\/#breadcrumb\",\"itemListElement\":[{\"@type\":\"ListItem\",\"position\":1,\"name\":\"Portada\",\"item\":\"https:\/\/computaex.es\/\"},{\"@type\":\"ListItem\",\"position\":2,\"name\":\"Publicaciones\",\"item\":\"https:\/\/computaex.es\/publicaciones\/\"},{\"@type\":\"ListItem\",\"position\":3,\"name\":\"Propuesta y an\u00e1lisis de viabilidad de un sistema automatizado de diagn\u00f3stico e investigaci\u00f3n aplicado a la tecnolog\u00eda de ultra-secuenciaci\u00f3n gen\u00e9tica en un centro de supercomputaci\u00f3n\"}]},{\"@type\":\"WebSite\",\"@id\":\"https:\/\/computaex.es\/#website\",\"url\":\"https:\/\/computaex.es\/\",\"name\":\"Fundaci\u00f3n COMPUTAEX\",\"description\":\"COMPUTAEX\",\"publisher\":{\"@id\":\"https:\/\/computaex.es\/#organization\"},\"potentialAction\":[{\"@type\":\"SearchAction\",\"target\":{\"@type\":\"EntryPoint\",\"urlTemplate\":\"https:\/\/computaex.es\/?s={search_term_string}\"},\"query-input\":{\"@type\":\"PropertyValueSpecification\",\"valueRequired\":true,\"valueName\":\"search_term_string\"}}],\"inLanguage\":\"en-US\"},{\"@type\":\"Organization\",\"@id\":\"https:\/\/computaex.es\/#organization\",\"name\":\"COMPUTAEX\",\"url\":\"https:\/\/computaex.es\/\",\"logo\":{\"@type\":\"ImageObject\",\"inLanguage\":\"en-US\",\"@id\":\"https:\/\/computaex.es\/#\/schema\/logo\/image\/\",\"url\":\"https:\/\/computaex.es\/wp-content\/uploads\/2025\/05\/cropped-COMPUTAEX_transparente-scaled-1.png\",\"contentUrl\":\"https:\/\/computaex.es\/wp-content\/uploads\/2025\/05\/cropped-COMPUTAEX_transparente-scaled-1.png\",\"width\":2560,\"height\":970,\"caption\":\"COMPUTAEX\"},\"image\":{\"@id\":\"https:\/\/computaex.es\/#\/schema\/logo\/image\/\"},\"sameAs\":[\"https:\/\/m.facebook.com\/computaex\/\",\"https:\/\/x.com\/computaex\",\"https:\/\/es.linkedin.com\/company\/cenits\"]}]}<\/script>\n<!-- \/ Yoast SEO plugin. -->","yoast_head_json":{"title":"Propuesta y an\u00e1lisis de viabilidad de un sistema automatizado de diagn\u00f3stico e investigaci\u00f3n aplicado a la tecnolog\u00eda de ultra-secuenciaci\u00f3n gen\u00e9tica en un centro de supercomputaci\u00f3n - Fundaci\u00f3n COMPUTAEX","robots":{"index":"index","follow":"follow","max-snippet":"max-snippet:-1","max-image-preview":"max-image-preview:large","max-video-preview":"max-video-preview:-1"},"canonical":"https:\/\/computaex.es\/en\/publicaciones\/propuesta-y-analisis-de-viabilidad-de-un-sistema-automatizado-de-diagnostico-e-investigacion-aplicado-a-la-tecnologia-de-ultra-secuenciacion-genetica-en-un-centro-de-supercomputacion\/","og_locale":"en_US","og_type":"article","og_title":"Propuesta y an\u00e1lisis de viabilidad de un sistema automatizado de diagn\u00f3stico e investigaci\u00f3n aplicado a la tecnolog\u00eda de ultra-secuenciaci\u00f3n gen\u00e9tica en un centro de supercomputaci\u00f3n - Fundaci\u00f3n COMPUTAEX","og_description":"Dentro de toda la gama de experimentos de secuenciaci\u00f3n gen\u00e9tica que la tecnolog\u00eda actual permite llevar a cabo, el m\u00e1s utilizado por los genetistas es el de resecuenciaci\u00f3n gen\u00e9tica. Es ...","og_url":"https:\/\/computaex.es\/en\/publicaciones\/propuesta-y-analisis-de-viabilidad-de-un-sistema-automatizado-de-diagnostico-e-investigacion-aplicado-a-la-tecnologia-de-ultra-secuenciacion-genetica-en-un-centro-de-supercomputacion\/","og_site_name":"Fundaci\u00f3n COMPUTAEX","article_publisher":"https:\/\/m.facebook.com\/computaex\/","article_modified_time":"2025-08-27T10:24:22+00:00","og_image":[{"width":1024,"height":403,"url":"https:\/\/computaex.es\/wp-content\/uploads\/2025\/08\/COMPUTAEX.jpg","type":"image\/jpeg"}],"twitter_card":"summary_large_image","twitter_site":"@computaex","twitter_misc":{"Est. reading time":"2 minutes"},"schema":{"@context":"https:\/\/schema.org","@graph":[{"@type":"WebPage","@id":"https:\/\/computaex.es\/publicaciones\/propuesta-y-analisis-de-viabilidad-de-un-sistema-automatizado-de-diagnostico-e-investigacion-aplicado-a-la-tecnologia-de-ultra-secuenciacion-genetica-en-un-centro-de-supercomputacion\/","url":"https:\/\/computaex.es\/publicaciones\/propuesta-y-analisis-de-viabilidad-de-un-sistema-automatizado-de-diagnostico-e-investigacion-aplicado-a-la-tecnologia-de-ultra-secuenciacion-genetica-en-un-centro-de-supercomputacion\/","name":"Propuesta y an\u00e1lisis de viabilidad de un sistema automatizado de diagn\u00f3stico e investigaci\u00f3n aplicado a la tecnolog\u00eda de ultra-secuenciaci\u00f3n gen\u00e9tica en un centro de supercomputaci\u00f3n - Fundaci\u00f3n COMPUTAEX","isPartOf":{"@id":"https:\/\/computaex.es\/#website"},"datePublished":"2014-09-03T10:23:16+00:00","dateModified":"2025-08-27T10:24:22+00:00","breadcrumb":{"@id":"https:\/\/computaex.es\/publicaciones\/propuesta-y-analisis-de-viabilidad-de-un-sistema-automatizado-de-diagnostico-e-investigacion-aplicado-a-la-tecnologia-de-ultra-secuenciacion-genetica-en-un-centro-de-supercomputacion\/#breadcrumb"},"inLanguage":"en-US","potentialAction":[{"@type":"ReadAction","target":["https:\/\/computaex.es\/publicaciones\/propuesta-y-analisis-de-viabilidad-de-un-sistema-automatizado-de-diagnostico-e-investigacion-aplicado-a-la-tecnologia-de-ultra-secuenciacion-genetica-en-un-centro-de-supercomputacion\/"]}]},{"@type":"BreadcrumbList","@id":"https:\/\/computaex.es\/publicaciones\/propuesta-y-analisis-de-viabilidad-de-un-sistema-automatizado-de-diagnostico-e-investigacion-aplicado-a-la-tecnologia-de-ultra-secuenciacion-genetica-en-un-centro-de-supercomputacion\/#breadcrumb","itemListElement":[{"@type":"ListItem","position":1,"name":"Portada","item":"https:\/\/computaex.es\/"},{"@type":"ListItem","position":2,"name":"Publicaciones","item":"https:\/\/computaex.es\/publicaciones\/"},{"@type":"ListItem","position":3,"name":"Propuesta y an\u00e1lisis de viabilidad de un sistema automatizado de diagn\u00f3stico e investigaci\u00f3n aplicado a la tecnolog\u00eda de ultra-secuenciaci\u00f3n gen\u00e9tica en un centro de supercomputaci\u00f3n"}]},{"@type":"WebSite","@id":"https:\/\/computaex.es\/#website","url":"https:\/\/computaex.es\/","name":"COMPUTAEX Foundation","description":"COMPUTAEX","publisher":{"@id":"https:\/\/computaex.es\/#organization"},"potentialAction":[{"@type":"SearchAction","target":{"@type":"EntryPoint","urlTemplate":"https:\/\/computaex.es\/?s={search_term_string}"},"query-input":{"@type":"PropertyValueSpecification","valueRequired":true,"valueName":"search_term_string"}}],"inLanguage":"en-US"},{"@type":"Organization","@id":"https:\/\/computaex.es\/#organization","name":"COMPUTAEX","url":"https:\/\/computaex.es\/","logo":{"@type":"ImageObject","inLanguage":"en-US","@id":"https:\/\/computaex.es\/#\/schema\/logo\/image\/","url":"https:\/\/computaex.es\/wp-content\/uploads\/2025\/05\/cropped-COMPUTAEX_transparente-scaled-1.png","contentUrl":"https:\/\/computaex.es\/wp-content\/uploads\/2025\/05\/cropped-COMPUTAEX_transparente-scaled-1.png","width":2560,"height":970,"caption":"COMPUTAEX"},"image":{"@id":"https:\/\/computaex.es\/#\/schema\/logo\/image\/"},"sameAs":["https:\/\/m.facebook.com\/computaex\/","https:\/\/x.com\/computaex","https:\/\/es.linkedin.com\/company\/cenits"]}]}},"_links":{"self":[{"href":"https:\/\/computaex.es\/en\/wp-json\/wp\/v2\/pages\/9769","targetHints":{"allow":["GET"]}}],"collection":[{"href":"https:\/\/computaex.es\/en\/wp-json\/wp\/v2\/pages"}],"about":[{"href":"https:\/\/computaex.es\/en\/wp-json\/wp\/v2\/types\/page"}],"author":[{"embeddable":true,"href":"https:\/\/computaex.es\/en\/wp-json\/wp\/v2\/users\/1"}],"replies":[{"embeddable":true,"href":"https:\/\/computaex.es\/en\/wp-json\/wp\/v2\/comments?post=9769"}],"version-history":[{"count":1,"href":"https:\/\/computaex.es\/en\/wp-json\/wp\/v2\/pages\/9769\/revisions"}],"predecessor-version":[{"id":9770,"href":"https:\/\/computaex.es\/en\/wp-json\/wp\/v2\/pages\/9769\/revisions\/9770"}],"up":[{"embeddable":true,"href":"https:\/\/computaex.es\/en\/wp-json\/wp\/v2\/pages\/1583"}],"wp:attachment":[{"href":"https:\/\/computaex.es\/en\/wp-json\/wp\/v2\/media?parent=9769"}],"wp:term":[{"taxonomy":"category","embeddable":true,"href":"https:\/\/computaex.es\/en\/wp-json\/wp\/v2\/categories?post=9769"},{"taxonomy":"post_tag","embeddable":true,"href":"https:\/\/computaex.es\/en\/wp-json\/wp\/v2\/tags?post=9769"}],"curies":[{"name":"wp","href":"https:\/\/api.w.org\/{rel}","templated":true}]}}