{"id":9771,"date":"2014-09-03T12:25:08","date_gmt":"2014-09-03T10:25:08","guid":{"rendered":"https:\/\/web.computaex.es\/?page_id=9771"},"modified":"2025-08-27T12:25:48","modified_gmt":"2025-08-27T10:25:48","slug":"pedigreex-gestion-automatizada-de-pedigris-humanos-en-consejo-genetico","status":"publish","type":"page","link":"https:\/\/computaex.es\/en\/publicaciones\/pedigreex-gestion-automatizada-de-pedigris-humanos-en-consejo-genetico\/","title":{"rendered":"PedigreeX: Gesti\u00f3n Automatizada de Pedigr\u00eds Humanos en Consejo Gen\u00e9tico"},"content":{"rendered":"<div class=\"field field-name-field-pub-descripcion field-type-text-long field-label-hidden\">\n<div class=\"field-items\">\n<div class=\"field-item even\">\n<p>El Consejo Gen\u00e9tico es una de las actividades propias de la Gen\u00e9tica Cl\u00ednica y consiste en un proceso comunicativo para informar, educar y dar soporte a individuos y familias que tienen una enfermedad gen\u00e9tica o el riesgo de tenerla. El Consejo Gen\u00e9tico les brinda a los pacientes informaci\u00f3n acerca de su enfermedad y les ayuda a tomar decisiones informadas. Un aspecto fundamental en dicho Consejo Gen\u00e9tico es la generaci\u00f3n y an\u00e1lisis del Pedigr\u00ed del paciente afecto, pero la carencia de una herramienta automatizada para ello complica la labor del especialista. Tras identificar las necesidades de los propios genetistas de nuestra regi\u00f3n se han analizado diferentes herramientas, ya desarrolladas, para trabajar con Pedigr\u00eds tanto de car\u00e1cter privativo como libre (Cyrillic, Progeny Clinical, GRAMPS, Madeline 2.0 PDE, GenoPro, PED, PELICAN, etc.), y ninguna de ellas integra totalmente las necesidades de los especialistas.<\/p>\n<p>Para solventar esta carencia y mejorar la eficiencia en su trabajo diario de Consejo Gen\u00e9tico, se ha desarrollado una herramienta de software libre y de escritorio, la cual:<\/p>\n<ul>\n<li>Da soporte para la elaboraci\u00f3n de los diagramas de Pedigr\u00ed de los pacientes, de manera sencilla, siendo lo m\u00e1s fiel posible a la notaci\u00f3n est\u00e1ndar para su representaci\u00f3n (PSWG, Pedigree Standardization Work Group) y permitiendo el estudio de varias patolog\u00edas en un mismo diagrama.<\/li>\n<li>Permite su almacenamiento y gesti\u00f3n, dentro del marco legal de la Ley Org\u00e1nica 15\/1999, de 13 de diciembre, de protecci\u00f3n de datos de car\u00e1cter personal (LOPD), debido a los datos cl\u00ednicos que se van a tratar.<\/li>\n<li>Se ha estudiado la posibilidad de incluir algunos aspectos de an\u00e1lisis de Pedigr\u00ed, como el c\u00e1lculo de probabilidades de que se desarrollen patolog\u00edas.<\/li>\n<\/ul>\n<\/div>\n<\/div>\n<\/div>\n<div class=\"field field-name-field-pub-fuente field-type-text-long field-label-above\">\n<div class=\"field-label\">Fuente de la publicaci\u00f3n:<\/div>\n<div class=\"field-items\">\n<div class=\"field-item even\">\n<ul>\n<li>Noelia Alonso S\u00e1nchez.\u00a0<em>PedigreeX: Gesti\u00f3n Automatizada de Pedigr\u00eds Humanos en Consejo Gen\u00e9tico<\/em>.\u00a0Trabajo Final de M\u00e1ster en Ingenier\u00eda Inform\u00e1tica, Universidad de Extremadura. Septiembre de 2014.<\/li>\n<\/ul>\n<\/div>\n<\/div>\n<\/div>","protected":false},"excerpt":{"rendered":"<p>El Consejo Gen\u00e9tico es una de las actividades propias de la Gen\u00e9tica Cl\u00ednica y consiste en un proceso comunicativo para informar, educar y dar soporte a individuos y familias que &#8230;<\/p>","protected":false},"author":1,"featured_media":0,"parent":1583,"menu_order":0,"comment_status":"closed","ping_status":"closed","template":"","meta":{"footnotes":""},"categories":[110,91],"tags":[],"class_list":["post-9771","page","type-page","status-publish","hentry","category-anteriores","category-publicaciones"],"yoast_head":"<!-- This site is optimized with the Yoast SEO plugin v27.1.1 - https:\/\/yoast.com\/product\/yoast-seo-wordpress\/ -->\n<title>PedigreeX: Gesti\u00f3n Automatizada de Pedigr\u00eds Humanos en Consejo Gen\u00e9tico - Fundaci\u00f3n COMPUTAEX<\/title>\n<meta name=\"robots\" content=\"index, follow, max-snippet:-1, max-image-preview:large, max-video-preview:-1\" \/>\n<link rel=\"canonical\" href=\"https:\/\/computaex.es\/en\/publicaciones\/pedigreex-gestion-automatizada-de-pedigris-humanos-en-consejo-genetico\/\" \/>\n<meta property=\"og:locale\" content=\"en_US\" \/>\n<meta property=\"og:type\" content=\"article\" \/>\n<meta property=\"og:title\" content=\"PedigreeX: Gesti\u00f3n Automatizada de Pedigr\u00eds Humanos en Consejo Gen\u00e9tico - Fundaci\u00f3n COMPUTAEX\" \/>\n<meta property=\"og:description\" content=\"El Consejo Gen\u00e9tico es una de las actividades propias de la Gen\u00e9tica Cl\u00ednica y consiste en un proceso comunicativo para informar, educar y dar soporte a individuos y familias que ...\" \/>\n<meta property=\"og:url\" content=\"https:\/\/computaex.es\/en\/publicaciones\/pedigreex-gestion-automatizada-de-pedigris-humanos-en-consejo-genetico\/\" \/>\n<meta property=\"og:site_name\" content=\"Fundaci\u00f3n COMPUTAEX\" \/>\n<meta property=\"article:publisher\" content=\"https:\/\/m.facebook.com\/computaex\/\" \/>\n<meta property=\"article:modified_time\" content=\"2025-08-27T10:25:48+00:00\" \/>\n<meta property=\"og:image\" content=\"https:\/\/computaex.es\/wp-content\/uploads\/2025\/08\/COMPUTAEX.jpg\" \/>\n\t<meta property=\"og:image:width\" content=\"1024\" \/>\n\t<meta property=\"og:image:height\" content=\"403\" \/>\n\t<meta property=\"og:image:type\" content=\"image\/jpeg\" \/>\n<meta name=\"twitter:card\" content=\"summary_large_image\" \/>\n<meta name=\"twitter:site\" content=\"@computaex\" \/>\n<meta name=\"twitter:label1\" content=\"Est. reading time\" \/>\n\t<meta name=\"twitter:data1\" content=\"2 minutes\" \/>\n<script type=\"application\/ld+json\" class=\"yoast-schema-graph\">{\"@context\":\"https:\/\/schema.org\",\"@graph\":[{\"@type\":\"WebPage\",\"@id\":\"https:\/\/computaex.es\/publicaciones\/pedigreex-gestion-automatizada-de-pedigris-humanos-en-consejo-genetico\/\",\"url\":\"https:\/\/computaex.es\/publicaciones\/pedigreex-gestion-automatizada-de-pedigris-humanos-en-consejo-genetico\/\",\"name\":\"PedigreeX: Gesti\u00f3n Automatizada de Pedigr\u00eds Humanos en Consejo Gen\u00e9tico - Fundaci\u00f3n COMPUTAEX\",\"isPartOf\":{\"@id\":\"https:\/\/computaex.es\/#website\"},\"datePublished\":\"2014-09-03T10:25:08+00:00\",\"dateModified\":\"2025-08-27T10:25:48+00:00\",\"breadcrumb\":{\"@id\":\"https:\/\/computaex.es\/publicaciones\/pedigreex-gestion-automatizada-de-pedigris-humanos-en-consejo-genetico\/#breadcrumb\"},\"inLanguage\":\"en-US\",\"potentialAction\":[{\"@type\":\"ReadAction\",\"target\":[\"https:\/\/computaex.es\/publicaciones\/pedigreex-gestion-automatizada-de-pedigris-humanos-en-consejo-genetico\/\"]}]},{\"@type\":\"BreadcrumbList\",\"@id\":\"https:\/\/computaex.es\/publicaciones\/pedigreex-gestion-automatizada-de-pedigris-humanos-en-consejo-genetico\/#breadcrumb\",\"itemListElement\":[{\"@type\":\"ListItem\",\"position\":1,\"name\":\"Portada\",\"item\":\"https:\/\/computaex.es\/\"},{\"@type\":\"ListItem\",\"position\":2,\"name\":\"Publicaciones\",\"item\":\"https:\/\/computaex.es\/publicaciones\/\"},{\"@type\":\"ListItem\",\"position\":3,\"name\":\"PedigreeX: Gesti\u00f3n Automatizada de Pedigr\u00eds Humanos en Consejo Gen\u00e9tico\"}]},{\"@type\":\"WebSite\",\"@id\":\"https:\/\/computaex.es\/#website\",\"url\":\"https:\/\/computaex.es\/\",\"name\":\"Fundaci\u00f3n COMPUTAEX\",\"description\":\"COMPUTAEX\",\"publisher\":{\"@id\":\"https:\/\/computaex.es\/#organization\"},\"potentialAction\":[{\"@type\":\"SearchAction\",\"target\":{\"@type\":\"EntryPoint\",\"urlTemplate\":\"https:\/\/computaex.es\/?s={search_term_string}\"},\"query-input\":{\"@type\":\"PropertyValueSpecification\",\"valueRequired\":true,\"valueName\":\"search_term_string\"}}],\"inLanguage\":\"en-US\"},{\"@type\":\"Organization\",\"@id\":\"https:\/\/computaex.es\/#organization\",\"name\":\"COMPUTAEX\",\"url\":\"https:\/\/computaex.es\/\",\"logo\":{\"@type\":\"ImageObject\",\"inLanguage\":\"en-US\",\"@id\":\"https:\/\/computaex.es\/#\/schema\/logo\/image\/\",\"url\":\"https:\/\/computaex.es\/wp-content\/uploads\/2025\/05\/cropped-COMPUTAEX_transparente-scaled-1.png\",\"contentUrl\":\"https:\/\/computaex.es\/wp-content\/uploads\/2025\/05\/cropped-COMPUTAEX_transparente-scaled-1.png\",\"width\":2560,\"height\":970,\"caption\":\"COMPUTAEX\"},\"image\":{\"@id\":\"https:\/\/computaex.es\/#\/schema\/logo\/image\/\"},\"sameAs\":[\"https:\/\/m.facebook.com\/computaex\/\",\"https:\/\/x.com\/computaex\",\"https:\/\/es.linkedin.com\/company\/cenits\"]}]}<\/script>\n<!-- \/ Yoast SEO plugin. -->","yoast_head_json":{"title":"PedigreeX: Gesti\u00f3n Automatizada de Pedigr\u00eds Humanos en Consejo Gen\u00e9tico - Fundaci\u00f3n COMPUTAEX","robots":{"index":"index","follow":"follow","max-snippet":"max-snippet:-1","max-image-preview":"max-image-preview:large","max-video-preview":"max-video-preview:-1"},"canonical":"https:\/\/computaex.es\/en\/publicaciones\/pedigreex-gestion-automatizada-de-pedigris-humanos-en-consejo-genetico\/","og_locale":"en_US","og_type":"article","og_title":"PedigreeX: Gesti\u00f3n Automatizada de Pedigr\u00eds Humanos en Consejo Gen\u00e9tico - Fundaci\u00f3n COMPUTAEX","og_description":"El Consejo Gen\u00e9tico es una de las actividades propias de la Gen\u00e9tica Cl\u00ednica y consiste en un proceso comunicativo para informar, educar y dar soporte a individuos y familias que ...","og_url":"https:\/\/computaex.es\/en\/publicaciones\/pedigreex-gestion-automatizada-de-pedigris-humanos-en-consejo-genetico\/","og_site_name":"Fundaci\u00f3n COMPUTAEX","article_publisher":"https:\/\/m.facebook.com\/computaex\/","article_modified_time":"2025-08-27T10:25:48+00:00","og_image":[{"width":1024,"height":403,"url":"https:\/\/computaex.es\/wp-content\/uploads\/2025\/08\/COMPUTAEX.jpg","type":"image\/jpeg"}],"twitter_card":"summary_large_image","twitter_site":"@computaex","twitter_misc":{"Est. reading time":"2 minutes"},"schema":{"@context":"https:\/\/schema.org","@graph":[{"@type":"WebPage","@id":"https:\/\/computaex.es\/publicaciones\/pedigreex-gestion-automatizada-de-pedigris-humanos-en-consejo-genetico\/","url":"https:\/\/computaex.es\/publicaciones\/pedigreex-gestion-automatizada-de-pedigris-humanos-en-consejo-genetico\/","name":"PedigreeX: Gesti\u00f3n Automatizada de Pedigr\u00eds Humanos en Consejo Gen\u00e9tico - Fundaci\u00f3n COMPUTAEX","isPartOf":{"@id":"https:\/\/computaex.es\/#website"},"datePublished":"2014-09-03T10:25:08+00:00","dateModified":"2025-08-27T10:25:48+00:00","breadcrumb":{"@id":"https:\/\/computaex.es\/publicaciones\/pedigreex-gestion-automatizada-de-pedigris-humanos-en-consejo-genetico\/#breadcrumb"},"inLanguage":"en-US","potentialAction":[{"@type":"ReadAction","target":["https:\/\/computaex.es\/publicaciones\/pedigreex-gestion-automatizada-de-pedigris-humanos-en-consejo-genetico\/"]}]},{"@type":"BreadcrumbList","@id":"https:\/\/computaex.es\/publicaciones\/pedigreex-gestion-automatizada-de-pedigris-humanos-en-consejo-genetico\/#breadcrumb","itemListElement":[{"@type":"ListItem","position":1,"name":"Portada","item":"https:\/\/computaex.es\/"},{"@type":"ListItem","position":2,"name":"Publicaciones","item":"https:\/\/computaex.es\/publicaciones\/"},{"@type":"ListItem","position":3,"name":"PedigreeX: Gesti\u00f3n Automatizada de Pedigr\u00eds Humanos en Consejo Gen\u00e9tico"}]},{"@type":"WebSite","@id":"https:\/\/computaex.es\/#website","url":"https:\/\/computaex.es\/","name":"COMPUTAEX Foundation","description":"COMPUTAEX","publisher":{"@id":"https:\/\/computaex.es\/#organization"},"potentialAction":[{"@type":"SearchAction","target":{"@type":"EntryPoint","urlTemplate":"https:\/\/computaex.es\/?s={search_term_string}"},"query-input":{"@type":"PropertyValueSpecification","valueRequired":true,"valueName":"search_term_string"}}],"inLanguage":"en-US"},{"@type":"Organization","@id":"https:\/\/computaex.es\/#organization","name":"COMPUTAEX","url":"https:\/\/computaex.es\/","logo":{"@type":"ImageObject","inLanguage":"en-US","@id":"https:\/\/computaex.es\/#\/schema\/logo\/image\/","url":"https:\/\/computaex.es\/wp-content\/uploads\/2025\/05\/cropped-COMPUTAEX_transparente-scaled-1.png","contentUrl":"https:\/\/computaex.es\/wp-content\/uploads\/2025\/05\/cropped-COMPUTAEX_transparente-scaled-1.png","width":2560,"height":970,"caption":"COMPUTAEX"},"image":{"@id":"https:\/\/computaex.es\/#\/schema\/logo\/image\/"},"sameAs":["https:\/\/m.facebook.com\/computaex\/","https:\/\/x.com\/computaex","https:\/\/es.linkedin.com\/company\/cenits"]}]}},"_links":{"self":[{"href":"https:\/\/computaex.es\/en\/wp-json\/wp\/v2\/pages\/9771","targetHints":{"allow":["GET"]}}],"collection":[{"href":"https:\/\/computaex.es\/en\/wp-json\/wp\/v2\/pages"}],"about":[{"href":"https:\/\/computaex.es\/en\/wp-json\/wp\/v2\/types\/page"}],"author":[{"embeddable":true,"href":"https:\/\/computaex.es\/en\/wp-json\/wp\/v2\/users\/1"}],"replies":[{"embeddable":true,"href":"https:\/\/computaex.es\/en\/wp-json\/wp\/v2\/comments?post=9771"}],"version-history":[{"count":1,"href":"https:\/\/computaex.es\/en\/wp-json\/wp\/v2\/pages\/9771\/revisions"}],"predecessor-version":[{"id":9772,"href":"https:\/\/computaex.es\/en\/wp-json\/wp\/v2\/pages\/9771\/revisions\/9772"}],"up":[{"embeddable":true,"href":"https:\/\/computaex.es\/en\/wp-json\/wp\/v2\/pages\/1583"}],"wp:attachment":[{"href":"https:\/\/computaex.es\/en\/wp-json\/wp\/v2\/media?parent=9771"}],"wp:term":[{"taxonomy":"category","embeddable":true,"href":"https:\/\/computaex.es\/en\/wp-json\/wp\/v2\/categories?post=9771"},{"taxonomy":"post_tag","embeddable":true,"href":"https:\/\/computaex.es\/en\/wp-json\/wp\/v2\/tags?post=9771"}],"curies":[{"name":"wp","href":"https:\/\/api.w.org\/{rel}","templated":true}]}}