{"id":9776,"date":"2014-09-03T12:26:29","date_gmt":"2014-09-03T10:26:29","guid":{"rendered":"https:\/\/web.computaex.es\/?page_id=9776"},"modified":"2025-08-27T12:27:03","modified_gmt":"2025-08-27T10:27:03","slug":"estudio-y-evaluacion-de-los-mecanismos-de-gestion-de-la-movilidad-en-redes-de-proxima-generacion","status":"publish","type":"page","link":"https:\/\/computaex.es\/en\/publicaciones\/estudio-y-evaluacion-de-los-mecanismos-de-gestion-de-la-movilidad-en-redes-de-proxima-generacion\/","title":{"rendered":"Estudio y evaluaci\u00f3n de los mecanismos de gesti\u00f3n de la movilidad en redes de pr\u00f3xima generaci\u00f3n"},"content":{"rendered":"<div class=\"field field-name-field-pub-descripcion field-type-text-long field-label-hidden\">\n<div class=\"field-items\">\n<div class=\"field-item even\">\n<p>With the continuous development of mobile communications and Internet technology, one of the major challenges is to achieve e_cient mobility management in wireless networks.IP mobility management is a key function that allows mobile nodes to continue their communications even when their point of attachment to the IP network changes. Internet protocols do not support mobility and wireless networking does not provide reliable connections to mobile users for real-time communications.<\/p>\n<p>For this reason, the Internet Engineering Task Force (IETF) developed various protocols for IP mobility management such as Mobile IPv6 (MIPv6) and Proxy Mobile IPv6 (PMIPv6). These protocols employ a centralized mobility management scheme where all intelligence is concetrated in one end-point system, rather than being distributed through the internet. However, centralized mobility solutions are prone to several problems and limitations: longer (sub-optimal) routing paths, scalability problems, signaling overhead,.. This motivates Distributed Mobility Management (DMM) whose purpose is to overcome the limitations of the traditional centralized mobility management.<\/p>\n<p>We focus on DMM approach that is currently being considered by the IETF: PMIPv6 based DMM. The possibility of testing scenarios for these latest technologies is essential to analyze and implement proposals to optimize and verify the results of researches.<\/p>\n<p>An analysis of distributed mobility management has been carried out with this project: designing and con_guring testbeds, con_guring protocols and devices, analyzing critical process (handover) and analyzing exchange messages.<\/p>\n<p>Moreover, a proposal has been developed for improving tunneling management in Distributed Mobility Management called TE-DMM (Tunneling Extension to Distributed Mobility Management), based in the improvement of control plane (signaling). In conclusion, TE-DMM will conduct an e_cient management of control plane.<\/p>\n<\/div>\n<\/div>\n<\/div>\n<div class=\"field field-name-field-pub-fuente field-type-text-long field-label-above\">\n<div class=\"field-label\">Fuente de la publicaci\u00f3n:<\/div>\n<div class=\"field-items\">\n<div class=\"field-item even\">\n<ul>\n<li>Jes\u00fas Calle Cancho.\u00a0<em>Estudio y evaluaci\u00f3n de los mecanismos de gesti\u00f3n de la movilidad en redes de pr\u00f3xima generaci\u00f3n<\/em>. Trabajo Final de M\u00e1ster en Ingenier\u00eda Inform\u00e1tica, Universidad de Extremadura. Septiembre de 2014.<\/li>\n<\/ul>\n<\/div>\n<\/div>\n<\/div>","protected":false},"excerpt":{"rendered":"<p>With the continuous development of mobile communications and Internet technology, one of the major challenges is to achieve e_cient mobility management in wireless networks.IP mobility management is a key function &#8230;<\/p>","protected":false},"author":1,"featured_media":0,"parent":1583,"menu_order":0,"comment_status":"closed","ping_status":"closed","template":"","meta":{"footnotes":""},"categories":[110,91],"tags":[],"class_list":["post-9776","page","type-page","status-publish","hentry","category-anteriores","category-publicaciones"],"yoast_head":"<!-- This site is optimized with the Yoast SEO plugin v27.1.1 - https:\/\/yoast.com\/product\/yoast-seo-wordpress\/ -->\n<title>Estudio y evaluaci\u00f3n de los mecanismos de gesti\u00f3n de la movilidad en redes de pr\u00f3xima generaci\u00f3n - Fundaci\u00f3n COMPUTAEX<\/title>\n<meta name=\"robots\" content=\"index, follow, max-snippet:-1, max-image-preview:large, max-video-preview:-1\" \/>\n<link rel=\"canonical\" href=\"https:\/\/computaex.es\/en\/publicaciones\/estudio-y-evaluacion-de-los-mecanismos-de-gestion-de-la-movilidad-en-redes-de-proxima-generacion\/\" \/>\n<meta property=\"og:locale\" content=\"en_US\" \/>\n<meta property=\"og:type\" content=\"article\" \/>\n<meta property=\"og:title\" content=\"Estudio y evaluaci\u00f3n de los mecanismos de gesti\u00f3n de la movilidad en redes de pr\u00f3xima generaci\u00f3n - Fundaci\u00f3n COMPUTAEX\" \/>\n<meta property=\"og:description\" content=\"With the continuous development of mobile communications and Internet technology, one of the major challenges is to achieve e_cient mobility management in wireless networks.IP mobility management is a key function ...\" \/>\n<meta property=\"og:url\" content=\"https:\/\/computaex.es\/en\/publicaciones\/estudio-y-evaluacion-de-los-mecanismos-de-gestion-de-la-movilidad-en-redes-de-proxima-generacion\/\" \/>\n<meta property=\"og:site_name\" content=\"Fundaci\u00f3n COMPUTAEX\" \/>\n<meta property=\"article:publisher\" content=\"https:\/\/m.facebook.com\/computaex\/\" \/>\n<meta property=\"article:modified_time\" content=\"2025-08-27T10:27:03+00:00\" \/>\n<meta property=\"og:image\" content=\"https:\/\/computaex.es\/wp-content\/uploads\/2025\/08\/COMPUTAEX.jpg\" \/>\n\t<meta property=\"og:image:width\" content=\"1024\" \/>\n\t<meta property=\"og:image:height\" content=\"403\" \/>\n\t<meta property=\"og:image:type\" content=\"image\/jpeg\" \/>\n<meta name=\"twitter:card\" content=\"summary_large_image\" \/>\n<meta name=\"twitter:site\" content=\"@computaex\" \/>\n<meta name=\"twitter:label1\" content=\"Est. reading time\" \/>\n\t<meta name=\"twitter:data1\" content=\"2 minutes\" \/>\n<script type=\"application\/ld+json\" class=\"yoast-schema-graph\">{\"@context\":\"https:\/\/schema.org\",\"@graph\":[{\"@type\":\"WebPage\",\"@id\":\"https:\/\/computaex.es\/publicaciones\/estudio-y-evaluacion-de-los-mecanismos-de-gestion-de-la-movilidad-en-redes-de-proxima-generacion\/\",\"url\":\"https:\/\/computaex.es\/publicaciones\/estudio-y-evaluacion-de-los-mecanismos-de-gestion-de-la-movilidad-en-redes-de-proxima-generacion\/\",\"name\":\"Estudio y evaluaci\u00f3n de los mecanismos de gesti\u00f3n de la movilidad en redes de pr\u00f3xima generaci\u00f3n - Fundaci\u00f3n COMPUTAEX\",\"isPartOf\":{\"@id\":\"https:\/\/computaex.es\/#website\"},\"datePublished\":\"2014-09-03T10:26:29+00:00\",\"dateModified\":\"2025-08-27T10:27:03+00:00\",\"breadcrumb\":{\"@id\":\"https:\/\/computaex.es\/publicaciones\/estudio-y-evaluacion-de-los-mecanismos-de-gestion-de-la-movilidad-en-redes-de-proxima-generacion\/#breadcrumb\"},\"inLanguage\":\"en-US\",\"potentialAction\":[{\"@type\":\"ReadAction\",\"target\":[\"https:\/\/computaex.es\/publicaciones\/estudio-y-evaluacion-de-los-mecanismos-de-gestion-de-la-movilidad-en-redes-de-proxima-generacion\/\"]}]},{\"@type\":\"BreadcrumbList\",\"@id\":\"https:\/\/computaex.es\/publicaciones\/estudio-y-evaluacion-de-los-mecanismos-de-gestion-de-la-movilidad-en-redes-de-proxima-generacion\/#breadcrumb\",\"itemListElement\":[{\"@type\":\"ListItem\",\"position\":1,\"name\":\"Portada\",\"item\":\"https:\/\/computaex.es\/\"},{\"@type\":\"ListItem\",\"position\":2,\"name\":\"Publicaciones\",\"item\":\"https:\/\/computaex.es\/publicaciones\/\"},{\"@type\":\"ListItem\",\"position\":3,\"name\":\"Estudio y evaluaci\u00f3n de los mecanismos de gesti\u00f3n de la movilidad en redes de pr\u00f3xima generaci\u00f3n\"}]},{\"@type\":\"WebSite\",\"@id\":\"https:\/\/computaex.es\/#website\",\"url\":\"https:\/\/computaex.es\/\",\"name\":\"Fundaci\u00f3n COMPUTAEX\",\"description\":\"COMPUTAEX\",\"publisher\":{\"@id\":\"https:\/\/computaex.es\/#organization\"},\"potentialAction\":[{\"@type\":\"SearchAction\",\"target\":{\"@type\":\"EntryPoint\",\"urlTemplate\":\"https:\/\/computaex.es\/?s={search_term_string}\"},\"query-input\":{\"@type\":\"PropertyValueSpecification\",\"valueRequired\":true,\"valueName\":\"search_term_string\"}}],\"inLanguage\":\"en-US\"},{\"@type\":\"Organization\",\"@id\":\"https:\/\/computaex.es\/#organization\",\"name\":\"COMPUTAEX\",\"url\":\"https:\/\/computaex.es\/\",\"logo\":{\"@type\":\"ImageObject\",\"inLanguage\":\"en-US\",\"@id\":\"https:\/\/computaex.es\/#\/schema\/logo\/image\/\",\"url\":\"https:\/\/computaex.es\/wp-content\/uploads\/2025\/05\/cropped-COMPUTAEX_transparente-scaled-1.png\",\"contentUrl\":\"https:\/\/computaex.es\/wp-content\/uploads\/2025\/05\/cropped-COMPUTAEX_transparente-scaled-1.png\",\"width\":2560,\"height\":970,\"caption\":\"COMPUTAEX\"},\"image\":{\"@id\":\"https:\/\/computaex.es\/#\/schema\/logo\/image\/\"},\"sameAs\":[\"https:\/\/m.facebook.com\/computaex\/\",\"https:\/\/x.com\/computaex\",\"https:\/\/es.linkedin.com\/company\/cenits\"]}]}<\/script>\n<!-- \/ Yoast SEO plugin. -->","yoast_head_json":{"title":"Estudio y evaluaci\u00f3n de los mecanismos de gesti\u00f3n de la movilidad en redes de pr\u00f3xima generaci\u00f3n - Fundaci\u00f3n COMPUTAEX","robots":{"index":"index","follow":"follow","max-snippet":"max-snippet:-1","max-image-preview":"max-image-preview:large","max-video-preview":"max-video-preview:-1"},"canonical":"https:\/\/computaex.es\/en\/publicaciones\/estudio-y-evaluacion-de-los-mecanismos-de-gestion-de-la-movilidad-en-redes-de-proxima-generacion\/","og_locale":"en_US","og_type":"article","og_title":"Estudio y evaluaci\u00f3n de los mecanismos de gesti\u00f3n de la movilidad en redes de pr\u00f3xima generaci\u00f3n - Fundaci\u00f3n COMPUTAEX","og_description":"With the continuous development of mobile communications and Internet technology, one of the major challenges is to achieve e_cient mobility management in wireless networks.IP mobility management is a key function ...","og_url":"https:\/\/computaex.es\/en\/publicaciones\/estudio-y-evaluacion-de-los-mecanismos-de-gestion-de-la-movilidad-en-redes-de-proxima-generacion\/","og_site_name":"Fundaci\u00f3n COMPUTAEX","article_publisher":"https:\/\/m.facebook.com\/computaex\/","article_modified_time":"2025-08-27T10:27:03+00:00","og_image":[{"width":1024,"height":403,"url":"https:\/\/computaex.es\/wp-content\/uploads\/2025\/08\/COMPUTAEX.jpg","type":"image\/jpeg"}],"twitter_card":"summary_large_image","twitter_site":"@computaex","twitter_misc":{"Est. reading time":"2 minutes"},"schema":{"@context":"https:\/\/schema.org","@graph":[{"@type":"WebPage","@id":"https:\/\/computaex.es\/publicaciones\/estudio-y-evaluacion-de-los-mecanismos-de-gestion-de-la-movilidad-en-redes-de-proxima-generacion\/","url":"https:\/\/computaex.es\/publicaciones\/estudio-y-evaluacion-de-los-mecanismos-de-gestion-de-la-movilidad-en-redes-de-proxima-generacion\/","name":"Estudio y evaluaci\u00f3n de los mecanismos de gesti\u00f3n de la movilidad en redes de pr\u00f3xima generaci\u00f3n - Fundaci\u00f3n COMPUTAEX","isPartOf":{"@id":"https:\/\/computaex.es\/#website"},"datePublished":"2014-09-03T10:26:29+00:00","dateModified":"2025-08-27T10:27:03+00:00","breadcrumb":{"@id":"https:\/\/computaex.es\/publicaciones\/estudio-y-evaluacion-de-los-mecanismos-de-gestion-de-la-movilidad-en-redes-de-proxima-generacion\/#breadcrumb"},"inLanguage":"en-US","potentialAction":[{"@type":"ReadAction","target":["https:\/\/computaex.es\/publicaciones\/estudio-y-evaluacion-de-los-mecanismos-de-gestion-de-la-movilidad-en-redes-de-proxima-generacion\/"]}]},{"@type":"BreadcrumbList","@id":"https:\/\/computaex.es\/publicaciones\/estudio-y-evaluacion-de-los-mecanismos-de-gestion-de-la-movilidad-en-redes-de-proxima-generacion\/#breadcrumb","itemListElement":[{"@type":"ListItem","position":1,"name":"Portada","item":"https:\/\/computaex.es\/"},{"@type":"ListItem","position":2,"name":"Publicaciones","item":"https:\/\/computaex.es\/publicaciones\/"},{"@type":"ListItem","position":3,"name":"Estudio y evaluaci\u00f3n de los mecanismos de gesti\u00f3n de la movilidad en redes de pr\u00f3xima generaci\u00f3n"}]},{"@type":"WebSite","@id":"https:\/\/computaex.es\/#website","url":"https:\/\/computaex.es\/","name":"COMPUTAEX Foundation","description":"COMPUTAEX","publisher":{"@id":"https:\/\/computaex.es\/#organization"},"potentialAction":[{"@type":"SearchAction","target":{"@type":"EntryPoint","urlTemplate":"https:\/\/computaex.es\/?s={search_term_string}"},"query-input":{"@type":"PropertyValueSpecification","valueRequired":true,"valueName":"search_term_string"}}],"inLanguage":"en-US"},{"@type":"Organization","@id":"https:\/\/computaex.es\/#organization","name":"COMPUTAEX","url":"https:\/\/computaex.es\/","logo":{"@type":"ImageObject","inLanguage":"en-US","@id":"https:\/\/computaex.es\/#\/schema\/logo\/image\/","url":"https:\/\/computaex.es\/wp-content\/uploads\/2025\/05\/cropped-COMPUTAEX_transparente-scaled-1.png","contentUrl":"https:\/\/computaex.es\/wp-content\/uploads\/2025\/05\/cropped-COMPUTAEX_transparente-scaled-1.png","width":2560,"height":970,"caption":"COMPUTAEX"},"image":{"@id":"https:\/\/computaex.es\/#\/schema\/logo\/image\/"},"sameAs":["https:\/\/m.facebook.com\/computaex\/","https:\/\/x.com\/computaex","https:\/\/es.linkedin.com\/company\/cenits"]}]}},"_links":{"self":[{"href":"https:\/\/computaex.es\/en\/wp-json\/wp\/v2\/pages\/9776","targetHints":{"allow":["GET"]}}],"collection":[{"href":"https:\/\/computaex.es\/en\/wp-json\/wp\/v2\/pages"}],"about":[{"href":"https:\/\/computaex.es\/en\/wp-json\/wp\/v2\/types\/page"}],"author":[{"embeddable":true,"href":"https:\/\/computaex.es\/en\/wp-json\/wp\/v2\/users\/1"}],"replies":[{"embeddable":true,"href":"https:\/\/computaex.es\/en\/wp-json\/wp\/v2\/comments?post=9776"}],"version-history":[{"count":1,"href":"https:\/\/computaex.es\/en\/wp-json\/wp\/v2\/pages\/9776\/revisions"}],"predecessor-version":[{"id":9777,"href":"https:\/\/computaex.es\/en\/wp-json\/wp\/v2\/pages\/9776\/revisions\/9777"}],"up":[{"embeddable":true,"href":"https:\/\/computaex.es\/en\/wp-json\/wp\/v2\/pages\/1583"}],"wp:attachment":[{"href":"https:\/\/computaex.es\/en\/wp-json\/wp\/v2\/media?parent=9776"}],"wp:term":[{"taxonomy":"category","embeddable":true,"href":"https:\/\/computaex.es\/en\/wp-json\/wp\/v2\/categories?post=9776"},{"taxonomy":"post_tag","embeddable":true,"href":"https:\/\/computaex.es\/en\/wp-json\/wp\/v2\/tags?post=9776"}],"curies":[{"name":"wp","href":"https:\/\/api.w.org\/{rel}","templated":true}]}}