{"id":9895,"date":"2025-08-29T08:49:46","date_gmt":"2025-08-29T06:49:46","guid":{"rendered":"https:\/\/computaex.es\/?page_id=9895"},"modified":"2025-10-02T13:46:26","modified_gmt":"2025-10-02T11:46:26","slug":"identidad-corporativa","status":"publish","type":"page","link":"https:\/\/computaex.es\/en\/identidad-corporativa\/","title":{"rendered":"Corporate Identity"},"content":{"rendered":"<div data-elementor-type=\"wp-page\" data-elementor-id=\"9895\" class=\"elementor elementor-9895\">\n\t\t\t\t<div class=\"elementor-element elementor-element-5ab0f39 e-flex e-con-boxed wpr-particle-no wpr-jarallax-no wpr-parallax-no wpr-sticky-section-no e-con e-parent\" data-id=\"5ab0f39\" data-element_type=\"container\" data-e-type=\"container\">\n\t\t\t\t\t<div class=\"e-con-inner\">\n\t\t\t\t<div class=\"elementor-element elementor-element-db8e29b elementor-widget elementor-widget-text-editor\" data-id=\"db8e29b\" data-element_type=\"widget\" data-e-type=\"widget\" data-widget_type=\"text-editor.default\">\n\t\t\t\t<div class=\"elementor-widget-container\">\n\t\t\t\t\t\t\t\t\t<p style=\"text-align: justify;\">Official logos of <a href=\"\/en\/descripcion-la-fundacion\/\">COMPUTAEX<\/a>.<\/p>\t\t\t\t\t\t\t\t<\/div>\n\t\t\t\t<\/div>\n\t\t\t\t<div class=\"elementor-element elementor-element-bf899d6 elementor-widget elementor-widget-image-gallery\" data-id=\"bf899d6\" data-element_type=\"widget\" data-e-type=\"widget\" data-widget_type=\"image-gallery.default\">\n\t\t\t\t<div class=\"elementor-widget-container\">\n\t\t\t\t\t\t\t<div class=\"elementor-image-gallery\">\n\t\t\t<div id='gallery-1' class='gallery galleryid-9895 gallery-columns-2 gallery-size-medium'><figure class='gallery-item'>\n\t\t\t<div class='gallery-icon landscape'>\n\t\t\t\t<a data-elementor-open-lightbox=\"yes\" data-elementor-lightbox-slideshow=\"bf899d6\" data-e-action-hash=\"#elementor-action%3Aaction%3Dlightbox%26settings%3DeyJpZCI6MTAyNjUsInVybCI6Imh0dHBzOlwvXC9jb21wdXRhZXguZXNcL3dwLWNvbnRlbnRcL3VwbG9hZHNcLzIwMjVcLzEwXC9DT01QVVRBRVhfbnVldm8ucG5nIiwic2xpZGVzaG93IjoiYmY4OTlkNiJ9\" href='https:\/\/computaex.es\/wp-content\/uploads\/2025\/10\/COMPUTAEX_nuevo.png'><img decoding=\"async\" width=\"300\" height=\"75\" src=\"https:\/\/computaex.es\/wp-content\/uploads\/2025\/10\/COMPUTAEX_nuevo-300x75.png\" class=\"attachment-medium size-medium\" alt=\"\" srcset=\"https:\/\/computaex.es\/wp-content\/uploads\/2025\/10\/COMPUTAEX_nuevo-300x75.png 300w, https:\/\/computaex.es\/wp-content\/uploads\/2025\/10\/COMPUTAEX_nuevo-1024x256.png 1024w, https:\/\/computaex.es\/wp-content\/uploads\/2025\/10\/COMPUTAEX_nuevo-768x192.png 768w, https:\/\/computaex.es\/wp-content\/uploads\/2025\/10\/COMPUTAEX_nuevo-1536x384.png 1536w, https:\/\/computaex.es\/wp-content\/uploads\/2025\/10\/COMPUTAEX_nuevo.png 1610w\" sizes=\"(max-width: 300px) 100vw, 300px\" \/><\/a>\n\t\t\t<\/div><\/figure><figure class='gallery-item'>\n\t\t\t<div class='gallery-icon landscape'>\n\t\t\t\t<a data-elementor-open-lightbox=\"yes\" data-elementor-lightbox-slideshow=\"bf899d6\" data-e-action-hash=\"#elementor-action%3Aaction%3Dlightbox%26settings%3DeyJpZCI6MTAyNjQsInVybCI6Imh0dHBzOlwvXC9jb21wdXRhZXguZXNcL3dwLWNvbnRlbnRcL3VwbG9hZHNcLzIwMjVcLzEwXC9DT01QVVRBRVhfRU4ucG5nIiwic2xpZGVzaG93IjoiYmY4OTlkNiJ9\" href='https:\/\/computaex.es\/wp-content\/uploads\/2025\/10\/COMPUTAEX_EN.png'><img decoding=\"async\" width=\"300\" height=\"75\" src=\"https:\/\/computaex.es\/wp-content\/uploads\/2025\/10\/COMPUTAEX_EN-300x75.png\" class=\"attachment-medium size-medium\" alt=\"\" srcset=\"https:\/\/computaex.es\/wp-content\/uploads\/2025\/10\/COMPUTAEX_EN-300x75.png 300w, https:\/\/computaex.es\/wp-content\/uploads\/2025\/10\/COMPUTAEX_EN-1024x255.png 1024w, https:\/\/computaex.es\/wp-content\/uploads\/2025\/10\/COMPUTAEX_EN-768x191.png 768w, https:\/\/computaex.es\/wp-content\/uploads\/2025\/10\/COMPUTAEX_EN-1536x382.png 1536w, https:\/\/computaex.es\/wp-content\/uploads\/2025\/10\/COMPUTAEX_EN.png 1619w\" sizes=\"(max-width: 300px) 100vw, 300px\" \/><\/a>\n\t\t\t<\/div><\/figure><figure class='gallery-item'>\n\t\t\t<div class='gallery-icon landscape'>\n\t\t\t\t<a data-elementor-open-lightbox=\"yes\" data-elementor-lightbox-slideshow=\"bf899d6\" data-e-action-hash=\"#elementor-action%3Aaction%3Dlightbox%26settings%3DeyJpZCI6NzAyMSwidXJsIjoiaHR0cHM6XC9cL2NvbXB1dGFleC5lc1wvd3AtY29udGVudFwvdXBsb2Fkc1wvMjAyNVwvMDVcL0NPTVBVVEFFWF90cmFuc3BhcmVudGUtc2NhbGVkLnBuZyIsInNsaWRlc2hvdyI6ImJmODk5ZDYifQ%3D%3D\" href='https:\/\/computaex.es\/wp-content\/uploads\/2025\/05\/COMPUTAEX_transparente-scaled.png'><img decoding=\"async\" width=\"300\" height=\"114\" src=\"https:\/\/computaex.es\/wp-content\/uploads\/2025\/05\/COMPUTAEX_transparente-300x114.png\" class=\"attachment-medium size-medium\" alt=\"\" aria-describedby=\"gallery-1-7021\" srcset=\"https:\/\/computaex.es\/wp-content\/uploads\/2025\/05\/COMPUTAEX_transparente-300x114.png 300w, https:\/\/computaex.es\/wp-content\/uploads\/2025\/05\/COMPUTAEX_transparente-1024x388.png 1024w, https:\/\/computaex.es\/wp-content\/uploads\/2025\/05\/COMPUTAEX_transparente-768x291.png 768w, https:\/\/computaex.es\/wp-content\/uploads\/2025\/05\/COMPUTAEX_transparente-1536x582.png 1536w, https:\/\/computaex.es\/wp-content\/uploads\/2025\/05\/COMPUTAEX_transparente-2048x776.png 2048w\" sizes=\"(max-width: 300px) 100vw, 300px\" \/><\/a>\n\t\t\t<\/div>\n\t\t\t\t<figcaption class='wp-caption-text gallery-caption' id='gallery-1-7021'>\n\t\t\t\tLogo Fundaci\u00f3n COMPUTAEX (sin fondo)\n\t\t\t\t<\/figcaption><\/figure><figure class='gallery-item'>\n\t\t\t<div class='gallery-icon landscape'>\n\t\t\t\t<a data-elementor-open-lightbox=\"yes\" data-elementor-lightbox-slideshow=\"bf899d6\" data-e-action-hash=\"#elementor-action%3Aaction%3Dlightbox%26settings%3DeyJpZCI6OTg5NiwidXJsIjoiaHR0cHM6XC9cL2NvbXB1dGFleC5lc1wvd3AtY29udGVudFwvdXBsb2Fkc1wvMjAyNVwvMDhcL0NPTVBVVEFFWC5qcGciLCJzbGlkZXNob3ciOiJiZjg5OWQ2In0%3D\" href='https:\/\/computaex.es\/wp-content\/uploads\/2025\/08\/COMPUTAEX.jpg'><img loading=\"lazy\" decoding=\"async\" width=\"300\" height=\"118\" src=\"https:\/\/computaex.es\/wp-content\/uploads\/2025\/08\/COMPUTAEX-300x118.jpg\" class=\"attachment-medium size-medium\" alt=\"\" aria-describedby=\"gallery-1-9896\" srcset=\"https:\/\/computaex.es\/wp-content\/uploads\/2025\/08\/COMPUTAEX-300x118.jpg 300w, https:\/\/computaex.es\/wp-content\/uploads\/2025\/08\/COMPUTAEX-768x302.jpg 768w, https:\/\/computaex.es\/wp-content\/uploads\/2025\/08\/COMPUTAEX.jpg 1024w\" sizes=\"(max-width: 300px) 100vw, 300px\" \/><\/a>\n\t\t\t<\/div>\n\t\t\t\t<figcaption class='wp-caption-text gallery-caption' id='gallery-1-9896'>\n\t\t\t\tLogo Fundaci\u00f3n COMPUTAEX\n\t\t\t\t<\/figcaption><\/figure>\n\t\t<\/div>\n\t\t<\/div>\n\t\t\t\t\t\t<\/div>\n\t\t\t\t<\/div>\n\t\t\t\t\t<\/div>\n\t\t\t\t<\/div>\n\t\t\t\t<\/div>","protected":false},"excerpt":{"rendered":"<p>Logos oficiales de la Fundaci\u00f3n COMPUTAEX. Logo Fundaci\u00f3n COMPUTAEX (sin fondo) Logo Fundaci\u00f3n COMPUTAEX<\/p>","protected":false},"author":1,"featured_media":0,"parent":0,"menu_order":0,"comment_status":"closed","ping_status":"closed","template":"","meta":{"footnotes":""},"categories":[],"tags":[],"class_list":["post-9895","page","type-page","status-publish","hentry"],"yoast_head":"<!-- This site is optimized with the Yoast SEO plugin v27.1.1 - https:\/\/yoast.com\/product\/yoast-seo-wordpress\/ -->\n<title>Identidad corporativa - Fundaci\u00f3n COMPUTAEX<\/title>\n<meta name=\"robots\" content=\"index, follow, max-snippet:-1, max-image-preview:large, max-video-preview:-1\" \/>\n<link rel=\"canonical\" href=\"https:\/\/computaex.es\/en\/identidad-corporativa\/\" \/>\n<meta property=\"og:locale\" content=\"en_US\" \/>\n<meta property=\"og:type\" content=\"article\" \/>\n<meta property=\"og:title\" content=\"Identidad corporativa - Fundaci\u00f3n COMPUTAEX\" \/>\n<meta property=\"og:description\" content=\"Logos oficiales de la Fundaci\u00f3n COMPUTAEX. Logo Fundaci\u00f3n COMPUTAEX (sin fondo) Logo Fundaci\u00f3n COMPUTAEX\" \/>\n<meta property=\"og:url\" content=\"https:\/\/computaex.es\/en\/identidad-corporativa\/\" \/>\n<meta property=\"og:site_name\" content=\"Fundaci\u00f3n COMPUTAEX\" \/>\n<meta property=\"article:publisher\" content=\"https:\/\/m.facebook.com\/computaex\/\" \/>\n<meta property=\"article:modified_time\" content=\"2025-10-02T11:46:26+00:00\" \/>\n<meta property=\"og:image\" content=\"https:\/\/computaex.es\/wp-content\/uploads\/2025\/10\/COMPUTAEX_nuevo-300x75.png\" \/>\n<meta name=\"twitter:card\" content=\"summary_large_image\" \/>\n<meta name=\"twitter:site\" content=\"@computaex\" \/>\n<meta name=\"twitter:label1\" content=\"Est. reading time\" \/>\n\t<meta name=\"twitter:data1\" content=\"1 minute\" \/>\n<script type=\"application\/ld+json\" class=\"yoast-schema-graph\">{\"@context\":\"https:\/\/schema.org\",\"@graph\":[{\"@type\":\"WebPage\",\"@id\":\"https:\/\/computaex.es\/identidad-corporativa\/\",\"url\":\"https:\/\/computaex.es\/identidad-corporativa\/\",\"name\":\"Identidad corporativa - Fundaci\u00f3n COMPUTAEX\",\"isPartOf\":{\"@id\":\"https:\/\/computaex.es\/#website\"},\"primaryImageOfPage\":{\"@id\":\"https:\/\/computaex.es\/identidad-corporativa\/#primaryimage\"},\"image\":{\"@id\":\"https:\/\/computaex.es\/identidad-corporativa\/#primaryimage\"},\"thumbnailUrl\":\"https:\/\/computaex.es\/wp-content\/uploads\/2025\/10\/COMPUTAEX_nuevo-300x75.png\",\"datePublished\":\"2025-08-29T06:49:46+00:00\",\"dateModified\":\"2025-10-02T11:46:26+00:00\",\"breadcrumb\":{\"@id\":\"https:\/\/computaex.es\/identidad-corporativa\/#breadcrumb\"},\"inLanguage\":\"en-US\",\"potentialAction\":[{\"@type\":\"ReadAction\",\"target\":[\"https:\/\/computaex.es\/identidad-corporativa\/\"]}]},{\"@type\":\"ImageObject\",\"inLanguage\":\"en-US\",\"@id\":\"https:\/\/computaex.es\/identidad-corporativa\/#primaryimage\",\"url\":\"https:\/\/computaex.es\/wp-content\/uploads\/2025\/10\/COMPUTAEX_nuevo-300x75.png\",\"contentUrl\":\"https:\/\/computaex.es\/wp-content\/uploads\/2025\/10\/COMPUTAEX_nuevo-300x75.png\"},{\"@type\":\"BreadcrumbList\",\"@id\":\"https:\/\/computaex.es\/identidad-corporativa\/#breadcrumb\",\"itemListElement\":[{\"@type\":\"ListItem\",\"position\":1,\"name\":\"Portada\",\"item\":\"https:\/\/computaex.es\/\"},{\"@type\":\"ListItem\",\"position\":2,\"name\":\"Identidad corporativa\"}]},{\"@type\":\"WebSite\",\"@id\":\"https:\/\/computaex.es\/#website\",\"url\":\"https:\/\/computaex.es\/\",\"name\":\"Fundaci\u00f3n COMPUTAEX\",\"description\":\"COMPUTAEX\",\"publisher\":{\"@id\":\"https:\/\/computaex.es\/#organization\"},\"potentialAction\":[{\"@type\":\"SearchAction\",\"target\":{\"@type\":\"EntryPoint\",\"urlTemplate\":\"https:\/\/computaex.es\/?s={search_term_string}\"},\"query-input\":{\"@type\":\"PropertyValueSpecification\",\"valueRequired\":true,\"valueName\":\"search_term_string\"}}],\"inLanguage\":\"en-US\"},{\"@type\":\"Organization\",\"@id\":\"https:\/\/computaex.es\/#organization\",\"name\":\"COMPUTAEX\",\"url\":\"https:\/\/computaex.es\/\",\"logo\":{\"@type\":\"ImageObject\",\"inLanguage\":\"en-US\",\"@id\":\"https:\/\/computaex.es\/#\/schema\/logo\/image\/\",\"url\":\"https:\/\/computaex.es\/wp-content\/uploads\/2025\/05\/cropped-COMPUTAEX_transparente-scaled-1.png\",\"contentUrl\":\"https:\/\/computaex.es\/wp-content\/uploads\/2025\/05\/cropped-COMPUTAEX_transparente-scaled-1.png\",\"width\":2560,\"height\":970,\"caption\":\"COMPUTAEX\"},\"image\":{\"@id\":\"https:\/\/computaex.es\/#\/schema\/logo\/image\/\"},\"sameAs\":[\"https:\/\/m.facebook.com\/computaex\/\",\"https:\/\/x.com\/computaex\",\"https:\/\/es.linkedin.com\/company\/cenits\"]}]}<\/script>\n<!-- \/ Yoast SEO plugin. -->","yoast_head_json":{"title":"Identidad corporativa - Fundaci\u00f3n COMPUTAEX","robots":{"index":"index","follow":"follow","max-snippet":"max-snippet:-1","max-image-preview":"max-image-preview:large","max-video-preview":"max-video-preview:-1"},"canonical":"https:\/\/computaex.es\/en\/identidad-corporativa\/","og_locale":"en_US","og_type":"article","og_title":"Identidad corporativa - Fundaci\u00f3n COMPUTAEX","og_description":"Logos oficiales de la Fundaci\u00f3n COMPUTAEX. Logo Fundaci\u00f3n COMPUTAEX (sin fondo) Logo Fundaci\u00f3n COMPUTAEX","og_url":"https:\/\/computaex.es\/en\/identidad-corporativa\/","og_site_name":"Fundaci\u00f3n COMPUTAEX","article_publisher":"https:\/\/m.facebook.com\/computaex\/","article_modified_time":"2025-10-02T11:46:26+00:00","og_image":[{"url":"https:\/\/computaex.es\/wp-content\/uploads\/2025\/10\/COMPUTAEX_nuevo-300x75.png","type":"","width":"","height":""}],"twitter_card":"summary_large_image","twitter_site":"@computaex","twitter_misc":{"Est. reading time":"1 minute"},"schema":{"@context":"https:\/\/schema.org","@graph":[{"@type":"WebPage","@id":"https:\/\/computaex.es\/identidad-corporativa\/","url":"https:\/\/computaex.es\/identidad-corporativa\/","name":"Identidad corporativa - Fundaci\u00f3n COMPUTAEX","isPartOf":{"@id":"https:\/\/computaex.es\/#website"},"primaryImageOfPage":{"@id":"https:\/\/computaex.es\/identidad-corporativa\/#primaryimage"},"image":{"@id":"https:\/\/computaex.es\/identidad-corporativa\/#primaryimage"},"thumbnailUrl":"https:\/\/computaex.es\/wp-content\/uploads\/2025\/10\/COMPUTAEX_nuevo-300x75.png","datePublished":"2025-08-29T06:49:46+00:00","dateModified":"2025-10-02T11:46:26+00:00","breadcrumb":{"@id":"https:\/\/computaex.es\/identidad-corporativa\/#breadcrumb"},"inLanguage":"en-US","potentialAction":[{"@type":"ReadAction","target":["https:\/\/computaex.es\/identidad-corporativa\/"]}]},{"@type":"ImageObject","inLanguage":"en-US","@id":"https:\/\/computaex.es\/identidad-corporativa\/#primaryimage","url":"https:\/\/computaex.es\/wp-content\/uploads\/2025\/10\/COMPUTAEX_nuevo-300x75.png","contentUrl":"https:\/\/computaex.es\/wp-content\/uploads\/2025\/10\/COMPUTAEX_nuevo-300x75.png"},{"@type":"BreadcrumbList","@id":"https:\/\/computaex.es\/identidad-corporativa\/#breadcrumb","itemListElement":[{"@type":"ListItem","position":1,"name":"Portada","item":"https:\/\/computaex.es\/"},{"@type":"ListItem","position":2,"name":"Identidad corporativa"}]},{"@type":"WebSite","@id":"https:\/\/computaex.es\/#website","url":"https:\/\/computaex.es\/","name":"COMPUTAEX Foundation","description":"COMPUTAEX","publisher":{"@id":"https:\/\/computaex.es\/#organization"},"potentialAction":[{"@type":"SearchAction","target":{"@type":"EntryPoint","urlTemplate":"https:\/\/computaex.es\/?s={search_term_string}"},"query-input":{"@type":"PropertyValueSpecification","valueRequired":true,"valueName":"search_term_string"}}],"inLanguage":"en-US"},{"@type":"Organization","@id":"https:\/\/computaex.es\/#organization","name":"COMPUTAEX","url":"https:\/\/computaex.es\/","logo":{"@type":"ImageObject","inLanguage":"en-US","@id":"https:\/\/computaex.es\/#\/schema\/logo\/image\/","url":"https:\/\/computaex.es\/wp-content\/uploads\/2025\/05\/cropped-COMPUTAEX_transparente-scaled-1.png","contentUrl":"https:\/\/computaex.es\/wp-content\/uploads\/2025\/05\/cropped-COMPUTAEX_transparente-scaled-1.png","width":2560,"height":970,"caption":"COMPUTAEX"},"image":{"@id":"https:\/\/computaex.es\/#\/schema\/logo\/image\/"},"sameAs":["https:\/\/m.facebook.com\/computaex\/","https:\/\/x.com\/computaex","https:\/\/es.linkedin.com\/company\/cenits"]}]}},"_links":{"self":[{"href":"https:\/\/computaex.es\/en\/wp-json\/wp\/v2\/pages\/9895","targetHints":{"allow":["GET"]}}],"collection":[{"href":"https:\/\/computaex.es\/en\/wp-json\/wp\/v2\/pages"}],"about":[{"href":"https:\/\/computaex.es\/en\/wp-json\/wp\/v2\/types\/page"}],"author":[{"embeddable":true,"href":"https:\/\/computaex.es\/en\/wp-json\/wp\/v2\/users\/1"}],"replies":[{"embeddable":true,"href":"https:\/\/computaex.es\/en\/wp-json\/wp\/v2\/comments?post=9895"}],"version-history":[{"count":18,"href":"https:\/\/computaex.es\/en\/wp-json\/wp\/v2\/pages\/9895\/revisions"}],"predecessor-version":[{"id":10268,"href":"https:\/\/computaex.es\/en\/wp-json\/wp\/v2\/pages\/9895\/revisions\/10268"}],"wp:attachment":[{"href":"https:\/\/computaex.es\/en\/wp-json\/wp\/v2\/media?parent=9895"}],"wp:term":[{"taxonomy":"category","embeddable":true,"href":"https:\/\/computaex.es\/en\/wp-json\/wp\/v2\/categories?post=9895"},{"taxonomy":"post_tag","embeddable":true,"href":"https:\/\/computaex.es\/en\/wp-json\/wp\/v2\/tags?post=9895"}],"curies":[{"name":"wp","href":"https:\/\/api.w.org\/{rel}","templated":true}]}}